{"id":6636,"date":"2024-11-18T17:32:30","date_gmt":"2024-11-18T16:32:30","guid":{"rendered":"https:\/\/site.educa.madrid.org\/ies.calderondelabar.madrid\/?page_id=6636"},"modified":"2024-11-25T20:28:21","modified_gmt":"2024-11-25T19:28:21","slug":"consejo-escolar","status":"publish","type":"page","link":"https:\/\/site.educa.madrid.org\/ies.calderondelabar.madrid\/index.php\/consejo-escolar\/","title":{"rendered":"CONSEJO ESCOLAR"},"content":{"rendered":"<div id=\"pl-6636\"  class=\"panel-layout\" ><div id=\"pg-6636-0\"  class=\"panel-grid panel-no-style\" ><div id=\"pgc-6636-0-0\"  class=\"panel-grid-cell\" ><div id=\"panel-6636-0-0-0\" class=\"so-panel widget widget_sow-accordion panel-first-child panel-last-child\" data-index=\"0\" ><div\n\t\t\t\n\t\t\tclass=\"so-widget-sow-accordion so-widget-sow-accordion-default-d9295f5bfa93-6636\"\n\t\t\t data-max-open-panels=\"0\" data-initial-scroll-panel=\"0\"\n\t\t><h3 class=\"widget-title\">CONSEJO ESCOLAR<\/h3><div>\n\t<div class=\"sow-accordion\">\n\t\t\t<div class=\"sow-accordion-panel\"\n\t\t\t data-anchor=\"elecciones-para-renovar-el-consejo-escolar\">\n\t\t\t\t<div class=\"sow-accordion-panel-header-container\" role=\"heading\" aria-level=\"2\">\n\t\t\t\t\t<div class=\"sow-accordion-panel-header\" tabindex=\"0\" role=\"button\" id=\"accordion-label-elecciones-para-renovar-el-consejo-escolar\" aria-controls=\"accordion-content-elecciones-para-renovar-el-consejo-escolar\" aria-expanded=\"false\">\n\t\t\t\t\t\t<div class=\"sow-accordion-title sow-accordion-title-icon-left\">\n\t\t\t\t\t\t\t\t\t\t\t\t\t\tELECCIONES PARA RENOVAR EL CONSEJO ESCOLAR\t\t\t\t\t\t\t\t\t\t\t\t\t<\/div>\n\t\t\t\t\t\t<div class=\"sow-accordion-open-close-button\">\n\t\t\t\t\t\t\t<div class=\"sow-accordion-open-button\">\n\t\t\t\t\t\t\t\t<span class=\"sow-icon-ionicons\" data-sow-icon=\"&#xf218;\"\n\t\t \n\t\taria-hidden=\"true\"><\/span>\t\t\t\t\t\t\t<\/div>\n\t\t\t\t\t\t\t<div class=\"sow-accordion-close-button\">\n\t\t\t\t\t\t\t\t<span class=\"sow-icon-ionicons\" data-sow-icon=\"&#xf209;\"\n\t\t \n\t\taria-hidden=\"true\"><\/span>\t\t\t\t\t\t\t<\/div>\n\t\t\t\t\t\t<\/div>\n\t\t\t\t\t<\/div>\n\t\t\t\t<\/div>\n\n\t\t\t<div\n\t\t\t\tclass=\"sow-accordion-panel-content\"\n\t\t\t\trole=\"region\"\n\t\t\t\taria-labelledby=\"accordion-label-elecciones-para-renovar-el-consejo-escolar\"\n\t\t\t\tid=\"accordion-content-elecciones-para-renovar-el-consejo-escolar\"\n\t\t\t\tstyle=\"display: none;\"\t\t\t>\n\t\t\t\t<div class=\"sow-accordion-panel-border\">\n\t\t\t\t\t<p><strong>CURSO 2024-2025<\/strong><\/p>\n<p>Seg\u00fan la normativa, \u201cel consejo escolar del instituto es el \u00f3rgano de participaci\u00f3n de los diferentes miembros de la comunidad educativa\u201d. Est\u00e1 formado por representantes del alumnado, de las familias, del personal de administraci\u00f3n y servicios (personal no docente), del profesorado y por un representante del Ayuntamiento. Sus funciones son muy variadas, pero, en general, se trata de gestionar aspectos globales de especial relevancia para el desarrollo de las actividades del instituto: aprobar y evaluar la programaci\u00f3n general del instituto, aprobar el reglamento de r\u00e9gimen interior, aprobar el proyecto de presupuesto del instituto y la ejecuci\u00f3n del mismo\u2026<\/p>\n<p>Los miembros del consejo escolar se eligen y se renuevan por elecciones entre los miembros de cada uno de los sectores que lo integran. Este a\u00f1o, concretamente, tenemos que renovar 2 representantes de las familias, 1 del personal de administraci\u00f3n y servicios y 3 del profesorado. Una plaza que hay dentro del alumnado se va a cubrir con la lista de suplentes del anterior proceso de renovaci\u00f3n.<\/p>\n<p>Todo el proceso electoral est\u00e1 regulado por distintas disposiciones legales generales y por instrucciones concretas para cada uno de los a\u00f1os en que se produce. Este a\u00f1o el proceso ha empezado con el sorteo de los miembros de la junta electoral y la constituci\u00f3n de dicha junta y la toma de algunas decisiones sobre el desarrollo del proceso.<\/p>\n<p>Adjuntamos el calendario y animamos a todos los miembros de la comunidad escolar del IES Calder\u00f3n de la Barca a que participen, si no como elegibles, como electores, aunque creemos que tambi\u00e9n es importante presentarse a candidatos\/as para renovar un \u00f3rgano de vital importancia para nuestra comunidad escolar.<\/p>\n<p>Seguiremos informando sobre el desarrollo del proceso.<\/p>\n<p><strong>\u00a0<\/strong><\/p>\n<p><strong>CALENDARIO<\/strong><\/p>\n<p><strong>\u00a0<\/strong><\/p>\n<p>&nbsp;<\/p>\n<table>\n<tbody>\n<tr>\n<td width=\"318\"><strong>22 de octubre<\/strong><\/td>\n<td width=\"318\">Sorteo de los componentes de la Junta Electoral.\n<p>&nbsp;<\/p>\n<\/td>\n<\/tr>\n<tr>\n<td width=\"318\"><strong>31de octubre<\/strong><\/td>\n<td width=\"318\">Constituci\u00f3n de la Junta Electoral.\n<p>&nbsp;<\/p>\n<\/td>\n<\/tr>\n<tr>\n<td width=\"318\"><strong>Del 4 al 8 de noviembre<\/strong><\/td>\n<td width=\"318\">Publicaci\u00f3n del censo electoral provisional y per\u00edodo de reclamaciones.\n<p>Publicaci\u00f3n del censo electoral definitivo.<\/p>\n<p>&nbsp;<\/p>\n<\/td>\n<\/tr>\n<tr>\n<td width=\"318\"><strong>Del 4 al 11 de noviembre<\/strong><\/td>\n<td width=\"318\">Fin del plazo de presentaci\u00f3n candidaturas.\n<p>Publicaci\u00f3n listas provisionales candidatos.<\/p>\n<p>Apertura del plazo de presentaci\u00f3n de reclamaciones a la lista provisional candidatos.<\/p>\n<p>&nbsp;<\/p>\n<\/td>\n<\/tr>\n<tr>\n<td width=\"318\"><strong>15 de noviembre<\/strong><\/td>\n<td width=\"318\">Fin del plazo de reclamaciones a la lista provisional de candidatos.\n<p>&nbsp;<\/p>\n<\/td>\n<\/tr>\n<tr>\n<td width=\"318\"><strong>22 de noviembre <\/strong><\/td>\n<td width=\"318\">Publicaci\u00f3n de la lista definitiva de candidatos.\n<p>&nbsp;<\/p>\n<\/td>\n<\/tr>\n<tr>\n<td width=\"318\"><strong>Del 25 al 28 de noviembre<\/strong>\n<p><strong>\u00a0<\/strong><\/p>\n<p>-\u00a0\u00a0\u00a0\u00a0\u00a0\u00a0\u00a0\u00a0\u00a0 <strong>25 de noviembre.<\/strong><\/p>\n<p>-\u00a0\u00a0\u00a0\u00a0\u00a0\u00a0\u00a0\u00a0\u00a0 <strong>26 de noviembre.<\/strong><\/p>\n<p><strong>\u00a0<\/strong><\/p>\n<p>-\u00a0\u00a0\u00a0\u00a0\u00a0\u00a0\u00a0\u00a0\u00a0 <strong>28 de noviembre<\/strong><\/p>\n<\/td>\n<td width=\"318\">Elecciones en los distintos sectores:\n<p>&nbsp;<\/p>\n<p>-\u00a0\u00a0\u00a0\u00a0\u00a0\u00a0\u00a0\u00a0\u00a0 Profesorado.<\/p>\n<p>-\u00a0\u00a0\u00a0\u00a0\u00a0\u00a0\u00a0\u00a0\u00a0 Personal de Administraci\u00f3n y Servicios.<\/p>\n<p>-\u00a0\u00a0\u00a0\u00a0\u00a0\u00a0\u00a0\u00a0\u00a0 Familias<\/p>\n<p>&nbsp;<\/p>\n<\/td>\n<\/tr>\n<tr>\n<td width=\"318\"><strong>2 de diciembre<\/strong><\/td>\n<td width=\"318\">Proclamaci\u00f3n de candidatos electos y suplentes.\n<p>&nbsp;<\/p>\n<\/td>\n<\/tr>\n<tr>\n<td width=\"318\"><strong>10 de diciembre<\/strong><\/td>\n<td width=\"318\">Constituci\u00f3n del Consejo Escolar.\n<p>&nbsp;<\/p>\n<\/td>\n<\/tr>\n<tr>\n<td width=\"318\"><strong>13 de diciembre<\/strong><\/td>\n<td width=\"318\">Comunicaci\u00f3n a la Direcci\u00f3n del \u00c1rea Territorial de la constituci\u00f3n del Consejo Escolar.\n<p>&nbsp;<\/p>\n<\/td>\n<\/tr>\n<\/tbody>\n<\/table>\n<p>&nbsp;<\/p>\n\t\t\t\t<\/div>\n\t\t\t<\/div>\n\t\t<\/div>\n\t\t\t<div class=\"sow-accordion-panel\"\n\t\t\t data-anchor=\"listas-definitivas-de-candidatos\">\n\t\t\t\t<div class=\"sow-accordion-panel-header-container\" role=\"heading\" aria-level=\"2\">\n\t\t\t\t\t<div class=\"sow-accordion-panel-header\" tabindex=\"0\" role=\"button\" id=\"accordion-label-listas-definitivas-de-candidatos\" aria-controls=\"accordion-content-listas-definitivas-de-candidatos\" aria-expanded=\"false\">\n\t\t\t\t\t\t<div class=\"sow-accordion-title sow-accordion-title-icon-left\">\n\t\t\t\t\t\t\t\t\t\t\t\t\t\tLISTAS DEFINITIVAS DE CANDIDATOS\t\t\t\t\t\t\t\t\t\t\t\t\t<\/div>\n\t\t\t\t\t\t<div class=\"sow-accordion-open-close-button\">\n\t\t\t\t\t\t\t<div class=\"sow-accordion-open-button\">\n\t\t\t\t\t\t\t\t<span class=\"sow-icon-ionicons\" data-sow-icon=\"&#xf218;\"\n\t\t \n\t\taria-hidden=\"true\"><\/span>\t\t\t\t\t\t\t<\/div>\n\t\t\t\t\t\t\t<div class=\"sow-accordion-close-button\">\n\t\t\t\t\t\t\t\t<span class=\"sow-icon-ionicons\" data-sow-icon=\"&#xf209;\"\n\t\t \n\t\taria-hidden=\"true\"><\/span>\t\t\t\t\t\t\t<\/div>\n\t\t\t\t\t\t<\/div>\n\t\t\t\t\t<\/div>\n\t\t\t\t<\/div>\n\n\t\t\t<div\n\t\t\t\tclass=\"sow-accordion-panel-content\"\n\t\t\t\trole=\"region\"\n\t\t\t\taria-labelledby=\"accordion-label-listas-definitivas-de-candidatos\"\n\t\t\t\tid=\"accordion-content-listas-definitivas-de-candidatos\"\n\t\t\t\tstyle=\"display: none;\"\t\t\t>\n\t\t\t\t<div class=\"sow-accordion-panel-border\">\n\t\t\t\t\t<p><a href=\"https:\/\/site.educa.madrid.org\/ies.calderondelabar.madrid\/\/wp-content\/uploads\/ies.calderondelabar.madrid\/2024\/11\/Listas-definitivas-padres-madres-y-tutores.docx\"><strong>LISTADO DE PADRES\/MADRES\/TUTORES<\/strong><\/a><\/p>\n<p><a href=\"https:\/\/site.educa.madrid.org\/ies.calderondelabar.madrid\/\/wp-content\/uploads\/ies.calderondelabar.madrid\/2024\/11\/Listas-definitivas-profesores-1.pdf\"><strong>LISTADO DE PROFESORADO<\/strong><\/a><\/p>\n<p><a href=\"https:\/\/site.educa.madrid.org\/ies.calderondelabar.madrid\/\/wp-content\/uploads\/ies.calderondelabar.madrid\/2024\/11\/Listas-definitivas-PAS.pdf\"><strong>LISTADO DE PAS<\/strong><\/a><\/p>\n\t\t\t\t<\/div>\n\t\t\t<\/div>\n\t\t<\/div>\n\t\t<\/div>\n<\/div>\n<\/div><\/div><\/div><\/div><\/div>","protected":false},"excerpt":{"rendered":"<p>CONSEJO ESCOLAR ELECCIONES PARA RENOVAR EL CONSEJO ESCOLAR CURSO 2024-2025 Seg\u00fan la normativa, \u201cel consejo escolar del instituto es el \u00f3rgano de participaci\u00f3n de los diferentes miembros de la comunidad &#8230;<\/p>\n","protected":false},"author":7,"featured_media":0,"parent":0,"menu_order":0,"comment_status":"closed","ping_status":"closed","template":"","meta":{"footnotes":""},"folder":[],"class_list":["post-6636","page","type-page","status-publish","hentry"],"rttpg_featured_image_url":null,"rttpg_author":{"display_name":"Gema","author_link":"https:\/\/site.educa.madrid.org\/ies.calderondelabar.madrid\/index.php\/author\/gema-mara_parras-serradilla\/"},"rttpg_comment":0,"rttpg_category":false,"rttpg_excerpt":"CONSEJO ESCOLAR ELECCIONES PARA RENOVAR EL CONSEJO ESCOLAR CURSO 2024-2025 Seg\u00fan la normativa, \u201cel consejo escolar del instituto es el \u00f3rgano de participaci\u00f3n de los diferentes miembros de la comunidad ...","post_mailing_queue_ids":[],"_links":{"self":[{"href":"https:\/\/site.educa.madrid.org\/ies.calderondelabar.madrid\/index.php\/wp-json\/wp\/v2\/pages\/6636","targetHints":{"allow":["GET"]}}],"collection":[{"href":"https:\/\/site.educa.madrid.org\/ies.calderondelabar.madrid\/index.php\/wp-json\/wp\/v2\/pages"}],"about":[{"href":"https:\/\/site.educa.madrid.org\/ies.calderondelabar.madrid\/index.php\/wp-json\/wp\/v2\/types\/page"}],"author":[{"embeddable":true,"href":"https:\/\/site.educa.madrid.org\/ies.calderondelabar.madrid\/index.php\/wp-json\/wp\/v2\/users\/7"}],"replies":[{"embeddable":true,"href":"https:\/\/site.educa.madrid.org\/ies.calderondelabar.madrid\/index.php\/wp-json\/wp\/v2\/comments?post=6636"}],"version-history":[{"count":3,"href":"https:\/\/site.educa.madrid.org\/ies.calderondelabar.madrid\/index.php\/wp-json\/wp\/v2\/pages\/6636\/revisions"}],"predecessor-version":[{"id":6667,"href":"https:\/\/site.educa.madrid.org\/ies.calderondelabar.madrid\/index.php\/wp-json\/wp\/v2\/pages\/6636\/revisions\/6667"}],"wp:attachment":[{"href":"https:\/\/site.educa.madrid.org\/ies.calderondelabar.madrid\/index.php\/wp-json\/wp\/v2\/media?parent=6636"}],"wp:term":[{"taxonomy":"folder","embeddable":true,"href":"https:\/\/site.educa.madrid.org\/ies.calderondelabar.madrid\/index.php\/wp-json\/wp\/v2\/folder?post=6636"}],"curies":[{"name":"wp","href":"https:\/\/api.w.org\/{rel}","templated":true}]}}