{"id":6751,"date":"2025-01-21T16:30:35","date_gmt":"2025-01-21T15:30:35","guid":{"rendered":"https:\/\/site.educa.madrid.org\/ies.calderondelabar.madrid\/?page_id=6751"},"modified":"2025-01-21T16:30:35","modified_gmt":"2025-01-21T15:30:35","slug":"a-extraescolares-y-complementarias-curso-24-25","status":"publish","type":"page","link":"https:\/\/site.educa.madrid.org\/ies.calderondelabar.madrid\/index.php\/a-extraescolares-y-complementarias-curso-24-25\/","title":{"rendered":"A. Extraescolares y Complementarias CURSO 24-25"},"content":{"rendered":"<div id=\"pl-6751\"  class=\"panel-layout\" ><div id=\"pg-6751-0\"  class=\"panel-grid panel-no-style\" ><div id=\"pgc-6751-0-0\"  class=\"panel-grid-cell\" ><div id=\"panel-6751-0-0-0\" class=\"so-panel widget widget_block panel-first-child panel-last-child\" data-index=\"0\" ><table style=\"width:590px;margin:25px auto;font-family:Arial, Verdana, Helvetica, sans-serif;text-align:left;color:#444444;line-height:1.6em;font-size:13px;border-collapse:collapse\"><tr><td colspan=\"2\"><p style=\"font-size:12px;margin-bottom:30px;color:#555555;\">Si no puedes ver bien este mensaje accede a su <a href=\"https:\/\/boletines.educa.madrid.org\/boletin\/ee0f18f06764264c5384bffd236a6da5\" style=\"text-decoration:none;color:#336699;\">versi&oacute;n web<\/a>.<\/p><p style=\"font-size:13px;margin-top:30px;margin-bottom:25px;\"><strong style=\"color:#000000;\">PRIMER TRIMESTRE<\/strong> - 21\/01\/2025<\/p><p style=\"margin-top:25px;margin-bottom:25px;\"><img loading=\"lazy\" decoding=\"async\" src=\"https:\/\/boletines.educa.madrid.org\/image.php?file=202412192015581.png&amp;size=590x150&amp;in=Z2VtYW0ucGFycmFzc2VycmFkaWxsYQ==\" width=\"590\" height=\"150\" alt=\"Salida\"><\/p><div style=\"font-size:14px;margin:0;color:#000000;\"><p style=\"font-size:14px;margin:0;color:#000000;\">En este bolet\u00edn se encuentran algunas las actividades extraescolares (fuera del centro) y complementarias (dentro del centro) que se han realizado durante el PRIMER trimestre del curso.<\/p><\/div><img loading=\"lazy\" decoding=\"async\" src=\"https:\/\/boletines.educa.madrid.org\/images\/hr.gif\" width=\"590\" height=\"41\" alt=\"\"><\/td><\/tr><tr><td colspan=\"2\" height=\"95\" style=\"vertical-align:top;height:95px;\"><h2 style=\"margin:0;\"><img loading=\"lazy\" decoding=\"async\" src=\"https:\/\/boletines.educa.madrid.org\/image.php?file=202412192037351.png&amp;size=590x75&amp;in=Z2VtYW0ucGFycmFzc2VycmFkaWxsYQ==\" width=\"590\" height=\"75\" alt=\"Voces del Barrio\"><\/h2><\/td><\/tr><tr><td width=\"170\" style=\"vertical-align:top;\"><img loading=\"lazy\" decoding=\"async\" src=\"https:\/\/boletines.educa.madrid.org\/image.php?file=202412192107211.jpg&amp;size=150x150&amp;in=Z2VtYW0ucGFycmFzc2VycmFkaWxsYQ==\" width=\"150\" height=\"150\" alt=\"\" style=\"margin:0;\"><\/td><td width=\"420\" style=\"vertical-align:top;\"><h3 style=\"font-size:17px;line-height:1.35em;color:#0000ff;margin-top:0;margin-bottom:10px;\">ENSAYO ABIERTO CON EL CORO VOCES DEL BARRIO<\/h3><div style=\"font-size:13px;margin:0;\"><p style=\"font-size:13px;margin:0;\">El pasado 3 de diciembre pudimos disfrutar de la visita del coro \"Voces del barrio\", del que es integrante uno de nuestros compa\u00f1eros de FP. Toda la comunidad educativa estuvo invitada al evento, en el que pudimos participar de forma activa. Fue un aprendizaje para todos y un verdadero disfrute para todos\/as.<\/p><\/div><\/td><\/tr><tr><td colspan=\"2\"><img loading=\"lazy\" decoding=\"async\" src=\"https:\/\/boletines.educa.madrid.org\/images\/hr.gif\" width=\"590\" height=\"41\" alt=\"\"><\/td><\/tr><tr><td colspan=\"2\" height=\"95\" style=\"vertical-align:top;height:95px;\"><h2 style=\"margin:0;\"><img loading=\"lazy\" decoding=\"async\" src=\"https:\/\/boletines.educa.madrid.org\/image.php?file=202412192115251.png&amp;size=590x75&amp;in=Z2VtYW0ucGFycmFzc2VycmFkaWxsYQ==\" width=\"590\" height=\"75\" alt=\"ACTIVIDADES EXTRAESCOLARES\"><\/h2><\/td><\/tr><tr><td width=\"170\" style=\"vertical-align:top;\"><img loading=\"lazy\" decoding=\"async\" src=\"https:\/\/boletines.educa.madrid.org\/image.php?file=202412192041411.jpg&amp;size=150x150&amp;in=Z2VtYW0ucGFycmFzc2VycmFkaWxsYQ==\" width=\"150\" height=\"150\" alt=\"\" style=\"margin:0;\"><\/td><td width=\"420\" style=\"vertical-align:top;\"><h3 style=\"font-size:17px;line-height:1.35em;color:#0000ff;margin-top:0;margin-bottom:10px;\">VISITAMOS EL AULA DE LA NATURALEZA DE LA CASA DE CAMPO<\/h3><div style=\"font-size:13px;margin:0;\"><p style=\"font-size:13px;margin:0;\">Durante la segunda semana de octubre , nuestro alumnado de 1\u00b0 ESO ha estado visitando el Aula de la Naturaleza de la Casa de Campo junto a sus profesores de Educaci\u00f3n F\u00edsica. Gracias al programa de Madrid un libro abierto del Ayuntamiento, la experiencia ha servido para conocer los diferentes ecosistemas de la casa de campo as\u00ed como los beneficios que aporta la pr\u00e1ctica de actividad f\u00edsica, en este caso, una ruta en bicicleta de monta\u00f1a.<\/p><\/div><\/td><\/tr><tr><td colspan=\"2\"><img loading=\"lazy\" decoding=\"async\" src=\"https:\/\/boletines.educa.madrid.org\/images\/hr.gif\" width=\"590\" height=\"41\" alt=\"\"><\/td><\/tr><tr><td width=\"170\" style=\"vertical-align:top;\"><img loading=\"lazy\" decoding=\"async\" src=\"https:\/\/boletines.educa.madrid.org\/image.php?file=202412192047191.png&amp;size=150x150&amp;in=Z2VtYW0ucGFycmFzc2VycmFkaWxsYQ==\" width=\"150\" height=\"150\" alt=\"\" style=\"margin:0;\"><\/td><td width=\"420\" style=\"vertical-align:top;\"><h3 style=\"font-size:17px;line-height:1.35em;color:#0000ff;margin-top:0;margin-bottom:10px;\">MIGRACI\u00d3N Y DISCURSO DE ODIO<\/h3><div style=\"font-size:13px;margin:0;\"><p style=\"font-size:13px;margin:0;\">Nuestros estudiantes y profesoras de 1 y 2 CFGS de Administraci\u00f3n y Finanzas (biling\u00fce y no biling\u00fce) acudieron el pasado d\u00eda 10 de octubre al Debate sobre \u201cMigraci\u00f3n y discurso de odio\u201d, en el que particip\u00f3 el Eurodiputado Javier Zarzalejos, celebrado en el Teatro Luchana y organizado por la Oficina del Parlamento Europeo en Espa\u00f1a. Un espacio para la necesaria reflexi\u00f3n sobre un tema tan presente en nuestro instituto.<\/p><\/div><\/td><\/tr><tr><td colspan=\"2\"><img loading=\"lazy\" decoding=\"async\" src=\"https:\/\/boletines.educa.madrid.org\/images\/hr.gif\" width=\"590\" height=\"41\" alt=\"\"><\/td><\/tr><tr><td width=\"170\" style=\"vertical-align:top;\"><img loading=\"lazy\" decoding=\"async\" src=\"https:\/\/boletines.educa.madrid.org\/image.php?file=202412192049451.jpg&amp;size=150x150&amp;in=Z2VtYW0ucGFycmFzc2VycmFkaWxsYQ==\" width=\"150\" height=\"150\" alt=\"\" style=\"margin:0;\"><\/td><td width=\"420\" style=\"vertical-align:top;\"><h3 style=\"font-size:17px;line-height:1.35em;color:#0000ff;margin-top:0;margin-bottom:10px;\">VISITA AL TRIBUNAL SUPREMO<\/h3><div style=\"font-size:13px;margin:0;\"><p style=\"font-size:13px;margin:0;\">El alumnado de 1\u00ba GS , 1\u00baGM y 2\u00ba GS asisti\u00f3 el d\u00eda 24 de octubre al Tribunal Supremo con motivo de las jornadas de puertas abiertas que han tenido lugar esta semana. Durante la visita nos explicaron y ense\u00f1aron las distintas salas que componen el Tribunal, los asuntos que resuelven y sus or\u00edgenes como antigua residencia de la reina B\u00e1rbara de Braganza.<\/p><\/div><\/td><\/tr><tr><td colspan=\"2\"><img loading=\"lazy\" decoding=\"async\" src=\"https:\/\/boletines.educa.madrid.org\/images\/hr.gif\" width=\"590\" height=\"41\" alt=\"\"><\/td><\/tr><tr><td width=\"170\" style=\"vertical-align:top;\"><img loading=\"lazy\" decoding=\"async\" src=\"https:\/\/boletines.educa.madrid.org\/image.php?file=202412192053091.jpg&amp;size=150x150&amp;in=Z2VtYW0ucGFycmFzc2VycmFkaWxsYQ==\" width=\"150\" height=\"150\" alt=\"\" style=\"margin:0;\"><\/td><td width=\"420\" style=\"vertical-align:top;\"><h3 style=\"font-size:17px;line-height:1.35em;color:#0000ff;margin-top:0;margin-bottom:10px;\">TEATRO \"REBELI\u00d3N EN LA RED\"<\/h3><div style=\"font-size:13px;margin:0;\"><p style=\"font-size:13px;margin:0;\">Nuestros alumnos de 3* Eso han asistido hoy al teatro. Hemos visto \u201cRebeli\u00f3n en la Red\u201d, versi\u00f3n libre de la famosa obra de George Orwell \u201cRebeli\u00f3n en la granja\u201d. Est\u00e1 actualizado como musical y con gui\u00f1os tambi\u00e9n a la obra \u201c1984\u201d del mismo autor.<br style=\"line-height:0.8em;\">Despu\u00e9s del coloquio con los actores y aprovechando que est\u00e1bamos en el centro de Madrid, hemos paseado por la plaza Mayor, Sol, \u00d3pera y el Palacio Real.<br style=\"line-height:0.8em;\">Creemos que ha sido un d\u00eda de lo m\u00e1s educativo para todos. Os dejamos unas fotos.<\/p><\/div><\/td><\/tr><tr><td colspan=\"2\"><img loading=\"lazy\" decoding=\"async\" src=\"https:\/\/boletines.educa.madrid.org\/images\/hr.gif\" width=\"590\" height=\"41\" alt=\"\"><\/td><\/tr><tr><td width=\"170\" style=\"vertical-align:top;\"><img loading=\"lazy\" decoding=\"async\" src=\"https:\/\/boletines.educa.madrid.org\/image.php?file=202412192051341.jpg&amp;size=150x150&amp;in=Z2VtYW0ucGFycmFzc2VycmFkaWxsYQ==\" width=\"150\" height=\"150\" alt=\"\" style=\"margin:0;\"><\/td><td width=\"420\" style=\"vertical-align:top;\"><h3 style=\"font-size:17px;line-height:1.35em;color:#0000ff;margin-top:0;margin-bottom:10px;\">TALLER DE LECTURA SOBRE EL \u00c1LBUM GR\u00c1FICO<\/h3><div style=\"font-size:13px;margin:0;\"><p style=\"font-size:13px;margin:0;\">Hoy, 29 de octubre, hemos recibido en nuestro IES una visita muy especial.<\/p><p style=\"font-size:13px;margin:0;\">Virginia nos ha visitado desde los programas ofertados por la Comunidad de Madrid y nos ha deleitado con su taller de lectura sobre el \u00e1lbum gr\u00e1fico.<\/p><p style=\"font-size:13px;margin:0;\">Con el hilo conductor de la migraci\u00f3n hemos paseado por las mejores creaciones del momento y hemos descubierto otra forma de mirar los libros. Hemos aprendido a escuchar las im\u00e1genes.<\/p><p style=\"font-size:13px;margin:0;\">Nuestros grupos han quedado encantados como pod\u00e9is apreciar en las fotos que ha tomado nuestro compa\u00f1ero.<\/p><\/div><\/td><\/tr><tr><td colspan=\"2\"><img loading=\"lazy\" decoding=\"async\" src=\"https:\/\/boletines.educa.madrid.org\/images\/hr.gif\" width=\"590\" height=\"41\" alt=\"\"><\/td><\/tr><tr><td width=\"170\" style=\"vertical-align:top;\"><img loading=\"lazy\" decoding=\"async\" src=\"https:\/\/boletines.educa.madrid.org\/image.php?file=202412192054341.jpg&amp;size=150x150&amp;in=Z2VtYW0ucGFycmFzc2VycmFkaWxsYQ==\" width=\"150\" height=\"150\" alt=\"\" style=\"margin:0;\"><\/td><td width=\"420\" style=\"vertical-align:top;\"><h3 style=\"font-size:17px;line-height:1.35em;color:#0000ff;margin-top:0;margin-bottom:10px;\">TEATRO \"DR. JEKYLL AND MR. HYDE<\/h3><div style=\"font-size:13px;margin:0;\"><p style=\"font-size:13px;margin:0;\">En el teatro Reina Victoria nuestro alumnado de 4\u00ba de ESO y de 1\u00ba de Bachillerato ha disfrutado de la adaptaci\u00f3n de la obra Doctor Jekyll and Mr. Hyde. Nos ha encantado esta recreaci\u00f3n en ingl\u00e9s de la dualidad del ser humano, que nos ha suscitado inter\u00e9s y sorpresa en el marco incomparable de este teatro modernista. Os felicitamos a todos\/as por vuestro inter\u00e9s por practicar ingl\u00e9s en el teatro.<\/p><\/div><\/td><\/tr><tr><td colspan=\"2\"><img loading=\"lazy\" decoding=\"async\" src=\"https:\/\/boletines.educa.madrid.org\/images\/hr.gif\" width=\"590\" height=\"41\" alt=\"\"><\/td><\/tr><tr><td width=\"170\" style=\"vertical-align:top;\"><img loading=\"lazy\" decoding=\"async\" src=\"https:\/\/boletines.educa.madrid.org\/image.php?file=202412192057101.jpg&amp;size=150x150&amp;in=Z2VtYW0ucGFycmFzc2VycmFkaWxsYQ==\" width=\"150\" height=\"150\" alt=\"\" style=\"margin:0;\"><\/td><td width=\"420\" style=\"vertical-align:top;\"><h3 style=\"font-size:17px;line-height:1.35em;color:#0000ff;margin-top:0;margin-bottom:10px;\">MARKETING: TODO ES POSIBLE<\/h3><div style=\"font-size:13px;margin:0;\"><p style=\"font-size:13px;margin:0;\">La Universidad Carlos III de Madrid nos visit\u00f3 el viernes 15 de noviembre y a trav\u00e9s de su programa de clases cient\u00edfico divulgativas, el alumnado del instituto pudo conocer c\u00f3mo se desarrolla una clase universitaria con un contenido docente adaptado a su nivel educativo.<\/p><\/div><\/td><\/tr><tr><td colspan=\"2\"><img loading=\"lazy\" decoding=\"async\" src=\"https:\/\/boletines.educa.madrid.org\/images\/hr.gif\" width=\"590\" height=\"41\" alt=\"\"><\/td><\/tr><tr><td width=\"170\" style=\"vertical-align:top;\"><img loading=\"lazy\" decoding=\"async\" src=\"https:\/\/boletines.educa.madrid.org\/image.php?file=202412192058551.jpg&amp;size=150x150&amp;in=Z2VtYW0ucGFycmFzc2VycmFkaWxsYQ==\" width=\"150\" height=\"150\" alt=\"\" style=\"margin:0;\"><\/td><td width=\"420\" style=\"vertical-align:top;\"><h3 style=\"font-size:17px;line-height:1.35em;color:#0000ff;margin-top:0;margin-bottom:10px;\">CELEBRAMOS EL D\u00cdA MUNDIAL DE LA INFANCIA<\/h3><div style=\"font-size:13px;margin:0;\"><p style=\"font-size:13px;margin:0;\">El pasado d\u00eda 20 de noviembre, hemos celebrado el D\u00eda Mundial de la Infancia, dedicado a todos los ni\u00f1os, ni\u00f1as y adolescentes del mundo.<\/p><p style=\"font-size:13px;margin:0;\">Para ello, hemos le\u00eddo un texto escrito por nuestro alumnado de 4\u00baESO para llamar la atenci\u00f3n sobre la explotaci\u00f3n infantil y denunciar as\u00ed la situaci\u00f3n que viven los ni\u00f1os, ni\u00f1as y adolescentes m\u00e1s desfavorecidos y vulnerables.<\/p><p style=\"font-size:13px;margin:0;\">Tambi\u00e9n hemos dado a conocer algunos de los Derechos Humanos y de Infancia a trav\u00e9s de carteles que han elaborado nuestros estudiantes de 1\u00ba y 2\u00baESO, con objeto de concienciar a nuestra comunidad educativa de la importancia de trabajar d\u00eda a d\u00eda por su bienestar y desarrollo.<\/p><p style=\"font-size:13px;margin:0;\">Con estas acciones nos hemos sumado al Movimiento mundial #SomosInfancia.<\/p><p style=\"font-size:13px;margin:0;\">Pr\u00f3ximamente, adem\u00e1s, disfrutaremos en nuestro centro de la exposici\u00f3n sobre los Derechos de Infancia que UNICEF Espa\u00f1a nos presta para hacer de nuestro querido Calder\u00f3n un centro referente en educaci\u00f3n en Derechos de Infancia.<\/p><\/div><\/td><\/tr><tr><td colspan=\"2\"><img loading=\"lazy\" decoding=\"async\" src=\"https:\/\/boletines.educa.madrid.org\/images\/hr.gif\" width=\"590\" height=\"41\" alt=\"\"><\/td><\/tr><tr><td width=\"170\" style=\"vertical-align:top;\"><img loading=\"lazy\" decoding=\"async\" src=\"https:\/\/boletines.educa.madrid.org\/image.php?file=202412192117361.jpg&amp;size=150x150&amp;in=Z2VtYW0ucGFycmFzc2VycmFkaWxsYQ==\" width=\"150\" height=\"150\" alt=\"\" style=\"margin:0;\"><\/td><td width=\"420\" style=\"vertical-align:top;\"><h3 style=\"font-size:17px;line-height:1.35em;color:#0000ff;margin-top:0;margin-bottom:10px;\">VISITAMOS AL DEFENSOR DEL PUEBLO<\/h3><div style=\"font-size:13px;margin:0;\"><p style=\"font-size:13px;margin:0;\">Los tutores y los grupos de 1\u00ba y 2\u00ba de Grado Medio y de Grado Superior biling\u00fce hemos visitado el bonito edificio del Defensor del Pueblo. Hemos tenido una primera sesi\u00f3n en el sal\u00f3n de actos, para explicar lo que hace la instituci\u00f3n y c\u00f3mo se puede acceder y luego en otra sala han explicado algo de historia. Tambi\u00e9n hemos ido caminando hasta la otra sede donde est\u00e1 el palacio para que pudi\u00e9ramos conocerlo.<\/p><p style=\"font-size:13px;margin:0;\">Nos han regalado un libro. Ha sido una actividad estupenda para todos\/as.<\/p><\/div><\/td><\/tr><tr><td colspan=\"2\"><img loading=\"lazy\" decoding=\"async\" src=\"https:\/\/boletines.educa.madrid.org\/images\/hr.gif\" width=\"590\" height=\"41\" alt=\"\"><\/td><\/tr><tr><td width=\"170\" style=\"vertical-align:top;\"><img loading=\"lazy\" decoding=\"async\" src=\"https:\/\/boletines.educa.madrid.org\/image.php?file=202412192101151.jpg&amp;size=150x150&amp;in=Z2VtYW0ucGFycmFzc2VycmFkaWxsYQ==\" width=\"150\" height=\"150\" alt=\"\" style=\"margin:0;\"><\/td><td width=\"420\" style=\"vertical-align:top;\"><h3 style=\"font-size:17px;line-height:1.35em;color:#0000ff;margin-top:0;margin-bottom:10px;\">CONOCEMOS LA UE<\/h3><div style=\"font-size:13px;margin:0;\"><p style=\"font-size:13px;margin:0;\">Nuestros alumnos de FP turno vespertino, de la mano de Emanuele Treglia, Catedr\u00e1tico de Historia de la UCM, aprenden sobre la historia de Europa; el Parlamento Europeo, su composici\u00f3n; la Comisi\u00f3n Europea y el Consejo de la Uni\u00f3n Europea, para finalizar con importantes recursos que esta ofrece a los j\u00f3venes. \u00a1Muchas gracias, Emanuele y organizadores (Centro de Documentaci\u00f3n Europea - Direcci\u00f3n General de Cooperaci\u00f3n con el Estado y la Uni\u00f3n Europea - Consejer\u00eda de Presidencia, Justicia y Administraci\u00f3n Local)<\/p><\/div><\/td><\/tr><tr><td colspan=\"2\"><img loading=\"lazy\" decoding=\"async\" src=\"https:\/\/boletines.educa.madrid.org\/images\/hr.gif\" width=\"590\" height=\"41\" alt=\"\"><\/td><\/tr><tr><td width=\"170\" style=\"vertical-align:top;\"><img loading=\"lazy\" decoding=\"async\" src=\"https:\/\/boletines.educa.madrid.org\/image.php?file=202412192102271.jpg&amp;size=150x150&amp;in=Z2VtYW0ucGFycmFzc2VycmFkaWxsYQ==\" width=\"150\" height=\"150\" alt=\"\" style=\"margin:0;\"><\/td><td width=\"420\" style=\"vertical-align:top;\"><h3 style=\"font-size:17px;line-height:1.35em;color:#0000ff;margin-top:0;margin-bottom:10px;\">CHARLA SOBRE EMPRENDIMIENTO<\/h3><div style=\"font-size:13px;margin:0;\"><p style=\"font-size:13px;margin:0;\">Los alumnos de 2 GS y 2 GM, han asistido a las charlas de la red PAE de la Subdirecci\u00f3n General de Emprendimiento y PYME del Ministerio de Industria y Turismo. Nos han explicado los beneficios de utilizar el sistema CIRCE, como recurso para constituir nuevas empresas, acortando el proceso. Muchas gracias Rosal\u00eda e In\u00e9s por las explicaciones.\u00a0<\/p><\/div><\/td><\/tr><tr><td colspan=\"2\"><img loading=\"lazy\" decoding=\"async\" src=\"https:\/\/boletines.educa.madrid.org\/images\/hr.gif\" width=\"590\" height=\"41\" alt=\"\"><\/td><\/tr><tr><td width=\"170\" style=\"vertical-align:top;\"><img loading=\"lazy\" decoding=\"async\" src=\"https:\/\/boletines.educa.madrid.org\/image.php?file=202412192105001.jpg&amp;size=150x150&amp;in=Z2VtYW0ucGFycmFzc2VycmFkaWxsYQ==\" width=\"150\" height=\"150\" alt=\"\" style=\"margin:0;\"><\/td><td width=\"420\" style=\"vertical-align:top;\"><h3 style=\"font-size:17px;line-height:1.35em;color:#0000ff;margin-top:0;margin-bottom:10px;\">VISITA A LA ESCUELA MUNICIPAL DE ESCALADA<\/h3><div style=\"font-size:13px;margin:0;\"><p style=\"font-size:13px;margin:0;\">Todos nuestros grupos de 2\u00b0 ESO estuvieron la semana pasada, visitando la Escuela Municipal de Escalada de la Elipa, junto a su profesorado de Educaci\u00f3n F\u00edsica. La escalada y la cabuyer\u00eda son contenidos que trabajamos en 2\u00b0 y 4\u00b0 de la ESO en el maravilloso roc\u00f3dromo de nuestro Centro. Sin embargo, gracias a Madrid un Libro Abierto, podemos profundizar con estas actividades complementarias que siempre gozan de un gran valor educativo.<\/p><\/div><\/td><\/tr><tr><td colspan=\"2\"><img loading=\"lazy\" decoding=\"async\" src=\"https:\/\/boletines.educa.madrid.org\/images\/hr.gif\" width=\"590\" height=\"41\" alt=\"\"><\/td><\/tr><tr><td width=\"170\" style=\"vertical-align:top;\"><img loading=\"lazy\" decoding=\"async\" src=\"https:\/\/boletines.educa.madrid.org\/image.php?file=202412192106051.jpg&amp;size=150x150&amp;in=Z2VtYW0ucGFycmFzc2VycmFkaWxsYQ==\" width=\"150\" height=\"150\" alt=\"\" style=\"margin:0;\"><\/td><td width=\"420\" style=\"vertical-align:top;\"><h3 style=\"font-size:17px;line-height:1.35em;color:#0000ff;margin-top:0;margin-bottom:10px;\">SENDERISMO POR EL VALLE DE LA FUENFR\u00cdA (Sierra de Guadarrama)<\/h3><div style=\"font-size:13px;margin:0;\"><p style=\"font-size:13px;margin:0;\">El alumnado de 1\u00b0 Bachillerato junto al de la asignatura optativa de Deporte, realizaron una actividad de senderismo por el Valle de la Fuenfr\u00eda en la Sierra de Guadarrama.<\/p><p style=\"font-size:13px;margin:0;\">\u00a0<br style=\"line-height:0.8em;\">12 kil\u00f3metros de experiencias en un entorno natural privilegiado repleto de rincones con mucha historia y d\u00f3nde la actividad f\u00edsica y la cultura se funden para generar el mejor de los aprendizajes.<\/p><p style=\"font-size:13px;margin:0;\">\u00a0<\/p><\/div><\/td><\/tr><tr><td colspan=\"2\"><img loading=\"lazy\" decoding=\"async\" src=\"https:\/\/boletines.educa.madrid.org\/images\/hr.gif\" width=\"590\" height=\"41\" alt=\"\"><\/td><\/tr><tr><td width=\"170\" style=\"vertical-align:top;\"><img loading=\"lazy\" decoding=\"async\" src=\"https:\/\/boletines.educa.madrid.org\/image.php?file=202412192108261.jpg&amp;size=150x150&amp;in=Z2VtYW0ucGFycmFzc2VycmFkaWxsYQ==\" width=\"150\" height=\"150\" alt=\"\" style=\"margin:0;\"><\/td><td width=\"420\" style=\"vertical-align:top;\"><h3 style=\"font-size:17px;line-height:1.35em;color:#0000ff;margin-top:0;margin-bottom:10px;\">CINE EN LA VAGUADA<\/h3><div style=\"font-size:13px;margin:0;\"><p style=\"font-size:13px;margin:0;\">El alumnado de 2\u00ba de CF Grado B\u00e1sico ha participado en la actividad que lleva por t\u00edtulo La Revoluci\u00f3n Silenciosa: cine y coloquio, la organiz\u00f3 AulaFilm y la pel\u00edcula se proyect\u00f3 en los cines de La Vaguada.<\/p><\/div><\/td><\/tr><tr><td colspan=\"2\"><img loading=\"lazy\" decoding=\"async\" src=\"https:\/\/boletines.educa.madrid.org\/images\/hr.gif\" width=\"590\" height=\"41\" alt=\"\"><\/td><\/tr><tr><td width=\"170\" style=\"vertical-align:top;\"><img loading=\"lazy\" decoding=\"async\" src=\"https:\/\/boletines.educa.madrid.org\/image.php?file=202412192109271.jpg&amp;size=150x150&amp;in=Z2VtYW0ucGFycmFzc2VycmFkaWxsYQ==\" width=\"150\" height=\"150\" alt=\"\" style=\"margin:0;\"><\/td><td width=\"420\" style=\"vertical-align:top;\"><h3 style=\"font-size:17px;line-height:1.35em;color:#0000ff;margin-top:0;margin-bottom:10px;\">UNICEF EN NUESTRO CENTRO<\/h3><div style=\"font-size:13px;margin:0;\"><p style=\"font-size:13px;margin:0;\">Del 26 de noviembre al 2 de diciembre hemos podido disfrutar de la exposici\u00f3n que UNICEF nos ha prestado para promocionar el conocimiento sobre Derechos de Infancia y Adolescencia entre nuestro alumnado. El profesorado que imparte la asignatura de Atenci\u00f3n Educativa visit\u00f3 la exposici\u00f3n con sus grupos y juntos comentaron cada uno de los 10 derechos expuestos, \u00a0realizando actividades tan diversas como la redacci\u00f3n de un informe para una rese\u00f1a para un peri\u00f3dico escolar.<\/p><p style=\"font-size:13px;margin:0;\">Seguimos trabajando para convertirnos en centro referente en derechos de infancia y, gracias a esta actividad, hemos podido celebrar en el Calder\u00f3n tambi\u00e9n el D\u00eda Mundial de la Infancia y la Adolescencia.<\/p><\/div><\/td><\/tr><tr><td colspan=\"2\"><p style=\"margin-top:25px;margin-bottom:25px;\"><img loading=\"lazy\" decoding=\"async\" src=\"https:\/\/boletines.educa.madrid.org\/image.php?file=202412192015582.png&amp;size=590x150&amp;in=Z2VtYW0ucGFycmFzc2VycmFkaWxsYQ==\" width=\"590\" height=\"150\" alt=\"Pie\"><\/p><p style=\"text-align:center;margin-top:30px;margin-bottom:25px;font-size:12px; color:#555555;\"><a href=\"http:\/\/www.educa.madrid.org\/\" style=\"text-decoration:none;color:#336699;\">EducaMadrid<\/a>, Plataforma Educativa de la Comunidad de Madrid.<\/p><\/td><\/tr><\/table><\/div><\/div><\/div><\/div>","protected":false},"excerpt":{"rendered":"<p>Si no puedes ver bien este mensaje accede a su versi&oacute;n web.PRIMER TRIMESTRE &#8211; 21\/01\/2025En este bolet\u00edn se encuentran algunas las actividades extraescolares (fuera del centro) y complementarias (dentro del &#8230;<\/p>\n","protected":false},"author":7,"featured_media":0,"parent":0,"menu_order":0,"comment_status":"closed","ping_status":"closed","template":"template-fullwidth.php","meta":{"footnotes":""},"folder":[],"class_list":["post-6751","page","type-page","status-publish","hentry"],"rttpg_featured_image_url":null,"rttpg_author":{"display_name":"Gema","author_link":"https:\/\/site.educa.madrid.org\/ies.calderondelabar.madrid\/index.php\/author\/gema-mara_parras-serradilla\/"},"rttpg_comment":0,"rttpg_category":false,"rttpg_excerpt":"Si no puedes ver bien este mensaje accede a su versi&oacute;n web.PRIMER TRIMESTRE - 21\/01\/2025En este bolet\u00edn se encuentran algunas las actividades extraescolares (fuera del centro) y complementarias (dentro del ...","post_mailing_queue_ids":[],"_links":{"self":[{"href":"https:\/\/site.educa.madrid.org\/ies.calderondelabar.madrid\/index.php\/wp-json\/wp\/v2\/pages\/6751","targetHints":{"allow":["GET"]}}],"collection":[{"href":"https:\/\/site.educa.madrid.org\/ies.calderondelabar.madrid\/index.php\/wp-json\/wp\/v2\/pages"}],"about":[{"href":"https:\/\/site.educa.madrid.org\/ies.calderondelabar.madrid\/index.php\/wp-json\/wp\/v2\/types\/page"}],"author":[{"embeddable":true,"href":"https:\/\/site.educa.madrid.org\/ies.calderondelabar.madrid\/index.php\/wp-json\/wp\/v2\/users\/7"}],"replies":[{"embeddable":true,"href":"https:\/\/site.educa.madrid.org\/ies.calderondelabar.madrid\/index.php\/wp-json\/wp\/v2\/comments?post=6751"}],"version-history":[{"count":1,"href":"https:\/\/site.educa.madrid.org\/ies.calderondelabar.madrid\/index.php\/wp-json\/wp\/v2\/pages\/6751\/revisions"}],"predecessor-version":[{"id":6752,"href":"https:\/\/site.educa.madrid.org\/ies.calderondelabar.madrid\/index.php\/wp-json\/wp\/v2\/pages\/6751\/revisions\/6752"}],"wp:attachment":[{"href":"https:\/\/site.educa.madrid.org\/ies.calderondelabar.madrid\/index.php\/wp-json\/wp\/v2\/media?parent=6751"}],"wp:term":[{"taxonomy":"folder","embeddable":true,"href":"https:\/\/site.educa.madrid.org\/ies.calderondelabar.madrid\/index.php\/wp-json\/wp\/v2\/folder?post=6751"}],"curies":[{"name":"wp","href":"https:\/\/api.w.org\/{rel}","templated":true}]}}