{"id":7619,"date":"2026-01-12T17:54:11","date_gmt":"2026-01-12T16:54:11","guid":{"rendered":"https:\/\/site.educa.madrid.org\/ies.calderondelabar.madrid\/?page_id=7619"},"modified":"2026-02-05T13:51:32","modified_gmt":"2026-02-05T12:51:32","slug":"pruebas-de-acceso-a-ciclos-formativos-de-grado-superior-curso-2025-2026","status":"publish","type":"page","link":"https:\/\/site.educa.madrid.org\/ies.calderondelabar.madrid\/index.php\/pruebas-de-acceso-a-ciclos-formativos-de-grado-superior-curso-2025-2026\/","title":{"rendered":"PRUEBAS DE ACCESO A CICLOS FORMATIVOS DE GRADO SUPERIOR CURSO 2025-2026"},"content":{"rendered":"<div id=\"pl-7619\"  class=\"panel-layout\" ><div id=\"pg-7619-0\"  class=\"panel-grid panel-no-style\" ><div id=\"pgc-7619-0-0\"  class=\"panel-grid-cell\" ><div id=\"panel-7619-0-0-0\" class=\"so-panel widget widget_sow-editor panel-first-child\" data-index=\"0\" ><div\n\t\t\t\n\t\t\tclass=\"so-widget-sow-editor so-widget-sow-editor-base\"\n\t\t\t\n\t\t><h3 class=\"widget-title\">INFORMACI\u00d3N DETALLADA<\/h3>\n<div class=\"siteorigin-widget-tinymce textwidget\">\n\t<p>En este <a href=\"https:\/\/www.comunidad.madrid\/servicios\/educacion\/pruebas-acceso\">enlace<\/a> se puede consultar toda la normativa referente a esta convocatoria.<\/p>\n<\/div>\n<\/div><\/div><div id=\"panel-7619-0-0-1\" class=\"so-panel widget widget_sow-editor\" data-index=\"1\" ><div\n\t\t\t\n\t\t\tclass=\"so-widget-sow-editor so-widget-sow-editor-base\"\n\t\t\t\n\t\t><h3 class=\"widget-title\">REFERENTES PARA LA EVALUACI\u00d3N DE LAS COMPETENCIAS B\u00c1SICAS: DOMINIOS COMPETENCIALES Y CONTENIDOS<\/h3>\n<div class=\"siteorigin-widget-tinymce textwidget\">\n\t<p><a href=\"https:\/\/site.educa.madrid.org\/ies.calderondelabar.madrid\/\/wp-content\/uploads\/ies.calderondelabar.madrid\/2026\/01\/competencia_basica_matematica_gs.pdf\">Competencia b\u00e1sica matem\u00e1tica<\/a><\/p>\n<p><a href=\"https:\/\/site.educa.madrid.org\/ies.calderondelabar.madrid\/\/wp-content\/uploads\/ies.calderondelabar.madrid\/2026\/01\/competencia_basica_comunicativa_gs.pdf\">Competencia b\u00e1sica comunicativa en lengua castellana<\/a><\/p>\n<p><a href=\"https:\/\/site.educa.madrid.org\/ies.calderondelabar.madrid\/\/wp-content\/uploads\/ies.calderondelabar.madrid\/2026\/01\/digitalizacion_gs.pdf\">Competencia b\u00e1sica digital<\/a><\/p>\n<\/div>\n<\/div><\/div><div id=\"panel-7619-0-0-2\" class=\"so-panel widget widget_sow-editor\" data-index=\"2\" ><div\n\t\t\t\n\t\t\tclass=\"so-widget-sow-editor so-widget-sow-editor-base\"\n\t\t\t\n\t\t><h3 class=\"widget-title\">CONTENIDOS Y CRITERIOS DE EVALUACI\u00d3N DEL EJERCICIO DE COMPETENCIA CLAVE PLURILING\u00dcE<\/h3>\n<div class=\"siteorigin-widget-tinymce textwidget\">\n\t<p><a href=\"https:\/\/site.educa.madrid.org\/ies.calderondelabar.madrid\/\/wp-content\/uploads\/ies.calderondelabar.madrid\/2026\/01\/lengua_extranjera_ingles_0.pdf\">Lengua Extranjera: Ingl\u00e9s<\/a><\/p>\n<\/div>\n<\/div><\/div><div id=\"panel-7619-0-0-3\" class=\"so-panel widget widget_sow-editor\" data-index=\"3\" ><div\n\t\t\t\n\t\t\tclass=\"so-widget-sow-editor so-widget-sow-editor-base\"\n\t\t\t\n\t\t><h3 class=\"widget-title\">REFERENTES PARA LA EVALUACI\u00d3N DE LAS COMPETENCIAS CLAVE ESPEC\u00cdFICAS<\/h3>\n<div class=\"siteorigin-widget-tinymce textwidget\">\n\t<p>Contenidos y criterios de evaluaci\u00f3n del ejercicio de <a href=\"https:\/\/site.educa.madrid.org\/ies.calderondelabar.madrid\/\/wp-content\/uploads\/ies.calderondelabar.madrid\/2026\/01\/economia_de_la_empresa.pdf\">Econom\u00eda de la Empresa<\/a><\/p>\n<\/div>\n<\/div><\/div><div id=\"panel-7619-0-0-4\" class=\"so-panel widget widget_sow-editor\" data-index=\"4\" ><div\n\t\t\t\n\t\t\tclass=\"so-widget-sow-editor so-widget-sow-editor-base\"\n\t\t\t\n\t\t><h3 class=\"widget-title\">VINCULACI\u00d3N DEL EJERCICIO DE LIBRE ELECCI\u00d3N A LAS DIFERENTES FAMILIAS PROFESIONALES<\/h3>\n<div class=\"siteorigin-widget-tinymce textwidget\">\n\t<p>La <strong>parte espec\u00edfica<\/strong> de la prueba de acceso a ciclos formativos de grado superior por la<strong>\u00a0v\u00eda de formaci\u00f3n profesional\u00a0<\/strong>consistir\u00e1 en la realizaci\u00f3n de uno de los ejercicios de competencia clave espec\u00edfica, a elegir entre los siguientes:<\/p>\n<ul>\n<li>Econom\u00eda de la empresa<\/li>\n<li>Biolog\u00eda<\/li>\n<li>Qu\u00edmica<\/li>\n<li>F\u00edsica.<\/li>\n<\/ul>\n<p>Debe tenerse en cuenta que cada uno de estos ejercicios permitir\u00e1\u00a0<strong>exclusivamente<\/strong> el acceso a los ciclos formativos de las diferentes familias profesionales, de conformidad con lo establecido en la siguiente tabla:<\/p>\n<p><a href=\"https:\/\/site.educa.madrid.org\/ies.calderondelabar.madrid\/\/wp-content\/uploads\/ies.calderondelabar.madrid\/2026\/01\/vinculacion_del_ejercicio_competencia_clave_especifica_de_libre_eleccion.pdf\" target=\"_blank\" rel=\"noopener\">Vinculaci\u00f3n del ejercicio de competencia clave espec\u00edfica de libre elecci\u00f3n<\/a><\/p>\n<\/div>\n<\/div><\/div><div id=\"panel-7619-0-0-5\" class=\"so-panel widget widget_sow-editor\" data-index=\"5\" ><div\n\t\t\t\n\t\t\tclass=\"so-widget-sow-editor so-widget-sow-editor-base\"\n\t\t\t\n\t\t><h3 class=\"widget-title\">RELACI\u00d3N DE CENTROS EDUCATIVOS EN LOS QUE SE PODR\u00c1 EFECTUAR LA INSCRIPCI\u00d3N EN LA PRUEBA<\/h3>\n<div class=\"siteorigin-widget-tinymce textwidget\">\n\t<p><a href=\"https:\/\/site.educa.madrid.org\/ies.calderondelabar.madrid\/\/wp-content\/uploads\/ies.calderondelabar.madrid\/2026\/01\/anexo-6-para-la-pagina-web-PRUEBAS-ACCESO-A-CICLOS-GRADO-SUPERIOR.pdf\">Listado de Centros<\/a><\/p>\n<\/div>\n<\/div><\/div><div id=\"panel-7619-0-0-6\" class=\"so-panel widget widget_sow-headline panel-last-child\" data-index=\"6\" ><div\n\t\t\t\n\t\t\tclass=\"so-widget-sow-headline so-widget-sow-headline-default-ec1eb4cebc48-7619\"\n\t\t\t\n\t\t><div class=\"sow-headline-container \">\n\t\t\t\t\t\t<div class=\"decoration\">\n\t\t\t\t\t\t<div class=\"decoration-inside\"><\/div>\n\t\t\t\t\t<\/div>\n\t\t\t\t\t<\/div>\n<\/div><\/div><\/div><\/div><\/div>","protected":false},"excerpt":{"rendered":"<p>En este enlace se puede consultar toda la normativa referente a esta convocatoria. Competencia b\u00e1sica matem\u00e1tica Competencia b\u00e1sica comunicativa en lengua castellana Competencia b\u00e1sica digital Lengua Extranjera: Ingl\u00e9s Contenidos y &#8230;<\/p>\n","protected":false},"author":2,"featured_media":0,"parent":0,"menu_order":0,"comment_status":"closed","ping_status":"closed","template":"","meta":{"footnotes":""},"folder":[],"class_list":["post-7619","page","type-page","status-publish","hentry"],"rttpg_featured_image_url":null,"rttpg_author":{"display_name":"tic.ies.calderondelabar.madrid","author_link":"https:\/\/site.educa.madrid.org\/ies.calderondelabar.madrid\/index.php\/author\/cuenta_tic-ies-calderondelabar-madrid\/"},"rttpg_comment":0,"rttpg_category":false,"rttpg_excerpt":"En este enlace se puede consultar toda la normativa referente a esta convocatoria. Competencia b\u00e1sica matem\u00e1tica Competencia b\u00e1sica comunicativa en lengua castellana Competencia b\u00e1sica digital Lengua Extranjera: Ingl\u00e9s Contenidos y ...","post_mailing_queue_ids":[],"_links":{"self":[{"href":"https:\/\/site.educa.madrid.org\/ies.calderondelabar.madrid\/index.php\/wp-json\/wp\/v2\/pages\/7619","targetHints":{"allow":["GET"]}}],"collection":[{"href":"https:\/\/site.educa.madrid.org\/ies.calderondelabar.madrid\/index.php\/wp-json\/wp\/v2\/pages"}],"about":[{"href":"https:\/\/site.educa.madrid.org\/ies.calderondelabar.madrid\/index.php\/wp-json\/wp\/v2\/types\/page"}],"author":[{"embeddable":true,"href":"https:\/\/site.educa.madrid.org\/ies.calderondelabar.madrid\/index.php\/wp-json\/wp\/v2\/users\/2"}],"replies":[{"embeddable":true,"href":"https:\/\/site.educa.madrid.org\/ies.calderondelabar.madrid\/index.php\/wp-json\/wp\/v2\/comments?post=7619"}],"version-history":[{"count":6,"href":"https:\/\/site.educa.madrid.org\/ies.calderondelabar.madrid\/index.php\/wp-json\/wp\/v2\/pages\/7619\/revisions"}],"predecessor-version":[{"id":7635,"href":"https:\/\/site.educa.madrid.org\/ies.calderondelabar.madrid\/index.php\/wp-json\/wp\/v2\/pages\/7619\/revisions\/7635"}],"wp:attachment":[{"href":"https:\/\/site.educa.madrid.org\/ies.calderondelabar.madrid\/index.php\/wp-json\/wp\/v2\/media?parent=7619"}],"wp:term":[{"taxonomy":"folder","embeddable":true,"href":"https:\/\/site.educa.madrid.org\/ies.calderondelabar.madrid\/index.php\/wp-json\/wp\/v2\/folder?post=7619"}],"curies":[{"name":"wp","href":"https:\/\/api.w.org\/{rel}","templated":true}]}}