{"id":10480,"date":"2021-03-19T08:01:37","date_gmt":"2021-03-19T08:01:37","guid":{"rendered":"https:\/\/site.educa.madrid.org\/ies.cardenalherrera.madrid\/?page_id=10480"},"modified":"2025-02-11T19:07:54","modified_gmt":"2025-02-11T18:07:54","slug":"pruebas-externas-ingles","status":"publish","type":"page","link":"https:\/\/site.educa.madrid.org\/ies.cardenalherrera.madrid\/index.php\/planes-y-proyectos\/bilinguismo\/pruebas-externas-ingles\/","title":{"rendered":"Pruebas externas de ingl\u00e9s"},"content":{"rendered":"\t\t\t<!-- Flexy Breadcrumb -->\n\t\t\t<div class=\"fbc fbc-page\">\n\n\t\t\t\t<!-- Breadcrumb wrapper -->\n\t\t\t\t<div class=\"fbc-wrap\">\n\n\t\t\t\t\t<!-- Ordered list-->\n\t\t\t\t\t<ol class=\"fbc-items\" itemscope itemtype=\"https:\/\/schema.org\/BreadcrumbList\">\n\t\t\t\t\t\t            <li itemprop=\"itemListElement\" itemscope itemtype=\"https:\/\/schema.org\/ListItem\">\n                <span itemprop=\"name\">\n                    <!-- Home Link -->\n                    <a itemprop=\"item\" href=\"https:\/\/site.educa.madrid.org\/ies.cardenalherrera.madrid\">\n                    \n                                                    <i class=\"fa fa-home\" aria-hidden=\"true\"><\/i>Inicio                    <\/a>\n                <\/span>\n                <meta itemprop=\"position\" content=\"1\" \/><!-- Meta Position-->\n             <\/li><li><span class=\"fbc-separator\">\/<\/span><\/li><li class=\"active\" itemprop=\"itemListElement\" itemscope itemtype=\"https:\/\/schema.org\/ListItem\"><span itemprop=\"name\" title=\"Entradas\">Entradas<\/span><meta itemprop=\"position\" content=\"2\" \/><\/li>\t\t\t\t\t<\/ol>\n\t\t\t\t\t<div class=\"clearfix\"><\/div>\n\t\t\t\t<\/div>\n\t\t\t<\/div>\n\t\t\t\n\n\n\n<h1 class=\"wp-block-heading\">Pruebas externas de ingl\u00e9s<\/h1>\n\n\n\n<h3 class=\"wp-block-heading\">COMUNICADO RELATIVO A LAS PRUEBAS DE EVALUACI\u00d3N EXTERNA DEL PROGRAMA BILING\u00dcE DEL CURSO 24-25<\/h3>\n\n\n\n<p class=\"has-black-color has-text-color has-link-color wp-elements-aac5e1279481d26ef78616d6bb8b2f2f\">Estimadas familias,<\/p>\n\n\n\n<p class=\"has-black-color has-text-color has-link-color wp-elements-4ed76600987eb1f28836a840b87d79c9\">Les informamos de que las pruebas externas de nivel de ingl\u00e9s para los alumnos de 4.\u00ba ESO se realizar\u00e1n el d\u00eda <strong>14 de mayo <\/strong>de 2025.<\/p>\n\n\n\n<div class=\"wp-block-group has-black-color has-text-color\"><div class=\"wp-block-group__inner-container is-layout-flow wp-block-group-is-layout-flow\">\n<p>A la espera de recibir informaci\u00f3n sobre el horario espec\u00edfico de cada nivel, les avanzamos el <strong>material<\/strong> que los alumnos deber\u00e1n llevar consigo ese d\u00eda:<\/p>\n\n\n\n<ul class=\"wp-block-list\">\n<li>DNI\/pasaporte o carn\u00e9 de estudiante proporcionado por el instituto.<\/li>\n\n\n\n<li>Bol\u00edgrafo NO borrable, l\u00e1piz de mina blanda (tipo 2B), goma de borrar y sacapuntas.<\/li>\n<\/ul>\n<\/div><\/div>\n","protected":false},"excerpt":{"rendered":"<p>Pruebas externas de ingl\u00e9s COMUNICADO RELATIVO A LAS PRUEBAS DE EVALUACI\u00d3N EXTERNA DEL PROGRAMA BILING\u00dcE DEL CURSO 24-25 Estimadas familias, Les informamos de que las pruebas externas de nivel de &#8230;<\/p>\n","protected":false},"author":2,"featured_media":0,"parent":702,"menu_order":10,"comment_status":"closed","ping_status":"closed","template":"","meta":{"footnotes":""},"folder":[],"class_list":["post-10480","page","type-page","status-publish","hentry"],"rttpg_featured_image_url":null,"rttpg_author":{"display_name":"TIC I.E.S. Cardenal Herrera Oria","author_link":"https:\/\/site.educa.madrid.org\/ies.cardenalherrera.madrid\/index.php\/author\/cuenta_tic-ies-cardenalherrera-madrid\/"},"rttpg_comment":0,"rttpg_category":false,"rttpg_excerpt":"Pruebas externas de ingl\u00e9s COMUNICADO RELATIVO A LAS PRUEBAS DE EVALUACI\u00d3N EXTERNA DEL PROGRAMA BILING\u00dcE DEL CURSO 24-25 Estimadas familias, Les informamos de que las pruebas externas de nivel de ...","post_mailing_queue_ids":[],"_links":{"self":[{"href":"https:\/\/site.educa.madrid.org\/ies.cardenalherrera.madrid\/index.php\/wp-json\/wp\/v2\/pages\/10480","targetHints":{"allow":["GET"]}}],"collection":[{"href":"https:\/\/site.educa.madrid.org\/ies.cardenalherrera.madrid\/index.php\/wp-json\/wp\/v2\/pages"}],"about":[{"href":"https:\/\/site.educa.madrid.org\/ies.cardenalherrera.madrid\/index.php\/wp-json\/wp\/v2\/types\/page"}],"author":[{"embeddable":true,"href":"https:\/\/site.educa.madrid.org\/ies.cardenalherrera.madrid\/index.php\/wp-json\/wp\/v2\/users\/2"}],"replies":[{"embeddable":true,"href":"https:\/\/site.educa.madrid.org\/ies.cardenalherrera.madrid\/index.php\/wp-json\/wp\/v2\/comments?post=10480"}],"version-history":[{"count":17,"href":"https:\/\/site.educa.madrid.org\/ies.cardenalherrera.madrid\/index.php\/wp-json\/wp\/v2\/pages\/10480\/revisions"}],"predecessor-version":[{"id":17030,"href":"https:\/\/site.educa.madrid.org\/ies.cardenalherrera.madrid\/index.php\/wp-json\/wp\/v2\/pages\/10480\/revisions\/17030"}],"up":[{"embeddable":true,"href":"https:\/\/site.educa.madrid.org\/ies.cardenalherrera.madrid\/index.php\/wp-json\/wp\/v2\/pages\/702"}],"wp:attachment":[{"href":"https:\/\/site.educa.madrid.org\/ies.cardenalherrera.madrid\/index.php\/wp-json\/wp\/v2\/media?parent=10480"}],"wp:term":[{"taxonomy":"folder","embeddable":true,"href":"https:\/\/site.educa.madrid.org\/ies.cardenalherrera.madrid\/index.php\/wp-json\/wp\/v2\/folder?post=10480"}],"curies":[{"name":"wp","href":"https:\/\/api.w.org\/{rel}","templated":true}]}}