{"id":10602,"date":"2021-04-23T15:17:49","date_gmt":"2021-04-23T15:17:49","guid":{"rendered":"https:\/\/site.educa.madrid.org\/ies.cardenalherrera.madrid\/?page_id=10602"},"modified":"2026-05-11T14:59:22","modified_gmt":"2026-05-11T12:59:22","slug":"matricula","status":"publish","type":"page","link":"https:\/\/site.educa.madrid.org\/ies.cardenalherrera.madrid\/index.php\/secretaria\/matricula\/","title":{"rendered":"Matr\u00edcula"},"content":{"rendered":"\t\t\t<!-- Flexy Breadcrumb -->\n\t\t\t<div class=\"fbc fbc-page\">\n\n\t\t\t\t<!-- Breadcrumb wrapper -->\n\t\t\t\t<div class=\"fbc-wrap\">\n\n\t\t\t\t\t<!-- Ordered list-->\n\t\t\t\t\t<ol class=\"fbc-items\" itemscope itemtype=\"https:\/\/schema.org\/BreadcrumbList\">\n\t\t\t\t\t\t            <li itemprop=\"itemListElement\" itemscope itemtype=\"https:\/\/schema.org\/ListItem\">\n                <span itemprop=\"name\">\n                    <!-- Home Link -->\n                    <a itemprop=\"item\" href=\"https:\/\/site.educa.madrid.org\/ies.cardenalherrera.madrid\">\n                    \n                                                    <i class=\"fa fa-home\" aria-hidden=\"true\"><\/i>Inicio                    <\/a>\n                <\/span>\n                <meta itemprop=\"position\" content=\"1\" \/><!-- Meta Position-->\n             <\/li><li><span class=\"fbc-separator\">\/<\/span><\/li><li class=\"active\" itemprop=\"itemListElement\" itemscope itemtype=\"https:\/\/schema.org\/ListItem\"><span itemprop=\"name\" title=\"Entradas\">Entradas<\/span><meta itemprop=\"position\" content=\"2\" \/><\/li>\t\t\t\t\t<\/ol>\n\t\t\t\t\t<div class=\"clearfix\"><\/div>\n\t\t\t\t<\/div>\n\t\t\t<\/div>\n\t\t\t\n\n\n\n<h1 class=\"wp-block-heading\">MATR\u00cdCULA CURSO 2026-2027<\/h1>\n\n\n\n<div style=\"height:20px\" aria-hidden=\"true\" class=\"wp-block-spacer\"><\/div>\n\n\n\n<ul class=\"wp-block-list has-black-color has-text-color\">\n<li><a href=\"#plazo\">Plazo de matriculaci\u00f3n<\/a><\/li>\n\n\n\n<li><a href=\"#procedimiento\">Procedimiento e instrucciones<\/a><\/li>\n\n\n\n<li><a href=\"#documentacion\">Documentaci\u00f3n necesaria<\/a><\/li>\n\n\n\n<li><a href=\"https:\/\/site.educa.madrid.org\/ies.cardenalherrera.madrid\/index.php\/recursos-tic\/#escaneardocs\" target=\"_blank\" rel=\"noreferrer noopener\">Ayuda para escanear documentos<\/a><\/li>\n<\/ul>\n\n\n\n<hr class=\"wp-block-separator has-alpha-channel-opacity\"\/>\n\n\n\n<div style=\"height:20px\" aria-hidden=\"true\" class=\"wp-block-spacer\"><\/div>\n\n\n\n<h3 class=\"wp-block-heading\" id=\"plazo\">Plazo de matriculaci\u00f3n Curso 2026-2027<\/h3>\n\n\n\n<p class=\"has-black-color has-text-color\"><strong>El plazo de matriculaci\u00f3n en los centros de Educaci\u00f3n Secundaria es del 11 de junio a 3 de julio de 2026.<\/strong><\/p>\n\n\n\n<p class=\"has-black-color has-text-color\">Puede ponerse en contacto con la secretaria del centro en el siguiente correo: secretaria.ies.cardenalherrera.madrid@educa.madrid.org<\/p>\n\n\n\n<div style=\"height:20px\" aria-hidden=\"true\" class=\"wp-block-spacer\"><\/div>\n\n\n\n<hr class=\"wp-block-separator has-css-opacity\"\/>\n\n\n\n<h3 class=\"wp-block-heading\" id=\"procedimiento\">Procedimiento de matr\u00edcula <strong><mark style=\"background-color:#fcb900\" class=\"has-inline-color\">PARA ALUMNOS DEL CENTRO<\/mark><\/strong><\/h3>\n\n\n\n<ul class=\"wp-block-list has-black-color has-text-color\">\n<li class=\"has-black-color has-text-color has-link-color wp-elements-a14eb03c5168046375258bc1c592f9de\">El proceso completo de matr\u00edcula <mark style=\"background-color:rgba(0, 0, 0, 0)\" class=\"has-inline-color has-black-color\">para el curso 2026-2027 <\/mark>se realiza en tres pasos:\n<ol class=\"wp-block-list\">\n<li>Entre el 22 y 29 de mayo, <strong>las familias deben realizar la PREMATR\u00cdCULA ONLINE<\/strong>, rellenando&nbsp;el formulario que recibir\u00e1n en la direcci\u00f3n de correo electr\u00f3nico de la persona que aparezca como TUTOR 1 en Ra\u00edces.<\/li>\n\n\n\n<li>A partir del d\u00eda 8 de junio se podr\u00e1 recoger en la Secretar\u00eda del centro la <strong>HOJA DE MATR\u00cdCULA<\/strong> para que sea revisada y firmada por los dos tutores (o adjuntada la correspondiente declaraci\u00f3n responsable).<\/li>\n\n\n\n<li>A partir del 11 de junio, los alumnos que tengan confirmada la promoci\u00f3n de curso deber\u00e1n <strong>formalizar la matr\u00edcula<\/strong> presentando en la secretar\u00eda del centro la <strong>hoja de matr\u00edcula firmada<\/strong> por los tutores. El resto de alumnos deber\u00e1n presentarlo cuando se confirme la promoci\u00f3n o repetici\u00f3n de curso.<\/li>\n<\/ol>\n<\/li>\n<\/ul>\n\n\n\n<div style=\"height:20px\" aria-hidden=\"true\" class=\"wp-block-spacer\"><\/div>\n\n\n\n<h3 class=\"wp-block-heading\" id=\"procedimiento\">Procedimiento de matr\u00edcula <strong><mark style=\"background-color:#fcb900\" class=\"has-inline-color\">PARA ALUMNOS NUEVOS<\/mark><\/strong><\/h3>\n\n\n\n<ul class=\"wp-block-list has-black-color has-text-color\">\n<li class=\"has-black-color has-text-color has-link-color wp-elements-26180d5ef3eb43581422a32e625bf6cd\">El proceso completo de matr\u00edcula <mark style=\"background-color:rgba(0, 0, 0, 0)\" class=\"has-inline-color has-black-color\">para el curso 2026-2027 <\/mark>se realiza en tres pasos:\n<ol class=\"wp-block-list\">\n<li>A partir del 11 de junio, <strong>las familias deben realizar la PREMATR\u00cdCULA ONLINE<\/strong>, rellenando&nbsp;el formulario que recibir\u00e1n en la direcci\u00f3n de correo electr\u00f3nico de la persona que aparezca como TUTOR 1 en Ra\u00edces.<\/li>\n\n\n\n<li>A partir de las 48h. de la presentaci\u00f3n del formulario de matr\u00edcula, podr\u00e1n recoger en la secretar\u00eda del centro la <strong>HOJA DE MATR\u00cdCULA<\/strong> para que sea revisada y firmada por los dos tutores (o adjuntada la correspondiente declaraci\u00f3n responsable).<\/li>\n\n\n\n<li>A partir del 23 de junio y una vez se disponga de toda la documentaci\u00f3n necesaria para la formalizaci\u00f3n de la matr\u00edcula (documentaci\u00f3n de traslado, fin de etapa de su centro de origen, accede&#8230;),\u00a0las familias har\u00e1n llegar a la secretar\u00eda del centro la <strong>hoja de matr\u00edcula firmada <\/strong>junto con el resto de la documentaci\u00f3n para <strong>formalizar la matr\u00edcula<\/strong>.<\/li>\n<\/ol>\n<\/li>\n<\/ul>\n\n\n\n<div style=\"height:20px\" aria-hidden=\"true\" class=\"wp-block-spacer\"><\/div>\n\n\n\n<hr class=\"wp-block-separator has-css-opacity\"\/>\n\n\n\n<h3 class=\"wp-block-heading\">Instrucciones para rellenar el formulario de prematr\u00edcula<\/h3>\n\n\n\n<ul class=\"wp-block-list has-black-color has-text-color\">\n<li><span style=\"font-size: 0.875rem;\">La encuesta online s\u00f3lo podr\u00e1 ser rellenada una vez por alumno\/a.<\/span><\/li>\n\n\n\n<li>Durante la encuesta se podr\u00e1n <strong>guardar las respuestas<\/strong> para continuar m\u00e1s adelante. Durante el periodo de prematr\u00edcula, mientras el formulario est\u00e9 activo, tambi\u00e9n podr\u00e1 <strong>revisar y cambiar sus respuestas<\/strong>.<\/li>\n\n\n\n<li>Al finalizar la encuesta, <strong>se podr\u00e1n entregar todos los documentos <\/strong>necesarios en la p\u00e1gina de entrega de documentaci\u00f3n, o se podr\u00e1n entregar presencialmente al formalizar la matr\u00edcula.<\/li>\n\n\n\n<li>Se puede consultar la <strong>documentaci\u00f3n necesaria<\/strong> m\u00e1s abajo.<\/li>\n\n\n\n<li>Ayuda para digitalizar documentos con el m\u00f3vil: <a href=\"https:\/\/site.educa.madrid.org\/ies.cardenalherrera.madrid\/index.php\/recursos-tic\/#escaneardocs\" target=\"_blank\" rel=\"noreferrer noopener\"><mark style=\"background-color:rgba(0, 0, 0, 0)\" class=\"has-inline-color has-vivid-cyan-blue-color\">enlace<\/mark><\/a>.<\/li>\n\n\n\n<li>Toda esta informaci\u00f3n ser\u00e1 enviada a las familias por correo electr\u00f3nico cuando comience el periodo de matriculaci\u00f3n. En el caso de los alumnos nuevos en el centro, lo enviaremos a las direcciones de correo electr\u00f3nico de las familias obtenidas de la aplicaci\u00f3n ROBLE\/Ra\u00edces.<\/li>\n\n\n\n<li>Si llegado el plazo de matr\u00edcula no reciben el correo, por favor, p\u00f3nganse en contacto con el instituto (913781940 \/ 913780598) o al correo electr\u00f3nico de secretar\u00eda: <mark style=\"background-color:rgba(0, 0, 0, 0)\" class=\"has-inline-color has-vivid-cyan-blue-color\"><strong>secretaria.ies.cardenalherrera.madrid@educa.madrid.org<\/strong><\/mark><\/li>\n<\/ul>\n\n\n\n<hr class=\"wp-block-separator has-css-opacity\"\/>\n\n\n\n<p class=\"has-text-align-center has-pale-cyan-blue-background-color has-background has-medium-font-size\" id=\"documentacion\"><strong><mark style=\"background-color:rgba(0, 0, 0, 0)\" class=\"has-inline-color has-black-color\">DOCUMENTACI\u00d3N NECESARIA PARA LA MATR\u00cdCULA ONLINE<\/mark><\/strong><\/p>\n\n\n\n<div style=\"height:20px\" aria-hidden=\"true\" class=\"wp-block-spacer\"><\/div>\n\n\n\n<h3 class=\"wp-block-heading has-text-align-left has-black-color has-text-color has-link-color wp-elements-4f923f845a3c4e2710ad3cf4ea086557\"><strong>Com\u00fan para todos los alumnos:<\/strong><\/h3>\n\n\n\n<ul class=\"wp-block-list\">\n<li class=\"has-black-color has-text-color has-link-color wp-elements-95ab9267ced82ca84175c71254ca147a\">Copia del <strong><u>DNI<\/u><\/strong> de los tutores legales, en pdf&nbsp;<strong>(consulte la ayuda m\u00e1s abajo para escanear documentos)<\/strong>.<\/li>\n\n\n\n<li class=\"has-black-color has-text-color has-link-color wp-elements-17387f77512664cac86df550d6757180\">En el caso de que se aporte s\u00f3lo el DNI de un tutor, <strong>declaraci\u00f3n responsable<\/strong> (<a href=\"https:\/\/site.educa.madrid.org\/ies.cardenalherrera.madrid\/wp-content\/uploads\/ies.cardenalherrera.madrid\/2021\/05\/DeclaracionResponsableMatriculaOnline.pdf\">enlace para descargar<\/a>), en pdf.<\/li>\n\n\n\n<li class=\"has-black-color has-text-color has-link-color wp-elements-7f63d335bf86df7088d1cf64e08fa917\">En el caso de padres separados, sentencia de divorcio, en pdf.<\/li>\n\n\n\n<li class=\"has-black-color has-text-color has-link-color wp-elements-47b2171b8acc7804462df3b7d2232861\">Fotograf\u00eda reciente del alumno\/a, tipo carnet, en jpg.<\/li>\n\n\n\n<li class=\"has-black-color has-text-color has-link-color wp-elements-9577bac662e7f8d2d356cb73ef3e58ad\">Familia numerosa: copia del t\u00edtulo o libro de familia numerosa, en pdf.<\/li>\n\n\n\n<li class=\"has-black-color has-text-color has-link-color wp-elements-2f3b318a6b8cc3dbf0a5fbd642e5665d\">Enfermedades, alergias, etc: copia de los justificantes m\u00e9dicos, en pdf.<\/li>\n<\/ul>\n\n\n\n<div style=\"height:20px\" aria-hidden=\"true\" class=\"wp-block-spacer\"><\/div>\n\n\n\n<h3 class=\"wp-block-heading has-text-align-left has-black-color has-text-color has-link-color wp-elements-8650d8815f95a470dcf4d4564cca0238\"><strong>Para alumnos nuevos en el centro:<\/strong><\/h3>\n\n\n\n<ul class=\"wp-block-list\">\n<li class=\"has-black-color has-text-color has-link-color wp-elements-b1b0de87c70549d2e0d3eace37889ff3\">Copia de la partida de nacimiento o del libro de familia donde figura inscrito el alumno\/a con su localidad nacimiento, en pdf.<\/li>\n\n\n\n<li class=\"has-black-color has-text-color has-link-color wp-elements-6719d1385abb8f8057736f3164584292\"><strong>Certificado de traslado<\/strong> del centro de procedencia, en pdf.<\/li>\n\n\n\n<li class=\"has-black-color has-text-color has-link-color wp-elements-d4e8acc8dff4de68669dd8bcef939fe1\"><strong>Certificaci\u00f3n acad\u00e9mica<\/strong> de los estudios cursados. Los alumnos que finalicen 6\u00bade primaria aportar\u00e1n el <strong>Informe fin de etapa<\/strong>.<\/li>\n\n\n\n<li class=\"has-black-color has-text-color has-link-color wp-elements-edc930a9869d58b38f2a63c50e6428ea\"><strong>Volante de homologaci\u00f3n<\/strong>. (Alumnos para 1\u00ba y 2\u00ba de bachillerato que cursaron estudios en el extranjero en el curso anterior).<\/li>\n\n\n\n<li class=\"has-black-color has-text-color has-link-color wp-elements-fb32edbc36a4fc3f6626e6aeecbc335a\">En caso de tenerlo, copia del <strong>certificado de nivel de ingl\u00e9s<\/strong>, en pdf.<\/li>\n\n\n\n<li class=\"has-black-color has-text-color has-link-color wp-elements-c70ed7087592ed6092b801853395bd82\">Documento de adhesi\u00f3n al programa <strong>ACCEDE<\/strong> de pr\u00e9stamo de libros (voluntario, para alumnos que cursen de 1\u00ba a 4\u00ba de la ESO).<br>En el mes de septiembre deber\u00e1n traer el certificado que recibieron por la devoluci\u00f3n de los libros prestados el curso anterior en el centro de procedencia.<\/li>\n<\/ul>\n\n\n\n<div class=\"wp-block-file aligncenter\"><a id=\"wp-block-file--media-6027d354-c222-4f42-a99d-3126aecc38c1\" href=\"https:\/\/site.educa.madrid.org\/ies.cardenalherrera.madrid\/\/wp-content\/uploads\/ies.cardenalherrera.madrid\/2025\/06\/Solicitud-ingreso-ACCEDE-25-26-1.pdf\"><mark style=\"background-color:#0693e3\" class=\"has-inline-color has-white-color\">Solicitud ACCEDE-25-26<\/mark><\/a><\/div>\n\n\n\n<div style=\"height:20px\" aria-hidden=\"true\" class=\"wp-block-spacer\"><\/div>\n\n\n\n<h3 class=\"wp-block-heading has-text-align-left\"><strong>Para alumnos de 1\u00ba y 2\u00ba de la ESO:<\/strong><\/h3>\n\n\n\n<ul class=\"wp-block-list\">\n<li>Copia de la <strong>tarjeta sanitaria <\/strong>en la que est\u00e9 inscrito el alumno\/a, en pdf.<\/li>\n\n\n\n<li><strong>Aportaci\u00f3n voluntaria<\/strong> (OPCIONAL): Resguardo del pago del banco con de la aportaci\u00f3n voluntaria 20\u20ac, en pdf.<\/li>\n<\/ul>\n\n\n\n<p class=\"has-text-align-center\"><mark style=\"background-color:#ffffff\" class=\"has-inline-color has-vivid-red-color\"><strong>N\u00ba de cuenta<\/strong>:&nbsp;ES79 2100 2860 2013 0021 6514<\/mark><\/p>\n\n\n\n<p class=\"has-text-align-center\"><mark style=\"background-color:rgba(0, 0, 0, 0)\" class=\"has-inline-color has-black-color\"><strong>Concepto<\/strong>:<\/mark> AV + Nombre y apellidos alumno + Curso<\/p>\n\n\n\n<div style=\"height:20px\" aria-hidden=\"true\" class=\"wp-block-spacer\"><\/div>\n\n\n\n<h3 class=\"wp-block-heading has-text-align-left\"><strong>Para alumnos de 3\u00ba y 4\u00ba de la ESO, 1\u00ba y 2\u00ba de Bachillerato:<\/strong><\/h3>\n\n\n\n<ul class=\"wp-block-list\">\n<li>Copia del <strong>DNI<\/strong> del alumno\/a, en pdf.<\/li>\n\n\n\n<li><strong>Seguro Escolar<\/strong> (OBLIGATORIO): Resguardo del pago del banco del seguro escolar (1,12\u20ac), en pdf.<\/li>\n<\/ul>\n\n\n\n<p class=\"has-text-align-center\"><mark style=\"background-color:#ffffff\" class=\"has-inline-color has-vivid-red-color\"><strong>N\u00ba de cuenta<\/strong>:&nbsp;ES79 2100 2860 2013 0021 6514<\/mark><\/p>\n\n\n\n<p class=\"has-text-align-center\"><strong><mark style=\"background-color:rgba(0, 0, 0, 0)\" class=\"has-inline-color has-black-color\">Concepto<\/mark><\/strong><a href=\"Concepto: AV + Nombre y apellidos alumno + Curso\"><mark style=\"background-color:rgba(0, 0, 0, 0)\" class=\"has-inline-color has-black-color\">:<\/mark><\/a> SE + Nombre y apellidos alumno + Curso<\/p>\n\n\n\n<ul class=\"wp-block-list\">\n<li><strong>Aportaci\u00f3n voluntaria<\/strong> (OPCIONAL): Resguardo del pago del banco con de la aportaci\u00f3n voluntaria (20\u20ac), en pdf.<\/li>\n<\/ul>\n\n\n\n<p class=\"has-text-align-center\"><strong><mark style=\"background-color:rgba(0, 0, 0, 0)\" class=\"has-inline-color has-black-color\">Concepto:<\/mark><\/strong> AV + Nombre y apellidos alumno + Curso<\/p>\n\n\n\n<p class=\"has-text-align-center\">En el caso de que se desee realizar la aportaci\u00f3n voluntaria, se puede realizar un \u00fanico ingreso de (21,12\u20ac).<br><br><mark style=\"background-color:rgba(0, 0, 0, 0)\" class=\"has-inline-color has-black-color\"><strong>Concepto<\/strong>:<\/mark> SE.AV. + Nombre y apellidos alumno + Curso<\/p>\n\n\n\n<div style=\"height:20px\" aria-hidden=\"true\" class=\"wp-block-spacer\"><\/div>\n\n\n\n<p class=\"has-text-align-center\"><mark style=\"background-color:#cf2e2e\" class=\"has-inline-color has-white-color\">*NOTA: Todos los documentos han de ser escaneados y enviados en los formatos se\u00f1alados.<\/mark><\/p>\n\n\n\n<div style=\"height:20px\" aria-hidden=\"true\" class=\"wp-block-spacer\"><\/div>\n\n\n\n<div data-wp-interactive=\"core\/file\" class=\"wp-block-file aligncenter\"><object data-wp-bind--hidden=\"!state.hasPdfPreview\" hidden class=\"wp-block-file__embed\" data=\"https:\/\/site.educa.madrid.org\/ies.cardenalherrera.madrid\/\/wp-content\/uploads\/ies.cardenalherrera.madrid\/2025\/05\/DOCUMENTACION-NECESARIA-PARA-LA-MATRICULA-ONLINE_2025_2026.pdf\" type=\"application\/pdf\" style=\"width:100%;height:1221px\" aria-label=\"Incrustado de &lt;strong&gt;DOCUMENTACI\u00d3N NECESARIA PARA LA MATR\u00cdCULA ONLINE_2025_2026&lt;\/strong&gt;.\"><\/object><a id=\"wp-block-file--media-8056ee5f-f698-4a31-a1c6-ebf013749b4c\" href=\"https:\/\/site.educa.madrid.org\/ies.cardenalherrera.madrid\/\/wp-content\/uploads\/ies.cardenalherrera.madrid\/2025\/05\/DOCUMENTACION-NECESARIA-PARA-LA-MATRICULA-ONLINE_2025_2026.pdf\"><strong>DOCUMENTACI\u00d3N NECESARIA PARA LA MATR\u00cdCULA ONLINE_2025_2026<\/strong><\/a><\/div>\n\n\n\n<p><\/p>\n","protected":false},"excerpt":{"rendered":"<p>MATR\u00cdCULA CURSO 2026-2027 Plazo de matriculaci\u00f3n Curso 2026-2027 El plazo de matriculaci\u00f3n en los centros de Educaci\u00f3n Secundaria es del 11 de junio a 3 de julio de 2026. Puede &#8230;<\/p>\n","protected":false},"author":2,"featured_media":0,"parent":491,"menu_order":41,"comment_status":"closed","ping_status":"closed","template":"template-fullwidth.php","meta":{"footnotes":""},"folder":[],"class_list":["post-10602","page","type-page","status-publish","hentry"],"rttpg_featured_image_url":null,"rttpg_author":{"display_name":"TIC I.E.S. Cardenal Herrera Oria","author_link":"https:\/\/site.educa.madrid.org\/ies.cardenalherrera.madrid\/index.php\/author\/cuenta_tic-ies-cardenalherrera-madrid\/"},"rttpg_comment":0,"rttpg_category":false,"rttpg_excerpt":"MATR\u00cdCULA CURSO 2026-2027 Plazo de matriculaci\u00f3n Curso 2026-2027 El plazo de matriculaci\u00f3n en los centros de Educaci\u00f3n Secundaria es del 11 de junio a 3 de julio de 2026. Puede ...","post_mailing_queue_ids":[],"_links":{"self":[{"href":"https:\/\/site.educa.madrid.org\/ies.cardenalherrera.madrid\/index.php\/wp-json\/wp\/v2\/pages\/10602","targetHints":{"allow":["GET"]}}],"collection":[{"href":"https:\/\/site.educa.madrid.org\/ies.cardenalherrera.madrid\/index.php\/wp-json\/wp\/v2\/pages"}],"about":[{"href":"https:\/\/site.educa.madrid.org\/ies.cardenalherrera.madrid\/index.php\/wp-json\/wp\/v2\/types\/page"}],"author":[{"embeddable":true,"href":"https:\/\/site.educa.madrid.org\/ies.cardenalherrera.madrid\/index.php\/wp-json\/wp\/v2\/users\/2"}],"replies":[{"embeddable":true,"href":"https:\/\/site.educa.madrid.org\/ies.cardenalherrera.madrid\/index.php\/wp-json\/wp\/v2\/comments?post=10602"}],"version-history":[{"count":49,"href":"https:\/\/site.educa.madrid.org\/ies.cardenalherrera.madrid\/index.php\/wp-json\/wp\/v2\/pages\/10602\/revisions"}],"predecessor-version":[{"id":18675,"href":"https:\/\/site.educa.madrid.org\/ies.cardenalherrera.madrid\/index.php\/wp-json\/wp\/v2\/pages\/10602\/revisions\/18675"}],"up":[{"embeddable":true,"href":"https:\/\/site.educa.madrid.org\/ies.cardenalherrera.madrid\/index.php\/wp-json\/wp\/v2\/pages\/491"}],"wp:attachment":[{"href":"https:\/\/site.educa.madrid.org\/ies.cardenalherrera.madrid\/index.php\/wp-json\/wp\/v2\/media?parent=10602"}],"wp:term":[{"taxonomy":"folder","embeddable":true,"href":"https:\/\/site.educa.madrid.org\/ies.cardenalherrera.madrid\/index.php\/wp-json\/wp\/v2\/folder?post=10602"}],"curies":[{"name":"wp","href":"https:\/\/api.w.org\/{rel}","templated":true}]}}