{"id":10619,"date":"2021-04-28T21:16:56","date_gmt":"2021-04-28T21:16:56","guid":{"rendered":"https:\/\/site.educa.madrid.org\/ies.cardenalherrera.madrid\/?page_id=10619"},"modified":"2025-09-01T18:04:56","modified_gmt":"2025-09-01T16:04:56","slug":"instituto-promotor-de-la-actividad-fisica-y-deporte-ipafd","status":"publish","type":"page","link":"https:\/\/site.educa.madrid.org\/ies.cardenalherrera.madrid\/index.php\/planes-y-proyectos\/instituto-promotor-de-la-actividad-fisica-y-deporte-ipafd\/","title":{"rendered":"Instituto Promotor de la Actividad F\u00edsica y Deporte (IPAFD)"},"content":{"rendered":"\t\t\t<!-- Flexy Breadcrumb -->\n\t\t\t<div class=\"fbc fbc-page\">\n\n\t\t\t\t<!-- Breadcrumb wrapper -->\n\t\t\t\t<div class=\"fbc-wrap\">\n\n\t\t\t\t\t<!-- Ordered list-->\n\t\t\t\t\t<ol class=\"fbc-items\" itemscope itemtype=\"https:\/\/schema.org\/BreadcrumbList\">\n\t\t\t\t\t\t            <li itemprop=\"itemListElement\" itemscope itemtype=\"https:\/\/schema.org\/ListItem\">\n                <span itemprop=\"name\">\n                    <!-- Home Link -->\n                    <a itemprop=\"item\" href=\"https:\/\/site.educa.madrid.org\/ies.cardenalherrera.madrid\">\n                    \n                                                    <i class=\"fa fa-home\" aria-hidden=\"true\"><\/i>Inicio                    <\/a>\n                <\/span>\n                <meta itemprop=\"position\" content=\"1\" \/><!-- Meta Position-->\n             <\/li><li><span class=\"fbc-separator\">\/<\/span><\/li><li class=\"active\" itemprop=\"itemListElement\" itemscope itemtype=\"https:\/\/schema.org\/ListItem\"><span itemprop=\"name\" title=\"Entradas\">Entradas<\/span><meta itemprop=\"position\" content=\"2\" \/><\/li>\t\t\t\t\t<\/ol>\n\t\t\t\t\t<div class=\"clearfix\"><\/div>\n\t\t\t\t<\/div>\n\t\t\t<\/div>\n\t\t\t\n\n\n\n<h1 class=\"wp-block-heading\">Instituto Promotor de la Actividad F\u00edsica y Deporte (IPAFD)<\/h1>\n\n\n\n<p class=\"has-black-color has-text-color\">Durante el curso 2025-2026 el Instituto de Ense\u00f1anza Secundaria (IES), Cardenal Herrera Oria <strong>participa en el Programa de Institutos Promotores de la Actividad F\u00edsica y EL Deporte (IPAFD) <\/strong>de la Consejer\u00eda de Deportes de la Comunidad de Madrid en su X edici\u00f3n.<\/p>\n\n\n\n<p class=\"has-black-color has-text-color\">Se trata de un programa voluntario y extraescolar para fomentar la pr\u00e1ctica de la actividad f\u00edsica, el deporte y la salud. Al igual que en el curso pasado, los entrenamientos se realizar\u00e1n a trav\u00e9s de escuelas deportivas desarrolladas en el centro por entrenadores titulados de las federaciones deportivas madrile\u00f1as. El coste de la inscripci\u00f3n ser\u00e1 de <strong>14 euros en un \u00fanico pago<\/strong>, pudi\u00e9ndose inscribir en un m\u00e1ximo de dos deportes. Los entrenamientos comenzar\u00e1n a principios de octubre, y tendr\u00e1n lugar los martes y jueves de 16:00 a 17:30 horas.<\/p>\n\n\n\n<p class=\"has-black-color has-text-color\">Los deportes ofertados son:<\/p>\n\n\n\n<ul class=\"wp-block-list has-black-color has-text-color\">\n<li><strong>BALONCESTO<\/strong>. Martes y jueves de 16:00 a 17:30 h.<\/li>\n\n\n\n<li><strong>HOCKEY<\/strong>. Martes y jueves de 16:00 a 17:30 h.<\/li>\n\n\n\n<li><strong>VOLEIBOL<\/strong>. Martes y jueves de 16:00 a 17:30 h.<\/li>\n<\/ul>\n\n\n\n<p class=\"has-black-color has-text-color\">Opcionalmente, el Instituto podr\u00eda participar tambi\u00e9n en las competiciones de Deporte Escolar Municipal los fines de semana, as\u00ed como llevar a cabo entrenamientos conjuntos con otros institutos de nuestro entorno.<\/p>\n\n\n\n<p class=\"has-black-color has-text-color\">El deporte contribuye de forma decisiva a la formaci\u00f3n integral de la persona; es uno de los pilares que sustentan nuestro proyecto educativo y creemos que este programa es una magn\u00edfica oportunidad para que nuestros alumnos incorporen la pr\u00e1ctica deportiva y los h\u00e1bitos saludables a su vida cotidiana.<\/p>\n\n\n\n<p class=\"has-black-color has-text-color\">Los interesados pueden cumplimentar la hoja de inscripci\u00f3n que se encuentra en la P\u00e1gina Web del IES o ped\u00edrsela directamente al coordinador y entreg\u00e1rsela en mano junto con los <strong>14 euros<\/strong>.<\/p>\n\n\n\n<p class=\"has-text-align-center\" style=\"font-size:20px\"><strong><mark style=\"background-color:#fcb900\" class=\"has-inline-color\">ES IMPRESCINDIBLE ENTREGAR LA HOJA DE INSCRIPCI\u00d3N Y LOS 14 EUROS CONJUNTAMENTE AL COORDINADOR<\/mark><\/strong><\/p>\n\n\n<div class=\"wp-block-image\">\n<figure class=\"aligncenter size-large is-resized\"><a href=\"https:\/\/site.educa.madrid.org\/ies.cardenalherrera.madrid\/\/wp-content\/uploads\/ies.cardenalherrera.madrid\/2024\/06\/HOJA-DE-INSCRIPCION-IPAFD-IX.pdf\" target=\"_blank\" rel=\"noopener\"><img loading=\"lazy\" decoding=\"async\" width=\"84\" height=\"112\" src=\"https:\/\/site.educa.madrid.org\/ies.cardenalherrera.madrid\/\/wp-content\/uploads\/ies.cardenalherrera.madrid\/2020\/12\/file-pdf.png\" alt=\"\" class=\"wp-image-1167\" style=\"width:42px;height:56px\"\/><\/a><\/figure>\n<\/div>\n\n\n<h3 class=\"wp-block-heading has-text-align-center\"><a href=\"https:\/\/site.educa.madrid.org\/ies.cardenalherrera.madrid\/\/wp-content\/uploads\/ies.cardenalherrera.madrid\/2025\/09\/HOJA-DE-INSCRIPCION-IPAFD-X.pdf\" target=\"_blank\" rel=\"noreferrer noopener\">Hoja de inscripci\u00f3n IPAFD 25-26<\/a><\/h3>\n\n\n\n<div style=\"height:20px\" aria-hidden=\"true\" class=\"wp-block-spacer\"><\/div>\n\n\n\n<p class=\"has-black-color has-text-color\">Pedro \u00c1ngel de Santos Sobrino.<br>Coordinador IPAFD del I.E.S. Cardenal Herrera Oria.<br><a href=\"mailto:psantos3@educa.madrid.org\" target=\"_blank\" rel=\"noreferrer noopener\">psantos3@educa.madrid.org<\/a><\/p>\n","protected":false},"excerpt":{"rendered":"<p>Instituto Promotor de la Actividad F\u00edsica y Deporte (IPAFD) Durante el curso 2025-2026 el Instituto de Ense\u00f1anza Secundaria (IES), Cardenal Herrera Oria participa en el Programa de Institutos Promotores de &#8230;<\/p>\n","protected":false},"author":2,"featured_media":0,"parent":691,"menu_order":70,"comment_status":"closed","ping_status":"closed","template":"","meta":{"footnotes":""},"folder":[],"class_list":["post-10619","page","type-page","status-publish","hentry"],"rttpg_featured_image_url":null,"rttpg_author":{"display_name":"TIC I.E.S. Cardenal Herrera Oria","author_link":"https:\/\/site.educa.madrid.org\/ies.cardenalherrera.madrid\/index.php\/author\/cuenta_tic-ies-cardenalherrera-madrid\/"},"rttpg_comment":0,"rttpg_category":false,"rttpg_excerpt":"Instituto Promotor de la Actividad F\u00edsica y Deporte (IPAFD) Durante el curso 2025-2026 el Instituto de Ense\u00f1anza Secundaria (IES), Cardenal Herrera Oria participa en el Programa de Institutos Promotores de ...","post_mailing_queue_ids":[],"_links":{"self":[{"href":"https:\/\/site.educa.madrid.org\/ies.cardenalherrera.madrid\/index.php\/wp-json\/wp\/v2\/pages\/10619","targetHints":{"allow":["GET"]}}],"collection":[{"href":"https:\/\/site.educa.madrid.org\/ies.cardenalherrera.madrid\/index.php\/wp-json\/wp\/v2\/pages"}],"about":[{"href":"https:\/\/site.educa.madrid.org\/ies.cardenalherrera.madrid\/index.php\/wp-json\/wp\/v2\/types\/page"}],"author":[{"embeddable":true,"href":"https:\/\/site.educa.madrid.org\/ies.cardenalherrera.madrid\/index.php\/wp-json\/wp\/v2\/users\/2"}],"replies":[{"embeddable":true,"href":"https:\/\/site.educa.madrid.org\/ies.cardenalherrera.madrid\/index.php\/wp-json\/wp\/v2\/comments?post=10619"}],"version-history":[{"count":20,"href":"https:\/\/site.educa.madrid.org\/ies.cardenalherrera.madrid\/index.php\/wp-json\/wp\/v2\/pages\/10619\/revisions"}],"predecessor-version":[{"id":17806,"href":"https:\/\/site.educa.madrid.org\/ies.cardenalherrera.madrid\/index.php\/wp-json\/wp\/v2\/pages\/10619\/revisions\/17806"}],"up":[{"embeddable":true,"href":"https:\/\/site.educa.madrid.org\/ies.cardenalherrera.madrid\/index.php\/wp-json\/wp\/v2\/pages\/691"}],"wp:attachment":[{"href":"https:\/\/site.educa.madrid.org\/ies.cardenalherrera.madrid\/index.php\/wp-json\/wp\/v2\/media?parent=10619"}],"wp:term":[{"taxonomy":"folder","embeddable":true,"href":"https:\/\/site.educa.madrid.org\/ies.cardenalherrera.madrid\/index.php\/wp-json\/wp\/v2\/folder?post=10619"}],"curies":[{"name":"wp","href":"https:\/\/api.w.org\/{rel}","templated":true}]}}