{"id":10763,"date":"2021-06-02T22:18:32","date_gmt":"2021-06-02T22:18:32","guid":{"rendered":"https:\/\/site.educa.madrid.org\/ies.cardenalherrera.madrid\/?page_id=10763"},"modified":"2025-06-20T12:02:52","modified_gmt":"2025-06-20T10:02:52","slug":"revision-y-reclamacion","status":"publish","type":"page","link":"https:\/\/site.educa.madrid.org\/ies.cardenalherrera.madrid\/index.php\/organizacion\/jefatura-de-estudios\/revision-y-reclamacion\/","title":{"rendered":"Revisi\u00f3n y reclamaci\u00f3n"},"content":{"rendered":"\t\t\t<!-- Flexy Breadcrumb -->\n\t\t\t<div class=\"fbc fbc-page\">\n\n\t\t\t\t<!-- Breadcrumb wrapper -->\n\t\t\t\t<div class=\"fbc-wrap\">\n\n\t\t\t\t\t<!-- Ordered list-->\n\t\t\t\t\t<ol class=\"fbc-items\" itemscope itemtype=\"https:\/\/schema.org\/BreadcrumbList\">\n\t\t\t\t\t\t            <li itemprop=\"itemListElement\" itemscope itemtype=\"https:\/\/schema.org\/ListItem\">\n                <span itemprop=\"name\">\n                    <!-- Home Link -->\n                    <a itemprop=\"item\" href=\"https:\/\/site.educa.madrid.org\/ies.cardenalherrera.madrid\">\n                    \n                                                    <i class=\"fa fa-home\" aria-hidden=\"true\"><\/i>Inicio                    <\/a>\n                <\/span>\n                <meta itemprop=\"position\" content=\"1\" \/><!-- Meta Position-->\n             <\/li><li><span class=\"fbc-separator\">\/<\/span><\/li><li class=\"active\" itemprop=\"itemListElement\" itemscope itemtype=\"https:\/\/schema.org\/ListItem\"><span itemprop=\"name\" title=\"Entradas\">Entradas<\/span><meta itemprop=\"position\" content=\"2\" \/><\/li>\t\t\t\t\t<\/ol>\n\t\t\t\t\t<div class=\"clearfix\"><\/div>\n\t\t\t\t<\/div>\n\t\t\t<\/div>\n\t\t\t\n\n\n\n<h2 class=\"wp-block-heading\">PROCEDIMIENTO PARA SOLICITAR REVISI\u00d3N DE LAS NOTAS DE LA EVALUACI\u00d3N FINAL<\/h2>\n\n\n\n<p class=\"has-black-color has-text-color has-link-color wp-elements-a4973fae5289d9e138e5641b59a9a9c7\"><em>ORDEN 1712\/2023, de 19 de mayo, de la Vicepresidencia, Consejer\u00eda de Educaci\u00f3n y Universidades, por la que se regulan determinados aspectos de organizaci\u00f3n, funcionamiento y evaluaci\u00f3n en la Educaci\u00f3n Secundaria Obligatoria.<\/em><\/p>\n\n\n\n<p class=\"has-black-color has-text-color has-link-color wp-elements-828c9601dad943178782452f2681e99f\"><em>ORDEN 2067\/2023, de 11 de junio, de la Vicepresidencia, Consejer\u00eda de Educaci\u00f3n y Universidades, por la que se regulan determinados aspectos de organizaci\u00f3n, funcionamiento y evaluaci\u00f3n en el Bachillerato.<\/em><\/p>\n\n\n\n<p class=\"has-black-color has-text-color has-link-color wp-elements-826d0a11d8ff2667b0b273d338a9805c\"><strong>Extracto<\/strong><\/p>\n\n\n\n<p class=\"has-black-color has-text-color has-link-color wp-elements-1e8996250b43410bde52e5896dce8af8\">En el supuesto de que exista <strong>desacuerdo con la calificaci\u00f3n final<\/strong> obtenida en una materia o con la decisi\u00f3n de promoci\u00f3n, titulaci\u00f3n u otras adoptadas por el equipo docente de un alumno, sus padres o tutores legales, o el propio alumno si es mayor de edad, podr\u00e1n presentar <strong>en la secretar\u00eda del centro la solicitud de revisi\u00f3n<\/strong> de dicha calificaci\u00f3n o decisi\u00f3n, por escrito y <strong>en el plazo de dos d\u00edas lectivos<\/strong> a partir de aquel en que se produjo su comunicaci\u00f3n de dicha calificaci\u00f3n o decisi\u00f3n.<\/p>\n\n\n\n<p class=\"has-black-color has-text-color has-link-color wp-elements-1d34b03510c0ab751108fd1acdbff0cc\">La solicitud de revisi\u00f3n contendr\u00e1 cuantas alegaciones justifiquen la disconformidad con la calificaci\u00f3n final o con la decisi\u00f3n adoptada y ser\u00e1 <strong>dirigida a la jefatura de estudios<\/strong>.<\/p>\n\n\n\n<p class=\"has-black-color has-text-color has-link-color wp-elements-a853b2281b0da72ffa0b2dd705c48568\">Finalizado el plazo para la presentaci\u00f3n de solicitudes de revisi\u00f3n, cada <strong>departamento did\u00e1ctico proceder\u00e1 al estudio de las solicitudes recibidas<\/strong>. En el proceso de revisi\u00f3n de la calificaci\u00f3n final obtenida en una materia o \u00e1mbito, los miembros del departamento contrastar\u00e1n las actuaciones seguidas en el proceso de evaluaci\u00f3n del alumno con lo establecido en la programaci\u00f3n did\u00e1ctica.<\/p>\n\n\n\n<p class=\"has-black-color has-text-color has-link-color wp-elements-919b8a6966b2a0d27c157965f8093bc9\">En el caso de que, tras el procedimiento de revisi\u00f3n en el centro,<strong> persista el desacuerdo<\/strong> con la calificaci\u00f3n final de curso obtenida en una materia o con la decisi\u00f3n sobre la promoci\u00f3n, titulaci\u00f3n u otras decisiones adoptadas por el equipo docente, los padres o tutores legales, o el alumno si este es mayor de edad, podr\u00e1n presentar <strong>en la secretar\u00eda del centro en el plazo de dos d\u00edas h\u00e1biles a partir de la \u00faltima comunicaci\u00f3n<\/strong>, mediante escrito <strong>dirigido a la Direcci\u00f3n del centro docente, una solicitud para que se eleve reclamaci\u00f3n ante la Direcci\u00f3n del \u00c1rea Territorial<\/strong>.<\/p>\n","protected":false},"excerpt":{"rendered":"<p>PROCEDIMIENTO PARA SOLICITAR REVISI\u00d3N DE LAS NOTAS DE LA EVALUACI\u00d3N FINAL ORDEN 1712\/2023, de 19 de mayo, de la Vicepresidencia, Consejer\u00eda de Educaci\u00f3n y Universidades, por la que se regulan &#8230;<\/p>\n","protected":false},"author":2,"featured_media":0,"parent":698,"menu_order":60,"comment_status":"closed","ping_status":"closed","template":"","meta":{"footnotes":""},"folder":[],"class_list":["post-10763","page","type-page","status-publish","hentry"],"rttpg_featured_image_url":null,"rttpg_author":{"display_name":"TIC I.E.S. Cardenal Herrera Oria","author_link":"https:\/\/site.educa.madrid.org\/ies.cardenalherrera.madrid\/index.php\/author\/cuenta_tic-ies-cardenalherrera-madrid\/"},"rttpg_comment":0,"rttpg_category":false,"rttpg_excerpt":"PROCEDIMIENTO PARA SOLICITAR REVISI\u00d3N DE LAS NOTAS DE LA EVALUACI\u00d3N FINAL ORDEN 1712\/2023, de 19 de mayo, de la Vicepresidencia, Consejer\u00eda de Educaci\u00f3n y Universidades, por la que se regulan ...","post_mailing_queue_ids":[],"_links":{"self":[{"href":"https:\/\/site.educa.madrid.org\/ies.cardenalherrera.madrid\/index.php\/wp-json\/wp\/v2\/pages\/10763","targetHints":{"allow":["GET"]}}],"collection":[{"href":"https:\/\/site.educa.madrid.org\/ies.cardenalherrera.madrid\/index.php\/wp-json\/wp\/v2\/pages"}],"about":[{"href":"https:\/\/site.educa.madrid.org\/ies.cardenalherrera.madrid\/index.php\/wp-json\/wp\/v2\/types\/page"}],"author":[{"embeddable":true,"href":"https:\/\/site.educa.madrid.org\/ies.cardenalherrera.madrid\/index.php\/wp-json\/wp\/v2\/users\/2"}],"replies":[{"embeddable":true,"href":"https:\/\/site.educa.madrid.org\/ies.cardenalherrera.madrid\/index.php\/wp-json\/wp\/v2\/comments?post=10763"}],"version-history":[{"count":9,"href":"https:\/\/site.educa.madrid.org\/ies.cardenalherrera.madrid\/index.php\/wp-json\/wp\/v2\/pages\/10763\/revisions"}],"predecessor-version":[{"id":17726,"href":"https:\/\/site.educa.madrid.org\/ies.cardenalherrera.madrid\/index.php\/wp-json\/wp\/v2\/pages\/10763\/revisions\/17726"}],"up":[{"embeddable":true,"href":"https:\/\/site.educa.madrid.org\/ies.cardenalherrera.madrid\/index.php\/wp-json\/wp\/v2\/pages\/698"}],"wp:attachment":[{"href":"https:\/\/site.educa.madrid.org\/ies.cardenalherrera.madrid\/index.php\/wp-json\/wp\/v2\/media?parent=10763"}],"wp:term":[{"taxonomy":"folder","embeddable":true,"href":"https:\/\/site.educa.madrid.org\/ies.cardenalherrera.madrid\/index.php\/wp-json\/wp\/v2\/folder?post=10763"}],"curies":[{"name":"wp","href":"https:\/\/api.w.org\/{rel}","templated":true}]}}