{"id":11433,"date":"2021-12-19T15:30:50","date_gmt":"2021-12-19T14:30:50","guid":{"rendered":"https:\/\/site.educa.madrid.org\/ies.cardenalherrera.madrid\/?page_id=11433"},"modified":"2026-01-12T15:22:23","modified_gmt":"2026-01-12T14:22:23","slug":"programa-refuerza","status":"publish","type":"page","link":"https:\/\/site.educa.madrid.org\/ies.cardenalherrera.madrid\/index.php\/servicios-y-actividades\/programa-refuerza\/","title":{"rendered":"Programa Refuerza"},"content":{"rendered":"\t\t\t<!-- Flexy Breadcrumb -->\n\t\t\t<div class=\"fbc fbc-page\">\n\n\t\t\t\t<!-- Breadcrumb wrapper -->\n\t\t\t\t<div class=\"fbc-wrap\">\n\n\t\t\t\t\t<!-- Ordered list-->\n\t\t\t\t\t<ol class=\"fbc-items\" itemscope itemtype=\"https:\/\/schema.org\/BreadcrumbList\">\n\t\t\t\t\t\t            <li itemprop=\"itemListElement\" itemscope itemtype=\"https:\/\/schema.org\/ListItem\">\n                <span itemprop=\"name\">\n                    <!-- Home Link -->\n                    <a itemprop=\"item\" href=\"https:\/\/site.educa.madrid.org\/ies.cardenalherrera.madrid\">\n                    \n                                                    <i class=\"fa fa-home\" aria-hidden=\"true\"><\/i>Inicio                    <\/a>\n                <\/span>\n                <meta itemprop=\"position\" content=\"1\" \/><!-- Meta Position-->\n             <\/li><li><span class=\"fbc-separator\">\/<\/span><\/li><li class=\"active\" itemprop=\"itemListElement\" itemscope itemtype=\"https:\/\/schema.org\/ListItem\"><span itemprop=\"name\" title=\"Entradas\">Entradas<\/span><meta itemprop=\"position\" content=\"2\" \/><\/li>\t\t\t\t\t<\/ol>\n\t\t\t\t\t<div class=\"clearfix\"><\/div>\n\t\t\t\t<\/div>\n\t\t\t<\/div>\n\t\t\t\n\n\n\n<h1 class=\"wp-block-heading\">Programa Refuerza<\/h1>\n\n\n\n<h3 class=\"wp-block-heading has-text-align-center\"><strong><mark style=\"background-color:rgba(0, 0, 0, 0)\" class=\"has-inline-color has-black-color\">INICIO DE LAS CLASES:<\/mark><mark style=\"background-color:rgba(0, 0, 0, 0)\" class=\"has-inline-color has-vivid-cyan-blue-color\"> 14 DE ENERO<\/mark><\/strong><\/h3>\n\n\n\n<h3 class=\"wp-block-heading has-text-align-center\"><strong><mark style=\"background-color:rgba(0, 0, 0, 0)\" class=\"has-inline-color has-black-color\">HORARIO:<\/mark><mark style=\"background-color:rgba(0, 0, 0, 0)\" class=\"has-inline-color has-vivid-cyan-blue-color\"> L y X: 16:00-18:00<\/mark><\/strong><\/h3>\n\n\n\n<p class=\"has-black-color has-text-color has-link-color wp-elements-f16d5d5fa2b2ca96d11d2ce5dae86262\">El Programa Refuerza es una actuaci\u00f3n espec\u00edfica implantada por la Consejer\u00eda de Educaci\u00f3n en los institutos de secundaria para que puedan ampliar la oferta de medidas educativas dirigidas principalmente a los alumnos con dificultades de aprendizaje. As\u00ed, los institutos de educaci\u00f3n secundaria, en el ejercicio de su autonom\u00eda pedag\u00f3gica, pueden incorporar a su proyecto educativo la programaci\u00f3n de actividades extraescolares dirigidas a los alumnos que desean reforzar y completar su formaci\u00f3n en el propio centro, fuera del horario escolar. Los centros establecen acuerdos de prestaci\u00f3n de servicios con terceros para la organizaci\u00f3n y realizaci\u00f3n de la actividad.<\/p>\n\n\n\n<div style=\"height:10px\" aria-hidden=\"true\" class=\"wp-block-spacer\"><\/div>\n\n\n\n<!--more-->\n\n\n\n<div class=\"wp-block-columns has-black-color has-text-color has-link-color wp-elements-60cfb89881a8f4a9a2039027cea867e2 is-layout-flex wp-container-core-columns-is-layout-9d6595d7 wp-block-columns-is-layout-flex\">\n<div class=\"wp-block-column is-layout-flow wp-block-column-is-layout-flow\">\n<p><strong>El programa tiene las siguientes finalidades:<\/strong><\/p>\n\n\n\n<ul class=\"wp-block-list has-black-color has-text-color has-link-color wp-elements-f26bc605ce96ce4aca3b6c360a4ea237\">\n<li>Propiciar el \u00e9xito escolar de los alumnos.<\/li>\n\n\n\n<li>Mejorar los resultados acad\u00e9micos.<\/li>\n\n\n\n<li>Alcanzar un buen clima de convivencia en los centros.<\/li>\n\n\n\n<li>Fomentar el sentido de responsabilidad, el trabajo en equipo y el af\u00e1n de superaci\u00f3n.<\/li>\n\n\n\n<li>Facilitar la conciliaci\u00f3n de la vida laboral y familiar.<\/li>\n<\/ul>\n\n\n\n<p>Los <strong>destinatarios <\/strong>del Programa Refuerza ser\u00e1n los alumnos de Educaci\u00f3n Secundaria Obligatoria de los centros autorizados, preferentemente de los cursos primero, segundo y tercero. No obstante, si hay disponibilidad tambi\u00e9n se ofertara a cuarto curso. Los alumnos ser\u00e1n seleccionados por el equipo de profesores de cada uno de los grupos, a propuesta del tutor.<\/p>\n\n\n\n<p><strong>La actividad se centrar\u00e1 en:<\/strong><\/p>\n\n\n\n<ul class=\"wp-block-list\">\n<li>El aprendizaje de contenidos b\u00e1sicos de las materias instrumentales.<\/li>\n\n\n\n<li>Lectura guiada.<\/li>\n\n\n\n<li>Trabajo de las actividades propuestas en clase.<\/li>\n\n\n\n<li>Resoluci\u00f3n de dudas.<\/li>\n\n\n\n<li>Adquisici\u00f3n de h\u00e1bitos y t\u00e9cnicas de estudio eficaces.<\/li>\n\n\n\n<li>Recuperaci\u00f3n de desfases respecto al grupo de referencia.<\/li>\n<\/ul>\n\n\n\n<p>Nuestro centro desarrolla el programa los lunes y mi\u00e9rcoles de 16:00 a 18:00. En estas sesiones el alumno ser\u00e1 atendido por tutores contratados a trav\u00e9s de una empresa de servicios, supervisada por la direcci\u00f3n del centro y el profesor responsable de la actividad. Las sesiones no suponen ning\u00fan coste adicional para las familias.<\/p>\n\n\n\n<p>Los grupos estar\u00e1n compuestos por un m\u00ednimo de seis alumnos y un m\u00e1ximo de doce. Cada grupo recibir\u00e1 al menos cuatro horas semanales (dos de Matem\u00e1ticas y dos de Lengua Castellana y Literatura), preferentemente en dos sesiones de dos horas de duraci\u00f3n cada una, que ser\u00e1n impartidas fuera  en el mismo centro.<\/p>\n\n\n\n<p>La permanencia en el programa implica un compromiso de asistencia y aprovechamiento por parte del alumno y su familia. La ausencia reiterada del alumno a las actividades del programa, as\u00ed como un comportamiento inadecuado, conllevar\u00e1 su baja en el mismo y la incorporaci\u00f3n de un nuevo alumno de la lista de espera.<\/p>\n\n\n\n<p><strong>El profesor responsable para el presente curso es<\/strong>:<br>Alejandro Luna Jim\u00e9nez (aluna1@educa.madrid.org).<\/p>\n<\/div>\n<\/div>\n","protected":false},"excerpt":{"rendered":"<p>Programa Refuerza INICIO DE LAS CLASES: 14 DE ENERO HORARIO: L y X: 16:00-18:00 El Programa Refuerza es una actuaci\u00f3n espec\u00edfica implantada por la Consejer\u00eda de Educaci\u00f3n en los institutos &#8230;<\/p>\n","protected":false},"author":2,"featured_media":0,"parent":742,"menu_order":11,"comment_status":"closed","ping_status":"closed","template":"template-fullwidth.php","meta":{"footnotes":""},"folder":[],"class_list":["post-11433","page","type-page","status-publish","hentry"],"rttpg_featured_image_url":null,"rttpg_author":{"display_name":"TIC I.E.S. Cardenal Herrera Oria","author_link":"https:\/\/site.educa.madrid.org\/ies.cardenalherrera.madrid\/index.php\/author\/cuenta_tic-ies-cardenalherrera-madrid\/"},"rttpg_comment":0,"rttpg_category":false,"rttpg_excerpt":"Programa Refuerza INICIO DE LAS CLASES: 14 DE ENERO HORARIO: L y X: 16:00-18:00 El Programa Refuerza es una actuaci\u00f3n espec\u00edfica implantada por la Consejer\u00eda de Educaci\u00f3n en los institutos ...","post_mailing_queue_ids":[],"_links":{"self":[{"href":"https:\/\/site.educa.madrid.org\/ies.cardenalherrera.madrid\/index.php\/wp-json\/wp\/v2\/pages\/11433","targetHints":{"allow":["GET"]}}],"collection":[{"href":"https:\/\/site.educa.madrid.org\/ies.cardenalherrera.madrid\/index.php\/wp-json\/wp\/v2\/pages"}],"about":[{"href":"https:\/\/site.educa.madrid.org\/ies.cardenalherrera.madrid\/index.php\/wp-json\/wp\/v2\/types\/page"}],"author":[{"embeddable":true,"href":"https:\/\/site.educa.madrid.org\/ies.cardenalherrera.madrid\/index.php\/wp-json\/wp\/v2\/users\/2"}],"replies":[{"embeddable":true,"href":"https:\/\/site.educa.madrid.org\/ies.cardenalherrera.madrid\/index.php\/wp-json\/wp\/v2\/comments?post=11433"}],"version-history":[{"count":33,"href":"https:\/\/site.educa.madrid.org\/ies.cardenalherrera.madrid\/index.php\/wp-json\/wp\/v2\/pages\/11433\/revisions"}],"predecessor-version":[{"id":18220,"href":"https:\/\/site.educa.madrid.org\/ies.cardenalherrera.madrid\/index.php\/wp-json\/wp\/v2\/pages\/11433\/revisions\/18220"}],"up":[{"embeddable":true,"href":"https:\/\/site.educa.madrid.org\/ies.cardenalherrera.madrid\/index.php\/wp-json\/wp\/v2\/pages\/742"}],"wp:attachment":[{"href":"https:\/\/site.educa.madrid.org\/ies.cardenalherrera.madrid\/index.php\/wp-json\/wp\/v2\/media?parent=11433"}],"wp:term":[{"taxonomy":"folder","embeddable":true,"href":"https:\/\/site.educa.madrid.org\/ies.cardenalherrera.madrid\/index.php\/wp-json\/wp\/v2\/folder?post=11433"}],"curies":[{"name":"wp","href":"https:\/\/api.w.org\/{rel}","templated":true}]}}