{"id":11596,"date":"2022-03-14T22:38:09","date_gmt":"2022-03-14T21:38:09","guid":{"rendered":"https:\/\/site.educa.madrid.org\/ies.cardenalherrera.madrid\/?page_id=11596"},"modified":"2025-02-11T12:54:16","modified_gmt":"2025-02-11T11:54:16","slug":"planes-de-mejora","status":"publish","type":"page","link":"https:\/\/site.educa.madrid.org\/ies.cardenalherrera.madrid\/index.php\/planes-y-proyectos\/planes-de-mejora\/","title":{"rendered":"Planes de mejora"},"content":{"rendered":"\t\t\t<!-- Flexy Breadcrumb -->\n\t\t\t<div class=\"fbc fbc-page\">\n\n\t\t\t\t<!-- Breadcrumb wrapper -->\n\t\t\t\t<div class=\"fbc-wrap\">\n\n\t\t\t\t\t<!-- Ordered list-->\n\t\t\t\t\t<ol class=\"fbc-items\" itemscope itemtype=\"https:\/\/schema.org\/BreadcrumbList\">\n\t\t\t\t\t\t            <li itemprop=\"itemListElement\" itemscope itemtype=\"https:\/\/schema.org\/ListItem\">\n                <span itemprop=\"name\">\n                    <!-- Home Link -->\n                    <a itemprop=\"item\" href=\"https:\/\/site.educa.madrid.org\/ies.cardenalherrera.madrid\">\n                    \n                                                    <i class=\"fa fa-home\" aria-hidden=\"true\"><\/i>Inicio                    <\/a>\n                <\/span>\n                <meta itemprop=\"position\" content=\"1\" \/><!-- Meta Position-->\n             <\/li><li><span class=\"fbc-separator\">\/<\/span><\/li><li class=\"active\" itemprop=\"itemListElement\" itemscope itemtype=\"https:\/\/schema.org\/ListItem\"><span itemprop=\"name\" title=\"Entradas\">Entradas<\/span><meta itemprop=\"position\" content=\"2\" \/><\/li>\t\t\t\t\t<\/ol>\n\t\t\t\t\t<div class=\"clearfix\"><\/div>\n\t\t\t\t<\/div>\n\t\t\t<\/div>\n\t\t\t\n\n\n\n<h1 class=\"wp-block-heading\">Planes de mejora<\/h1>\n\n\n\n<p class=\"has-black-color has-text-color has-link-color wp-elements-b224382c801c2871097cd3c096c2a55b\">La competencia en comunicaci\u00f3n ling\u00fc\u00edstica es el resultado de la acci\u00f3n comunicativa dentro de pr\u00e1cticas sociales determinadas, en las cuales el individuo act\u00faa con otros interlocutores y a trav\u00e9s de textos en m\u00faltiples modalidades, formatos y soportes. Adem\u00e1s, la competencia en comunicaci\u00f3n ling\u00fc\u00edstica representa una v\u00eda de conocimiento y contacto con la diversidad cultural que implica un factor de enriquecimiento.<\/p>\n\n\n\n<p class=\"has-black-color has-text-color has-link-color wp-elements-d796a1f97800a6ca1f42e09838c001b0\">Tomando como referencia esta competencia clave, los profesores del I.E.S. Cardenal Herrera Oria dirigimos nuestro enfoque tanto a la comprensi\u00f3n lectora como a la expresi\u00f3n escrita. No olvidamos la expresi\u00f3n oral, objetivo principal de la optativa de 3.\u00ba ESO <em>\u201cT\u00e9cnicas de expresi\u00f3n oral. Oratoria y Ret\u00f3rica\u201d<\/em>; la optativa de <em>\u201cAtenci\u00f3n educativa\u201d<\/em> en toda la ESO; o las exposiciones orales que realizan nuestros alumnos en las distintas materias tal y como se recoge en sus respectivas programaciones did\u00e1cticas.<\/p>\n\n\n\n<h3 class=\"wp-block-heading\" id=\"lectora\">OBJETIVOS del Plan de Mejora de la Comprensi\u00f3n Lectora<\/h3>\n\n\n\n<p class=\"has-black-color has-text-color has-link-color wp-elements-6d32f34b83fb23132c0b2786d64f5b63\">1. Mejorar la competencia lectora para que el alumnado pueda descubrir el valor y el placer de la lectura. Este objetivo est\u00e1 orientado a fomentar la lectura desde la perspectiva del ocio y del disfrute en s\u00ed mismo. A esto se a\u00f1ade el descubrimiento del valor de la lectura como herramienta para la adquisici\u00f3n del conocimiento.<\/p>\n\n\n\n<p class=\"has-black-color has-text-color has-link-color wp-elements-1f51a3a15acab04dd18100f35c8ede77\">2. Desarrollar el h\u00e1bito lector para mejorar las competencias de aprender a aprender y sentido de iniciativa y esp\u00edritu emprendedor. En este objetivo el alumnado desarrolla capacidades que le permiten gestionar su papel en el proceso de aprendizaje de forma aut\u00f3noma y eficaz. Para ello se planificar\u00e1n los programas de lectura en continuidad con las actividades del aula.<\/p>\n\n\n\n<p class=\"has-black-color has-text-color has-link-color wp-elements-8113b41583cea454f4bf206ef663f655\">3. Utilizar el libro y la lectura como experiencia en la que el alumnado no solo sienta placer leyendo, sino tambi\u00e9n contando, debatiendo y compartiendo experiencias de lo le\u00eddo.<\/p>\n\n\n\n<p class=\"has-black-color has-text-color has-link-color wp-elements-73b19ae820f07aaada4a85b085829f49\">4. Estimular al alumnado gradualmente, promoviendo la constancia y el leer un poco cada d\u00eda, de manera que la lectura acabe por convertirse en un hecho cotidiano.<\/p>\n\n\n\n<p class=\"has-black-color has-text-color has-link-color wp-elements-660d593bf62d466961728e9845ad3907\">5. Fomentar la lectura como conocimiento de s\u00ed mismos (del ser humano) y de la realidad que nos rodea, esto es, disfrutando de los misterios de los libros y aprovechando este conocimiento para desarrollar las competencias clave que garanticen la perfecta adquisici\u00f3n de los contenidos de todas las materias.<\/p>\n\n\n\n<h3 class=\"wp-block-heading\" id=\"escrita\">OBJETIVOS del Plan de Mejora de la Expresi\u00f3n Escrita<\/h3>\n\n\n\n<p class=\"has-black-color has-text-color has-link-color wp-elements-ce6d6039753ce52bf1e218c65149b362\">1. Mejorar la concentraci\u00f3n y el aprendizaje. Escribiendo a mano la informaci\u00f3n retenemos mejor las ideas y comprendemos mejor los conceptos.<\/p>\n\n\n\n<p class=\"has-black-color has-text-color has-link-color wp-elements-3ca345afd29105fd980880fe10303a78\">2. Organizar los pensamientos y expresarlos ordenadamente.<\/p>\n\n\n\n<p class=\"has-black-color has-text-color has-link-color wp-elements-b6dc194840f8a1583d9da44bdf4122a9\">3. Identificar y reconocer la intenci\u00f3n de los escritos propios (informativa o persuasiva) y aplicar conscientemente los distintos mecanismos de que se sirve la lengua para cada fin.<\/p>\n\n\n\n<p class=\"has-black-color has-text-color has-link-color wp-elements-f02e43694f3fae23cee131f2d6969711\">4. Ser capaces de cumplimentar con eficacia comunicativa los escritos exigidos en la vida social: solicitudes, curr\u00edculum vitae, correos electr\u00f3nicos\u2026<\/p>\n\n\n\n<p class=\"has-black-color has-text-color has-link-color wp-elements-f6f68453a06134ddaa5173e7db1c15a2\">5. Fomentar la escritura como fuente de conocimiento de uno mismo, verbalizando no solo la realidad extraling\u00fc\u00edstica sino las propias emociones y pensamientos.<\/p>\n\n\n\n<p class=\"has-black-color has-text-color has-link-color wp-elements-f6903d4a055f76f432d0439758ef8933\">6. Estimular en los alumnos la creaci\u00f3n literaria explorando as\u00ed todas las dimensiones de la realidad.<\/p>\n\n\n\n<hr class=\"wp-block-separator has-alpha-channel-opacity is-style-wide\"\/>\n\n\n\n<p class=\"has-black-color has-text-color has-link-color wp-elements-b9e05fad8bf566a126fce37de528f413\">El siguiente documento recoge el <strong>Plan de Mejora de la Competencia Ling\u00fc\u00edstica<\/strong>:<\/p>\n\n\n\n<div class=\"wp-block-group\"><div class=\"wp-block-group__inner-container is-layout-flow wp-block-group-is-layout-flow\"><div class=\"wp-block-image\">\n<figure class=\"aligncenter size-large is-resized\"><a href=\"https:\/\/site.educa.madrid.org\/ies.cardenalherrera.madrid\/\/wp-content\/uploads\/ies.cardenalherrera.madrid\/2025\/02\/Plan-de-Mejora-Competencia-Linguistica-24-25.pdf\" target=\"_blank\" rel=\"noreferrer noopener\"><img loading=\"lazy\" decoding=\"async\" width=\"84\" height=\"112\" src=\"https:\/\/site.educa.madrid.org\/ies.cardenalherrera.madrid\/\/wp-content\/uploads\/ies.cardenalherrera.madrid\/2020\/12\/file-pdf.png\" alt=\"\" class=\"wp-image-1167\" style=\"width:21px;height:28px\"\/><\/a><\/figure>\n<\/div>\n\n\n<h3 class=\"wp-block-heading has-text-align-center\"><a href=\"https:\/\/site.educa.madrid.org\/ies.cardenalherrera.madrid\/\/wp-content\/uploads\/ies.cardenalherrera.madrid\/2025\/02\/Plan-de-Mejora-Competencia-Linguistica-24-25.pdf\" target=\"_blank\" rel=\"noreferrer noopener\">Plan de Mejora de la Comunicaci\u00f3n Ling\u00fc\u00edstica<\/a><\/h3>\n<\/div><\/div>\n\n\n","protected":false},"excerpt":{"rendered":"<p>Planes de mejora La competencia en comunicaci\u00f3n ling\u00fc\u00edstica es el resultado de la acci\u00f3n comunicativa dentro de pr\u00e1cticas sociales determinadas, en las cuales el individuo act\u00faa con otros interlocutores y &#8230;<\/p>\n","protected":false},"author":2,"featured_media":0,"parent":691,"menu_order":31,"comment_status":"closed","ping_status":"closed","template":"","meta":{"footnotes":""},"folder":[],"class_list":["post-11596","page","type-page","status-publish","hentry"],"rttpg_featured_image_url":null,"rttpg_author":{"display_name":"TIC I.E.S. Cardenal Herrera Oria","author_link":"https:\/\/site.educa.madrid.org\/ies.cardenalherrera.madrid\/index.php\/author\/cuenta_tic-ies-cardenalherrera-madrid\/"},"rttpg_comment":0,"rttpg_category":false,"rttpg_excerpt":"Planes de mejora La competencia en comunicaci\u00f3n ling\u00fc\u00edstica es el resultado de la acci\u00f3n comunicativa dentro de pr\u00e1cticas sociales determinadas, en las cuales el individuo act\u00faa con otros interlocutores y ...","post_mailing_queue_ids":[],"_links":{"self":[{"href":"https:\/\/site.educa.madrid.org\/ies.cardenalherrera.madrid\/index.php\/wp-json\/wp\/v2\/pages\/11596","targetHints":{"allow":["GET"]}}],"collection":[{"href":"https:\/\/site.educa.madrid.org\/ies.cardenalherrera.madrid\/index.php\/wp-json\/wp\/v2\/pages"}],"about":[{"href":"https:\/\/site.educa.madrid.org\/ies.cardenalherrera.madrid\/index.php\/wp-json\/wp\/v2\/types\/page"}],"author":[{"embeddable":true,"href":"https:\/\/site.educa.madrid.org\/ies.cardenalherrera.madrid\/index.php\/wp-json\/wp\/v2\/users\/2"}],"replies":[{"embeddable":true,"href":"https:\/\/site.educa.madrid.org\/ies.cardenalherrera.madrid\/index.php\/wp-json\/wp\/v2\/comments?post=11596"}],"version-history":[{"count":9,"href":"https:\/\/site.educa.madrid.org\/ies.cardenalherrera.madrid\/index.php\/wp-json\/wp\/v2\/pages\/11596\/revisions"}],"predecessor-version":[{"id":17002,"href":"https:\/\/site.educa.madrid.org\/ies.cardenalherrera.madrid\/index.php\/wp-json\/wp\/v2\/pages\/11596\/revisions\/17002"}],"up":[{"embeddable":true,"href":"https:\/\/site.educa.madrid.org\/ies.cardenalherrera.madrid\/index.php\/wp-json\/wp\/v2\/pages\/691"}],"wp:attachment":[{"href":"https:\/\/site.educa.madrid.org\/ies.cardenalherrera.madrid\/index.php\/wp-json\/wp\/v2\/media?parent=11596"}],"wp:term":[{"taxonomy":"folder","embeddable":true,"href":"https:\/\/site.educa.madrid.org\/ies.cardenalherrera.madrid\/index.php\/wp-json\/wp\/v2\/folder?post=11596"}],"curies":[{"name":"wp","href":"https:\/\/api.w.org\/{rel}","templated":true}]}}