{"id":1248,"date":"2020-12-17T11:23:55","date_gmt":"2020-12-17T11:23:55","guid":{"rendered":"https:\/\/site.educa.madrid.org\/ies.cardenalherrera.madrid\/?page_id=1248"},"modified":"2026-04-14T22:34:00","modified_gmt":"2026-04-14T20:34:00","slug":"politica-de-privacidad","status":"publish","type":"page","link":"https:\/\/site.educa.madrid.org\/ies.cardenalherrera.madrid\/index.php\/politica-de-privacidad\/","title":{"rendered":"Pol\u00edtica de privacidad"},"content":{"rendered":"\t\t\t<!-- Flexy Breadcrumb -->\n\t\t\t<div class=\"fbc fbc-page\">\n\n\t\t\t\t<!-- Breadcrumb wrapper -->\n\t\t\t\t<div class=\"fbc-wrap\">\n\n\t\t\t\t\t<!-- Ordered list-->\n\t\t\t\t\t<ol class=\"fbc-items\" itemscope itemtype=\"https:\/\/schema.org\/BreadcrumbList\">\n\t\t\t\t\t\t            <li itemprop=\"itemListElement\" itemscope itemtype=\"https:\/\/schema.org\/ListItem\">\n                <span itemprop=\"name\">\n                    <!-- Home Link -->\n                    <a itemprop=\"item\" href=\"https:\/\/site.educa.madrid.org\/ies.cardenalherrera.madrid\">\n                    \n                                                    <i class=\"fa fa-home\" aria-hidden=\"true\"><\/i>Inicio                    <\/a>\n                <\/span>\n                <meta itemprop=\"position\" content=\"1\" \/><!-- Meta Position-->\n             <\/li><li><span class=\"fbc-separator\">\/<\/span><\/li><li class=\"active\" itemprop=\"itemListElement\" itemscope itemtype=\"https:\/\/schema.org\/ListItem\"><span itemprop=\"name\" title=\"Entradas\">Entradas<\/span><meta itemprop=\"position\" content=\"2\" \/><\/li>\t\t\t\t\t<\/ol>\n\t\t\t\t\t<div class=\"clearfix\"><\/div>\n\t\t\t\t<\/div>\n\t\t\t<\/div>\n\t\t\t\n\n\n\n<h3 class=\"wp-block-heading has-black-color has-text-color has-link-color wp-elements-c40569731e7aafeb36ead4b105864dc1\"><strong>POL\u00cdTICA DE PRIVACIDAD EN CENTROS DOCENTES P\u00daBLICOS DE LA COMUNIDAD DE MADRID<\/strong><\/h3>\n\n\n\n<p class=\"has-black-color has-text-color has-link-color wp-elements-70ad0c20c0b71566c0a14d0309efb324\">Informaci\u00f3n sobre protecci\u00f3n de los datos de car\u00e1cter personal recogidos en los impresos de matr\u00edcula de los alumnos, en cumplimiento de la normativa de Protecci\u00f3n de Datos Personales (Reglamento Europeo 2016\/679, de 27 de abril de 2016, de Protecci\u00f3n de Datos Personales y Ley Org\u00e1nica 3\/2018, de 5 de diciembre, de Protecci\u00f3n de Datos Personales y garant\u00eda de los derechos digitales).<\/p>\n\n\n\n<p class=\"has-black-color has-text-color has-link-color wp-elements-b41ccb4618d97310ada0a3de03498dd7\"><strong>RESPONSABLE<\/strong><br>Responsables en funci\u00f3n del tipo de centro:<\/p>\n\n\n\n<ul class=\"wp-block-list\">\n<li class=\"has-black-color has-text-color has-link-color wp-elements-3be8ec4bf163aadc319cbdab1f2fd320\"><em>Escuelas p\u00fablicas infantiles de gesti\u00f3n directa e indirecta, colegios p\u00fablicos de educaci\u00f3n infantil, primaria y especial:<\/em><br>Direcci\u00f3n General de Educaci\u00f3n Infantil y Primaria, C\/ Alcal\u00e1, 30-32. C. P. 28013. <a href=\"mailto:dgeips.educacion@madrid.org\" target=\"_blank\" rel=\"noreferrer noopener\"><mark style=\"background-color:rgba(0, 0, 0, 0)\" class=\"has-inline-color has-vivid-cyan-blue-color\">dgeips.educacion@madrid.org<\/mark><\/a><\/li>\n\n\n\n<li class=\"has-black-color has-text-color has-link-color wp-elements-d37d3f3cb3ba2a839fbace6bccc94126\"><em>Institutos de educaci\u00f3n secundaria y centros p\u00fablicos espec\u00edficos de formaci\u00f3n profesional y de ense\u00f1anzas de r\u00e9gimen especial, as\u00ed como centros de educaci\u00f3n de personas adultas:<\/em><br>Direcci\u00f3n General de Educaci\u00f3n Secundaria, Formaci\u00f3n Profesional y R\u00e9gimen Especial C\/ O\u00b4Donnell, 12. C.P.: 28009. <a href=\"mailto:dg.formacionprofesional@madrid.org\" target=\"_blank\" rel=\"noreferrer noopener\"><mark style=\"background-color:rgba(0, 0, 0, 0)\" class=\"has-inline-color has-vivid-cyan-blue-color\">dg.formacionprofesional@madrid.org<\/mark><\/a><\/li>\n<\/ul>\n\n\n\n<p class=\"has-black-color has-text-color has-link-color wp-elements-5cd206b02093578bb42a0dd17520411d\"><strong>DELEGADO DE PROTECCI\u00d3N DE DATOS<\/strong><br><a href=\"mailto:protecciondatos.educacion@madrid.org\" target=\"_blank\" rel=\"noreferrer noopener\"><mark style=\"background-color:rgba(0, 0, 0, 0)\" class=\"has-inline-color has-vivid-cyan-blue-color\">protecciondatos.educacion@madrid.org<\/mark><\/a><mark style=\"background-color:rgba(0, 0, 0, 0)\" class=\"has-inline-color has-vivid-cyan-blue-color\"><br><\/mark><a href=\"https:\/\/dpd.educa2.madrid.org\" target=\"_blank\" rel=\"noreferrer noopener\"><mark style=\"background-color:rgba(0, 0, 0, 0)\" class=\"has-inline-color has-vivid-cyan-blue-color\">https:\/\/dpd.educa2.madrid.org<\/mark><\/a><br>C\/ Alcal\u00e1, 32. Planta baja, C.P. 28014, Madrid<\/p>\n\n\n\n<p class=\"has-black-color has-text-color has-link-color wp-elements-5891b9845f95d6b4f74dbbe505fddb50\"><strong>FINALIDAD<\/strong><br>Los datos se tratan para la gesti\u00f3n de la actividad educativa de los alumnos a lo largo de su vida acad\u00e9mica en las ense\u00f1anzas no universitarias.<br>Los datos personales forman parte del expediente acad\u00e9mico de cada alumno y se conservar\u00e1n de forma indefinida con fines de archivo, sin que una vez finalizadas sus ense\u00f1anzas puedan tratarse con otros fines, salvo cient\u00edficos o estad\u00edsticos.<\/p>\n\n\n\n<p class=\"has-black-color has-text-color has-link-color wp-elements-94b0cb9ffef6698e23cfbe4e947e2866\"><strong>LEGITIMACI\u00d3N<\/strong><br>El centro docente y la Administraci\u00f3n educativa est\u00e1n legitimados para recabar y tratar los datos personales, conforme a lo dispuesto en art\u00edculo 6.1, letras c) y e) del Reglamento Europeo 2016\/679 de Protecci\u00f3n de Datos Personales y a la disposici\u00f3n adicional vigesimotercera de la Ley Org\u00e1nica 2\/2006, de 3 de mayo, de Educaci\u00f3n.<br>Para la recogida y tratamiento de datos no amparados por las disposiciones citadas en el p\u00e1rrafo anterior, se solicitar\u00e1 la autorizaci\u00f3n previa del alumno o padres\/tutores, como, por ejemplo, en el caso del tratamiento de im\u00e1genes, videos o audios que utilice el centro para aquellas finalidades que no sean estrictamente necesarias dentro de la actividad educativa.<br>Las clases ordinarias, as\u00ed como los ex\u00e1menes orales o aquellos que requieran por parte del alumno la realizaci\u00f3n de alg\u00fan tipo de actividad podr\u00e1n ser grabados, teniendo en cuenta los criterios de evaluaci\u00f3n y las competencias establecidas para la asignatura correspondiente. Dicha grabaci\u00f3n se realizar\u00e1 con finalidad exclusivamente acad\u00e9mica y los datos se mantendr\u00e1n durante el tiempo que sea necesario para cumplir con la finalidad para la que se recabaron y para determinar las posibles responsabilidades que se pudieran derivarse de dicha finalidad y del tratamiento de los datos.<\/p>\n\n\n\n<p class=\"has-black-color has-text-color has-link-color wp-elements-c408d4ae17013346e0472e7036a94229\"><strong>DESTINATARIOS<\/strong><br>Los datos de car\u00e1cter personal podr\u00e1n ser comunicados, velando por que sean los m\u00ednimos imprescindibles, a las empresas prestadoras de servicios en el centro (comedor, extraescolares, asociaciones alumnos o de padres y madres, pr\u00e1cticas en empresas, etc.) o, en su caso, a los Servicios Sociales, a los Servicios Sanitarios, a los Ayuntamientos, al Ministerio competente en materia de Educaci\u00f3n o a instituciones de la Uni\u00f3n Europea.<\/p>\n\n\n\n<p class=\"has-black-color has-text-color has-link-color wp-elements-741948e70733cee0cb6a97b3b56f1c31\"><strong>DERECHOS<\/strong><br>El alumno o sus padres o tutores pueden ejercitar, si lo desean, los <a href=\"http:\/\/www.comunidad.madrid\/sites\/default\/files\/doc\/presidencia\/ejercicio_de_derechos_en_web_protecciondatos_madrid.org_.pdf\" target=\"_blank\" rel=\"noreferrer noopener\"><mark style=\"background-color:rgba(0, 0, 0, 0)\" class=\"has-inline-color has-vivid-cyan-blue-color\">derechos de acceso y rectificaci\u00f3n de datos, as\u00ed como solicitar que se limite el tratamiento de sus datos personales u oponerse al mismo<\/mark><\/a>, dentro de lo dispuesto en la normativa vigente, dirigiendo una solicitud al centro docente, o bien a la Direcci\u00f3n General responsable del tratamiento o al Delegado de Protecci\u00f3n de Datos de la Consejer\u00eda competente en materia de Educaci\u00f3n, por el registro (electr\u00f3nico o presencial) de la Comunidad de Madrid, rellenando el <a href=\"https:\/\/gestionesytramites.madrid.org\/cs\/Satellite?cid=1354786662101&amp;c=CM_ConvocaPrestac_FA&amp;noMostrarML=true&amp;pageid=1142687560411&amp;pagename=ServiciosAE\/CM_ConvocaPrestac_FA\/PSAE_fichaConvocaPrestac&amp;vest=1142687560411\" target=\"_blank\" rel=\"noreferrer noopener\">formulario<\/a> correspondiente y aportando la documentaci\u00f3n que considere oportuna.<br>Adem\u00e1s, en caso de disconformidad con el tratamiento de los datos personales, podr\u00e1n interponer una reclamaci\u00f3n ante la Agencia Espa\u00f1ola de Protecci\u00f3n de Datos mediante escrito (C\/ Jorge Juan, 6, 28001-Madrid) o formulario en su Sede electr\u00f3nica: <a href=\"https:\/\/sedeagpd.gob.es\/\" target=\"_blank\" rel=\"noreferrer noopener\"><mark style=\"background-color:rgba(0, 0, 0, 0)\" class=\"has-inline-color has-vivid-cyan-blue-color\">https:\/\/sedeagpd.gob.es\/<\/mark><\/a><\/p>\n\n\n\n<p class=\"has-black-color has-text-color has-link-color wp-elements-d65d7c47e4b379175ab7183772621a67\"><strong>M\u00c1S INFORMACI\u00d3N<\/strong><br>Puede consultar, adicional y detalladamente, la informaci\u00f3n y normativa aplicable en materia de protecci\u00f3n de datos en la web de la Agencia Espa\u00f1ola de Protecci\u00f3n de Datos: <a href=\"https:\/\/www.aepd.es\/\" target=\"_blank\" rel=\"noreferrer noopener\"><mark style=\"background-color:rgba(0, 0, 0, 0)\" class=\"has-inline-color has-vivid-cyan-blue-color\">https:\/\/www.aepd.es\/<\/mark><\/a>.<br>Adem\u00e1s, en la web de la Comunidad de Madrid, <a href=\"https:\/\/www.comunidad.madrid\" target=\"_blank\" rel=\"noreferrer noopener\"><mark style=\"background-color:rgba(0, 0, 0, 0)\" class=\"has-inline-color has-vivid-cyan-blue-color\">https:\/\/www.comunidad.madrid<\/mark><\/a> podr\u00e1 consultar diversos aspectos sobre la protecci\u00f3n de datos personales.<\/p>\n\n\n\n<hr class=\"wp-block-separator has-css-opacity\"\/>\n\n\n\n<p class=\"has-black-color has-text-color has-link-color wp-elements-8c2bc9362f8e94119d5d0c7c37b233bc\">Documento original (julio 2020):<\/p>\n\n\n\n<p><a href=\"https:\/\/dpd.educa2.madrid.org\/web\/educamadrid\/principal\/files\/69a6601a-e199-4519-a2eb-192663576204\/Modelos\/Matr%C3%ADcula\/POLITICA%20DE%20PRIVACIDAD_MATRICULA%2020-21.pdf?t=1581605545435\" target=\"_blank\" rel=\"noreferrer noopener\">POL\u00cdTICA DE PRIVACIDAD EN CENTROS DOCENTES P\u00daBLICOS DE LA COMUNIDAD DE MADRID<\/a><\/p>\n\n\n\n<p class=\"has-black-color has-text-color has-link-color wp-elements-a344fbe2263f14c6f488003cc0b1e0c3\">Delegaci\u00f3n de protecci\u00f3n de datos de la Consejer\u00eda de Educaci\u00f3n y Juventud de la Comunidad de Madrid:<\/p>\n\n\n\n<p><a href=\"https:\/\/dpd.educa2.madrid.org\">https:\/\/dpd.educa2.madrid.org<\/a><\/p>\n","protected":false},"excerpt":{"rendered":"<p>POL\u00cdTICA DE PRIVACIDAD EN CENTROS DOCENTES P\u00daBLICOS DE LA COMUNIDAD DE MADRID Informaci\u00f3n sobre protecci\u00f3n de los datos de car\u00e1cter personal recogidos en los impresos de matr\u00edcula de los alumnos, &#8230;<\/p>\n","protected":false},"author":2,"featured_media":0,"parent":0,"menu_order":0,"comment_status":"closed","ping_status":"closed","template":"template-fullwidth.php","meta":{"footnotes":""},"folder":[],"class_list":["post-1248","page","type-page","status-publish","hentry"],"rttpg_featured_image_url":null,"rttpg_author":{"display_name":"TIC I.E.S. Cardenal Herrera Oria","author_link":"https:\/\/site.educa.madrid.org\/ies.cardenalherrera.madrid\/index.php\/author\/cuenta_tic-ies-cardenalherrera-madrid\/"},"rttpg_comment":0,"rttpg_category":false,"rttpg_excerpt":"POL\u00cdTICA DE PRIVACIDAD EN CENTROS DOCENTES P\u00daBLICOS DE LA COMUNIDAD DE MADRID Informaci\u00f3n sobre protecci\u00f3n de los datos de car\u00e1cter personal recogidos en los impresos de matr\u00edcula de los alumnos, ...","post_mailing_queue_ids":[],"_links":{"self":[{"href":"https:\/\/site.educa.madrid.org\/ies.cardenalherrera.madrid\/index.php\/wp-json\/wp\/v2\/pages\/1248","targetHints":{"allow":["GET"]}}],"collection":[{"href":"https:\/\/site.educa.madrid.org\/ies.cardenalherrera.madrid\/index.php\/wp-json\/wp\/v2\/pages"}],"about":[{"href":"https:\/\/site.educa.madrid.org\/ies.cardenalherrera.madrid\/index.php\/wp-json\/wp\/v2\/types\/page"}],"author":[{"embeddable":true,"href":"https:\/\/site.educa.madrid.org\/ies.cardenalherrera.madrid\/index.php\/wp-json\/wp\/v2\/users\/2"}],"replies":[{"embeddable":true,"href":"https:\/\/site.educa.madrid.org\/ies.cardenalherrera.madrid\/index.php\/wp-json\/wp\/v2\/comments?post=1248"}],"version-history":[{"count":5,"href":"https:\/\/site.educa.madrid.org\/ies.cardenalherrera.madrid\/index.php\/wp-json\/wp\/v2\/pages\/1248\/revisions"}],"predecessor-version":[{"id":18517,"href":"https:\/\/site.educa.madrid.org\/ies.cardenalherrera.madrid\/index.php\/wp-json\/wp\/v2\/pages\/1248\/revisions\/18517"}],"wp:attachment":[{"href":"https:\/\/site.educa.madrid.org\/ies.cardenalherrera.madrid\/index.php\/wp-json\/wp\/v2\/media?parent=1248"}],"wp:term":[{"taxonomy":"folder","embeddable":true,"href":"https:\/\/site.educa.madrid.org\/ies.cardenalherrera.madrid\/index.php\/wp-json\/wp\/v2\/folder?post=1248"}],"curies":[{"name":"wp","href":"https:\/\/api.w.org\/{rel}","templated":true}]}}