{"id":1301,"date":"2020-12-17T22:55:42","date_gmt":"2020-12-17T22:55:42","guid":{"rendered":"https:\/\/site.educa.madrid.org\/ies.cardenalherrera.madrid\/?page_id=1301"},"modified":"2025-12-10T14:32:54","modified_gmt":"2025-12-10T13:32:54","slug":"departamento-de-orientacion","status":"publish","type":"page","link":"https:\/\/site.educa.madrid.org\/ies.cardenalherrera.madrid\/index.php\/organizacion\/departamentos\/departamento-de-orientacion\/","title":{"rendered":"Departamento de Orientaci\u00f3n"},"content":{"rendered":"\t\t\t<!-- Flexy Breadcrumb -->\n\t\t\t<div class=\"fbc fbc-page\">\n\n\t\t\t\t<!-- Breadcrumb wrapper -->\n\t\t\t\t<div class=\"fbc-wrap\">\n\n\t\t\t\t\t<!-- Ordered list-->\n\t\t\t\t\t<ol class=\"fbc-items\" itemscope itemtype=\"https:\/\/schema.org\/BreadcrumbList\">\n\t\t\t\t\t\t            <li itemprop=\"itemListElement\" itemscope itemtype=\"https:\/\/schema.org\/ListItem\">\n                <span itemprop=\"name\">\n                    <!-- Home Link -->\n                    <a itemprop=\"item\" href=\"https:\/\/site.educa.madrid.org\/ies.cardenalherrera.madrid\">\n                    \n                                                    <i class=\"fa fa-home\" aria-hidden=\"true\"><\/i>Inicio                    <\/a>\n                <\/span>\n                <meta itemprop=\"position\" content=\"1\" \/><!-- Meta Position-->\n             <\/li><li><span class=\"fbc-separator\">\/<\/span><\/li><li class=\"active\" itemprop=\"itemListElement\" itemscope itemtype=\"https:\/\/schema.org\/ListItem\"><span itemprop=\"name\" title=\"Entradas\">Entradas<\/span><meta itemprop=\"position\" content=\"2\" \/><\/li>\t\t\t\t\t<\/ol>\n\t\t\t\t\t<div class=\"clearfix\"><\/div>\n\t\t\t\t<\/div>\n\t\t\t<\/div>\n\t\t\t\n\n\n\n<h1 class=\"wp-block-heading\">Departamento de Orientaci\u00f3n<\/h1>\n\n\n\n<ul class=\"wp-block-list\">\n<li><a href=\"https:\/\/site.educa.madrid.org\/ies.cardenalherrera.madrid\/index.php\/organizacion\/familias\/#guias\">Gu\u00edas oficiales para familias.<\/a><\/li>\n\n\n\n<li><a href=\"#necesidades\">Ayudas para alumnos con necesidades espec\u00edficas de apoyo educativo.<\/a><\/li>\n\n\n\n<li><a href=\"#becas\">Convocatoria becas MEC para estudios postobligatorios.<\/a><\/li>\n\n\n\n<li><a href=\"#grados\">Solicitudes Formaci\u00f3n Profesional 2024-2025.<\/a><\/li>\n\n\n\n<li><a href=\"https:\/\/site.educa.madrid.org\/ies.cardenalherrera.madrid\/index.php\/organizacion\/departamentos\/departamento-de-orientacion\/informacion-fp\/\">Informaci\u00f3n sobre FP.<\/a><\/li>\n<\/ul>\n\n\n\n<div style=\"height:50px\" aria-hidden=\"true\" class=\"wp-block-spacer\"><\/div>\n\n\n\n<h3 class=\"wp-block-heading has-text-align-center\" id=\"grados\"><mark style=\"background-color:#f78da7\" class=\"has-inline-color has-white-color\"> <strong>CONVOCATORIA PRUEBAS DE ACCESO A CICLOS FORMATIVOS DE GRADO MEDIO Y SUPERIOR 2025\/2026<\/strong><\/mark><\/h3>\n\n\n\n<div style=\"height:11px\" aria-hidden=\"true\" class=\"wp-block-spacer\"><\/div>\n\n\n\n<div style=\"height:45px\" aria-hidden=\"true\" class=\"wp-block-spacer\"><\/div>\n\n\n\n<p class=\"has-text-align-center has-black-color has-text-color has-link-color has-medium-font-size wp-elements-761bd643881c8827d4470e2251683aa8\"><strong>Presentaci\u00f3n de solicitudes:   Del 8 de enero al 21 de enero de 2026<\/strong><\/p>\n\n\n\n<div style=\"height:45px\" aria-hidden=\"true\" class=\"wp-block-spacer\"><\/div>\n\n\n\n<div class=\"wp-block-group\"><div class=\"wp-block-group__inner-container is-layout-constrained wp-block-group-is-layout-constrained\">\n<div class=\"wp-block-columns is-layout-flex wp-container-core-columns-is-layout-9d6595d7 wp-block-columns-is-layout-flex\">\n<div class=\"wp-block-column is-layout-flow wp-block-column-is-layout-flow\" style=\"flex-basis:100%\">\n<figure class=\"wp-block-table aligncenter\" style=\"font-size:18px\"><table><tbody><tr><td class=\"has-text-align-left\" data-align=\"left\">                                                                    <strong><mark><mark style=\"background-color:#cf2e2e\" class=\"has-inline-color has-white-color\">GRADO MEDIO<\/mark><\/mark><\/strong><\/td><\/tr><tr><td class=\"has-text-align-left\" data-align=\"left\">-Requisito de edad: Tener mas de 17 a\u00f1os o cumplirlos a lo largo del 2026.<br><br>-Se puede tramitar la presentaci\u00f3n de solicitudes ONLINE o en el centro escogido para la realizaci\u00f3n de la prueba (el m\u00e1s cercano a nuestro centro es el IES Pr\u00edncipe Felipe).<br><br>-Tasas examen: 0 \u20ac<br><br>&#8211; Publicaci\u00f3n provisional de admitidos y no admitidos a trav\u00e9s de RAICES, 4 de febrero.<br>&#8211; Plazo de reclamaci\u00f3n 5 y 6 de febrero.<br>&#8211; Publicaci\u00f3n definitiva de admitidos y no admitidos a trav\u00e9s de RAICES, 25 de febrero.<br>&#8211; Fecha examen: 12 de mayo, a partir de las 15:30.<br><br> <mark style=\"background-color:#ffffff\" class=\"has-inline-color has-black-color\"><a href=\"https:\/\/sede.comunidad.madrid\/ofertas-formacion\/pruebas-acceso-ciclos-grado-medio-1\" target=\"_blank\" rel=\"noreferrer noopener\"><strong>&#8212;-Tramitaci\u00f3n online&#8212;-<\/strong><\/a><br>                                                            <\/mark><a href=\"https:\/\/site.educa.madrid.org\/ies.cardenalherrera.madrid\/\/wp-content\/uploads\/ies.cardenalherrera.madrid\/2025\/12\/Solicitud-inscripcion-prueba-grado-medio.pdf\" target=\"_blank\" rel=\"noreferrer noopener\">&#8212;<strong>Solicitud Grado Medio<\/strong>&#8212;<\/a><\/td><\/tr><\/tbody><\/table><\/figure>\n\n\n\n<figure class=\"wp-block-table aligncenter\" style=\"font-size:18px\"><table><tbody><tr><td class=\"has-text-align-left\" data-align=\"left\"><strong><mark><mark style=\"background-color:#cf2e2e\" class=\"has-inline-color has-white-color\">GRADO SUPERIOR<\/mark><\/mark><\/strong><\/td><\/tr><tr><td class=\"has-text-align-left\" data-align=\"left\">-Requisito de edad: Tener mas de 19 a\u00f1os o cumplirlos a lo largo del 2026.<br><br>-Se puede tramitar la presentaci\u00f3n de solicitudes ONLINE o en el centro escogido para la realizaci\u00f3n de la prueba (el m\u00e1s cercano a nuestro centro es el IES Gregorio Mara\u00f1\u00f3n).<br><br>-Tasas examen: 25 \u20ac<br><br>&#8211; Publicaci\u00f3n provisional de admitidos y no admitidos a trav\u00e9s de RAICES, 4 de febrero.<br>&#8211; Plazo de reclamaci\u00f3n 5 y 6 de febrero.<br>&#8211; Publicaci\u00f3n definitiva de admitidos y no admitidos a trav\u00e9s de RAICES, 25 de febrero.<br>&#8211; Fecha examen: 12 y 13 de mayo, a partir de las 15:30.<br><br><br><a href=\"https:\/\/sede.comunidad.madrid\/ofertas-formacion\/pruebas-acceso-ciclos-grado-superior-0\" target=\"_blank\" rel=\"noreferrer noopener\"><strong>&#8212;Tramitaci\u00f3n online&#8212;<\/strong><\/a><br><a href=\"https:\/\/site.educa.madrid.org\/ies.cardenalherrera.madrid\/\/wp-content\/uploads\/ies.cardenalherrera.madrid\/2025\/12\/Solicitud-inscripcion-prueba-grado-superior.pdf\" target=\"_blank\" rel=\"noreferrer noopener\"><strong>                                                         &#8211;Solicitud Grado Superior&#8211;<\/strong><\/a><mark style=\"background-color:#ffffff\" class=\"has-inline-color has-black-color\"><br>                                                             <\/mark><\/td><\/tr><\/tbody><\/table><\/figure>\n<\/div>\n<\/div>\n<\/div><\/div>\n\n\n\n<div class=\"wp-block-group\"><div class=\"wp-block-group__inner-container is-layout-constrained wp-block-group-is-layout-constrained\"><\/div><\/div>\n\n\n\n<div style=\"height:100px\" aria-hidden=\"true\" class=\"wp-block-spacer\"><\/div>\n\n\n\n<p class=\"has-black-color has-text-color has-link-color wp-elements-9ac00cf961d1ea846fe5a532228b76c6\"><\/p>\n\n\n\n<div style=\"height:100px\" aria-hidden=\"true\" class=\"wp-block-spacer\"><\/div>\n\n\n\n<p class=\"has-black-color has-text-color has-link-color wp-elements-9ac00cf961d1ea846fe5a532228b76c6\"><\/p>\n\n\n\n<div data-wp-interactive=\"core\/file\" class=\"wp-block-file\"><object data-wp-bind--hidden=\"!state.hasPdfPreview\" hidden class=\"wp-block-file__embed\" data=\"https:\/\/site.educa.madrid.org\/ies.cardenalherrera.madrid\/\/wp-content\/uploads\/ies.cardenalherrera.madrid\/2025\/12\/BOCM-20251128-33.pdf\" type=\"application\/pdf\" style=\"width:100%;height:600px\" aria-label=\"Incrustado de BOCM-20251128-33.\"><\/object><a id=\"wp-block-file--media-2764c481-9808-4161-85e0-2a62e42ee615\" href=\"https:\/\/site.educa.madrid.org\/ies.cardenalherrera.madrid\/\/wp-content\/uploads\/ies.cardenalherrera.madrid\/2025\/12\/BOCM-20251128-33.pdf\">BOCM-20251128-33<\/a><a href=\"https:\/\/site.educa.madrid.org\/ies.cardenalherrera.madrid\/\/wp-content\/uploads\/ies.cardenalherrera.madrid\/2025\/12\/BOCM-20251128-33.pdf\" class=\"wp-block-file__button wp-element-button\" download aria-describedby=\"wp-block-file--media-2764c481-9808-4161-85e0-2a62e42ee615\">Descarga<\/a><\/div>\n\n\n\n<div style=\"height:100px\" aria-hidden=\"true\" class=\"wp-block-spacer\"><\/div>\n\n\n\n<h3 class=\"wp-block-heading has-text-align-center\" id=\"becas\"><mark style=\"background-color:#f78da7\" class=\"has-inline-color has-white-color\"> <strong>CONVOCATORIA BECAS MEC PARA ESTUDIOS POSTOBLIGATORIOS CURSO 2024\/2025<\/strong><\/mark> <\/h3>\n\n\n\n<div style=\"height:68px\" aria-hidden=\"true\" class=\"wp-block-spacer\"><\/div>\n\n\n\n<div class=\"wp-block-group\"><div class=\"wp-block-group__inner-container is-layout-flow wp-block-group-is-layout-flow\">\n<figure class=\"wp-block-image size-large is-resized\"><a href=\"https:\/\/www.becaseducacion.gob.es\/becas-y-ayudas\/fp-bachillerato-otros\/tipos-de-becas.html\"><img loading=\"lazy\" decoding=\"async\" width=\"1024\" height=\"567\" src=\"https:\/\/site.educa.madrid.org\/ies.cardenalherrera.madrid\/\/wp-content\/uploads\/ies.cardenalherrera.madrid\/2024\/04\/Becas-mec-2024_2025-1024x567.jpg\" alt=\"\" class=\"wp-image-16036\" style=\"width:1024px;height:567px\" srcset=\"https:\/\/site.educa.madrid.org\/ies.cardenalherrera.madrid\/\/wp-content\/uploads\/ies.cardenalherrera.madrid\/2024\/04\/Becas-mec-2024_2025-1024x567.jpg 1024w, https:\/\/site.educa.madrid.org\/ies.cardenalherrera.madrid\/\/wp-content\/uploads\/ies.cardenalherrera.madrid\/2024\/04\/Becas-mec-2024_2025-300x166.jpg 300w, https:\/\/site.educa.madrid.org\/ies.cardenalherrera.madrid\/\/wp-content\/uploads\/ies.cardenalherrera.madrid\/2024\/04\/Becas-mec-2024_2025-768x425.jpg 768w, https:\/\/site.educa.madrid.org\/ies.cardenalherrera.madrid\/\/wp-content\/uploads\/ies.cardenalherrera.madrid\/2024\/04\/Becas-mec-2024_2025.jpg 1273w\" sizes=\"auto, (max-width: 1024px) 100vw, 1024px\" \/><\/a><\/figure>\n<\/div><\/div>\n\n\n\n<div class=\"wp-block-group\"><div class=\"wp-block-group__inner-container is-layout-flow wp-block-group-is-layout-flow\">\n<p><\/p>\n<\/div><\/div>\n\n\n\n<p>Se ha publicado en el Bolet\u00edn Oficial del Estado la convocatoria general de becas para el curso acad\u00e9mico 2024\/2025, para estudiantes que cursen&nbsp;<strong>estudios postobligatorios<\/strong>&nbsp;universitarios y no universitarios, que tendr\u00e1 como&nbsp;<strong>plazo de presentaci\u00f3n de solicitudes del 19 de marzo al 10 de mayo de 2024<\/strong> a las 15 h.<\/p>\n\n\n\n<p class=\"has-text-align-left\"><mark style=\"background-color:#abb8c3\" class=\"has-inline-color has-white-color\">Esta informaci\u00f3n puede ser de especial inter\u00e9s para alumnos del centro que este a\u00f1o est\u00e9n cursando<strong> 4\u00ba de la ESO<\/strong> o <strong>BACHILLERATO<\/strong>.<\/mark><\/p>\n\n\n\n<div style=\"height:206px\" aria-hidden=\"true\" class=\"wp-block-spacer\"><\/div>\n\n\n\n<h3 class=\"wp-block-heading has-text-align-center\" id=\"necesidades\"><mark style=\"background-color:#f78da7\" class=\"has-inline-color has-white-color\"> <strong>AYUDAS PARA ALUMNOS CON NECESIDADES ESPEC\u00cdFICAS DE APOYO EDUCATIVO<\/strong><\/mark> <\/h3>\n\n\n\n<div style=\"height:47px\" aria-hidden=\"true\" class=\"wp-block-spacer\"><\/div>\n\n\n\n<p>El plazo para pedir la ayuda de necesidad espec\u00edfica al apoyo educativo para el curso 2024\/2025 se espera que comience en mayo de 2024.<\/p>\n\n\n\n<div class=\"wp-block-group\"><div class=\"wp-block-group__inner-container is-layout-constrained wp-block-group-is-layout-constrained\">\n<figure class=\"wp-block-gallery has-nested-images columns-default is-cropped wp-block-gallery-1 is-layout-flex wp-block-gallery-is-layout-flex\">\n<figure class=\"wp-block-image size-large\"><a href=\"https:\/\/www.becaseducacion.gob.es\/becas-y-ayudas\/ayudas-apoyo-educativo\/tipos-de-becas.html\"><img loading=\"lazy\" decoding=\"async\" width=\"1024\" height=\"646\" data-id=\"16040\" src=\"https:\/\/site.educa.madrid.org\/ies.cardenalherrera.madrid\/\/wp-content\/uploads\/ies.cardenalherrera.madrid\/2024\/04\/Becas-apoyo-2024_2025-1024x646.jpg\" alt=\"\" class=\"wp-image-16040\" srcset=\"https:\/\/site.educa.madrid.org\/ies.cardenalherrera.madrid\/\/wp-content\/uploads\/ies.cardenalherrera.madrid\/2024\/04\/Becas-apoyo-2024_2025-1024x646.jpg 1024w, https:\/\/site.educa.madrid.org\/ies.cardenalherrera.madrid\/\/wp-content\/uploads\/ies.cardenalherrera.madrid\/2024\/04\/Becas-apoyo-2024_2025-300x189.jpg 300w, https:\/\/site.educa.madrid.org\/ies.cardenalherrera.madrid\/\/wp-content\/uploads\/ies.cardenalherrera.madrid\/2024\/04\/Becas-apoyo-2024_2025-768x484.jpg 768w, https:\/\/site.educa.madrid.org\/ies.cardenalherrera.madrid\/\/wp-content\/uploads\/ies.cardenalherrera.madrid\/2024\/04\/Becas-apoyo-2024_2025.jpg 1277w\" sizes=\"auto, (max-width: 1024px) 100vw, 1024px\" \/><\/a><\/figure>\n<\/figure>\n<\/div><\/div>\n\n\n\n<div style=\"height:193px\" aria-hidden=\"true\" class=\"wp-block-spacer\"><\/div>\n\n\n\n<div style=\"height:36px\" aria-hidden=\"true\" class=\"wp-block-spacer\"><\/div>\n\n\n\n<p><\/p>\n\n\n\n<div style=\"height:68px\" aria-hidden=\"true\" class=\"wp-block-spacer\"><\/div>\n\n\n\n<div class=\"wp-block-group\"><div class=\"wp-block-group__inner-container is-layout-flow wp-block-group-is-layout-flow\">\n<hr class=\"wp-block-separator has-css-opacity\"\/>\n<\/div><\/div>\n\n\n\n<p><\/p>\n\n\n\n<h3 class=\"wp-block-heading\" id=\"grados\"><mark style=\"background-color:#f78da7\" class=\"has-inline-color has-white-color\">SOLICITUDES FORMACI\u00d3N PROFESIONAL  2024-2025<\/mark><\/h3>\n\n\n\n<div style=\"height:25px\" aria-hidden=\"true\" class=\"wp-block-spacer\"><\/div>\n\n\n\n<p>Ya est\u00e1n publicadas las&nbsp;fechas para la presentaci\u00f3n de solicitudes de FP.<\/p>\n\n\n\n<p>Con car\u00e1cter general la&nbsp;solicitud de admisi\u00f3n deber\u00e1 ser cumplimentada y entregada de FORMA TELEM\u00c1TICA&nbsp;a trav\u00e9s de la Secretar\u00eda virtual.<\/p>\n\n\n\n<p>Seguimos pendientes de la publicaci\u00f3n de las instrucciones para este curso y de la publicaci\u00f3n de la solicitud de admisi\u00f3n en centros sostenidos con fondos p\u00fablicos a ciclos formativos de Formaci\u00f3n Profesional Curso 2024-2025.<\/p>\n\n\n\n<p>Pod\u00e9is ver el calendario de actuaciones, la oferta educativa y el baremos de corte en la p\u00e1gina&nbsp;<a rel=\"noreferrer noopener\" href=\"https:\/\/www.comunidad.madrid\/servicios\/educacion\/admision-formacion-profesional\" target=\"_blank\"><mark style=\"background-color:rgba(0, 0, 0, 0)\" class=\"has-inline-color has-vivid-cyan-blue-color\"><strong>FP Madrid<\/strong><\/mark><\/a>.<\/p>\n\n\n\n<div style=\"height:46px\" aria-hidden=\"true\" class=\"wp-block-spacer\"><\/div>\n\n\n\n<h3 class=\"wp-block-heading has-text-align-center\"><strong><mark style=\"background-color:rgba(0, 0, 0, 0)\" class=\"has-inline-color has-pale-pink-color\">FORMACI\u00d3N PROFESIONAL DE GRADO B\u00c1SICO<\/mark><\/strong><\/h3>\n\n\n\n<p><\/p>\n\n\n\n<p>OFERTA EDUCATIVA F.P.B\u00e1sica 2024\/2025 <\/p>\n\n\n\n<div class=\"wp-block-file aligncenter\"><a id=\"wp-block-file--media-a11f7640-7f5e-4b98-a13a-efcbafd99bde\" href=\"https:\/\/site.educa.madrid.org\/ies.cardenalherrera.madrid\/\/wp-content\/uploads\/ies.cardenalherrera.madrid\/2023\/05\/Oferta-FP-Basica.pdf\" target=\"_blank\" rel=\"noreferrer noopener\"><mark style=\"background-color:rgba(0, 0, 0, 0)\" class=\"has-inline-color has-vivid-cyan-blue-color\">Oferta centros 2022\/2023<\/mark><\/a><\/div>\n\n\n\n<div class=\"wp-block-file aligncenter\"><a id=\"wp-block-file--media-82fdf4a1-79fd-4f67-853e-84e0ea80f22a\" href=\"https:\/\/site.educa.madrid.org\/ies.cardenalherrera.madrid\/\/wp-content\/uploads\/ies.cardenalherrera.madrid\/2024\/06\/Baremo_Admision_GB_24_25.pdf.pdf\" target=\"_blank\" rel=\"noreferrer noopener\">Baremo_Admision_GB_24_25<\/a><\/div>\n\n\n\n<p><\/p>\n\n\n\n<p>PER\u00cdODO \u00daNICO DE ADMISI\u00d3N:<br>Las solicitudes de admisi\u00f3n a los Ciclos Formativos de Grado B\u00e1sico se presentar\u00e1n desde el <strong>21 al 28 de junio de 2024.<\/strong><\/p>\n\n\n\n<p><\/p>\n\n\n\n<p class=\"has-text-align-center\"><a href=\"https:\/\/www.comunidad.madrid\/sites\/default\/files\/instrucciones_admision_gb_24_25_5018497.pdf\">Instrucciones Admisi\u00f3n Grado B\u00e1sico<\/a><\/p>\n\n\n\n<p class=\"has-text-align-center\"><a href=\"https:\/\/www.comunidad.madrid\/sites\/default\/files\/calendario_cfgb_24_25.pdf\">Calendario Admisi\u00f3n Grado B\u00e1sico<\/a><\/p>\n\n\n\n<p class=\"has-text-align-center\"><\/p>\n\n\n\n<p>FORMULARIO DE SOLICITUD:<br>La solicitud de admisi\u00f3n a estas ense\u00f1anzas se realiza a trav\u00e9s del sistema integral de gesti\u00f3n educativa&nbsp;RA\u00cdCES, cumplimentando el correspondiente impreso de solicitud:<\/p>\n\n\n\n<ul class=\"wp-block-list\">\n<li>Secretar\u00eda Virtual:&nbsp;<a rel=\"noreferrer noopener\" href=\"https:\/\/raices.madrid.org\/secretariavirtual\/\" target=\"_blank\"><mark style=\"background-color:rgba(0, 0, 0, 0)\" class=\"has-inline-color has-vivid-cyan-blue-color\">https:\/\/raices.madrid.org\/secretariavirtual\/<\/mark><\/a>. <\/li>\n<\/ul>\n\n\n\n<div style=\"height:40px\" aria-hidden=\"true\" class=\"wp-block-spacer\"><\/div>\n\n\n\n<h3 class=\"wp-block-heading has-text-align-center\"><strong><mark style=\"background-color:rgba(0, 0, 0, 0)\" class=\"has-inline-color has-pale-pink-color\">FORMACI\u00d3N PROFESIONAL DE GRADO MEDIO<\/mark><\/strong><\/h3>\n\n\n\n<p>OFERTA EDUCATIVA GRADO MEDIO 2024\/2025<\/p>\n\n\n\n<div class=\"wp-block-file aligncenter\"><a id=\"wp-block-file--media-973dccd7-5d8e-4d84-9f00-a1a22007490a\" href=\"https:\/\/site.educa.madrid.org\/ies.cardenalherrera.madrid\/\/wp-content\/uploads\/ies.cardenalherrera.madrid\/2023\/05\/Oferta_C_F_Grado_Medio_2022_2023.pdf\" target=\"_blank\" rel=\"noreferrer noopener\"><mark style=\"background-color:#ffffff\" class=\"has-inline-color has-vivid-cyan-blue-color\">Oferta centros 2022\/2023<\/mark><\/a><\/div>\n\n\n\n<div class=\"wp-block-file aligncenter\"><a id=\"wp-block-file--media-02fc7fd7-4629-4c4f-ac4e-8fb3c7c1913f\" href=\"https:\/\/site.educa.madrid.org\/ies.cardenalherrera.madrid\/\/wp-content\/uploads\/ies.cardenalherrera.madrid\/2024\/06\/Baremo_Admision_CFGM_24_25.pdf.pdf\" target=\"_blank\" rel=\"noreferrer noopener\">Baremo_Admision_CFGM_24_25<\/a><\/div>\n\n\n\n<p class=\"has-text-align-center\"><\/p>\n\n\n\n<p><\/p>\n\n\n\n<p>PER\u00cdODO \u00daNICO DE ADMISI\u00d3N:<br>Las solicitudes de admisi\u00f3n a los Ciclos Formativos de Grado Medio se presentar\u00e1n desde el <strong>24 de junio al 1 de julio de 2024.<\/strong><\/p>\n\n\n\n<p class=\"has-text-align-center\"><a href=\"https:\/\/www.comunidad.madrid\/sites\/default\/files\/instrucciones_admision_cfgm_24_25_5018498.pdf\" data-type=\"URL\"><mark style=\"background-color:rgba(0, 0, 0, 0)\" class=\"has-inline-color has-vivid-cyan-blue-color\">Instrucciones admisi\u00f3n Grado Medio<\/mark><\/a><\/p>\n\n\n\n<p class=\"has-text-align-center\"><a href=\"https:\/\/www.comunidad.madrid\/sites\/default\/files\/calendario_cfgm_24_25.pdf\" data-type=\"URL\"><mark style=\"background-color:rgba(0, 0, 0, 0)\" class=\"has-inline-color has-vivid-cyan-blue-color\">Calendario Grado Medio<\/mark><\/a><\/p>\n\n\n\n<p>FORMULARIO DE SOLICITUD:<br>La solicitud de admisi\u00f3n a estas ense\u00f1anzas se realiza a trav\u00e9s del sistema integral de gesti\u00f3n educativa&nbsp;RA\u00cdCES, cumplimentando el correspondiente impreso de solicitud:<\/p>\n\n\n\n<ul class=\"wp-block-list\">\n<li>Secretar\u00eda Virtual:&nbsp;<a rel=\"noreferrer noopener\" href=\"https:\/\/raices.madrid.org\/secretariavirtual\/\" target=\"_blank\"><mark style=\"background-color:rgba(0, 0, 0, 0)\" class=\"has-inline-color has-vivid-cyan-blue-color\">https:\/\/raices.madrid.org\/secretariavirtual\/<\/mark><\/a>. <\/li>\n<\/ul>\n\n\n\n<div style=\"height:42px\" aria-hidden=\"true\" class=\"wp-block-spacer\"><\/div>\n\n\n\n<h3 class=\"wp-block-heading has-text-align-center\" id=\"cfgs\"><strong><mark style=\"background-color:rgba(0, 0, 0, 0)\" class=\"has-inline-color has-pale-pink-color\">FORMACI\u00d3N PROFESIONAL DE GRADO SUPERIOR<\/mark><\/strong><\/h3>\n\n\n\n<p>CURSOS DE PREPARACI\u00d3N DE LA PRUEBAS DE ACCESO A GRADO SUPERIOR (actualizado a 26-09-2023):<br>Plazo de presentaci\u00f3n de solicitudes: del 22 al 29 de septiembre de 2023.<\/p>\n\n\n\n<h3 class=\"wp-block-heading has-text-align-center\"><a href=\"https:\/\/site.educa.madrid.org\/ies.cardenalherrera.madrid\/\/wp-content\/uploads\/ies.cardenalherrera.madrid\/2023\/09\/Curso_Prueba_Acceso_CFGS_Instrucciones_2023_2024v2002_39049095.pdf\"><img loading=\"lazy\" decoding=\"async\" width=\"25\" height=\"33\" class=\"wp-image-1167\" style=\"width: 25px;\" src=\"https:\/\/site.educa.madrid.org\/ies.cardenalherrera.madrid\/\/wp-content\/uploads\/ies.cardenalherrera.madrid\/2020\/12\/file-pdf.png\" alt=\"\"><\/a> <a href=\"https:\/\/site.educa.madrid.org\/ies.cardenalherrera.madrid\/\/wp-content\/uploads\/ies.cardenalherrera.madrid\/2023\/09\/Curso_Prueba_Acceso_CFGS_Instrucciones_2023_2024v2002_39049095.pdf\">Normativa Cursos de Preparaci\u00f3n Pruebas Grado Superior<\/a><\/h3>\n\n\n\n<div style=\"height:30px\" aria-hidden=\"true\" class=\"wp-block-spacer\"><\/div>\n\n\n\n<p>OFERTA EDUCATIVA GRADO SUPERIOR 2022\/2023 ( 2023\/2024 Pendiente de actualizar)<\/p>\n\n\n\n<div class=\"wp-block-file aligncenter\"><a id=\"wp-block-file--media-c207f8a1-59f8-4353-9141-32bfaf6115be\" href=\"https:\/\/site.educa.madrid.org\/ies.cardenalherrera.madrid\/\/wp-content\/uploads\/ies.cardenalherrera.madrid\/2023\/05\/Oferta_C_F_Grado_Superior_2022_2023.pdf\" target=\"_blank\" rel=\"noreferrer noopener\"><mark style=\"background-color:rgba(0, 0, 0, 0)\" class=\"has-inline-color has-vivid-cyan-blue-color\">Oferta centros 2022\/2023<\/mark><\/a><\/div>\n\n\n\n<div class=\"wp-block-file aligncenter\"><a id=\"wp-block-file--media-1cd82076-9412-40de-8083-bc3180a94d82\" href=\"https:\/\/site.educa.madrid.org\/ies.cardenalherrera.madrid\/\/wp-content\/uploads\/ies.cardenalherrera.madrid\/2023\/05\/Baremo-Grado_Superior-2022_2023.pdf\" target=\"_blank\" rel=\"noreferrer noopener\"><mark style=\"background-color:rgba(0, 0, 0, 0)\" class=\"has-inline-color has-vivid-cyan-blue-color\">Baremo Grado Superior 2022\/2023<\/mark><\/a><\/div>\n\n\n\n<p>PLAZO \u00daNICO DE ADMISI\u00d3N:<br>Las solicitudes de admisi\u00f3n a los Ciclos Formativos de Grado Superior se presentar\u00e1n el <strong><strong>28 de junio al 4 de jul<\/strong>io de 2024<\/strong>.<\/p>\n\n\n\n<p class=\"has-text-align-center\"><a href=\"https:\/\/www.comunidad.madrid\/sites\/default\/files\/instrucciones_admision_cfgs_24_25_5018499.pdf\" data-type=\"URL\"><mark style=\"background-color:rgba(0, 0, 0, 0)\" class=\"has-inline-color has-vivid-cyan-blue-color\">Instrucciones admisi\u00f3n Grado Superior<\/mark><\/a><\/p>\n\n\n\n<p class=\"has-text-align-center\"><a href=\"https:\/\/www.comunidad.madrid\/sites\/default\/files\/calendario_cfgs_24_25_0.pdf\" data-type=\"URL\"><mark style=\"background-color:rgba(0, 0, 0, 0)\" class=\"has-inline-color has-vivid-cyan-blue-color\">Calendario Grado Superior<\/mark><\/a><\/p>\n\n\n\n<p>FORMULARIO DE SOLICITUD:<br>La solicitud de admisi\u00f3n a estas ense\u00f1anzas se realiza a trav\u00e9s del sistema integral de gesti\u00f3n educativa&nbsp;RA\u00cdCES, cumplimentando el correspondiente impreso de solicitud:<\/p>\n\n\n\n<ul class=\"wp-block-list\">\n<li>Secretar\u00eda Virtual:<mark style=\"background-color:rgba(0, 0, 0, 0)\" class=\"has-inline-color has-vivid-cyan-blue-color\">&nbsp;<\/mark><a rel=\"noreferrer noopener\" href=\"https:\/\/raices.madrid.org\/secretariavirtual\/\" target=\"_blank\"><mark style=\"background-color:rgba(0, 0, 0, 0)\" class=\"has-inline-color has-vivid-cyan-blue-color\">https:\/\/raices.madrid.org\/secretariavirtual\/<\/mark><\/a>. <\/li>\n<\/ul>\n\n\n\n<p><\/p>\n\n\n\n<p><\/p>\n\n\n\n<p><\/p>\n\n\n\n<p><\/p>\n\n\n\n<p><\/p>\n\n\n\n<p><\/p>\n\n\n\n<p><\/p>\n\n\n\n<p><\/p>\n\n\n\n<p><\/p>\n\n\n\n<div class=\"wp-block-media-text alignwide is-stacked-on-mobile\"><figure class=\"wp-block-media-text__media\"><\/figure><div class=\"wp-block-media-text__content\">\n<p><\/p>\n<\/div><\/div>\n\n\n\n<div class=\"wp-block-media-text alignwide is-stacked-on-mobile\"><figure class=\"wp-block-media-text__media\"><\/figure><div class=\"wp-block-media-text__content\">\n<p><\/p>\n<\/div><\/div>\n","protected":false},"excerpt":{"rendered":"<p>Departamento de Orientaci\u00f3n CONVOCATORIA PRUEBAS DE ACCESO A CICLOS FORMATIVOS DE GRADO MEDIO Y SUPERIOR 2025\/2026 Presentaci\u00f3n de solicitudes: Del 8 de enero al 21 de enero de 2026 GRADO &#8230;<\/p>\n","protected":false},"author":2,"featured_media":0,"parent":493,"menu_order":10,"comment_status":"closed","ping_status":"closed","template":"template-fullwidth.php","meta":{"footnotes":""},"folder":[],"class_list":["post-1301","page","type-page","status-publish","hentry"],"rttpg_featured_image_url":null,"rttpg_author":{"display_name":"TIC I.E.S. Cardenal Herrera Oria","author_link":"https:\/\/site.educa.madrid.org\/ies.cardenalherrera.madrid\/index.php\/author\/cuenta_tic-ies-cardenalherrera-madrid\/"},"rttpg_comment":0,"rttpg_category":false,"rttpg_excerpt":"Departamento de Orientaci\u00f3n CONVOCATORIA PRUEBAS DE ACCESO A CICLOS FORMATIVOS DE GRADO MEDIO Y SUPERIOR 2025\/2026 Presentaci\u00f3n de solicitudes: Del 8 de enero al 21 de enero de 2026 GRADO ...","post_mailing_queue_ids":[],"_links":{"self":[{"href":"https:\/\/site.educa.madrid.org\/ies.cardenalherrera.madrid\/index.php\/wp-json\/wp\/v2\/pages\/1301","targetHints":{"allow":["GET"]}}],"collection":[{"href":"https:\/\/site.educa.madrid.org\/ies.cardenalherrera.madrid\/index.php\/wp-json\/wp\/v2\/pages"}],"about":[{"href":"https:\/\/site.educa.madrid.org\/ies.cardenalherrera.madrid\/index.php\/wp-json\/wp\/v2\/types\/page"}],"author":[{"embeddable":true,"href":"https:\/\/site.educa.madrid.org\/ies.cardenalherrera.madrid\/index.php\/wp-json\/wp\/v2\/users\/2"}],"replies":[{"embeddable":true,"href":"https:\/\/site.educa.madrid.org\/ies.cardenalherrera.madrid\/index.php\/wp-json\/wp\/v2\/comments?post=1301"}],"version-history":[{"count":49,"href":"https:\/\/site.educa.madrid.org\/ies.cardenalherrera.madrid\/index.php\/wp-json\/wp\/v2\/pages\/1301\/revisions"}],"predecessor-version":[{"id":18123,"href":"https:\/\/site.educa.madrid.org\/ies.cardenalherrera.madrid\/index.php\/wp-json\/wp\/v2\/pages\/1301\/revisions\/18123"}],"up":[{"embeddable":true,"href":"https:\/\/site.educa.madrid.org\/ies.cardenalherrera.madrid\/index.php\/wp-json\/wp\/v2\/pages\/493"}],"wp:attachment":[{"href":"https:\/\/site.educa.madrid.org\/ies.cardenalherrera.madrid\/index.php\/wp-json\/wp\/v2\/media?parent=1301"}],"wp:term":[{"taxonomy":"folder","embeddable":true,"href":"https:\/\/site.educa.madrid.org\/ies.cardenalherrera.madrid\/index.php\/wp-json\/wp\/v2\/folder?post=1301"}],"curies":[{"name":"wp","href":"https:\/\/api.w.org\/{rel}","templated":true}]}}