{"id":1311,"date":"2020-12-17T22:59:47","date_gmt":"2020-12-17T22:59:47","guid":{"rendered":"https:\/\/site.educa.madrid.org\/ies.cardenalherrera.madrid\/?page_id=1311"},"modified":"2025-11-05T11:31:33","modified_gmt":"2025-11-05T10:31:33","slug":"actividades-extraescolares","status":"publish","type":"page","link":"https:\/\/site.educa.madrid.org\/ies.cardenalherrera.madrid\/index.php\/servicios-y-actividades\/actividades-extraescolares\/","title":{"rendered":"Actividades extraescolares"},"content":{"rendered":"\t\t\t<!-- Flexy Breadcrumb -->\n\t\t\t<div class=\"fbc fbc-page\">\n\n\t\t\t\t<!-- Breadcrumb wrapper -->\n\t\t\t\t<div class=\"fbc-wrap\">\n\n\t\t\t\t\t<!-- Ordered list-->\n\t\t\t\t\t<ol class=\"fbc-items\" itemscope itemtype=\"https:\/\/schema.org\/BreadcrumbList\">\n\t\t\t\t\t\t            <li itemprop=\"itemListElement\" itemscope itemtype=\"https:\/\/schema.org\/ListItem\">\n                <span itemprop=\"name\">\n                    <!-- Home Link -->\n                    <a itemprop=\"item\" href=\"https:\/\/site.educa.madrid.org\/ies.cardenalherrera.madrid\">\n                    \n                                                    <i class=\"fa fa-home\" aria-hidden=\"true\"><\/i>Inicio                    <\/a>\n                <\/span>\n                <meta itemprop=\"position\" content=\"1\" \/><!-- Meta Position-->\n             <\/li><li><span class=\"fbc-separator\">\/<\/span><\/li><li class=\"active\" itemprop=\"itemListElement\" itemscope itemtype=\"https:\/\/schema.org\/ListItem\"><span itemprop=\"name\" title=\"Entradas\">Entradas<\/span><meta itemprop=\"position\" content=\"2\" \/><\/li>\t\t\t\t\t<\/ol>\n\t\t\t\t\t<div class=\"clearfix\"><\/div>\n\t\t\t\t<\/div>\n\t\t\t<\/div>\n\t\t\t\n\n\n\n<h1 class=\"wp-block-heading has-black-color has-text-color has-link-color wp-elements-fdbf82e0fbf11e751cfbf353d96e5e63\">Actividades extraescolares<\/h1>\n\n\n\n<ul class=\"wp-block-list has-black-color has-text-color has-link-color wp-elements-8f7897c622982b09e6e11c4286365da2\">\n<li class=\"has-medium-font-size\"><a href=\"https:\/\/site.educa.madrid.org\/ies.cardenalherrera.madrid\/index.php\/planes-y-proyectos\/bilinguismo\/viaje-de-inmersion-linguistica-de-2o-eso\/\" target=\"_blank\" rel=\"noreferrer noopener\">Viaje de inmersi\u00f3n ling\u00fc\u00edstica de 2\u00ba ESO.<\/a><\/li>\n\n\n\n<li class=\"has-medium-font-size\"><a href=\"https:\/\/site.educa.madrid.org\/ies.cardenalherrera.madrid\/?page_id=16668\" target=\"_blank\" rel=\"noreferrer noopener\">Viaje de inmersi\u00f3n ling\u00fc\u00edstica de 1\u00ba ESO.<\/a><\/li>\n\n\n\n<li class=\"has-medium-font-size\"><a href=\"https:\/\/site.educa.madrid.org\/ies.cardenalherrera.madrid\/?page_id=16741\" target=\"_blank\" rel=\"noreferrer noopener\">Viaje a Tenerife de 4\u00ba ESO.<\/a><\/li>\n<\/ul>\n\n\n\n<hr class=\"wp-block-separator has-alpha-channel-opacity\"\/>\n\n\n\n<h2 class=\"wp-block-heading has-black-color has-text-color has-link-color wp-elements-01b63d831a7d4483550b70d2362845eb\">Actividades realizadas<\/h2>\n\n\n<style type='text\/css' media='all'>#rt-tpg-container-3833905622 .rt-holder .rt-woo-info .price{color:#0367bf;}body .rt-tpg-container .rt-tpg-isotope-buttons .selected,\n\t\t\t\t\t#rt-tpg-container-3833905622 .layout12 .rt-holder:hover .rt-detail,\n\t\t\t\t\t#rt-tpg-container-3833905622 .isotope8 .rt-holder:hover .rt-detail,\n\t\t\t\t\t#rt-tpg-container-3833905622 .carousel8 .rt-holder:hover .rt-detail,\n\t\t\t\t\t#rt-tpg-container-3833905622 .layout13 .rt-holder .overlay .post-info,\n\t\t\t\t\t#rt-tpg-container-3833905622 .isotope9 .rt-holder .overlay .post-info,\n\t\t\t\t\t#rt-tpg-container-3833905622.rt-tpg-container .layout4 .rt-holder .rt-detail,\n\t\t\t\t\t.rt-modal-3833905622 .md-content,\n\t\t\t\t\t.rt-modal-3833905622 .md-content > .rt-md-content-holder .rt-md-content,\n\t\t\t\t\t.rt-popup-wrap-3833905622.rt-popup-wrap .rt-popup-navigation-wrap,\n\t\t\t\t\t#rt-tpg-container-3833905622 .carousel9 .rt-holder .overlay .post-info{background-color:#0367bf;}#rt-tpg-container-3833905622 .layout5 .rt-holder .overlay, #rt-tpg-container-3833905622 .isotope2 .rt-holder .overlay, #rt-tpg-container-3833905622 .carousel2 .rt-holder .overlay,#rt-tpg-container-3833905622 .layout15 .rt-holder h3, #rt-tpg-container-3833905622 .isotope11 .rt-holder h3, #rt-tpg-container-3833905622 .carousel11 .rt-holder h3, #rt-tpg-container-3833905622 .layout16 .rt-holder h3,\n\t\t\t\t\t#rt-tpg-container-3833905622 .isotope12 .rt-holder h3, #rt-tpg-container-3833905622 .carousel12 .rt-holder h3 {background-color:rgba(3,103,191,0.8);}#rt-tpg-container-3833905622 .pagination-list li a,\n\t\t\t\t\trt-tpg-container-3833905622 .pagination-list li span,\n\t\t\t\t\trt-tpg-container-3833905622 .pagination li a,\n\t\t\t\t\t#rt-tpg-container-3833905622 .rt-tpg-isotope-buttons button,\n\t\t\t\t\t#rt-tpg-container-3833905622 .rt-tpg-utility .rt-tpg-load-more button,\n\t\t\t\t\t#rt-tpg-container-3833905622.rt-tpg-container .swiper-navigation .slider-btn,\n\t\t\t\t\t#rt-tpg-container-3833905622.rt-tpg-container .swiper-pagination-bullet,\n\t\t\t\t\t#rt-tpg-container-3833905622 .wc1 .rt-holder .rt-img-holder .overlay .product-more ul li a,\n\t\t\t\t\t#rt-tpg-container-3833905622 .wc2 .rt-detail .rt-wc-add-to-cart,\n\t\t\t\t\t#rt-tpg-container-3833905622 .wc3 .rt-detail .rt-wc-add-to-cart,\n\t\t\t\t\t#rt-tpg-container-3833905622 .wc4 .rt-detail .rt-wc-add-to-cart,\n\t\t\t\t\t#rt-tpg-container-3833905622 .wc-carousel2 .rt-detail .rt-wc-add-to-cart,\n\t\t\t\t\t#rt-tpg-container-3833905622 .wc-isotope2 .rt-detail .rt-wc-add-to-cart,\n\t\t\t\t\t#rt-tpg-container-3833905622 .rt-layout-filter-container .rt-filter-wrap .rt-filter-item-wrap.rt-filter-dropdown-wrap .rt-filter-dropdown,\n\t\t\t\t\t#rt-tpg-container-3833905622 .rt-layout-filter-container .rt-filter-sub-tax.sub-button-group .rt-filter-button-item,\n\t\t\t\t\t#rt-tpg-container-3833905622.rt-tpg-container .rt-pagination-wrap .rt-page-numbers .paginationjs .paginationjs-pages ul li>a,\n\t\t\t\t\t#rt-tpg-container-3833905622 .rt-filter-item-wrap.rt-filter-button-wrap span.rt-filter-button-item,\n\t\t\t\t\t#rt-tpg-container-3833905622.rt-tpg-container .rt-pagination-wrap  .rt-loadmore-btn,\n\t\t\t\t\t#rt-tpg-container-3833905622.rt-tpg-container .rt-pagination-wrap .rt-cb-page-prev-next > *,\n\t\t\t\t\t#rt-tpg-container-3833905622 .rt-read-more,\n\t\t\t\t\t#rt-tooltip-3833905622, #rt-tooltip-3833905622 .rt-tooltip-bottom:after{background-color:#1e73be;}#rt-tpg-container-3833905622 .rt-filter-item-wrap.rt-filter-button-wrap span.rt-filter-button-item,\n\t\t\t\t\t#rt-tpg-container-3833905622 .rt-layout-filter-container .rt-filter-sub-tax.sub-button-group .rt-filter-button-item{border-color:#1e73be;}#rt-tpg-container-3833905622.rt-tpg-container .layout17 .rt-holder .overlay a.tpg-zoom .fa{color:#1e73be;}#rt-tpg-container-3833905622 .rt-holder .read-more a {background-color:#1e73be;padding: 8px 15px;}#rt-tpg-container-3833905622 .pagination-list li a:hover,\n\t\t\t\t\t#rt-tpg-container-3833905622 .pagination li a:hover,\n\t\t\t\t\t#rt-tpg-container-3833905622 .rt-tpg-isotope-buttons button:hover,\n\t\t\t\t\t#rt-tpg-container-3833905622 .rt-holder .read-more a:hover,\n\t\t\t\t\t#rt-tpg-container-3833905622 .rt-tpg-utility .rt-tpg-load-more button:hover,\n\t\t\t\t\t#rt-tpg-container-3833905622.rt-tpg-container .swiper-pagination-bullet:hover,\n\t\t\t\t\t#rt-tpg-container-3833905622.rt-tpg-container .swiper-navigation .slider-btn:hover,\n\t\t\t\t\t#rt-tpg-container-3833905622 .wc1 .rt-holder .rt-img-holder .overlay .product-more ul li a:hover,\n\t\t\t\t\t#rt-tpg-container-3833905622 .wc2 .rt-detail .rt-wc-add-to-cart:hover,\n\t\t\t\t\t#rt-tpg-container-3833905622 .wc3 .rt-detail .rt-wc-add-to-cart:hover,\n\t\t\t\t\t#rt-tpg-container-3833905622 .wc4 .rt-detail .rt-wc-add-to-cart:hover,\n\t\t\t\t\t#rt-tpg-container-3833905622 .wc-carousel2 .rt-detail .rt-wc-add-to-cart:hover,\n\t\t\t\t\t#rt-tpg-container-3833905622 .wc-isotope2 .rt-detail .rt-wc-add-to-cart:hover,\n\t\t\t\t\t#rt-tpg-container-3833905622 .rt-layout-filter-container .rt-filter-wrap .rt-filter-item-wrap.rt-filter-dropdown-wrap .rt-filter-dropdown .rt-filter-dropdown-item:hover,\n\t\t\t\t\t#rt-tpg-container-3833905622 .rt-layout-filter-container .rt-filter-wrap .rt-filter-item-wrap.rt-filter-dropdown-wrap .rt-filter-dropdown .rt-filter-dropdown-item.selected,\n\t\t\t\t\t#rt-tpg-container-3833905622 .rt-filter-item-wrap.rt-filter-button-wrap span.rt-filter-button-item:hover,\n\t\t\t\t\t#rt-tpg-container-3833905622 .rt-layout-filter-container .rt-filter-sub-tax.sub-button-group .rt-filter-button-item:hover,\n\t\t\t\t\t#rt-tpg-container-3833905622.rt-tpg-container .rt-pagination-wrap .rt-page-numbers .paginationjs .paginationjs-pages ul li>a:hover,\n\t\t\t\t\t#rt-tpg-container-3833905622.rt-tpg-container .rt-pagination-wrap .rt-cb-page-prev-next > *:hover,\n\t\t\t\t\t#rt-tpg-container-3833905622.rt-tpg-container .rt-pagination-wrap  .rt-loadmore-btn:hover,\n\t\t\t\t\t#rt-tpg-container-3833905622 .rt-read-more:hover,\n\t\t\t\t\t#rt-tpg-container-3833905622 .rt-tpg-utility .rt-tpg-load-more button:hover{background-color:#1e73be;}#rt-tpg-container-3833905622 .rt-filter-item-wrap.rt-filter-button-wrap span.rt-filter-button-item:hover,\n\t\t\t\t\t\t#rt-tpg-container-3833905622 .rt-layout-filter-container .rt-filter-sub-tax.sub-button-group .rt-filter-button-item:hover,\n\t\t\t\t\t\t#rt-tpg-container-3833905622.rt-tpg-container .swiper-navigation .slider-btn:hover,\n\t\t\t\t\t\t#rt-tpg-container-3833905622.rt-tpg-container .rt-pagination-wrap .rt-page-numbers .paginationjs .paginationjs-pages ul li>a:hover{border-color:#1e73be;}#rt-tpg-container-3833905622.rt-tpg-container .layout17 .rt-holder .overlay a.tpg-zoom:hover .fa{color:#1e73be;}#rt-tpg-container-3833905622 .pagination-list li a,\n\t\t\t\t\t#rt-tpg-container-3833905622 .pagination li a,\n\t\t\t\t\t#rt-tpg-container-3833905622 .rt-tpg-isotope-buttons button,\n\t\t\t\t\t#rt-tpg-container-3833905622 .rt-holder .read-more a,\n\t\t\t\t\t#rt-tpg-container-3833905622 .rt-tpg-utility .rt-tpg-load-more button,\n\t\t\t\t\t#rt-tpg-container-3833905622.rt-tpg-container .swiper-navigation .slider-btn,\n\t\t\t\t\t#rt-tpg-container-3833905622 .wc1 .rt-holder .rt-img-holder .overlay .product-more ul li a,\n\t\t\t\t\t#rt-tpg-container-3833905622 .edd1 .rt-holder .rt-img-holder .overlay .product-more ul li a,\n\t\t\t\t\t#rt-tpg-container-3833905622 .wc2 .rt-detail .rt-wc-add-to-cart,\n\t\t\t\t\t#rt-tpg-container-3833905622 .wc3 .rt-detail .rt-wc-add-to-cart,\n\t\t\t\t\t#rt-tpg-container-3833905622 .edd2 .rt-detail .rt-wc-add-to-cart,\n\t\t\t\t\t#rt-tpg-container-3833905622 .wc4 .rt-detail .rt-wc-add-to-cart,\n\t\t\t\t\t#rt-tpg-container-3833905622 .edd3 .rt-detail .rt-wc-add-to-cart,\n\t\t\t\t\t#rt-tpg-container-3833905622 .wc-carousel2 .rt-detail .rt-wc-add-to-cart,\n\t\t\t\t\t#rt-tpg-container-3833905622 .wc-isotope2 .rt-detail .rt-wc-add-to-cart,\n\t\t\t\t\t#rt-tpg-container-3833905622 .rt-tpg-utility .rt-tpg-load-more button,\n\t\t\t\t\t#rt-tooltip-3833905622,\n\t\t\t\t\t#rt-tpg-container-3833905622 .rt-filter-item-wrap.rt-filter-button-wrap span.rt-filter-button-item,\n\t\t\t\t\t#rt-tpg-container-3833905622 .rt-layout-filter-container .rt-filter-sub-tax.sub-button-group .rt-filter-button-item,\n\t\t\t\t\t#rt-tpg-container-3833905622 .rt-layout-filter-container .rt-filter-wrap .rt-filter-item-wrap.rt-sort-order-action,\n\t\t\t\t\t#rt-tpg-container-3833905622 .rt-layout-filter-container .rt-filter-wrap .rt-filter-item-wrap.rt-filter-dropdown-wrap .rt-filter-dropdown .rt-filter-dropdown-item,\n\t\t\t\t\t#rt-tpg-container-3833905622.rt-tpg-container .rt-pagination-wrap .rt-page-numbers .paginationjs .paginationjs-pages ul li>a,\n\t\t\t\t\t#rt-tpg-container-3833905622.rt-tpg-container .rt-pagination-wrap .rt-cb-page-prev-next > *,\n\t\t\t\t\t#rt-tpg-container-3833905622.rt-tpg-container .rt-pagination-wrap  .rt-loadmore-btn,\n\t\t\t\t\t#rt-tpg-container-3833905622 .rt-read-more,\n\t\t\t\t\t#rt-tooltip-3833905622 .rt-tooltip-bottom:after{color:#ffffff;}#rt-tpg-container-3833905622 .read-more a{border-radius:px;}#rt-tpg-container-3833905622 .rt-img-holder img.rt-img-responsive,#rt-tpg-container-3833905622 .rt-img-holder,\n\t\t\t\t\t#rt-tpg-container-3833905622 .rt-post-overlay .post-img,\n\t\t\t\t\t#rt-tpg-container-3833905622 .post-sm .post-img,\n\t\t\t\t\t#rt-tpg-container-3833905622 .rt-post-grid .post-img,\n\t\t\t\t\t#rt-tpg-container-3833905622 .post-img img {border-radius:px;}<\/style><div class='rt-container-fluid rt-tpg-container tpg-shortcode-main-wrapper ' id='rt-tpg-container-3833905622'   data-layout='layout2' data-grid-style='even' data-desktop-col='1'  data-tab-col='2'  data-mobile-col='1' data-sc-id='14779'><div data-title='Loading ...' class='rt-row rt-content-loader   layout2 tpg-even '><div class=\"rt-col-md-12 rt-col-sm-6 rt-col-xs-12 even-grid-item rt-grid-item\" data-id=\"18631\"><div class=\"rt-holder\"><div class=\"rt-row\"><div class='rt-col-sm-2 rt-col-xs-12 '><div class=\"rt-img-holder\"><a data-id='18631' class='' href='https:\/\/site.educa.madrid.org\/ies.cardenalherrera.madrid\/index.php\/2026\/05\/05\/feria-de-la-ciencia\/'><img loading=\"lazy\" decoding=\"async\" width=\"150\" height=\"150\" src=\"https:\/\/site.educa.madrid.org\/ies.cardenalherrera.madrid\/\/wp-content\/uploads\/ies.cardenalherrera.madrid\/2026\/05\/Logo-150x150.jpg\" class=\"rt-img-responsive \" alt=\"\" \/><\/a><\/div><\/div><div class='rt-col-sm-10 rt-col-xs-12 '><div class='rt-detail'><h3 class=\"entry-title\"><a data-id=\"18631\" class=\"\" href=\"https:\/\/site.educa.madrid.org\/ies.cardenalherrera.madrid\/index.php\/2026\/05\/05\/feria-de-la-ciencia\/\">Feria de la Ciencia<\/a><\/h3><div class='post-meta-user '><span class='date-meta'><i class='far fa-calendar-alt '><\/i>5 mayo, 2026<\/span><span class='author'><i class='fa fa-user '><\/i><a href=\"https:\/\/site.educa.madrid.org\/ies.cardenalherrera.madrid\/index.php\/author\/cuenta_tic-ies-cardenalherrera-madrid\/\">TIC I.E.S. Cardenal Herrera Oria<\/a><\/span><span class='categories-links'><i class='fas fa-folder-open '><\/i><a class=\"actividades\" href=\"https:\/\/site.educa.madrid.org\/ies.cardenalherrera.madrid\/index.php\/category\/actividades\/\" rel=\"tag\">Actividades<\/a><span class=\"rt-separator\">,<\/span><a class=\"extraescolares\" href=\"https:\/\/site.educa.madrid.org\/ies.cardenalherrera.madrid\/index.php\/category\/actividades\/extraescolares\/\" rel=\"tag\">Extraescolares<\/a><\/span><span class='post-tags-links'><i class='fa fa-tags '><\/i><a href=\"https:\/\/site.educa.madrid.org\/ies.cardenalherrera.madrid\/index.php\/tag\/stem\/\" rel=\"tag\">STEM<\/a><\/span><\/div><div class='tpg-excerpt'>El IES Cardenal Herrera Oria, como centro comprometido con la educaci\u00f3n STEM, ha celebrado con gran ilusi\u00f3n su Feria de la Ciencia, en la que se han presentado nueve proyectos...<\/div><span class='read-more '><a data-id='18631' class='' href='https:\/\/site.educa.madrid.org\/ies.cardenalherrera.madrid\/index.php\/2026\/05\/05\/feria-de-la-ciencia\/'>Leer m\u00e1s<\/a><\/span><\/div><\/div><\/div><\/div><\/div><div class=\"rt-col-md-12 rt-col-sm-6 rt-col-xs-12 even-grid-item rt-grid-item\" data-id=\"18618\"><div class=\"rt-holder\"><div class=\"rt-row\"><div class='rt-col-sm-2 rt-col-xs-12 '><div class=\"rt-img-holder\"><a data-id='18618' class='' href='https:\/\/site.educa.madrid.org\/ies.cardenalherrera.madrid\/index.php\/2026\/05\/03\/un-viaje-de-esqui-inolvidable\/'><img loading=\"lazy\" decoding=\"async\" width=\"150\" height=\"150\" src=\"https:\/\/site.educa.madrid.org\/ies.cardenalherrera.madrid\/\/wp-content\/uploads\/ies.cardenalherrera.madrid\/2026\/05\/Andorra-2-150x150.jpg\" class=\"rt-img-responsive \" alt=\"\" \/><\/a><\/div><\/div><div class='rt-col-sm-10 rt-col-xs-12 '><div class='rt-detail'><h3 class=\"entry-title\"><a data-id=\"18618\" class=\"\" href=\"https:\/\/site.educa.madrid.org\/ies.cardenalherrera.madrid\/index.php\/2026\/05\/03\/un-viaje-de-esqui-inolvidable\/\">\u00a1Un viaje de esqu\u00ed inolvidable!<\/a><\/h3><div class='post-meta-user '><span class='date-meta'><i class='far fa-calendar-alt '><\/i>3 mayo, 2026<\/span><span class='author'><i class='fa fa-user '><\/i><a href=\"https:\/\/site.educa.madrid.org\/ies.cardenalherrera.madrid\/index.php\/author\/cuenta_tic-ies-cardenalherrera-madrid\/\">TIC I.E.S. Cardenal Herrera Oria<\/a><\/span><span class='categories-links'><i class='fas fa-folder-open '><\/i><a class=\"actividades\" href=\"https:\/\/site.educa.madrid.org\/ies.cardenalherrera.madrid\/index.php\/category\/actividades\/\" rel=\"tag\">Actividades<\/a><span class=\"rt-separator\">,<\/span><a class=\"extraescolares\" href=\"https:\/\/site.educa.madrid.org\/ies.cardenalherrera.madrid\/index.php\/category\/actividades\/extraescolares\/\" rel=\"tag\">Extraescolares<\/a><\/span><span class='post-tags-links'><i class='fa fa-tags '><\/i><a href=\"https:\/\/site.educa.madrid.org\/ies.cardenalherrera.madrid\/index.php\/tag\/1obach\/\" rel=\"tag\">1\u00baBACH<\/a><span class=\"rt-separator\">,<\/span><a href=\"https:\/\/site.educa.madrid.org\/ies.cardenalherrera.madrid\/index.php\/tag\/andorra\/\" rel=\"tag\">Andorra<\/a><span class=\"rt-separator\">,<\/span><a href=\"https:\/\/site.educa.madrid.org\/ies.cardenalherrera.madrid\/index.php\/tag\/educacion-fisica\/\" rel=\"tag\">Educaci\u00f3n F\u00edsica<\/a><\/span><\/div><div class='tpg-excerpt'>\u00a1Andorra! El viaje de esqu\u00ed que se realiza todos los a\u00f1os en 1.\u00ba de Bachillerato; uno de los m\u00e1s esperados del Instituto y que, por fin, nos toc\u00f3 realizar a...<\/div><span class='read-more '><a data-id='18618' class='' href='https:\/\/site.educa.madrid.org\/ies.cardenalherrera.madrid\/index.php\/2026\/05\/03\/un-viaje-de-esqui-inolvidable\/'>Leer m\u00e1s<\/a><\/span><\/div><\/div><\/div><\/div><\/div><div class=\"rt-col-md-12 rt-col-sm-6 rt-col-xs-12 even-grid-item rt-grid-item\" data-id=\"18538\"><div class=\"rt-holder\"><div class=\"rt-row\"><div class='rt-col-sm-2 rt-col-xs-12 '><div class=\"rt-img-holder\"><a data-id='18538' class='' href='https:\/\/site.educa.madrid.org\/ies.cardenalherrera.madrid\/index.php\/2026\/04\/20\/mentes-brillantes-en-accion\/'><img loading=\"lazy\" decoding=\"async\" width=\"150\" height=\"150\" src=\"https:\/\/site.educa.madrid.org\/ies.cardenalherrera.madrid\/\/wp-content\/uploads\/ies.cardenalherrera.madrid\/2026\/04\/Logo-150x150.jpg\" class=\"rt-img-responsive \" alt=\"\" \/><\/a><\/div><\/div><div class='rt-col-sm-10 rt-col-xs-12 '><div class='rt-detail'><h3 class=\"entry-title\"><a data-id=\"18538\" class=\"\" href=\"https:\/\/site.educa.madrid.org\/ies.cardenalherrera.madrid\/index.php\/2026\/04\/20\/mentes-brillantes-en-accion\/\">\u00a1Mentes brillantes en acci\u00f3n!<\/a><\/h3><div class='post-meta-user '><span class='date-meta'><i class='far fa-calendar-alt '><\/i>20 abril, 2026<\/span><span class='author'><i class='fa fa-user '><\/i><a href=\"https:\/\/site.educa.madrid.org\/ies.cardenalherrera.madrid\/index.php\/author\/cuenta_tic-ies-cardenalherrera-madrid\/\">TIC I.E.S. Cardenal Herrera Oria<\/a><\/span><span class='categories-links'><i class='fas fa-folder-open '><\/i><a class=\"actividades\" href=\"https:\/\/site.educa.madrid.org\/ies.cardenalherrera.madrid\/index.php\/category\/actividades\/\" rel=\"tag\">Actividades<\/a><span class=\"rt-separator\">,<\/span><a class=\"extraescolares\" href=\"https:\/\/site.educa.madrid.org\/ies.cardenalherrera.madrid\/index.php\/category\/actividades\/extraescolares\/\" rel=\"tag\">Extraescolares<\/a><\/span><span class='post-tags-links'><i class='fa fa-tags '><\/i><a href=\"https:\/\/site.educa.madrid.org\/ies.cardenalherrera.madrid\/index.php\/tag\/concurso-de-primavera\/\" rel=\"tag\">Concurso de Primavera<\/a><span class=\"rt-separator\">,<\/span><a href=\"https:\/\/site.educa.madrid.org\/ies.cardenalherrera.madrid\/index.php\/tag\/matematicas\/\" rel=\"tag\">Matem\u00e1ticas<\/a><\/span><\/div><div class='tpg-excerpt'>El pasado s\u00e1bado 18 de abril, un entusiasta grupo de 9 alumnos de nuestro Instituto nos represent\u00f3 en la XXIX edici\u00f3n del Concurso de Primavera de Matem\u00e1ticas, celebrada en la...<\/div><span class='read-more '><a data-id='18538' class='' href='https:\/\/site.educa.madrid.org\/ies.cardenalherrera.madrid\/index.php\/2026\/04\/20\/mentes-brillantes-en-accion\/'>Leer m\u00e1s<\/a><\/span><\/div><\/div><\/div><\/div><\/div><div class=\"rt-col-md-12 rt-col-sm-6 rt-col-xs-12 even-grid-item rt-grid-item\" data-id=\"18535\"><div class=\"rt-holder\"><div class=\"rt-row\"><div class='rt-col-sm-2 rt-col-xs-12 '><div class=\"rt-img-holder\"><a data-id='18535' class='' href='https:\/\/site.educa.madrid.org\/ies.cardenalherrera.madrid\/index.php\/2026\/04\/20\/jornada-de-puertas-abiertas-ciudad-escolar\/'><img loading=\"lazy\" decoding=\"async\" width=\"150\" height=\"120\" src=\"https:\/\/site.educa.madrid.org\/ies.cardenalherrera.madrid\/\/wp-content\/uploads\/ies.cardenalherrera.madrid\/2026\/04\/Logo-CiudadEscolar-150x120.jpg\" class=\"rt-img-responsive \" alt=\"\" \/><\/a><\/div><\/div><div class='rt-col-sm-10 rt-col-xs-12 '><div class='rt-detail'><h3 class=\"entry-title\"><a data-id=\"18535\" class=\"\" href=\"https:\/\/site.educa.madrid.org\/ies.cardenalherrera.madrid\/index.php\/2026\/04\/20\/jornada-de-puertas-abiertas-ciudad-escolar\/\">Jornada de Puertas Abiertas Ciudad Escolar<\/a><\/h3><div class='post-meta-user '><span class='date-meta'><i class='far fa-calendar-alt '><\/i>20 abril, 2026<\/span><span class='author'><i class='fa fa-user '><\/i><a href=\"https:\/\/site.educa.madrid.org\/ies.cardenalherrera.madrid\/index.php\/author\/cuenta_tic-ies-cardenalherrera-madrid\/\">TIC I.E.S. Cardenal Herrera Oria<\/a><\/span><span class='categories-links'><i class='fas fa-folder-open '><\/i><a class=\"actividades\" href=\"https:\/\/site.educa.madrid.org\/ies.cardenalherrera.madrid\/index.php\/category\/actividades\/\" rel=\"tag\">Actividades<\/a><span class=\"rt-separator\">,<\/span><a class=\"extraescolares\" href=\"https:\/\/site.educa.madrid.org\/ies.cardenalherrera.madrid\/index.php\/category\/actividades\/extraescolares\/\" rel=\"tag\">Extraescolares<\/a><\/span><span class='post-tags-links'><i class='fa fa-tags '><\/i><a href=\"https:\/\/site.educa.madrid.org\/ies.cardenalherrera.madrid\/index.php\/tag\/orientacion\/\" rel=\"tag\">orientaci\u00f3n<\/a><\/span><\/div><div class='tpg-excerpt'>El pasado jueves 16 de abril, algunos alumnos de 3.\u00ba y 4.\u00ba de la ESO asistieron a la Jornada de Puertas Abiertas para recibir, de primera mano, informaci\u00f3n sobre algunos...<\/div><span class='read-more '><a data-id='18535' class='' href='https:\/\/site.educa.madrid.org\/ies.cardenalherrera.madrid\/index.php\/2026\/04\/20\/jornada-de-puertas-abiertas-ciudad-escolar\/'>Leer m\u00e1s<\/a><\/span><\/div><\/div><\/div><\/div><\/div><div class=\"rt-col-md-12 rt-col-sm-6 rt-col-xs-12 even-grid-item rt-grid-item\" data-id=\"18505\"><div class=\"rt-holder\"><div class=\"rt-row\"><div class='rt-col-sm-2 rt-col-xs-12 '><div class=\"rt-img-holder\"><a data-id='18505' class='' href='https:\/\/site.educa.madrid.org\/ies.cardenalherrera.madrid\/index.php\/2026\/04\/12\/inmersion-linguistica-en-navacerrada\/'><img loading=\"lazy\" decoding=\"async\" width=\"150\" height=\"150\" src=\"https:\/\/site.educa.madrid.org\/ies.cardenalherrera.madrid\/\/wp-content\/uploads\/ies.cardenalherrera.madrid\/2026\/04\/LogoNava-150x150.jpg\" class=\"rt-img-responsive \" alt=\"\" \/><\/a><\/div><\/div><div class='rt-col-sm-10 rt-col-xs-12 '><div class='rt-detail'><h3 class=\"entry-title\"><a data-id=\"18505\" class=\"\" href=\"https:\/\/site.educa.madrid.org\/ies.cardenalherrera.madrid\/index.php\/2026\/04\/12\/inmersion-linguistica-en-navacerrada\/\">Inmersi\u00f3n Ling\u00fc\u00edstica en Navacerrada<\/a><\/h3><div class='post-meta-user '><span class='date-meta'><i class='far fa-calendar-alt '><\/i>12 abril, 2026<\/span><span class='author'><i class='fa fa-user '><\/i><a href=\"https:\/\/site.educa.madrid.org\/ies.cardenalherrera.madrid\/index.php\/author\/cuenta_tic-ies-cardenalherrera-madrid\/\">TIC I.E.S. Cardenal Herrera Oria<\/a><\/span><span class='categories-links'><i class='fas fa-folder-open '><\/i><a class=\"actividades\" href=\"https:\/\/site.educa.madrid.org\/ies.cardenalherrera.madrid\/index.php\/category\/actividades\/\" rel=\"tag\">Actividades<\/a><span class=\"rt-separator\">,<\/span><a class=\"extraescolares\" href=\"https:\/\/site.educa.madrid.org\/ies.cardenalherrera.madrid\/index.php\/category\/actividades\/extraescolares\/\" rel=\"tag\">Extraescolares<\/a><\/span><span class='post-tags-links'><i class='fa fa-tags '><\/i><a href=\"https:\/\/site.educa.madrid.org\/ies.cardenalherrera.madrid\/index.php\/tag\/1eso\/\" rel=\"tag\">1ESO<\/a><span class=\"rt-separator\">,<\/span><a href=\"https:\/\/site.educa.madrid.org\/ies.cardenalherrera.madrid\/index.php\/tag\/inmersion\/\" rel=\"tag\">Inmersi\u00f3n<\/a><\/span><\/div><div class='tpg-excerpt'>Los alumnos de 1.\u00ba ESO han disfrutado de tres maravillosos d\u00edas de naturaleza, deporte, ciencia y convivencia en Navacerrada. Y todo en ingl\u00e9s. Desde la llegada hasta la despedida hemos...<\/div><span class='read-more '><a data-id='18505' class='' href='https:\/\/site.educa.madrid.org\/ies.cardenalherrera.madrid\/index.php\/2026\/04\/12\/inmersion-linguistica-en-navacerrada\/'>Leer m\u00e1s<\/a><\/span><\/div><\/div><\/div><\/div><\/div><\/div><\/div>\n","protected":false},"excerpt":{"rendered":"<p>Actividades extraescolares Actividades realizadas<\/p>\n","protected":false},"author":2,"featured_media":0,"parent":742,"menu_order":20,"comment_status":"closed","ping_status":"closed","template":"template-fullwidth.php","meta":{"footnotes":""},"folder":[],"class_list":["post-1311","page","type-page","status-publish","hentry"],"rttpg_featured_image_url":null,"rttpg_author":{"display_name":"TIC I.E.S. Cardenal Herrera Oria","author_link":"https:\/\/site.educa.madrid.org\/ies.cardenalherrera.madrid\/index.php\/author\/cuenta_tic-ies-cardenalherrera-madrid\/"},"rttpg_comment":0,"rttpg_category":"","rttpg_excerpt":"Actividades extraescolares Actividades realizadas","post_mailing_queue_ids":[],"_links":{"self":[{"href":"https:\/\/site.educa.madrid.org\/ies.cardenalherrera.madrid\/index.php\/wp-json\/wp\/v2\/pages\/1311","targetHints":{"allow":["GET"]}}],"collection":[{"href":"https:\/\/site.educa.madrid.org\/ies.cardenalherrera.madrid\/index.php\/wp-json\/wp\/v2\/pages"}],"about":[{"href":"https:\/\/site.educa.madrid.org\/ies.cardenalherrera.madrid\/index.php\/wp-json\/wp\/v2\/types\/page"}],"author":[{"embeddable":true,"href":"https:\/\/site.educa.madrid.org\/ies.cardenalherrera.madrid\/index.php\/wp-json\/wp\/v2\/users\/2"}],"replies":[{"embeddable":true,"href":"https:\/\/site.educa.madrid.org\/ies.cardenalherrera.madrid\/index.php\/wp-json\/wp\/v2\/comments?post=1311"}],"version-history":[{"count":16,"href":"https:\/\/site.educa.madrid.org\/ies.cardenalherrera.madrid\/index.php\/wp-json\/wp\/v2\/pages\/1311\/revisions"}],"predecessor-version":[{"id":18024,"href":"https:\/\/site.educa.madrid.org\/ies.cardenalherrera.madrid\/index.php\/wp-json\/wp\/v2\/pages\/1311\/revisions\/18024"}],"up":[{"embeddable":true,"href":"https:\/\/site.educa.madrid.org\/ies.cardenalherrera.madrid\/index.php\/wp-json\/wp\/v2\/pages\/742"}],"wp:attachment":[{"href":"https:\/\/site.educa.madrid.org\/ies.cardenalherrera.madrid\/index.php\/wp-json\/wp\/v2\/media?parent=1311"}],"wp:term":[{"taxonomy":"folder","embeddable":true,"href":"https:\/\/site.educa.madrid.org\/ies.cardenalherrera.madrid\/index.php\/wp-json\/wp\/v2\/folder?post=1311"}],"curies":[{"name":"wp","href":"https:\/\/api.w.org\/{rel}","templated":true}]}}