{"id":1313,"date":"2020-12-17T23:01:01","date_gmt":"2020-12-17T23:01:01","guid":{"rendered":"https:\/\/site.educa.madrid.org\/ies.cardenalherrera.madrid\/?page_id=1313"},"modified":"2026-05-03T10:48:12","modified_gmt":"2026-05-03T08:48:12","slug":"admision","status":"publish","type":"page","link":"https:\/\/site.educa.madrid.org\/ies.cardenalherrera.madrid\/index.php\/secretaria\/admision\/","title":{"rendered":"Admisi\u00f3n"},"content":{"rendered":"\t\t\t<!-- Flexy Breadcrumb -->\n\t\t\t<div class=\"fbc fbc-page\">\n\n\t\t\t\t<!-- Breadcrumb wrapper -->\n\t\t\t\t<div class=\"fbc-wrap\">\n\n\t\t\t\t\t<!-- Ordered list-->\n\t\t\t\t\t<ol class=\"fbc-items\" itemscope itemtype=\"https:\/\/schema.org\/BreadcrumbList\">\n\t\t\t\t\t\t            <li itemprop=\"itemListElement\" itemscope itemtype=\"https:\/\/schema.org\/ListItem\">\n                <span itemprop=\"name\">\n                    <!-- Home Link -->\n                    <a itemprop=\"item\" href=\"https:\/\/site.educa.madrid.org\/ies.cardenalherrera.madrid\">\n                    \n                                                    <i class=\"fa fa-home\" aria-hidden=\"true\"><\/i>Inicio                    <\/a>\n                <\/span>\n                <meta itemprop=\"position\" content=\"1\" \/><!-- Meta Position-->\n             <\/li><li><span class=\"fbc-separator\">\/<\/span><\/li><li class=\"active\" itemprop=\"itemListElement\" itemscope itemtype=\"https:\/\/schema.org\/ListItem\"><span itemprop=\"name\" title=\"Entradas\">Entradas<\/span><meta itemprop=\"position\" content=\"2\" \/><\/li>\t\t\t\t\t<\/ol>\n\t\t\t\t\t<div class=\"clearfix\"><\/div>\n\t\t\t\t<\/div>\n\t\t\t<\/div>\n\t\t\t\n\n\n\n<div class=\"wp-block-columns is-layout-flex wp-container-core-columns-is-layout-9d6595d7 wp-block-columns-is-layout-flex\">\n<div class=\"wp-block-column is-layout-flow wp-block-column-is-layout-flow\" style=\"flex-basis:66.66%\">\n<h1 class=\"wp-block-heading has-text-align-center\" style=\"font-size:41px\">Proceso de admisi\u00f3n 2026\/2027<\/h1>\n\n\n\n<div class=\"wp-block-mediateca-bloque-mediateca align wide\"><iframe loading=\"lazy\" src=\"https:\/\/mediateca.educa.madrid.org\/video\/yyoh9h8b6ebo9ybq\/fs\" width=\"420\" height=\"315\" frameborder=\"0\" scrolling=\"no\" style=\"border:0;overflow:hidden\" allowfullscreen=\"\"><\/iframe><\/div>\n\n\n\n<p class=\"has-text-align-center\">V\u00eddeo sobre el proceso de admisi\u00f3n publicado por la Comunidad de Madrid.<\/p>\n\n\n\n<div style=\"height:50px\" aria-hidden=\"true\" class=\"wp-block-spacer\"><\/div>\n\n\n\n<h3 class=\"wp-block-heading has-white-color has-vivid-cyan-blue-background-color has-text-color has-background\"><mark style=\"background-color:#0693e3\" class=\"has-inline-color has-white-color\">NORMATIVA<\/mark><\/h3>\n\n\n\n<p class=\"has-black-color has-text-color\">Toda la informaci\u00f3n de la Comunidad de Madrid sobre el proceso de admisi\u00f3n se puede encontrar en el siguiente enlace:<\/p>\n\n\n\n<p><\/p>\n\n\n\n<p class=\"has-text-align-center has-vivid-red-color has-text-color has-medium-font-size\"><strong><a href=\"https:\/\/www.comunidad.madrid\/servicios\/educacion\/solicita-tu-admision-educacion-infantil-obligatoria-bachillerato\" target=\"_blank\" rel=\"noreferrer noopener\"><mark style=\"background-color:#cf2e2e\" class=\"has-inline-color has-white-color\">ENLACE ADMISI\u00d3N 2026\/2027 COMUNIDAD DE MADRID<\/mark><\/a><\/strong><\/p>\n\n\n\n<p class=\"has-text-align-center has-luminous-vivid-amber-color has-text-color has-medium-font-size\"><a href=\"https:\/\/site.educa.madrid.org\/ies.cardenalherrera.madrid\/\/wp-content\/uploads\/ies.cardenalherrera.madrid\/2026\/01\/BOCM-20251209-19.pdf\"><strong><mark style=\"background-color:#ffffff\" class=\"has-inline-color has-black-color\">&#8212;Avance admisi\u00f3n 2026\/2027 BOCM&#8212;<\/mark><\/strong><\/a><\/p>\n\n\n\n<p class=\"has-text-align-center has-luminous-vivid-amber-color has-text-color has-medium-font-size\"><strong><mark style=\"background-color:#fcb900\" class=\"has-inline-color has-white-color\"> <\/mark><\/strong><a href=\"https:\/\/www.comunidad.madrid\/sites\/default\/files\/hoja_informativa_regimen_general_2026-27.pdf\"><strong><mark style=\"background-color:#fcb900\" class=\"has-inline-color has-white-color\"> <strong>PROCESO ADMISI\u00d3N 2026\/2027  <\/strong><\/mark><\/strong><\/a><\/p>\n\n\n\n<p><\/p>\n\n\n\n<h3 class=\"wp-block-heading has-white-color has-vivid-cyan-blue-background-color has-text-color has-background\"><mark style=\"background-color:#0693e3\" class=\"has-inline-color has-white-color\">BAREMO<\/mark><\/h3>\n\n\n\n<div style=\"height:25px\" aria-hidden=\"true\" class=\"wp-block-spacer\"><\/div>\n\n\n\n<p class=\"has-text-align-center has-vivid-cyan-blue-color has-text-color has-link-color has-medium-font-size wp-elements-bd83e9bc7055bb6c7ad13a2e1f4decdc\"><strong><mark style=\"background-color:rgba(0, 0, 0, 0)\" class=\"has-inline-color has-vivid-cyan-blue-color\"><a href=\"https:\/\/site.educa.madrid.org\/ies.cardenalherrera.madrid\/\/wp-content\/uploads\/ies.cardenalherrera.madrid\/2026\/01\/Criterios-baremacion-solicitudes-2026_2027.pdf\" target=\"_blank\" rel=\"noreferrer noopener\">CRITERIO DE BAREMACI\u00d3N DE SOLICITUDES 2026\/2027<\/a><\/mark><\/strong><\/p>\n\n\n\n<div style=\"height:35px\" aria-hidden=\"true\" class=\"wp-block-spacer\"><\/div>\n\n\n\n<p class=\"has-text-align-center has-vivid-cyan-blue-color has-text-color has-link-color has-medium-font-size wp-elements-71d794b6af157cc7f371271933ddca7f\"><strong><mark style=\"background-color:rgba(0, 0, 0, 0)\" class=\"has-inline-color has-vivid-cyan-blue-color\"><a href=\"https:\/\/site.educa.madrid.org\/ies.cardenalherrera.madrid\/\/wp-content\/uploads\/ies.cardenalherrera.madrid\/2026\/01\/Baremo-admision-ESO-2026_2027.pdf\" target=\"_blank\" rel=\"noreferrer noopener\">BAREMO ADMISI\u00d3N ESO 2026\/2027<\/a><\/mark><\/strong><\/p>\n\n\n\n<div style=\"height:31px\" aria-hidden=\"true\" class=\"wp-block-spacer\"><\/div>\n\n\n\n<p class=\"has-text-align-center has-vivid-cyan-blue-color has-text-color has-link-color has-medium-font-size wp-elements-02aca1c9e59f0221514faea811634ef7\"><strong><mark style=\"background-color:rgba(0, 0, 0, 0)\" class=\"has-inline-color has-vivid-cyan-blue-color\"><a href=\"https:\/\/site.educa.madrid.org\/ies.cardenalherrera.madrid\/\/wp-content\/uploads\/ies.cardenalherrera.madrid\/2026\/01\/Baremo-admision-BACHILLERATO-2026_2027.pdf\" target=\"_blank\" rel=\"noreferrer noopener\">BAREMO ADMISI\u00d3N BACHILLERATO 2026\/2027<\/a><\/mark><\/strong><\/p>\n\n\n\n<div style=\"height:58px\" aria-hidden=\"true\" class=\"wp-block-spacer\"><\/div>\n\n\n\n<h3 class=\"wp-block-heading has-text-align-left has-white-color has-vivid-cyan-blue-background-color has-text-color has-background\"><mark style=\"background-color:#0693e3\" class=\"has-inline-color has-white-color\">INSTRUCCIONES Y CALENDARIO ADMISI\u00d3N CURSO 2026\/2027 <\/mark><\/h3>\n\n\n\n<div style=\"height:20px\" aria-hidden=\"true\" class=\"wp-block-spacer\"><\/div>\n\n\n\n<p class=\"has-text-align-center has-vivid-cyan-blue-color has-text-color has-link-color has-medium-font-size wp-elements-1c22e6280c6140cc9c9b7bc20142967f\"><strong><mark style=\"background-color:rgba(0, 0, 0, 0)\" class=\"has-inline-color has-vivid-cyan-blue-color\"><a href=\"https:\/\/site.educa.madrid.org\/ies.cardenalherrera.madrid\/\/wp-content\/uploads\/ies.cardenalherrera.madrid\/2026\/01\/Instrucciones-Admision-2026_2027.pdf\" target=\"_blank\" rel=\"noreferrer noopener\">INSTRUCCIONES ADMISI\u00d3N 2026\/2027<\/a><\/mark><\/strong><\/p>\n\n\n\n<div style=\"height:20px\" aria-hidden=\"true\" class=\"wp-block-spacer\"><\/div>\n\n\n\n<p class=\"has-text-align-center has-vivid-cyan-blue-color has-text-color has-link-color has-medium-font-size wp-elements-ea9380405059d5400910dec7e771c28e\"><strong><mark style=\"background-color:rgba(0, 0, 0, 0)\" class=\"has-inline-color has-vivid-cyan-blue-color\"><a href=\"https:\/\/site.educa.madrid.org\/ies.cardenalherrera.madrid\/\/wp-content\/uploads\/ies.cardenalherrera.madrid\/2026\/01\/Calendario-admision-2026_2027.pdf\" target=\"_blank\" rel=\"noreferrer noopener\">CALENDARIO ADMISI\u00d3N 2026\/2027<\/a><\/mark><\/strong><\/p>\n\n\n\n<div style=\"height:20px\" aria-hidden=\"true\" class=\"wp-block-spacer\"><\/div>\n\n\n\n<p class=\"has-text-align-center has-vivid-cyan-blue-color has-text-color has-link-color has-medium-font-size wp-elements-60edd5cfed37feb2c17b030fd8fbd50d\"><strong><mark style=\"background-color:rgba(0, 0, 0, 0)\" class=\"has-inline-color has-vivid-cyan-blue-color\"><a href=\"https:\/\/site.educa.madrid.org\/ies.cardenalherrera.madrid\/\/wp-content\/uploads\/ies.cardenalherrera.madrid\/2025\/03\/Anexo_I_Vacantes-ofertadas_2025_2026.pdf\" target=\"_blank\" rel=\"noreferrer noopener\">VACANTES CURSO 2026\/2027<\/a><\/mark><\/strong><\/p>\n\n\n\n<div style=\"height:20px\" aria-hidden=\"true\" class=\"wp-block-spacer\"><\/div>\n\n\n\n<figure class=\"wp-block-table is-style-stripes\"><table class=\"has-black-color has-text-color has-link-color\"><thead><tr><th class=\"has-text-align-left\" data-align=\"left\"><\/th><th><\/th><\/tr><\/thead><tbody><tr><td class=\"has-text-align-left\" data-align=\"left\"><strong>Plazo de presentaci\u00f3n de solicitudes para el proceso de admisi\u00f3n<\/strong>.<br>Las solicitudes se presentar\u00e1n con car\u00e1cter general de forma telem\u00e1tica:<br>                  <a rel=\"noreferrer noopener\" href=\"https:\/\/raices.madrid.org\/secretariavirtual\/\" target=\"_blank\"><mark style=\"background-color:rgba(0, 0, 0, 0)\" class=\"has-inline-color has-vivid-red-color\"><strong>ENLACE A LA SECRETAR\u00cdA VIRTUAL<\/strong><br><\/mark><\/a><br>En caso de dificultad o imposibilidad t\u00e9cnica se podr\u00e1n presentar en el primer centro incluido en la solicitud.<br>En el caso de las solicitudes de alumnos que presentan o pudieran presentar NEE, los centros las derivan al SAE correspondiente.<br>Los centros graban las solicitudes entregadas excepcionalmente de forma presencial a medida que las van recibiendo.<\/td><td>11 al 25 de marzo de 2026<\/td><\/tr><tr><td class=\"has-text-align-left\" data-align=\"left\"><br><strong>Listados provisionales alumnos solicitantes en primera opci\u00f3n<\/strong><br>Se hacen p\u00fablicos a trav\u00e9s de la Secretar\u00eda Virtual los listados provisionales de todos los alumnos que han solicitado el centro en primera opci\u00f3n. Los SAE responsables de la escolarizaci\u00f3n de los alumnos con NEE elaboran el listado de solicitudes de admisi\u00f3n recibidas para dicho perfil.<br><br><\/td><td>14 de abril<br>de 2026<\/td><\/tr><tr><td class=\"has-text-align-left\" data-align=\"left\"><strong>Reclamaciones a los listados provisionales<\/strong><br>Plazo de reclamaciones a trav\u00e9s de la Secretar\u00eda Virtual o de forma presencial, a los listados provisionales de alumnos solicitantes. Las reclamaciones surtir\u00e1n efecto a trav\u00e9s de la publicaci\u00f3n del listado provisional de solicitudes baremadas.<\/td><td>15, 16 y 17 de abril de 2026<\/td><\/tr><tr><td class=\"has-text-align-left\" data-align=\"left\"><br><strong>Listados provisionales de puntuaci\u00f3n<\/strong><br>Se hace p\u00fablica a trav\u00e9s de la Secretar\u00eda Virtual la informaci\u00f3n provisional con la puntuaci\u00f3n obtenida por los solicitantes de plazas ordinarias que incluir\u00e1 el resultado de las reclamaciones presentadas al listado de solicitantes. La puntuaci\u00f3n de cada solicitud incluir\u00e1 la correspondiente al centro solicitado en primera opci\u00f3n as\u00ed como en todas las opciones solicitadas.<br><br><\/td><td>23 de abril de<br>2026<\/td><\/tr><tr><td class=\"has-text-align-left\" data-align=\"left\"><strong>Reclamaciones a los listados provisionales de puntuaci\u00f3n<\/strong><br>Plazo de reclamaciones a trav\u00e9s de la Secretar\u00eda Virtual o de forma presencial, a los listados provisionales de puntuaci\u00f3n obtenida en cada centro incluido en las solicitudes ordinarias de admisi\u00f3n.<\/td><td>24, 27 y 28 de abril de 2026<\/td><\/tr><tr><td class=\"has-text-align-left\" data-align=\"left\"><br><strong>Listados definitivos de puntuaci\u00f3n<\/strong><br>Publicaci\u00f3n del listado definitivo de puntuaci\u00f3n de solicitudes ordinarias baremadas una vez revisadas las reclamaciones recibidas.<br><br><\/td><td>7 de mayo de 2026<\/td><\/tr><tr><td class=\"has-text-align-left\" data-align=\"left\"><br><strong>Listado de alumnos admitidos en cada centro <\/strong><br>Se hace p\u00fablica a trav\u00e9s de la <strong>Secretar\u00eda Virtua<\/strong>l la informaci\u00f3n sobre los alumnos admitidos en cada centro ya sean solicitantes de primera opci\u00f3n o solicitantes en otras opciones que hayan obtenido plaza.<br><\/td><td>27 de mayo de 2026<\/td><\/tr><tr><td class=\"has-text-align-left\" data-align=\"left\"><br><strong>Plazo presentaci\u00f3n solicitudes complementarias<\/strong><br>Plazo voluntario para realizar solicitud complementaria de centros ante el SAE que corresponda para alumnos ordinarios que hayan participado en el proceso de admisi\u00f3n, no hayan obtenido plaza escolar en ninguno de los centros solicitados y hayan de ser escolarizados para el curso 2024\/2025.<br><br><\/td><td>28 y 29 de mayo de 2026<\/td><\/tr><tr><td class=\"has-text-align-left\" data-align=\"left\"><strong>Plazo de matriculaci\u00f3n en los centros de Educaci\u00f3n Secundaria<\/strong><\/td><td>11 de junio a 3<br>de julio de<br>2026<\/td><\/tr><\/tbody><\/table><\/figure>\n\n\n\n<div class=\"wp-block-columns is-layout-flex wp-container-core-columns-is-layout-9d6595d7 wp-block-columns-is-layout-flex\">\n<div class=\"wp-block-column is-layout-flow wp-block-column-is-layout-flow\"><\/div>\n<\/div>\n<\/div>\n\n\n\n<div class=\"wp-block-column is-layout-flow wp-block-column-is-layout-flow\" style=\"flex-basis:33.33%\">\n<h2 class=\"wp-block-heading\">Enlaces de inter\u00e9s<\/h2>\n\n\n\n<ul class=\"wp-block-list\">\n<li><a href=\"https:\/\/site.educa.madrid.org\/ies.cardenalherrera.madrid\/index.php\/planes-y-proyectos\/proyecto-educativo\/\">Proyecto Educativo del Centro.<\/a><\/li>\n\n\n\n<li><a href=\"https:\/\/site.educa.madrid.org\/ies.cardenalherrera.madrid\/index.php\/planes-y-proyectos\/plan-de-convivencia\/\">Plan de Convivencia.<\/a><\/li>\n\n\n\n<li><a href=\"https:\/\/site.educa.madrid.org\/ies.cardenalherrera.madrid\/index.php\/planes-y-proyectos\/\">Programas educativos.<\/a><\/li>\n\n\n\n<li><a href=\"https:\/\/site.educa.madrid.org\/ies.cardenalherrera.madrid\/index.php\/servicios-y-actividades\/actividades-extraescolares\/\">Actividades Extraescolares.<\/a><\/li>\n\n\n\n<li><a href=\"#jornada\">Jornada escolar<\/a>.<\/li>\n\n\n\n<li><a href=\"#vacantes\">Oferta de vacantes.<\/a><\/li>\n\n\n\n<li><a href=\"#adscritos\">Relaci\u00f3n de centros adscritos.<\/a><\/li>\n\n\n\n<li><a href=\"#criterios\">Baremo: criterio de asignaci\u00f3n del punto complementario del centro.<\/a><\/li>\n\n\n\n<li><a href=\"#sae\">Servicio de Apoyo a la Escolarizaci\u00f3n: SAE 1.<\/a><\/li>\n<\/ul>\n\n\n\n<hr class=\"wp-block-separator has-css-opacity is-style-wide\"\/>\n\n\n\n<h3 class=\"wp-block-heading has-text-align-center\" id=\"secretaria\"><a rel=\"noreferrer noopener\" href=\"https:\/\/raices.madrid.org\/secretariavirtual\/\" target=\"_blank\">Secretar\u00eda virtual<\/a>:<\/h3>\n\n\n<div class=\"wp-block-image\">\n<figure class=\"aligncenter size-large is-resized\"><a href=\"https:\/\/raices.madrid.org\/secretariavirtual\/\" target=\"_blank\" rel=\"noopener noreferrer\"><img loading=\"lazy\" decoding=\"async\" width=\"349\" height=\"205\" src=\"https:\/\/site.educa.madrid.org\/ies.cardenalherrera.madrid\/\/wp-content\/uploads\/ies.cardenalherrera.madrid\/2020\/12\/logoRAICES_blanco.png\" alt=\"\" class=\"wp-image-1509\" style=\"width:175px;height:103px\" srcset=\"https:\/\/site.educa.madrid.org\/ies.cardenalherrera.madrid\/\/wp-content\/uploads\/ies.cardenalherrera.madrid\/2020\/12\/logoRAICES_blanco.png 349w, https:\/\/site.educa.madrid.org\/ies.cardenalherrera.madrid\/\/wp-content\/uploads\/ies.cardenalherrera.madrid\/2020\/12\/logoRAICES_blanco-300x176.png 300w\" sizes=\"auto, (max-width: 349px) 100vw, 349px\" \/><\/a><\/figure>\n<\/div>\n\n\n<hr class=\"wp-block-separator has-css-opacity is-style-wide\"\/>\n\n\n\n<h3 class=\"wp-block-heading has-text-align-center\" id=\"comunidad\"><a href=\"https:\/\/www.comunidad.madrid\/servicios\/educacion\/solicita-tu-admision-educacion-infantil-obligatoria-bachillerato#solicitud-admision-segundo-ciclo-educacion-infantil-primaria-educacion-especial-educacion-secundaria-obligatoria-bachillerato\" target=\"_blank\" rel=\"noreferrer noopener\">Informaci\u00f3n admisi\u00f3n<\/a>:<\/h3>\n\n\n<div class=\"wp-block-image\">\n<figure class=\"aligncenter size-large is-resized\"><a href=\"https:\/\/www.comunidad.madrid\/servicios\/educacion\/solicita-tu-admision-educacion-infantil-obligatoria-bachillerato#solicitud-admision-segundo-ciclo-educacion-infantil-primaria-educacion-especial-educacion-secundaria-obligatoria-bachillerato\" target=\"_blank\" rel=\"noopener noreferrer\"><img loading=\"lazy\" decoding=\"async\" width=\"185\" height=\"240\" src=\"https:\/\/site.educa.madrid.org\/ies.cardenalherrera.madrid\/\/wp-content\/uploads\/ies.cardenalherrera.madrid\/2020\/12\/Logotipo_del_Gobierno_de_la_Comunidad_de_Madrid.svg_.png\" alt=\"\" class=\"wp-image-1520\" style=\"width:93px;height:120px\"\/><\/a><\/figure>\n<\/div>\n\n\n<hr class=\"wp-block-separator has-css-opacity is-style-wide\"\/>\n\n\n\n<h3 class=\"wp-block-heading has-text-align-center\" id=\"sae\"><a href=\"https:\/\/site.educa.madrid.org\/ies.cardenalherrera.madrid\/\/wp-content\/uploads\/ies.cardenalherrera.madrid\/2026\/02\/SAECentralizadoDatosActualizados.pdf\">Servicio apoyo a la escolarizaci\u00f3n<\/a><\/h3>\n\n\n\n<figure class=\"wp-block-table is-style-stripes\"><table><tbody><tr><td class=\"has-text-align-center\" data-align=\"center\">SAE<\/td><td class=\"has-text-align-left\" data-align=\"left\">SAE Madrid Capital<\/td><\/tr><tr><td class=\"has-text-align-center\" data-align=\"center\">Distrito<\/td><td class=\"has-text-align-left\" data-align=\"left\">Fuencarral-El Pardo<\/td><\/tr><tr><td class=\"has-text-align-center\" data-align=\"center\">Sede<\/td><td class=\"has-text-align-left\" data-align=\"left\">DAT MADRID CAPITAL<\/td><\/tr><tr><td class=\"has-text-align-center\" data-align=\"center\">Direcci\u00f3n<\/td><td class=\"has-text-align-left\" data-align=\"left\"><a href=\"https:\/\/www.google.com\/maps\/place\/DAT+Capital+Consejer%C3%ADa+de+Educaci%C3%B3n+de+la+C.+Madrid\/@40.4420782,-3.6921894,17z\/data=!3m1!4b1!4m6!3m5!1s0xd4228ef0e5f572f:0xbd10a5d94387a3c8!8m2!3d40.4420741!4d-3.6896145!16s%2Fg%2F11btln70qb?entry=ttu&amp;g_ep=EgoyMDI2MDIxOC4wIKXMDSoASAFQAw%3D%3D\" target=\"_blank\" rel=\"noreferrer noopener\">C\/ Vitruvio, 2 28006 <\/a><br><a href=\"https:\/\/goo.gl\/maps\/Uy2i52cyjYgBu8Ca7\" target=\"_blank\" rel=\"noreferrer noopener\">3\u00aa Planta<\/a><\/td><\/tr><tr><td class=\"has-text-align-center\" data-align=\"center\">Escolarizaci\u00f3n ordinaria<\/td><td class=\"has-text-align-left\" data-align=\"left\">917203037<br>917203035<br>917203038<br>917203039<br>917203034<br>917203210<br>917203213<\/td><\/tr><tr><td class=\"has-text-align-center\" data-align=\"center\">Escolarizaci\u00f3n  NNEE<\/td><td class=\"has-text-align-left\" data-align=\"left\">917203310<\/td><\/tr><tr><td class=\"has-text-align-center\" data-align=\"center\">Escolarizaci\u00f3n educaci\u00f3n especial<\/td><td class=\"has-text-align-left\" data-align=\"left\">917203310<\/td><\/tr><tr><td class=\"has-text-align-center\" data-align=\"center\">E-mail<\/td><td class=\"has-text-align-left\" data-align=\"left\">escolarizacion.sae.cap@madrid.org<\/td><\/tr><\/tbody><\/table><\/figure>\n<\/div>\n<\/div>\n\n\n\n<hr class=\"wp-block-separator has-css-opacity is-style-wide\"\/>\n\n\n\n<h2 class=\"wp-block-heading\">Informaci\u00f3n sobre el centro<\/h2>\n\n\n\n<div class=\"wp-block-columns is-layout-flex wp-container-core-columns-is-layout-9d6595d7 wp-block-columns-is-layout-flex\">\n<div class=\"wp-block-column is-layout-flow wp-block-column-is-layout-flow\">\n<div class=\"wp-block-group\"><div class=\"wp-block-group__inner-container is-layout-flow wp-block-group-is-layout-flow\">\n<h3 class=\"wp-block-heading\" id=\"jornada\">Jornada escolar<\/h3>\n\n\n\n<p class=\"has-black-color has-text-color has-link-color wp-elements-9e66a9bb0d1fbde00cabb5e53b2bd353\">La jornada escolar es de 8:15 a 15:15, de lunes a viernes.<\/p>\n<\/div><\/div>\n\n\n\n<hr class=\"wp-block-separator has-css-opacity\"\/>\n\n\n\n<div class=\"wp-block-group\"><div class=\"wp-block-group__inner-container is-layout-flow wp-block-group-is-layout-flow\">\n<h3 class=\"wp-block-heading\" id=\"criterios\">Baremo: criterio para obtener el punto complementario<\/h3>\n\n\n\n<p class=\"has-black-color has-text-color has-link-color wp-elements-c2d1f1dc45d42f450780041bbba0658d\">El criterio aprobado en el I.E.S. Cardenal Herrera Oria para obtener los 3 puntos complementarios es <mark style=\"background-color:#fcb900\" class=\"has-inline-color\">elegir este centro como primera opci\u00f3n<\/mark>.<\/p>\n\n\n\n<hr class=\"wp-block-separator has-css-opacity\"\/>\n\n\n\n<h3 class=\"wp-block-heading\" id=\"adscritos\">Relaci\u00f3n de centros adscritos<\/h3>\n\n\n\n<div class=\"wp-block-file aligncenter\"><a id=\"wp-block-file--media-9890d294-498b-472b-9875-e92354bbee1c\" href=\"https:\/\/site.educa.madrid.org\/ies.cardenalherrera.madrid\/\/wp-content\/uploads\/ies.cardenalherrera.madrid\/2024\/04\/Centros-adscritos-2024_2025.pdf\" target=\"_blank\" rel=\"noreferrer noopener\"><mark style=\"background-color:#abb8c3\" class=\"has-inline-color has-white-color\">DESCARGA<\/mark><\/a><\/div>\n<\/div><\/div>\n<\/div>\n\n\n\n<div class=\"wp-block-column is-layout-flow wp-block-column-is-layout-flow\">\n<div class=\"wp-block-group\"><div class=\"wp-block-group__inner-container is-layout-flow wp-block-group-is-layout-flow\">\n<h3 class=\"wp-block-heading\" id=\"vacantes\">Oferta de vacantes curso 2026\/2027<\/h3>\n\n\n\n<p class=\"has-text-align-center\"><\/p>\n\n\n\n<p class=\"has-text-align-center\"><\/p>\n\n\n\n<p class=\"has-text-align-center\" style=\"font-size:18px\"><\/p>\n\n\n\n<figure class=\"wp-block-table\"><table class=\"has-black-color has-text-color has-link-color\"><thead><tr><th class=\"has-text-align-center\" data-align=\"center\">Curso<\/th><th class=\"has-text-align-center\" data-align=\"center\">Vacantes<\/th><\/tr><\/thead><tbody><tr><td class=\"has-text-align-center\" data-align=\"center\">1.\u00ba ESO<\/td><td class=\"has-text-align-center\" data-align=\"center\">10<\/td><\/tr><tr><td class=\"has-text-align-center\" data-align=\"center\">2.\u00ba ESO<\/td><td class=\"has-text-align-center\" data-align=\"center\">0<\/td><\/tr><tr><td class=\"has-text-align-center\" data-align=\"center\">3.\u00ba ESO<\/td><td class=\"has-text-align-center\" data-align=\"center\">0<\/td><\/tr><tr><td class=\"has-text-align-center\" data-align=\"center\">4.\u00ba ESO<\/td><td class=\"has-text-align-center\" data-align=\"center\">9<\/td><\/tr><tr><td class=\"has-text-align-center\" data-align=\"center\">1.\u00ba Bachillerato Ciencias<\/td><td class=\"has-text-align-center\" data-align=\"center\">5<\/td><\/tr><tr><td class=\"has-text-align-center\" data-align=\"center\">1.\u00ba Bachillerato Sociales<\/td><td class=\"has-text-align-center\" data-align=\"center\">5<\/td><\/tr><tr><td class=\"has-text-align-center\" data-align=\"center\">2.\u00ba Bachillerato Ciencias<\/td><td class=\"has-text-align-center\" data-align=\"center\">5<\/td><\/tr><tr><td class=\"has-text-align-center\" data-align=\"center\">2.\u00ba Bachillerato Sociales<\/td><td class=\"has-text-align-center\" data-align=\"center\">5<\/td><\/tr><\/tbody><\/table><\/figure>\n<\/div><\/div>\n<\/div>\n<\/div>\n\n\n\n<hr class=\"wp-block-separator has-css-opacity\"\/>\n","protected":false},"excerpt":{"rendered":"<p>Proceso de admisi\u00f3n 2026\/2027 V\u00eddeo sobre el proceso de admisi\u00f3n publicado por la Comunidad de Madrid. NORMATIVA Toda la informaci\u00f3n de la Comunidad de Madrid sobre el proceso de admisi\u00f3n &#8230;<\/p>\n","protected":false},"author":2,"featured_media":0,"parent":491,"menu_order":30,"comment_status":"closed","ping_status":"closed","template":"template-fullwidth.php","meta":{"footnotes":""},"folder":[],"class_list":["post-1313","page","type-page","status-publish","hentry"],"rttpg_featured_image_url":null,"rttpg_author":{"display_name":"TIC I.E.S. Cardenal Herrera Oria","author_link":"https:\/\/site.educa.madrid.org\/ies.cardenalherrera.madrid\/index.php\/author\/cuenta_tic-ies-cardenalherrera-madrid\/"},"rttpg_comment":0,"rttpg_category":false,"rttpg_excerpt":"Proceso de admisi\u00f3n 2026\/2027 V\u00eddeo sobre el proceso de admisi\u00f3n publicado por la Comunidad de Madrid. NORMATIVA Toda la informaci\u00f3n de la Comunidad de Madrid sobre el proceso de admisi\u00f3n ...","post_mailing_queue_ids":[],"_links":{"self":[{"href":"https:\/\/site.educa.madrid.org\/ies.cardenalherrera.madrid\/index.php\/wp-json\/wp\/v2\/pages\/1313","targetHints":{"allow":["GET"]}}],"collection":[{"href":"https:\/\/site.educa.madrid.org\/ies.cardenalherrera.madrid\/index.php\/wp-json\/wp\/v2\/pages"}],"about":[{"href":"https:\/\/site.educa.madrid.org\/ies.cardenalherrera.madrid\/index.php\/wp-json\/wp\/v2\/types\/page"}],"author":[{"embeddable":true,"href":"https:\/\/site.educa.madrid.org\/ies.cardenalherrera.madrid\/index.php\/wp-json\/wp\/v2\/users\/2"}],"replies":[{"embeddable":true,"href":"https:\/\/site.educa.madrid.org\/ies.cardenalherrera.madrid\/index.php\/wp-json\/wp\/v2\/comments?post=1313"}],"version-history":[{"count":49,"href":"https:\/\/site.educa.madrid.org\/ies.cardenalherrera.madrid\/index.php\/wp-json\/wp\/v2\/pages\/1313\/revisions"}],"predecessor-version":[{"id":18611,"href":"https:\/\/site.educa.madrid.org\/ies.cardenalherrera.madrid\/index.php\/wp-json\/wp\/v2\/pages\/1313\/revisions\/18611"}],"up":[{"embeddable":true,"href":"https:\/\/site.educa.madrid.org\/ies.cardenalherrera.madrid\/index.php\/wp-json\/wp\/v2\/pages\/491"}],"wp:attachment":[{"href":"https:\/\/site.educa.madrid.org\/ies.cardenalherrera.madrid\/index.php\/wp-json\/wp\/v2\/media?parent=1313"}],"wp:term":[{"taxonomy":"folder","embeddable":true,"href":"https:\/\/site.educa.madrid.org\/ies.cardenalherrera.madrid\/index.php\/wp-json\/wp\/v2\/folder?post=1313"}],"curies":[{"name":"wp","href":"https:\/\/api.w.org\/{rel}","templated":true}]}}