{"id":1317,"date":"2020-12-17T23:01:31","date_gmt":"2020-12-17T23:01:31","guid":{"rendered":"https:\/\/site.educa.madrid.org\/ies.cardenalherrera.madrid\/?page_id=1317"},"modified":"2025-03-02T12:00:54","modified_gmt":"2025-03-02T11:00:54","slug":"roble","status":"publish","type":"page","link":"https:\/\/site.educa.madrid.org\/ies.cardenalherrera.madrid\/index.php\/secretaria\/roble\/","title":{"rendered":"Roble"},"content":{"rendered":"\t\t\t<!-- Flexy Breadcrumb -->\n\t\t\t<div class=\"fbc fbc-page\">\n\n\t\t\t\t<!-- Breadcrumb wrapper -->\n\t\t\t\t<div class=\"fbc-wrap\">\n\n\t\t\t\t\t<!-- Ordered list-->\n\t\t\t\t\t<ol class=\"fbc-items\" itemscope itemtype=\"https:\/\/schema.org\/BreadcrumbList\">\n\t\t\t\t\t\t            <li itemprop=\"itemListElement\" itemscope itemtype=\"https:\/\/schema.org\/ListItem\">\n                <span itemprop=\"name\">\n                    <!-- Home Link -->\n                    <a itemprop=\"item\" href=\"https:\/\/site.educa.madrid.org\/ies.cardenalherrera.madrid\">\n                    \n                                                    <i class=\"fa fa-home\" aria-hidden=\"true\"><\/i>Inicio                    <\/a>\n                <\/span>\n                <meta itemprop=\"position\" content=\"1\" \/><!-- Meta Position-->\n             <\/li><li><span class=\"fbc-separator\">\/<\/span><\/li><li class=\"active\" itemprop=\"itemListElement\" itemscope itemtype=\"https:\/\/schema.org\/ListItem\"><span itemprop=\"name\" title=\"Entradas\">Entradas<\/span><meta itemprop=\"position\" content=\"2\" \/><\/li>\t\t\t\t\t<\/ol>\n\t\t\t\t\t<div class=\"clearfix\"><\/div>\n\t\t\t\t<\/div>\n\t\t\t<\/div>\n\t\t\t\n\n\n\n<h1 class=\"wp-block-heading\">Roble<\/h1>\n\n\n\n<h3 class=\"wp-block-heading\">Credenciales<\/h3>\n\n\n\n<p class=\"has-black-color has-text-color has-link-color wp-elements-7ea7072763c5fdeebe4e762edc827daa\">Para obtener las credenciales de acceso es necesario ponerse en contacto con la <a href=\"https:\/\/site.educa.madrid.org\/ies.cardenalherrera.madrid\/index.php\/secretaria\/\">Secretar\u00eda<\/a> del centro.<\/p>\n\n\n\n<hr class=\"wp-block-separator has-css-opacity\"\/>\n\n\n\n<h3 class=\"wp-block-heading\">Informaci\u00f3n y acceso<\/h3>\n\n\n\n<div class=\"wp-block-columns is-layout-flex wp-container-core-columns-is-layout-9d6595d7 wp-block-columns-is-layout-flex\">\n<div class=\"wp-block-column is-vertically-aligned-bottom is-layout-flow wp-block-column-is-layout-flow\"><div class=\"wp-block-image\">\n<figure class=\"aligncenter size-large is-resized\"><a href=\"https:\/\/play.google.com\/store\/apps\/details?id=org.madrid.raiz.roble\" target=\"_blank\" rel=\"noopener noreferrer\"><img loading=\"lazy\" decoding=\"async\" width=\"380\" height=\"381\" src=\"https:\/\/site.educa.madrid.org\/ies.cardenalherrera.madrid\/\/wp-content\/uploads\/ies.cardenalherrera.madrid\/2020\/12\/roble-app-store.png\" alt=\"\" class=\"wp-image-1508\" style=\"width:95px;height:95px\" srcset=\"https:\/\/site.educa.madrid.org\/ies.cardenalherrera.madrid\/\/wp-content\/uploads\/ies.cardenalherrera.madrid\/2020\/12\/roble-app-store.png 380w, https:\/\/site.educa.madrid.org\/ies.cardenalherrera.madrid\/\/wp-content\/uploads\/ies.cardenalherrera.madrid\/2020\/12\/roble-app-store-300x300.png 300w, https:\/\/site.educa.madrid.org\/ies.cardenalherrera.madrid\/\/wp-content\/uploads\/ies.cardenalherrera.madrid\/2020\/12\/roble-app-store-150x150.png 150w\" sizes=\"auto, (max-width: 380px) 100vw, 380px\" \/><\/a><\/figure>\n<\/div>\n\n\n<p class=\"has-text-align-center\"><a href=\"https:\/\/play.google.com\/store\/apps\/details?id=org.madrid.raiz.roble\" target=\"_blank\" rel=\"noreferrer noopener\">Descarga de Roble en Google Play<\/a><\/p>\n<\/div>\n\n\n\n<div class=\"wp-block-column is-vertically-aligned-bottom is-layout-flow wp-block-column-is-layout-flow\"><div class=\"wp-block-image\">\n<figure class=\"aligncenter size-large is-resized\"><a href=\"https:\/\/apps.apple.com\/es\/app\/roble\/id1458472789\" target=\"_blank\" rel=\"noopener noreferrer\"><img loading=\"lazy\" decoding=\"async\" width=\"380\" height=\"381\" src=\"https:\/\/site.educa.madrid.org\/ies.cardenalherrera.madrid\/\/wp-content\/uploads\/ies.cardenalherrera.madrid\/2020\/12\/roble-app-store.png\" alt=\"\" class=\"wp-image-1508\" style=\"width:95px;height:95px\" srcset=\"https:\/\/site.educa.madrid.org\/ies.cardenalherrera.madrid\/\/wp-content\/uploads\/ies.cardenalherrera.madrid\/2020\/12\/roble-app-store.png 380w, https:\/\/site.educa.madrid.org\/ies.cardenalherrera.madrid\/\/wp-content\/uploads\/ies.cardenalherrera.madrid\/2020\/12\/roble-app-store-300x300.png 300w, https:\/\/site.educa.madrid.org\/ies.cardenalherrera.madrid\/\/wp-content\/uploads\/ies.cardenalherrera.madrid\/2020\/12\/roble-app-store-150x150.png 150w\" sizes=\"auto, (max-width: 380px) 100vw, 380px\" \/><\/a><\/figure>\n<\/div>\n\n\n<p class=\"has-text-align-center\"><a href=\"https:\/\/apps.apple.com\/es\/app\/roble\/id1458472789\" target=\"_blank\" rel=\"noreferrer noopener\">Descarga de Roble en App Store<\/a><\/p>\n<\/div>\n\n\n\n<div class=\"wp-block-column is-vertically-aligned-bottom is-layout-flow wp-block-column-is-layout-flow\"><div class=\"wp-block-image\">\n<figure class=\"aligncenter size-large is-resized\"><a href=\"https:\/\/raices.madrid.org\" target=\"_blank\" rel=\"noopener noreferrer\"><img loading=\"lazy\" decoding=\"async\" width=\"349\" height=\"205\" src=\"https:\/\/site.educa.madrid.org\/ies.cardenalherrera.madrid\/\/wp-content\/uploads\/ies.cardenalherrera.madrid\/2020\/12\/logoRAICES_blanco.png\" alt=\"\" class=\"wp-image-1509\" style=\"width:175px;height:103px\" srcset=\"https:\/\/site.educa.madrid.org\/ies.cardenalherrera.madrid\/\/wp-content\/uploads\/ies.cardenalherrera.madrid\/2020\/12\/logoRAICES_blanco.png 349w, https:\/\/site.educa.madrid.org\/ies.cardenalherrera.madrid\/\/wp-content\/uploads\/ies.cardenalherrera.madrid\/2020\/12\/logoRAICES_blanco-300x176.png 300w\" sizes=\"auto, (max-width: 349px) 100vw, 349px\" \/><\/a><\/figure>\n<\/div>\n\n\n<p class=\"has-text-align-center\"><a rel=\"noreferrer noopener\" href=\"https:\/\/raices.madrid.org\" target=\"_blank\">Acceso a Roble por navegador<\/a><\/p>\n<\/div>\n<\/div>\n\n\n\n<p class=\"has-black-color has-text-color has-link-color wp-elements-ecacfb1d0a3f3e71aa78ba3200052304\"><strong>ROBLE <\/strong>es un portal <strong>destinado a las familias<\/strong> con una doble finalidad:<\/p>\n\n\n\n<ol class=\"has-black-color has-text-color has-link-color wp-block-list wp-elements-6bf91624c3357ab102751a056cfdd777\">\n<li>Facilitar el acceso a la informaci\u00f3n de sus hijos en RA\u00cdCES (raices.madrid.org).<\/li>\n\n\n\n<li>Servir como plataforma de comunicaci\u00f3n e interacci\u00f3n entre el centro y las familias.<\/li>\n<\/ol>\n\n\n\n<p class=\"has-black-color has-text-color has-link-color wp-elements-2e9c38772624f13aee684e5265e26b7e\">Constituye una herramienta adecuada para realizar el <strong>seguimiento educativo del alumno, obtener informaci\u00f3n del centro y establecer un canal de comunicaci\u00f3n<\/strong> con \u00e9ste.<\/p>\n\n\n\n<p class=\"has-black-color has-text-color has-link-color wp-elements-e3adc653648f699859f86a8b7d533fbe\">ROBLE est\u00e1 plenamente integrado en RA\u00cdCES, el Sistema de Gesti\u00f3n&nbsp;Educativa de la Comunidad de Madrid, y sus funcionalidades son accesibles desde cualquier navegador o&nbsp;desde un tel\u00e9fono m\u00f3vil&nbsp;a trav\u00e9s de la aplicaci\u00f3n de movilidad ROBLE.<\/p>\n\n\n\n<p class=\"has-black-color has-text-color has-link-color wp-elements-109c300609f69f7e3a22aa1b060c34b8\">Fuente: <a href=\"https:\/\/www.comunidad.madrid\/servicios\/educacion\/raices\" target=\"_blank\" rel=\"noreferrer noopener\">https:\/\/www.comunidad.madrid\/servicios\/educacion\/raices<\/a><\/p>\n\n\n\n<hr class=\"wp-block-separator has-css-opacity\"\/>\n\n\n\n<h3 class=\"wp-block-heading\">Gu\u00eda visual para familias (varios idiomas)<\/h3>\n\n\n\n<div class=\"wp-block-group\"><div class=\"wp-block-group__inner-container is-layout-flow wp-block-group-is-layout-flow\"><div class=\"wp-block-image\">\n<figure class=\"aligncenter size-large is-resized\"><a href=\"https:\/\/www.comunidad.madrid\/servicios\/educacion\/raices#ayuda-app-web\" target=\"_blank\" rel=\"noopener\"><img loading=\"lazy\" decoding=\"async\" width=\"112\" height=\"112\" src=\"https:\/\/site.educa.madrid.org\/ies.cardenalherrera.madrid\/\/wp-content\/uploads\/ies.cardenalherrera.madrid\/2021\/08\/link.png\" alt=\"\" class=\"wp-image-11046\" style=\"width:28px;height:28px\"\/><\/a><\/figure>\n<\/div>\n\n\n<h3 class=\"wp-block-heading has-text-align-center\"><a rel=\"noreferrer noopener\" href=\"https:\/\/site.educa.madrid.org\/ies.cardenalherrera.madrid\/index.php\/el-instituto\/instalaciones\/\" target=\"_blank\">Enlace<\/a><\/h3>\n<\/div><\/div>\n","protected":false},"excerpt":{"rendered":"<p>Roble Credenciales Para obtener las credenciales de acceso es necesario ponerse en contacto con la Secretar\u00eda del centro. Informaci\u00f3n y acceso Descarga de Roble en Google Play Descarga de Roble &#8230;<\/p>\n","protected":false},"author":2,"featured_media":0,"parent":491,"menu_order":50,"comment_status":"closed","ping_status":"closed","template":"","meta":{"footnotes":""},"folder":[],"class_list":["post-1317","page","type-page","status-publish","hentry"],"rttpg_featured_image_url":null,"rttpg_author":{"display_name":"TIC I.E.S. Cardenal Herrera Oria","author_link":"https:\/\/site.educa.madrid.org\/ies.cardenalherrera.madrid\/index.php\/author\/cuenta_tic-ies-cardenalherrera-madrid\/"},"rttpg_comment":0,"rttpg_category":false,"rttpg_excerpt":"Roble Credenciales Para obtener las credenciales de acceso es necesario ponerse en contacto con la Secretar\u00eda del centro. Informaci\u00f3n y acceso Descarga de Roble en Google Play Descarga de Roble ...","post_mailing_queue_ids":[],"_links":{"self":[{"href":"https:\/\/site.educa.madrid.org\/ies.cardenalherrera.madrid\/index.php\/wp-json\/wp\/v2\/pages\/1317","targetHints":{"allow":["GET"]}}],"collection":[{"href":"https:\/\/site.educa.madrid.org\/ies.cardenalherrera.madrid\/index.php\/wp-json\/wp\/v2\/pages"}],"about":[{"href":"https:\/\/site.educa.madrid.org\/ies.cardenalherrera.madrid\/index.php\/wp-json\/wp\/v2\/types\/page"}],"author":[{"embeddable":true,"href":"https:\/\/site.educa.madrid.org\/ies.cardenalherrera.madrid\/index.php\/wp-json\/wp\/v2\/users\/2"}],"replies":[{"embeddable":true,"href":"https:\/\/site.educa.madrid.org\/ies.cardenalherrera.madrid\/index.php\/wp-json\/wp\/v2\/comments?post=1317"}],"version-history":[{"count":18,"href":"https:\/\/site.educa.madrid.org\/ies.cardenalherrera.madrid\/index.php\/wp-json\/wp\/v2\/pages\/1317\/revisions"}],"predecessor-version":[{"id":17157,"href":"https:\/\/site.educa.madrid.org\/ies.cardenalherrera.madrid\/index.php\/wp-json\/wp\/v2\/pages\/1317\/revisions\/17157"}],"up":[{"embeddable":true,"href":"https:\/\/site.educa.madrid.org\/ies.cardenalherrera.madrid\/index.php\/wp-json\/wp\/v2\/pages\/491"}],"wp:attachment":[{"href":"https:\/\/site.educa.madrid.org\/ies.cardenalherrera.madrid\/index.php\/wp-json\/wp\/v2\/media?parent=1317"}],"wp:term":[{"taxonomy":"folder","embeddable":true,"href":"https:\/\/site.educa.madrid.org\/ies.cardenalherrera.madrid\/index.php\/wp-json\/wp\/v2\/folder?post=1317"}],"curies":[{"name":"wp","href":"https:\/\/api.w.org\/{rel}","templated":true}]}}