{"id":1321,"date":"2020-12-17T23:02:10","date_gmt":"2020-12-17T23:02:10","guid":{"rendered":"https:\/\/site.educa.madrid.org\/ies.cardenalherrera.madrid\/?page_id=1321"},"modified":"2026-02-19T11:37:47","modified_gmt":"2026-02-19T10:37:47","slug":"acceso-a-la-universidad","status":"publish","type":"page","link":"https:\/\/site.educa.madrid.org\/ies.cardenalherrera.madrid\/index.php\/secretaria\/acceso-a-la-universidad\/","title":{"rendered":"Acceso a la Universidad"},"content":{"rendered":"\t\t\t<!-- Flexy Breadcrumb -->\n\t\t\t<div class=\"fbc fbc-page\">\n\n\t\t\t\t<!-- Breadcrumb wrapper -->\n\t\t\t\t<div class=\"fbc-wrap\">\n\n\t\t\t\t\t<!-- Ordered list-->\n\t\t\t\t\t<ol class=\"fbc-items\" itemscope itemtype=\"https:\/\/schema.org\/BreadcrumbList\">\n\t\t\t\t\t\t            <li itemprop=\"itemListElement\" itemscope itemtype=\"https:\/\/schema.org\/ListItem\">\n                <span itemprop=\"name\">\n                    <!-- Home Link -->\n                    <a itemprop=\"item\" href=\"https:\/\/site.educa.madrid.org\/ies.cardenalherrera.madrid\">\n                    \n                                                    <i class=\"fa fa-home\" aria-hidden=\"true\"><\/i>Inicio                    <\/a>\n                <\/span>\n                <meta itemprop=\"position\" content=\"1\" \/><!-- Meta Position-->\n             <\/li><li><span class=\"fbc-separator\">\/<\/span><\/li><li class=\"active\" itemprop=\"itemListElement\" itemscope itemtype=\"https:\/\/schema.org\/ListItem\"><span itemprop=\"name\" title=\"Entradas\">Entradas<\/span><meta itemprop=\"position\" content=\"2\" \/><\/li>\t\t\t\t\t<\/ol>\n\t\t\t\t\t<div class=\"clearfix\"><\/div>\n\t\t\t\t<\/div>\n\t\t\t<\/div>\n\t\t\t\n\n\n\n<h1 class=\"wp-block-heading\">Prueba de acceso a la Universidad curso 2025\/2026<\/h1>\n\n\n\n<p class=\"has-black-color has-text-color\">Los alumnos de 2.\u00ba de BACHILLERATO que aprueben en mayo y vayan a presentarse a las pruebas de acceso a la universidad, deber\u00e1n recoger en la secretar\u00eda del centro los impresos de pago de las tasas correspondientes.<\/p>\n\n\n\n<p class=\"has-black-color has-text-color\">Debido a la importancia de este proceso, los alumnos que no deseen presentarse a la PAU deber\u00e1n personarse en la secretar\u00eda para comunicarlo al recoger la documentaci\u00f3n del pago del T\u00edtulo de Bachiller.<\/p>\n\n\n\n<p class=\"has-black-color has-text-color has-link-color wp-elements-077160039b0d08ab36d709b16b630f9a\"><mark style=\"background-color:rgba(0, 0, 0, 0)\" class=\"has-inline-color has-black-color\">La convocatoria <\/mark><mark style=\"background-color:#7bdcb5\" class=\"has-inline-color has-black-color\"><strong>ordinaria<\/strong> <\/mark><mark style=\"background-color:rgba(0, 0, 0, 0)\" class=\"has-inline-color has-black-color\">se celebrar\u00e1 los d\u00edas <\/mark><strong><mark style=\"background-color:#7bdcb5\" class=\"has-inline-color has-black-color\">1, 2, 3 y 4 de junio<\/mark><\/strong><mark style=\"background-color:rgba(0, 0, 0, 0)\" class=\"has-inline-color has-black-color\"> de 2026; la <\/mark><strong><mark style=\"background-color:#fcb900\" class=\"has-inline-color has-black-color\">extraordinaria<\/mark><\/strong><mark style=\"background-color:rgba(0, 0, 0, 0)\" class=\"has-inline-color has-black-color\"> ser\u00e1 los d\u00edas <\/mark><strong><mark style=\"background-color:#fcb900\" class=\"has-inline-color has-black-color\">30 de junio, 1 y 2 de julio<\/mark><\/strong><mark style=\"background-color:rgba(0, 0, 0, 0)\" class=\"has-inline-color has-black-color\"> de 2026.<\/mark><\/p>\n\n\n\n<div style=\"height:44px\" aria-hidden=\"true\" class=\"wp-block-spacer\"><\/div>\n\n\n\n<p id=\"block-2e7ddc3f-423c-40c8-9cbc-1f00ae76c771\"><\/p>\n\n\n\n<p><\/p>\n\n\n\n<div class=\"wp-block-group has-light-green-cyan-background-color has-background\"><div class=\"wp-block-group__inner-container is-layout-flow wp-block-group-is-layout-flow\">\n<h3 class=\"wp-block-heading has-text-align-center has-black-color has-light-green-cyan-background-color has-text-color has-background has-link-color wp-elements-d81693b3c28d3516dafc446857e0fecd\"><strong><a href=\"https:\/\/www.uam.es\/uam\/estudios\/pau\" data-type=\"URL\" data-id=\"https:\/\/www.uam.es\/uam\/acceso-evau\" target=\"_blank\" rel=\"noreferrer noopener\"><mark style=\"background-color:#7bdcb5\" class=\"has-inline-color has-white-color\">INFORMACI\u00d3N PARA LOS EX\u00c1MENES DE ACCESO &#8211; PAU<\/mark><\/a><\/strong><mark style=\"background-color:#7bdcb5\" class=\"has-inline-color has-white-color\"> <\/mark><\/h3>\n\n\n\n<h3 class=\"wp-block-heading has-text-align-center has-white-color has-light-green-cyan-background-color has-text-color has-background\">****   <mark style=\"background-color:#7bdcb5\" class=\"has-inline-color has-white-color\">CONVOCATORIA ORDINARIA<\/mark>   ****<\/h3>\n<\/div><\/div>\n\n\n\n<p><\/p>\n\n\n\n<div style=\"height:66px\" aria-hidden=\"true\" class=\"wp-block-spacer\"><\/div>\n\n\n\n<div class=\"wp-block-columns is-layout-flex wp-container-core-columns-is-layout-9d6595d7 wp-block-columns-is-layout-flex\">\n<div class=\"wp-block-column is-layout-flow wp-block-column-is-layout-flow\" style=\"flex-basis:33.34%\"><div class=\"wp-block-image\">\n<figure class=\"aligncenter size-full is-resized\"><a href=\"https:\/\/site.educa.madrid.org\/ies.cardenalherrera.madrid\/\/wp-content\/uploads\/ies.cardenalherrera.madrid\/2026\/02\/2026.01.23-Acuerdo-Aprobacion-Horario-Convocatoria-ordinaria.pdf\" target=\"_blank\" rel=\" noreferrer noopener\"><img loading=\"lazy\" decoding=\"async\" width=\"84\" height=\"112\" src=\"https:\/\/site.educa.madrid.org\/ies.cardenalherrera.madrid\/\/wp-content\/uploads\/ies.cardenalherrera.madrid\/2020\/12\/file-pdf.png\" alt=\"\" class=\"wp-image-1167\" style=\"width:50px;height:67px\"\/><\/a><\/figure>\n<\/div>\n\n\n<div class=\"wp-block-file aligncenter\"><a id=\"wp-block-file--media-fcb05d52-5578-4459-bbad-2bd9311e1275\" href=\"https:\/\/site.educa.madrid.org\/ies.cardenalherrera.madrid\/\/wp-content\/uploads\/ies.cardenalherrera.madrid\/2026\/02\/2026.01.23-Acuerdo-Aprobacion-Horario-Convocatoria-ordinaria.pdf\" target=\"_blank\" rel=\"noreferrer noopener\"><mark style=\"background-color:rgba(0, 0, 0, 0)\" class=\"has-inline-color has-vivid-cyan-blue-color\">Horario Ordinaria-PAU-2026<\/mark><\/a><\/div>\n\n\n\n<div style=\"height:52px\" aria-hidden=\"true\" class=\"wp-block-spacer\"><\/div>\n<\/div>\n\n\n\n<div class=\"wp-block-column is-layout-flow wp-block-column-is-layout-flow\" style=\"flex-basis:33.34%\"><div class=\"wp-block-image\">\n<figure class=\"aligncenter size-full is-resized\"><a href=\"https:\/\/site.educa.madrid.org\/ies.cardenalherrera.madrid\/\/wp-content\/uploads\/ies.cardenalherrera.madrid\/2026\/02\/Impreso_PAU.pdf\" target=\"_blank\" rel=\" noreferrer noopener\"><img loading=\"lazy\" decoding=\"async\" width=\"84\" height=\"112\" src=\"https:\/\/site.educa.madrid.org\/ies.cardenalherrera.madrid\/\/wp-content\/uploads\/ies.cardenalherrera.madrid\/2020\/12\/file-pdf.png\" alt=\"\" class=\"wp-image-1167\" style=\"width:47px;height:62px\"\/><\/a><\/figure>\n<\/div>\n\n\n<div class=\"wp-block-file aligncenter\"><a id=\"wp-block-file--media-1f52aaca-392a-493a-94fa-afe1203e7031\" href=\"https:\/\/site.educa.madrid.org\/ies.cardenalherrera.madrid\/\/wp-content\/uploads\/ies.cardenalherrera.madrid\/2026\/02\/Impreso_PAU.pdf\" target=\"_blank\" rel=\"noreferrer noopener\"><mark style=\"background-color:rgba(0, 0, 0, 0)\" class=\"has-inline-color has-vivid-cyan-blue-color\">Impreso-PAU-2026<\/mark><\/a><\/div>\n<\/div>\n\n\n\n<div class=\"wp-block-column is-layout-flow wp-block-column-is-layout-flow\" style=\"flex-basis:33.33%\"><div class=\"wp-block-image\">\n<figure class=\"aligncenter size-full is-resized\"><a href=\"https:\/\/site.educa.madrid.org\/ies.cardenalherrera.madrid\/\/wp-content\/uploads\/ies.cardenalherrera.madrid\/2026\/02\/Instrucciones-estudiantes-PAU-2026.pdf\" target=\"_blank\" rel=\" noreferrer noopener\"><img loading=\"lazy\" decoding=\"async\" width=\"84\" height=\"112\" src=\"https:\/\/site.educa.madrid.org\/ies.cardenalherrera.madrid\/\/wp-content\/uploads\/ies.cardenalherrera.madrid\/2020\/12\/file-pdf.png\" alt=\"\" class=\"wp-image-1167\" style=\"width:44px;height:59px\"\/><\/a><\/figure>\n<\/div>\n\n\n<div class=\"wp-block-file aligncenter\"><a id=\"wp-block-file--media-1e634f56-c844-40e8-bbed-412a4a75faf7\" href=\"https:\/\/site.educa.madrid.org\/ies.cardenalherrera.madrid\/\/wp-content\/uploads\/ies.cardenalherrera.madrid\/2026\/02\/Instrucciones-estudiantes-PAU-2026.pdf\" target=\"_blank\" rel=\"noreferrer noopener\"><mark style=\"background-color:rgba(0, 0, 0, 0)\" class=\"has-inline-color has-vivid-cyan-blue-color\">Instrucciones estudiantes-PAU-2026<\/mark><\/a><\/div>\n<\/div>\n<\/div>\n\n\n\n<div class=\"wp-block-group has-black-color has-text-color\"><div class=\"wp-block-group__inner-container is-layout-flow wp-block-group-is-layout-flow\">\n<div class=\"wp-block-group\"><div class=\"wp-block-group__inner-container is-layout-flow wp-block-group-is-layout-flow\"><div class=\"wp-block-image\">\n<figure class=\"aligncenter size-large is-resized\"><a href=\"https:\/\/site.educa.madrid.org\/ies.cardenalherrera.madrid\/\/wp-content\/uploads\/ies.cardenalherrera.madrid\/2026\/02\/Precios-Publicos-PAU-2026.pdf\" target=\"_blank\" rel=\" noreferrer noopener\"><img loading=\"lazy\" decoding=\"async\" width=\"84\" height=\"112\" src=\"https:\/\/site.educa.madrid.org\/ies.cardenalherrera.madrid\/\/wp-content\/uploads\/ies.cardenalherrera.madrid\/2020\/12\/file-pdf.png\" alt=\"\" class=\"wp-image-1167\" style=\"width:42px;height:56px\"\/><\/a><\/figure>\n<\/div>\n\n\n<div class=\"wp-block-file aligncenter\"><a id=\"wp-block-file--media-33d159a1-e3e3-4692-a3e9-ce2fd2cee99d\" href=\"https:\/\/site.educa.madrid.org\/ies.cardenalherrera.madrid\/\/wp-content\/uploads\/ies.cardenalherrera.madrid\/2026\/02\/Precios-Publicos-PAU-2026.pdf\" target=\"_blank\" rel=\"noreferrer noopener\"><mark style=\"background-color:rgba(0, 0, 0, 0)\" class=\"has-inline-color has-vivid-cyan-blue-color\">Precios P\u00fablicos-PAU-2026<\/mark><\/a><\/div>\n<\/div><\/div>\n<\/div><\/div>\n\n\n\n<hr class=\"wp-block-separator has-css-opacity\"\/>\n\n\n\n<h2 class=\"wp-block-heading has-text-align-center\">Instrucciones 25-26:<\/h2>\n\n\n\n<div class=\"wp-block-group has-black-color has-text-color has-background\" style=\"background-color:#dfe2e4\"><div class=\"wp-block-group__inner-container is-layout-flow wp-block-group-is-layout-flow\">\n<h4 class=\"wp-block-heading has-black-color has-text-color\" id=\"block-daf70a88-1f71-42c9-8562-37bc8a1b854d\">Recogida de impresos:<\/h4>\n\n\n\n<p class=\"has-black-color has-text-color\" id=\"block-67c8cc30-989f-4cbe-9c48-7aab0d545e54\"><strong>Lugar<\/strong>: Secretar\u00eda del centro.<br><strong>Fecha<\/strong>: Jueves, 14 de mayo de 2026<br><strong>Hora<\/strong>: 9:00 <br><strong>Documentos que los alumnos deben RECOGER<\/strong>:<br>&#8211; Documento de pagar\u00e9, dividido en tres recortables: uno para el interesado, uno para el banco y uno para la universidad.<\/p>\n<\/div><\/div>\n\n\n\n<div class=\"wp-block-group has-black-color has-text-color has-background\" style=\"background-color:#f6ebcb\"><div class=\"wp-block-group__inner-container is-layout-flow wp-block-group-is-layout-flow\">\n<h4 class=\"wp-block-heading has-black-color has-text-color\" id=\"block-5eafde8c-60b8-4de0-a270-61278578aa63\">Entrega de documentaci\u00f3n:<\/h4>\n\n\n\n<p class=\"has-black-color has-text-color\" id=\"block-735af938-acf9-4d13-a771-142144554e96\"><strong>Lugar<\/strong>: Secretar\u00eda del centro.<br><strong>Fecha<\/strong>: Jueves, 14 de mayo de 2026<br><strong>Hora<\/strong>: Antes de las 12:00.<br><strong>Documentos que los alumnos deben ENTREGAR<\/strong>:<br>&#8211; Fotocopia de DNI.<br>&#8211; Los alumnos que pertenezcan a Familia Numerosa adjuntar\u00e1n adem\u00e1s fotocopia del carnet correspondiente, vigente durante el curso acad\u00e9mico 2025\/2026.<\/p>\n\n\n\n<p><\/p>\n\n\n\n<p class=\"has-text-align-center\"><mark style=\"background-color:#000000\" class=\"has-inline-color has-white-color\">&#8211;Los pagos de las tasas del T\u00edtulo de Bachillerato como de la PAU no se pueden pagar hasta el 14 de mayo de 2026&#8211;<\/mark><\/p>\n\n\n\n<p><\/p>\n\n\n\n<p>-PAGO PRESENCIAL: &#8211; Dos recortables del pagar\u00e9: el ejemplar para el interesado y el ejemplar para la Universidad, con el sello del pago realizado o el justificante de pago que entrega el banco.<\/p>\n\n\n\n<p>-PAGO POR TRANSFERENCIA: &#8211; Dos copias del justificante de la transferencia y los dos recortables del pagar\u00e9: el ejemplar para el interesado y para la universidad.<\/p>\n\n\n\n<p>-PAGO POR TPV: &#8211; Dos copias del justificante de pago por tarjeta y los dos recortables del pagar\u00e9: el ejemplar para el interesado y para la universidad.<\/p>\n<\/div><\/div>\n\n\n\n<h2 class=\"wp-block-heading has-text-align-center\">Modalidades de pago:<\/h2>\n\n\n\n<div class=\"wp-block-columns is-layout-flex wp-container-core-columns-is-layout-9d6595d7 wp-block-columns-is-layout-flex\">\n<div class=\"wp-block-column is-layout-flow wp-block-column-is-layout-flow\">\n<h4 class=\"wp-block-heading has-luminous-vivid-amber-background-color has-background\">Pago presencial en efectivo en una oficina del BANCO SANTANDER<\/h4>\n\n\n\n<div class=\"wp-block-group has-black-color has-text-color has-background\" style=\"background-color:#dfe2e4\"><div class=\"wp-block-group__inner-container is-layout-flow wp-block-group-is-layout-flow\">\n<h4 class=\"wp-block-heading has-black-color has-text-color\" id=\"block-a17ba02f-cee1-422e-9674-2a38c63f33ea\">Entidades bancarias:<\/h4>\n\n\n\n<p class=\"has-text-align-left\" id=\"block-f6ea9a62-8150-4ec5-ac45-fd27819c0b19\">En esta opci\u00f3n de pago, debe hacerse presencialmente en una oficina del BANCO SANTANDER.<\/p>\n<\/div><\/div>\n\n\n\n<p><\/p>\n<\/div>\n\n\n\n<div class=\"wp-block-column is-layout-flow wp-block-column-is-layout-flow\">\n<h4 class=\"wp-block-heading has-luminous-vivid-amber-background-color has-background\">Pago por transferencia<\/h4>\n\n\n\n<div class=\"wp-block-group has-black-color has-text-color has-background\" style=\"background-color:#dfe2e4\"><div class=\"wp-block-group__inner-container is-layout-flow wp-block-group-is-layout-flow\">\n<h4 class=\"wp-block-heading has-black-color has-text-color\" id=\"block-a17ba02f-cee1-422e-9674-2a38c63f33ea\">Entidades bancarias:<\/h4>\n\n\n\n<p class=\"has-text-align-left\" id=\"block-f6ea9a62-8150-4ec5-ac45-fd27819c0b19\">En esta opci\u00f3n de pago, debe hacerse mediante una transferencia a la siguiente cuenta del BANCO SANTANDER:<\/p>\n\n\n\n<p class=\"has-text-align-center\" id=\"block-f6ea9a62-8150-4ec5-ac45-fd27819c0b19\">ES62-0049-1811-35-2310429052<\/p>\n\n\n\n<p>En el concepto debe aparecer la siguiente informaci\u00f3n:<br>\u00abPAU 2026 &#8211; DNl y Nombre y Apellidos del estudiante\u00bb<\/p>\n<\/div><\/div>\n<\/div>\n\n\n\n<div class=\"wp-block-column is-layout-flow wp-block-column-is-layout-flow\">\n<h4 class=\"wp-block-heading has-text-align-center has-luminous-vivid-amber-background-color has-background\">Pago por TPV<\/h4>\n\n\n\n<div class=\"wp-block-group has-background\" style=\"background-color:#e1e4e6\"><div class=\"wp-block-group__inner-container is-layout-flow wp-block-group-is-layout-flow\">\n<p class=\"has-text-align-left has-black-color has-text-color has-background\" style=\"background-color:#e3e4e5\">El pago se realiza a trav\u00e9s del siguiente enlace:<\/p>\n\n\n\n<p class=\"has-text-align-center\"><a href=\"https:\/\/pagosevau.uam.es\/\" target=\"_blank\" rel=\"noreferrer noopener\"><mark style=\"background-color:rgba(0, 0, 0, 0)\" class=\"has-inline-color has-vivid-cyan-blue-color\"><strong>https:\/\/pagosevau.uam.es\/<\/strong><\/mark><\/a><\/p>\n\n\n\n<p class=\"has-text-align-left has-black-color has-text-color has-background\" style=\"background-color:#e3e4e5\">En el se recogen las diferentes modalidades de matr\u00edcula para que se seleccione la que corresponda a cada estudiante y se genere el correspondiente justificante de pago que se incorpora a la documentaci\u00f3n de matr\u00edcula.<\/p>\n<\/div><\/div>\n<\/div>\n<\/div>\n\n\n","protected":false},"excerpt":{"rendered":"<p>Prueba de acceso a la Universidad curso 2025\/2026 Los alumnos de 2.\u00ba de BACHILLERATO que aprueben en mayo y vayan a presentarse a las pruebas de acceso a la universidad, &#8230;<\/p>\n","protected":false},"author":2,"featured_media":0,"parent":491,"menu_order":70,"comment_status":"closed","ping_status":"closed","template":"template-fullwidth.php","meta":{"footnotes":""},"folder":[],"class_list":["post-1321","page","type-page","status-publish","hentry"],"rttpg_featured_image_url":null,"rttpg_author":{"display_name":"TIC I.E.S. Cardenal Herrera Oria","author_link":"https:\/\/site.educa.madrid.org\/ies.cardenalherrera.madrid\/index.php\/author\/cuenta_tic-ies-cardenalherrera-madrid\/"},"rttpg_comment":0,"rttpg_category":false,"rttpg_excerpt":"Prueba de acceso a la Universidad curso 2025\/2026 Los alumnos de 2.\u00ba de BACHILLERATO que aprueben en mayo y vayan a presentarse a las pruebas de acceso a la universidad, ...","post_mailing_queue_ids":[],"_links":{"self":[{"href":"https:\/\/site.educa.madrid.org\/ies.cardenalherrera.madrid\/index.php\/wp-json\/wp\/v2\/pages\/1321","targetHints":{"allow":["GET"]}}],"collection":[{"href":"https:\/\/site.educa.madrid.org\/ies.cardenalherrera.madrid\/index.php\/wp-json\/wp\/v2\/pages"}],"about":[{"href":"https:\/\/site.educa.madrid.org\/ies.cardenalherrera.madrid\/index.php\/wp-json\/wp\/v2\/types\/page"}],"author":[{"embeddable":true,"href":"https:\/\/site.educa.madrid.org\/ies.cardenalherrera.madrid\/index.php\/wp-json\/wp\/v2\/users\/2"}],"replies":[{"embeddable":true,"href":"https:\/\/site.educa.madrid.org\/ies.cardenalherrera.madrid\/index.php\/wp-json\/wp\/v2\/comments?post=1321"}],"version-history":[{"count":50,"href":"https:\/\/site.educa.madrid.org\/ies.cardenalherrera.madrid\/index.php\/wp-json\/wp\/v2\/pages\/1321\/revisions"}],"predecessor-version":[{"id":18341,"href":"https:\/\/site.educa.madrid.org\/ies.cardenalherrera.madrid\/index.php\/wp-json\/wp\/v2\/pages\/1321\/revisions\/18341"}],"up":[{"embeddable":true,"href":"https:\/\/site.educa.madrid.org\/ies.cardenalherrera.madrid\/index.php\/wp-json\/wp\/v2\/pages\/491"}],"wp:attachment":[{"href":"https:\/\/site.educa.madrid.org\/ies.cardenalherrera.madrid\/index.php\/wp-json\/wp\/v2\/media?parent=1321"}],"wp:term":[{"taxonomy":"folder","embeddable":true,"href":"https:\/\/site.educa.madrid.org\/ies.cardenalherrera.madrid\/index.php\/wp-json\/wp\/v2\/folder?post=1321"}],"curies":[{"name":"wp","href":"https:\/\/api.w.org\/{rel}","templated":true}]}}