{"id":15598,"date":"2023-11-30T17:49:01","date_gmt":"2023-11-30T16:49:01","guid":{"rendered":"https:\/\/site.educa.madrid.org\/ies.cardenalherrera.madrid\/?page_id=15598"},"modified":"2025-04-02T18:28:47","modified_gmt":"2025-04-02T16:28:47","slug":"capacitacion-digital","status":"publish","type":"page","link":"https:\/\/site.educa.madrid.org\/ies.cardenalherrera.madrid\/index.php\/ensenanzas\/capacitacion-digital\/","title":{"rendered":"Capacitaci\u00f3n Digital"},"content":{"rendered":"\t\t\t<!-- Flexy Breadcrumb -->\n\t\t\t<div class=\"fbc fbc-page\">\n\n\t\t\t\t<!-- Breadcrumb wrapper -->\n\t\t\t\t<div class=\"fbc-wrap\">\n\n\t\t\t\t\t<!-- Ordered list-->\n\t\t\t\t\t<ol class=\"fbc-items\" itemscope itemtype=\"https:\/\/schema.org\/BreadcrumbList\">\n\t\t\t\t\t\t            <li itemprop=\"itemListElement\" itemscope itemtype=\"https:\/\/schema.org\/ListItem\">\n                <span itemprop=\"name\">\n                    <!-- Home Link -->\n                    <a itemprop=\"item\" href=\"https:\/\/site.educa.madrid.org\/ies.cardenalherrera.madrid\">\n                    \n                                                    <i class=\"fa fa-home\" aria-hidden=\"true\"><\/i>Inicio                    <\/a>\n                <\/span>\n                <meta itemprop=\"position\" content=\"1\" \/><!-- Meta Position-->\n             <\/li><li><span class=\"fbc-separator\">\/<\/span><\/li><li class=\"active\" itemprop=\"itemListElement\" itemscope itemtype=\"https:\/\/schema.org\/ListItem\"><span itemprop=\"name\" title=\"Entradas\">Entradas<\/span><meta itemprop=\"position\" content=\"2\" \/><\/li>\t\t\t\t\t<\/ol>\n\t\t\t\t\t<div class=\"clearfix\"><\/div>\n\t\t\t\t<\/div>\n\t\t\t<\/div>\n\t\t\t\n\n\n\n<h1 class=\"wp-block-heading\">Capacitaci\u00f3n Digital<\/h1>\n\n\n<div class=\"wp-block-image\">\n<figure class=\"aligncenter size-large is-resized\"><img decoding=\"async\" src=\"https:\/\/www.comunidad.madrid\/sites\/default\/files\/doc\/educacion\/logo_uao_00.jpg\" alt=\"\" style=\"width:356px;height:auto\"\/><\/figure>\n<\/div>\n\n<div class=\"wp-block-image\">\n<figure class=\"aligncenter size-large\"><a href=\"https:\/\/site.educa.madrid.org\/ies.cardenalherrera.madrid\/cartel-cd_24_25_2-conv-1\/\" target=\"_blank\" rel=\"noreferrer noopener\"><img loading=\"lazy\" decoding=\"async\" width=\"724\" height=\"1024\" src=\"https:\/\/site.educa.madrid.org\/ies.cardenalherrera.madrid\/\/wp-content\/uploads\/ies.cardenalherrera.madrid\/2025\/04\/Cartel-CD_24_25_2-conv-1-724x1024.png\" alt=\"\" class=\"wp-image-17368\" srcset=\"https:\/\/site.educa.madrid.org\/ies.cardenalherrera.madrid\/\/wp-content\/uploads\/ies.cardenalherrera.madrid\/2025\/04\/Cartel-CD_24_25_2-conv-1-724x1024.png 724w, https:\/\/site.educa.madrid.org\/ies.cardenalherrera.madrid\/\/wp-content\/uploads\/ies.cardenalherrera.madrid\/2025\/04\/Cartel-CD_24_25_2-conv-1-212x300.png 212w, https:\/\/site.educa.madrid.org\/ies.cardenalherrera.madrid\/\/wp-content\/uploads\/ies.cardenalherrera.madrid\/2025\/04\/Cartel-CD_24_25_2-conv-1-768x1086.png 768w, https:\/\/site.educa.madrid.org\/ies.cardenalherrera.madrid\/\/wp-content\/uploads\/ies.cardenalherrera.madrid\/2025\/04\/Cartel-CD_24_25_2-conv-1-1086x1536.png 1086w, https:\/\/site.educa.madrid.org\/ies.cardenalherrera.madrid\/\/wp-content\/uploads\/ies.cardenalherrera.madrid\/2025\/04\/Cartel-CD_24_25_2-conv-1-1448x2048.png 1448w\" sizes=\"auto, (max-width: 724px) 100vw, 724px\" \/><\/a><\/figure>\n<\/div>\n\n\n<hr class=\"wp-block-separator has-alpha-channel-opacity is-style-wide\"\/>\n\n\n\n<h2 class=\"wp-block-heading has-text-align-center\"><strong>FORMULARIO DE PREINSCRIPCI\u00d3N<\/strong><\/h2>\n\n\n\n<p class=\"has-black-color has-text-color\">El I.E.S. Cardenal Herrera Oria forma parte de la Red de Centros de Capacitaci\u00f3n Digital. Se ofertan los siguientes cursos de Cualificaci\u00f3n Profesional de NIVEL 2.<\/p>\n\n\n\n<p class=\"has-black-color has-text-color has-link-color wp-elements-b0ec0a0a611cb408f13973bf7c39677f\"><strong><mark style=\"background-color:#8ed1fc\" class=\"has-inline-color has-black-color\">OPCI\u00d3N 1:<\/mark> DIGITALIZACI\u00d3N APLICADA AL ENTORNO PROFESIONAL IFC48_2.<\/strong><\/p>\n\n\n\n<p class=\"has-black-color has-text-color has-link-color wp-elements-1e2afaa6877b2449395351d42af6d06d\">Gesti\u00f3n de dispositivos, (ordenador, m\u00f3vil, tablet\u2026) y de contenidos.<\/p>\n\n\n\n<p class=\"has-black-color has-text-color has-link-color wp-elements-8a7191cfed2237737d6e9449add020ac\"><strong><mark style=\"background-color:#8ed1fc\" class=\"has-inline-color\">OPCI\u00d3N 2:<\/mark> OPERACIONES CON TECNOLOG\u00cdAS HABILITADORAS DIGITALES IFC823_2.&nbsp; <mark style=\"background-color:rgba(0, 0, 0, 0)\" class=\"has-inline-color has-vivid-red-color\">(NUEVO)<\/mark><\/strong><\/p>\n\n\n\n<p class=\"has-black-color has-text-color has-link-color wp-elements-7c989c7cb8f886836891f3132cb9b638\">Uso de herramientas y tecnolog\u00edas (Inteligencia artificial, blockchain, seguridad, realidad virtual, 3D\u2026)<\/p>\n\n\n\n<p><strong><mark style=\"background-color:rgba(0, 0, 0, 0)\" class=\"has-inline-color has-vivid-red-color\">AVISOS:<\/mark><\/strong><\/p>\n\n\n\n<p class=\"has-black-color has-text-color has-link-color wp-elements-a5e1c88cc3872e0b6c97444c887870ec\"><em><strong><mark style=\"background-color:rgba(0, 0, 0, 0)\" class=\"has-inline-color has-vivid-red-color\">*<\/mark>Los alumnos que hayan realizado el curso<\/strong> de Capacitaci\u00f3n Profesional IFC 48_2 (<strong>Opci\u00f3n 1<\/strong>), obteniendo la calificaci\u00f3n de APTOS, solamente podr\u00e1n inscribirse en el curso IFC823_2 (Opci\u00f3n 2).<\/em><\/p>\n\n\n\n<p class=\"has-black-color has-text-color has-link-color wp-elements-71e93541943feaa477271d1b190654c1\"><em><strong><mark style=\"background-color:rgba(0, 0, 0, 0)\" class=\"has-inline-color has-vivid-red-color\">**<\/mark><mark style=\"background-color:#fcb900\" class=\"has-inline-color\">A partir del 30 de abril<\/mark> <\/strong>se deber\u00e1n poner en contacto con la secretar\u00eda del centro para confirmar la asignaci\u00f3n de plaza, curso, horario, as\u00ed como la formalizaci\u00f3n de la matr\u00edcula.<\/em><\/p>\n\n\n\n<div style=\"height:23px\" aria-hidden=\"true\" class=\"wp-block-spacer\"><\/div>\n\n\n\n<div class=\"wpcf7 no-js\" id=\"wpcf7-f16698-o1\" lang=\"es-ES\" dir=\"ltr\">\n<div class=\"screen-reader-response\"><p role=\"status\" aria-live=\"polite\" aria-atomic=\"true\"><\/p> <ul><\/ul><\/div>\n<form action=\"\/ies.cardenalherrera.madrid\/index.php\/wp-json\/wp\/v2\/pages\/15598#wpcf7-f16698-o1\" method=\"post\" class=\"wpcf7-form init\" aria-label=\"Formulario de contacto\" novalidate=\"novalidate\" data-status=\"init\">\n<div style=\"display: none;\">\n<input type=\"hidden\" name=\"_wpcf7\" value=\"16698\" \/>\n<input type=\"hidden\" name=\"_wpcf7_version\" value=\"5.9.7\" \/>\n<input type=\"hidden\" name=\"_wpcf7_locale\" value=\"es_ES\" \/>\n<input type=\"hidden\" name=\"_wpcf7_unit_tag\" value=\"wpcf7-f16698-o1\" \/>\n<input type=\"hidden\" name=\"_wpcf7_container_post\" value=\"0\" \/>\n<input type=\"hidden\" name=\"_wpcf7_posted_data_hash\" value=\"\" \/>\n<\/div>\n<p><label> Nombre*<br \/>\n<span class=\"wpcf7-form-control-wrap\" data-name=\"your-name\"><input size=\"40\" maxlength=\"400\" class=\"wpcf7-form-control wpcf7-text wpcf7-validates-as-required\" autocomplete=\"name\" aria-required=\"true\" aria-invalid=\"false\" value=\"\" type=\"text\" name=\"your-name\" \/><\/span> <\/label>\n<\/p>\n<p><label> Apellidos*<br \/>\n<span class=\"wpcf7-form-control-wrap\" data-name=\"your-last-name\"><input size=\"40\" maxlength=\"400\" class=\"wpcf7-form-control wpcf7-text wpcf7-validates-as-required\" autocomplete=\"last-name\" aria-required=\"true\" aria-invalid=\"false\" value=\"\" type=\"text\" name=\"your-last-name\" \/><\/span> <\/label>\n<\/p>\n<p><label> DNI\/NIE\/PASAPORTE*<br \/>\n<span class=\"wpcf7-form-control-wrap\" data-name=\"your-id\"><input size=\"40\" maxlength=\"400\" class=\"wpcf7-form-control wpcf7-text wpcf7-validates-as-required\" autocomplete=\"id\" aria-required=\"true\" aria-invalid=\"false\" value=\"\" type=\"text\" name=\"your-id\" \/><\/span> <\/label>\n<\/p>\n<p><label> Sexo <\/label><br \/>\n<span class=\"wpcf7-form-control-wrap\" data-name=\"radio-991\"><span class=\"wpcf7-form-control wpcf7-radio\"><span class=\"wpcf7-list-item first\"><label><input type=\"radio\" name=\"radio-991\" value=\"Hombre\" checked=\"checked\" \/><span class=\"wpcf7-list-item-label\">Hombre<\/span><\/label><\/span><span class=\"wpcf7-list-item last\"><label><input type=\"radio\" name=\"radio-991\" value=\"Mujer\" \/><span class=\"wpcf7-list-item-label\">Mujer<\/span><\/label><\/span><\/span><\/span>\n<\/p>\n<p><label> Fecha de Nacimiento*<br \/>\n<span class=\"wpcf7-form-control-wrap\" data-name=\"date-869\"><input class=\"wpcf7-form-control wpcf7-date wpcf7-validates-as-required wpcf7-validates-as-date\" aria-required=\"true\" aria-invalid=\"false\" value=\"\" type=\"date\" name=\"date-869\" \/><\/span> <\/label>\n<\/p>\n<p><label> Lugar de nacimiento<br \/>\n<span class=\"wpcf7-form-control-wrap\" data-name=\"your-birthplace\"><input size=\"40\" maxlength=\"400\" class=\"wpcf7-form-control wpcf7-text\" aria-invalid=\"false\" value=\"\" type=\"text\" name=\"your-birthplace\" \/><\/span> <\/label>\n<\/p>\n<p><label> Nacionalidad*<br \/>\n<span class=\"wpcf7-form-control-wrap\" data-name=\"your-nationality\"><input size=\"40\" maxlength=\"400\" class=\"wpcf7-form-control wpcf7-text wpcf7-validates-as-required\" aria-required=\"true\" aria-invalid=\"false\" value=\"\" type=\"text\" name=\"your-nationality\" \/><\/span> <\/label>\n<\/p>\n<p><label> TEL\u00c9FONO*<br \/>\n<span class=\"wpcf7-form-control-wrap\" data-name=\"your-tel-124\"><input size=\"40\" maxlength=\"400\" class=\"wpcf7-form-control wpcf7-tel wpcf7-validates-as-required wpcf7-text wpcf7-validates-as-tel\" autocomplete=\"tel-124\" aria-required=\"true\" aria-invalid=\"false\" value=\"\" type=\"tel\" name=\"your-tel-124\" \/><\/span> <\/label>\n<\/p>\n<p><label> Domicilio* (calle, n.\u00ba, piso, letra, c\u00f3digo postal)<br \/>\n<span class=\"wpcf7-form-control-wrap\" data-name=\"text-70\"><input size=\"40\" maxlength=\"400\" class=\"wpcf7-form-control wpcf7-text wpcf7-validates-as-required\" aria-required=\"true\" aria-invalid=\"false\" placeholder=\"\" value=\"\" type=\"text\" name=\"text-70\" \/><\/span> <\/label>\n<\/p>\n<p><label> Correo electr\u00f3nico*<br \/>\n<span class=\"wpcf7-form-control-wrap\" data-name=\"your-email\"><input size=\"40\" maxlength=\"400\" class=\"wpcf7-form-control wpcf7-email wpcf7-validates-as-required wpcf7-text wpcf7-validates-as-email\" autocomplete=\"email\" aria-required=\"true\" aria-invalid=\"false\" value=\"\" type=\"email\" name=\"your-email\" \/><\/span> <\/label>\n<\/p>\n<p><label> Selecciona el curso* <\/label><br \/>\n<span class=\"wpcf7-form-control-wrap\" data-name=\"curso\"><span class=\"wpcf7-form-control wpcf7-radio\"><span class=\"wpcf7-list-item first\"><label><input type=\"radio\" name=\"curso\" value=\"Opci\u00f3n 1\" checked=\"checked\" \/><span class=\"wpcf7-list-item-label\">Opci\u00f3n 1<\/span><\/label><\/span><span class=\"wpcf7-list-item\"><label><input type=\"radio\" name=\"curso\" value=\"Opci\u00f3n 2\" \/><span class=\"wpcf7-list-item-label\">Opci\u00f3n 2<\/span><\/label><\/span><span class=\"wpcf7-list-item last\"><label><input type=\"radio\" name=\"curso\" value=\"Cualquiera de los dos\" \/><span class=\"wpcf7-list-item-label\">Cualquiera de los dos<\/span><\/label><\/span><\/span><\/span>\n<\/p>\n<p class=\"aiowps-captcha hide-when-displaying-tfa-input\"><label for=\"aiowps-captcha-answer\">Por favor, introduce una respuesta en d\u00edgitos:<\/label>\n<\/p>\n<div class=\"aiowps-captcha-equation hide-when-displaying-tfa-input\">\n\t<p><strong>tres &#215; uno = <input type=\"hidden\" name=\"aiowps-captcha-string-info\" class=\"aiowps-captcha-string-info\" value=\"6klgxmvuce\" \/><input type=\"hidden\" name=\"aiowps-captcha-temp-string\" class=\"aiowps-captcha-temp-string\" value=\"1778606153\" \/><input type=\"text\" size=\"2\" class=\"aiowps-captcha-answer\" name=\"aiowps-captcha-answer\" value=\"\" autocomplete=\"off\" \/><\/strong>\n\t<\/p>\n<\/div>\n<p><span class='wpcf7-form-control-wrap' data-name='aiowps-captcha'><\/span><input class=\"wpcf7-form-control wpcf7-submit has-spinner\" type=\"submit\" value=\"Enviar\" \/>\n<\/p><p style=\"display: none !important;\" class=\"akismet-fields-container\" data-prefix=\"_wpcf7_ak_\"><label>&#916;<textarea name=\"_wpcf7_ak_hp_textarea\" cols=\"45\" rows=\"8\" maxlength=\"100\"><\/textarea><\/label><input type=\"hidden\" id=\"ak_js_1\" name=\"_wpcf7_ak_js\" value=\"3\"\/><script>document.getElementById( \"ak_js_1\" ).setAttribute( \"value\", ( new Date() ).getTime() );<\/script><\/p><div class=\"wpcf7-response-output\" aria-hidden=\"true\"><\/div>\n<\/form>\n<\/div>\n\n\n\n\n<hr class=\"wp-block-separator has-alpha-channel-opacity is-style-wide\"\/>\n\n\n\n<p class=\"has-black-color has-text-color\"><strong><a href=\"https:\/\/www.comunidad.madrid\/sites\/default\/files\/doc\/educacion\/2023-07-03_resolucion_rccd_vfinal_37725788.pdf\"><mark style=\"background-color:rgba(0, 0, 0, 0)\" class=\"has-inline-color has-vivid-cyan-blue-color\">Resoluci\u00f3n de 3 de julio de 2023<\/mark><\/a>, de la Direcci\u00f3n General de Educaci\u00f3n Secundaria, Formaci\u00f3n Profesional y R\u00e9gimen Especial por la que se establece la implantaci\u00f3n del programa de Cooperaci\u00f3n Territorial para la creaci\u00f3n de la Red de Centros de Capacitaci\u00f3n Digital, y&nbsp;se designan los centros docentes p\u00fablicos de Educaci\u00f3n de Personas Adultas (CEPA) e Institutos de Educaci\u00f3n Secundaria (IES) que formar\u00e1n parte de la red.<\/strong><\/p>\n\n\n\n<p class=\"has-black-color has-text-color\">\u00abEl instrumento financiero Next Generation EU, aprobado en 2020 por el Consejo Europeo, incluye, como elemento central, un Mecanismo de Recuperaci\u00f3n y Resiliencia (MRR) cuya finalidad es apoyar la inversi\u00f3n y las reformas en los Estados Miembros<br>para lograr una recuperaci\u00f3n sostenible y resiliente, al tiempo que se promueven las prioridades ecol\u00f3gicas y digitales de la Uni\u00f3n.\u00bb<\/p>\n\n\n\n<p class=\"has-black-color has-text-color\">\u00abDentro de las pol\u00edticas palanca del Plan de Recuperaci\u00f3n, Transformaci\u00f3n y Resiliencia, concretamente en la palanca VII, referida a la educaci\u00f3n y conocimiento, formaci\u00f3n continua y desarrollo de capacidades, se incluye el componente 19: Plan Nacional de Capacidades Digitales, en cuyo marco se encuadra la inversi\u00f3n 1: Competencias Digitales Trasversales y el proyecto 01 \u201cRed de Centros Nacionales de Capacitaci\u00f3n Digital\u201d que desarrolla el programa de cooperaci\u00f3n territorial para la creaci\u00f3n de esta red de centros nacionales de capacitaci\u00f3n digital.\u00bb<\/p>\n\n\n\n<p class=\"has-black-color has-text-color\">\u00abEl Plan Nacional de Competencias Digitales tiene como objetivo establecer los medios para que toda la poblaci\u00f3n espa\u00f1ola adquiera aquellas capacidades digitales que les permitan interactuar como usuarios independientes con entidades financieras,<br>administraciones, organismos y otras entidades, as\u00ed como abrir oportunidades para complementar en los sistemas educativo y formativo dichas capacidades como instrumento ordinario de trabajo.\u00bb<\/p>\n\n\n\n<p class=\"has-black-color has-text-color\">\u00abLa creaci\u00f3n de una red de centros y aulas de capacitaci\u00f3n digital constituye una medida para acercar la oferta formativa a toda la ciudadan\u00eda a trav\u00e9s de aquellos centros que permitan, por su cercan\u00eda y facilidad de acceso, hacer una oferta atractiva de capacitaci\u00f3n digital, con especial atenci\u00f3n a los sectores de poblaci\u00f3n m\u00e1s vulnerable.\u00bb<\/p>\n\n\n\n<p class=\"has-black-color has-text-color\">\u00abLa red de centros de capacitaci\u00f3n digital (aulas) permitir\u00e1 a la ciudadan\u00eda formarse en competencias digitales transversales necesarias para desenvolverse de forma cotidiana en una sociedad cada vez m\u00e1s digitalizada, en la que servicios esenciales, tales como la banca, el acceso a las administraciones p\u00fablicas o el consumo se hace de forma telem\u00e1tica, excluyendo de facto a un sector de la poblaci\u00f3n que, bien por su edad, por su bajo nivel de formaci\u00f3n, o por su vulnerabilidad, carecen de las competencias digitales necesarias, situ\u00e1ndolos en clara inferioridad respecto de la poblaci\u00f3n general y empeorando de forma significativa su calidad de vida.\u00bb<\/p>\n\n\n\n<p class=\"has-black-color has-text-color\">\u00abLos centros ofrecer\u00e1n oportunidades de formaci\u00f3n con independencia del lugar de residencia o formaci\u00f3n previa de las personas y facilitar\u00e1n, por tanto, un acceso generalizado a una formaci\u00f3n compatible con las obligaciones de la ciudadan\u00eda<br>derivadas de distintas condiciones personales, laborales o sociales. El p\u00fablico diana de car\u00e1cter preferencial ser\u00e1n las personas mayores de 55 a\u00f1os con un nivel bajo de cualificaci\u00f3n, atendiendo especialmente a la brecha de g\u00e9nero, que en este rango de<br>edad es muy pronunciada. No obstante, las acciones formativas que se lleven a cabo en estos centros podr\u00e1n alcanzar a otros colectivos de poblaci\u00f3n general, siempre que se encuentren fuera del sistema educativo y formativo, y que puedan mejorar su calidad de vida a trav\u00e9s de la adquisici\u00f3n de unas competencias digitales b\u00e1sicas.\u00bb<\/p>\n\n\n\n<p class=\"has-black-color has-text-color\">Contenido de los cursos acorde con lo fijado en <a href=\"https:\/\/www.boe.es\/diario_boe\/txt.php?id=BOE-A-2022-1058\" target=\"_blank\" rel=\"noreferrer noopener\"><mark style=\"background-color:rgba(0, 0, 0, 0)\" class=\"has-inline-color has-vivid-cyan-blue-color\">RD 46\/2022, de 18 de enero<\/mark><\/a>.<\/p>\n","protected":false},"excerpt":{"rendered":"<p>Capacitaci\u00f3n Digital FORMULARIO DE PREINSCRIPCI\u00d3N El I.E.S. Cardenal Herrera Oria forma parte de la Red de Centros de Capacitaci\u00f3n Digital. Se ofertan los siguientes cursos de Cualificaci\u00f3n Profesional de NIVEL &#8230;<\/p>\n","protected":false},"author":2,"featured_media":0,"parent":489,"menu_order":60,"comment_status":"closed","ping_status":"closed","template":"","meta":{"footnotes":""},"folder":[],"class_list":["post-15598","page","type-page","status-publish","hentry"],"rttpg_featured_image_url":null,"rttpg_author":{"display_name":"TIC I.E.S. Cardenal Herrera Oria","author_link":"https:\/\/site.educa.madrid.org\/ies.cardenalherrera.madrid\/index.php\/author\/cuenta_tic-ies-cardenalherrera-madrid\/"},"rttpg_comment":0,"rttpg_category":false,"rttpg_excerpt":"Capacitaci\u00f3n Digital FORMULARIO DE PREINSCRIPCI\u00d3N El I.E.S. Cardenal Herrera Oria forma parte de la Red de Centros de Capacitaci\u00f3n Digital. Se ofertan los siguientes cursos de Cualificaci\u00f3n Profesional de NIVEL ...","post_mailing_queue_ids":[],"_links":{"self":[{"href":"https:\/\/site.educa.madrid.org\/ies.cardenalherrera.madrid\/index.php\/wp-json\/wp\/v2\/pages\/15598","targetHints":{"allow":["GET"]}}],"collection":[{"href":"https:\/\/site.educa.madrid.org\/ies.cardenalherrera.madrid\/index.php\/wp-json\/wp\/v2\/pages"}],"about":[{"href":"https:\/\/site.educa.madrid.org\/ies.cardenalherrera.madrid\/index.php\/wp-json\/wp\/v2\/types\/page"}],"author":[{"embeddable":true,"href":"https:\/\/site.educa.madrid.org\/ies.cardenalherrera.madrid\/index.php\/wp-json\/wp\/v2\/users\/2"}],"replies":[{"embeddable":true,"href":"https:\/\/site.educa.madrid.org\/ies.cardenalherrera.madrid\/index.php\/wp-json\/wp\/v2\/comments?post=15598"}],"version-history":[{"count":26,"href":"https:\/\/site.educa.madrid.org\/ies.cardenalherrera.madrid\/index.php\/wp-json\/wp\/v2\/pages\/15598\/revisions"}],"predecessor-version":[{"id":17370,"href":"https:\/\/site.educa.madrid.org\/ies.cardenalherrera.madrid\/index.php\/wp-json\/wp\/v2\/pages\/15598\/revisions\/17370"}],"up":[{"embeddable":true,"href":"https:\/\/site.educa.madrid.org\/ies.cardenalherrera.madrid\/index.php\/wp-json\/wp\/v2\/pages\/489"}],"wp:attachment":[{"href":"https:\/\/site.educa.madrid.org\/ies.cardenalherrera.madrid\/index.php\/wp-json\/wp\/v2\/media?parent=15598"}],"wp:term":[{"taxonomy":"folder","embeddable":true,"href":"https:\/\/site.educa.madrid.org\/ies.cardenalherrera.madrid\/index.php\/wp-json\/wp\/v2\/folder?post=15598"}],"curies":[{"name":"wp","href":"https:\/\/api.w.org\/{rel}","templated":true}]}}