{"id":15779,"date":"2024-02-12T21:39:20","date_gmt":"2024-02-12T20:39:20","guid":{"rendered":"https:\/\/site.educa.madrid.org\/ies.cardenalherrera.madrid\/?page_id=15779"},"modified":"2025-10-20T20:02:21","modified_gmt":"2025-10-20T18:02:21","slug":"proyecto-stem","status":"publish","type":"page","link":"https:\/\/site.educa.madrid.org\/ies.cardenalherrera.madrid\/index.php\/planes-y-proyectos\/proyecto-stem\/","title":{"rendered":"Proyecto STEM"},"content":{"rendered":"\t\t\t<!-- Flexy Breadcrumb -->\n\t\t\t<div class=\"fbc fbc-page\">\n\n\t\t\t\t<!-- Breadcrumb wrapper -->\n\t\t\t\t<div class=\"fbc-wrap\">\n\n\t\t\t\t\t<!-- Ordered list-->\n\t\t\t\t\t<ol class=\"fbc-items\" itemscope itemtype=\"https:\/\/schema.org\/BreadcrumbList\">\n\t\t\t\t\t\t            <li itemprop=\"itemListElement\" itemscope itemtype=\"https:\/\/schema.org\/ListItem\">\n                <span itemprop=\"name\">\n                    <!-- Home Link -->\n                    <a itemprop=\"item\" href=\"https:\/\/site.educa.madrid.org\/ies.cardenalherrera.madrid\">\n                    \n                                                    <i class=\"fa fa-home\" aria-hidden=\"true\"><\/i>Inicio                    <\/a>\n                <\/span>\n                <meta itemprop=\"position\" content=\"1\" \/><!-- Meta Position-->\n             <\/li><li><span class=\"fbc-separator\">\/<\/span><\/li><li class=\"active\" itemprop=\"itemListElement\" itemscope itemtype=\"https:\/\/schema.org\/ListItem\"><span itemprop=\"name\" title=\"Entradas\">Entradas<\/span><meta itemprop=\"position\" content=\"2\" \/><\/li>\t\t\t\t\t<\/ol>\n\t\t\t\t\t<div class=\"clearfix\"><\/div>\n\t\t\t\t<\/div>\n\t\t\t<\/div>\n\t\t\t\n\n\n\n<h1 class=\"wp-block-heading has-text-align-center\">Proyecto STEM<\/h1>\n\n\n\n<div class=\"wp-block-columns is-layout-flex wp-container-core-columns-is-layout-9d6595d7 wp-block-columns-is-layout-flex\">\n<div class=\"wp-block-column is-layout-flow wp-block-column-is-layout-flow\" style=\"flex-basis:40%\">\n<figure class=\"wp-block-image size-full is-resized\"><a href=\"https:\/\/www.comunidad.madrid\/servicios\/educacion\/es-stemadrid\" target=\"_blank\" rel=\"noreferrer noopener\"><img loading=\"lazy\" decoding=\"async\" width=\"854\" height=\"342\" src=\"https:\/\/site.educa.madrid.org\/ies.cardenalherrera.madrid\/\/wp-content\/uploads\/ies.cardenalherrera.madrid\/2021\/04\/Logo_STEMadrid-Peque\u00f1o.png\" alt=\"\" class=\"wp-image-10593\" style=\"width:316px;height:126px\" srcset=\"https:\/\/site.educa.madrid.org\/ies.cardenalherrera.madrid\/\/wp-content\/uploads\/ies.cardenalherrera.madrid\/2021\/04\/Logo_STEMadrid-Peque\u00f1o.png 854w, https:\/\/site.educa.madrid.org\/ies.cardenalherrera.madrid\/\/wp-content\/uploads\/ies.cardenalherrera.madrid\/2021\/04\/Logo_STEMadrid-Peque\u00f1o-300x120.png 300w, https:\/\/site.educa.madrid.org\/ies.cardenalherrera.madrid\/\/wp-content\/uploads\/ies.cardenalherrera.madrid\/2021\/04\/Logo_STEMadrid-Peque\u00f1o-768x308.png 768w\" sizes=\"auto, (max-width: 854px) 100vw, 854px\" \/><\/a><\/figure>\n<\/div>\n\n\n\n<div class=\"wp-block-column is-layout-flow wp-block-column-is-layout-flow\" style=\"flex-basis:60%\">\n<p class=\"has-black-color has-text-color\">STEMadrid es el Plan dise\u00f1ado por la Comunidad de Madrid para fomentar el estudio de las disciplinas STEM entre el alumnado madrile\u00f1o. Impulsa las vocaciones cient\u00edficas y tecnol\u00f3gicas a trav\u00e9s de acciones que faciliten el proceso de aprendizaje desde la propia experiencia del alumnado. Potencia la curiosidad, acercando la tecnolog\u00eda a nuestros estudiantes de forma creativa e incorporando experiencias que aseguran la equidad e inclusi\u00f3n en el campo STEM.<\/p>\n<\/div>\n<\/div>\n\n\n\n<h3 class=\"wp-block-heading has-black-color has-text-color\">Objetivos<\/h3>\n\n\n\n<ul class=\"wp-block-list has-black-color has-text-color\">\n<li>Fomentar el desarrollo de la competencia STEM entre los alumnos y alumnas, as\u00ed como el inter\u00e9s por las \u00e1reas cient\u00edfico-tecnol\u00f3gicas.<\/li>\n\n\n\n<li>Promocionar las vocaciones STEM, especialmente entre nuestras alumnas donde hay un mayor d\u00e9ficit de vocaciones.<\/li>\n\n\n\n<li>Afianzar las actitudes como el trabajo cooperativo, la utilizaci\u00f3n de la informaci\u00f3n, la creatividad, el emprendimiento y el autoaprendizaje a trav\u00e9s de la metodolog\u00eda STEM.<\/li>\n<\/ul>\n\n\n\n<p><\/p>\n\n\n\n<h3 class=\"wp-block-heading has-black-color has-text-color\">Actividades STEM en el Herrera 2025-2026<\/h3>\n\n\n\n<p class=\"has-black-color has-text-color has-link-color wp-elements-55398b572ffffe3f09dd4a54646119f6\">Nuestro objetivo es que todos los alumnos de 2.\u00ba y 3.\u00ba ESO trabajen esta metodolog\u00eda en las asignaturas de ciencias. Se crear\u00e1n diferentes proyectos de investigaci\u00f3n que se expondr\u00e1n el 30 de abril de 2026, en la Feria de la Ciencia de nuestro Instituto. Todos los proyectos STEM tendr\u00e1n como nexo de uni\u00f3n <strong>\u201cLa Medida del Tiempo\u201d<\/strong>.<\/p>\n\n\n\n<div class=\"wp-block-group\"><div class=\"wp-block-group__inner-container is-layout-flow wp-block-group-is-layout-flow\"><div class=\"wp-block-image\">\n<figure class=\"aligncenter size-large is-resized\"><a href=\"https:\/\/site.educa.madrid.org\/ies.cardenalherrera.madrid\/\/wp-content\/uploads\/ies.cardenalherrera.madrid\/2025\/10\/PROYECTO-STEM-PROGRAMACION.pdf\" target=\"_blank\" rel=\"noreferrer noopener\"><img loading=\"lazy\" decoding=\"async\" width=\"84\" height=\"112\" src=\"https:\/\/site.educa.madrid.org\/ies.cardenalherrera.madrid\/\/wp-content\/uploads\/ies.cardenalherrera.madrid\/2020\/12\/file-pdf.png\" alt=\"\" class=\"wp-image-1167\" style=\"width:42px;height:56px\"\/><\/a><\/figure>\n<\/div>\n\n\n<h3 class=\"wp-block-heading has-text-align-center\"><a href=\"https:\/\/site.educa.madrid.org\/ies.cardenalherrera.madrid\/\/wp-content\/uploads\/ies.cardenalherrera.madrid\/2025\/10\/PROYECTO-STEM-PROGRAMACION.pdf\" target=\"_blank\" rel=\"noreferrer noopener\">Descargar<\/a><\/h3>\n<\/div><\/div>\n\n\n\n<p><\/p>\n","protected":false},"excerpt":{"rendered":"<p>Proyecto STEM STEMadrid es el Plan dise\u00f1ado por la Comunidad de Madrid para fomentar el estudio de las disciplinas STEM entre el alumnado madrile\u00f1o. Impulsa las vocaciones cient\u00edficas y tecnol\u00f3gicas &#8230;<\/p>\n","protected":false},"author":2,"featured_media":0,"parent":691,"menu_order":15,"comment_status":"closed","ping_status":"closed","template":"","meta":{"footnotes":""},"folder":[],"class_list":["post-15779","page","type-page","status-publish","hentry"],"rttpg_featured_image_url":null,"rttpg_author":{"display_name":"TIC I.E.S. Cardenal Herrera Oria","author_link":"https:\/\/site.educa.madrid.org\/ies.cardenalherrera.madrid\/index.php\/author\/cuenta_tic-ies-cardenalherrera-madrid\/"},"rttpg_comment":0,"rttpg_category":false,"rttpg_excerpt":"Proyecto STEM STEMadrid es el Plan dise\u00f1ado por la Comunidad de Madrid para fomentar el estudio de las disciplinas STEM entre el alumnado madrile\u00f1o. Impulsa las vocaciones cient\u00edficas y tecnol\u00f3gicas ...","post_mailing_queue_ids":[],"_links":{"self":[{"href":"https:\/\/site.educa.madrid.org\/ies.cardenalherrera.madrid\/index.php\/wp-json\/wp\/v2\/pages\/15779","targetHints":{"allow":["GET"]}}],"collection":[{"href":"https:\/\/site.educa.madrid.org\/ies.cardenalherrera.madrid\/index.php\/wp-json\/wp\/v2\/pages"}],"about":[{"href":"https:\/\/site.educa.madrid.org\/ies.cardenalherrera.madrid\/index.php\/wp-json\/wp\/v2\/types\/page"}],"author":[{"embeddable":true,"href":"https:\/\/site.educa.madrid.org\/ies.cardenalherrera.madrid\/index.php\/wp-json\/wp\/v2\/users\/2"}],"replies":[{"embeddable":true,"href":"https:\/\/site.educa.madrid.org\/ies.cardenalherrera.madrid\/index.php\/wp-json\/wp\/v2\/comments?post=15779"}],"version-history":[{"count":5,"href":"https:\/\/site.educa.madrid.org\/ies.cardenalherrera.madrid\/index.php\/wp-json\/wp\/v2\/pages\/15779\/revisions"}],"predecessor-version":[{"id":17922,"href":"https:\/\/site.educa.madrid.org\/ies.cardenalherrera.madrid\/index.php\/wp-json\/wp\/v2\/pages\/15779\/revisions\/17922"}],"up":[{"embeddable":true,"href":"https:\/\/site.educa.madrid.org\/ies.cardenalherrera.madrid\/index.php\/wp-json\/wp\/v2\/pages\/691"}],"wp:attachment":[{"href":"https:\/\/site.educa.madrid.org\/ies.cardenalherrera.madrid\/index.php\/wp-json\/wp\/v2\/media?parent=15779"}],"wp:term":[{"taxonomy":"folder","embeddable":true,"href":"https:\/\/site.educa.madrid.org\/ies.cardenalherrera.madrid\/index.php\/wp-json\/wp\/v2\/folder?post=15779"}],"curies":[{"name":"wp","href":"https:\/\/api.w.org\/{rel}","templated":true}]}}