{"id":16310,"date":"2024-09-26T22:52:00","date_gmt":"2024-09-26T20:52:00","guid":{"rendered":"https:\/\/site.educa.madrid.org\/ies.cardenalherrera.madrid\/?page_id=16310"},"modified":"2025-01-07T20:40:22","modified_gmt":"2025-01-07T19:40:22","slug":"derecho-a-huelga-del-alumnado","status":"publish","type":"page","link":"https:\/\/site.educa.madrid.org\/ies.cardenalherrera.madrid\/index.php\/organizacion\/jefatura-de-estudios\/derecho-a-huelga-del-alumnado\/","title":{"rendered":"Derecho a huelga del alumnado"},"content":{"rendered":"\t\t\t<!-- Flexy Breadcrumb -->\n\t\t\t<div class=\"fbc fbc-page\">\n\n\t\t\t\t<!-- Breadcrumb wrapper -->\n\t\t\t\t<div class=\"fbc-wrap\">\n\n\t\t\t\t\t<!-- Ordered list-->\n\t\t\t\t\t<ol class=\"fbc-items\" itemscope itemtype=\"https:\/\/schema.org\/BreadcrumbList\">\n\t\t\t\t\t\t            <li itemprop=\"itemListElement\" itemscope itemtype=\"https:\/\/schema.org\/ListItem\">\n                <span itemprop=\"name\">\n                    <!-- Home Link -->\n                    <a itemprop=\"item\" href=\"https:\/\/site.educa.madrid.org\/ies.cardenalherrera.madrid\">\n                    \n                                                    <i class=\"fa fa-home\" aria-hidden=\"true\"><\/i>Inicio                    <\/a>\n                <\/span>\n                <meta itemprop=\"position\" content=\"1\" \/><!-- Meta Position-->\n             <\/li><li><span class=\"fbc-separator\">\/<\/span><\/li><li class=\"active\" itemprop=\"itemListElement\" itemscope itemtype=\"https:\/\/schema.org\/ListItem\"><span itemprop=\"name\" title=\"Entradas\">Entradas<\/span><meta itemprop=\"position\" content=\"2\" \/><\/li>\t\t\t\t\t<\/ol>\n\t\t\t\t\t<div class=\"clearfix\"><\/div>\n\t\t\t\t<\/div>\n\t\t\t<\/div>\n\t\t\t\n\n\n\n<h1 class=\"wp-block-heading\">Derecho a huelga del alumnado<\/h1>\n\n\n\n<p class=\"has-black-color has-text-color has-link-color wp-elements-2ce359a365bf4ba109a82d15581c6264\">En previsi\u00f3n de las posibles convocatorias de huelga que puedan ser convocadas por los sindicatos de estudiantes, informamos que el centro desarrollar\u00e1 su actividad acad\u00e9mica con normalidad, teniendo en cuenta las siguientes consideraciones:<\/p>\n\n\n\n<ul class=\"has-black-color has-text-color has-link-color wp-block-list wp-elements-f71ebb494f1d5adb56bf615ff81716c1\">\n<li>Seg\u00fan la normativa vigente, reflejada en el punto 5.1.1.e) del <a href=\"https:\/\/site.educa.madrid.org\/ies.cardenalherrera.madrid\/index.php\/planes-y-proyectos\/plan-de-convivencia\/\" target=\"_blank\" rel=\"noreferrer noopener\">Plan de Convivencia<\/a> del centro, el derecho a huelga lo podr\u00e1n ejercer los estudiantes a partir de 3\u00ba de ESO. Los alumnos de 1\u00ba y 2\u00ba de ESO no tienen derecho a huelga.<\/li>\n\n\n\n<li>Corresponde a las familias verificar la autenticidad de la informaci\u00f3n que les proporcionen sus hijos y autorizar o no su participaci\u00f3n en la huelga de estudiantes.<\/li>\n\n\n\n<li>Los profesores reflejar\u00e1n las ausencias como injustificadas en la aplicaci\u00f3n Ra\u00edces, pudiendo las familias informar del motivo posteriormente.<\/li>\n\n\n\n<li>Todos aquellos alumnos cuyos padres o tutores legales no autoricen a secundar la huelga tienen el derecho de acudir al centro y de que la clase sea impartida con normalidad.<\/li>\n\n\n\n<li>Los alumnos en huelga deben ser conscientes de la p\u00e9rdida de las materias que ese d\u00eda se impartan y recuperar las sesiones por cuenta propia.<\/li>\n<\/ul>\n\n\n\n<h3 class=\"wp-block-heading\">Normativa<\/h3>\n\n\n\n<p class=\"has-black-color has-text-color has-link-color wp-elements-0a5b3ea24bee864e62e31f9023148451\">Art\u00edculo 8 de la Ley Org\u00e1nica 8\/1985, de 3 de julio, reguladora del Derecho a la Educaci\u00f3n (LODE), modificado por la&nbsp;Disposici\u00f3n final 1.5 de la&nbsp;Ley Org\u00e1nica 2\/2006, de 3 de mayo (LOE), de Educaci\u00f3n,&nbsp;y por la disposici\u00f3n final 1.5 de la Ley Org\u00e1nica 3\/2020, de 29 de diciembre (LOMLOE):<\/p>\n\n\n\n<blockquote class=\"wp-block-quote is-layout-flow wp-block-quote-is-layout-flow\">\n<p class=\"has-black-color has-text-color has-link-color wp-elements-b6d046929284027abc0f78e34fc033bc\">\u00abSe garantiza en los centros docentes el derecho de reuni\u00f3n de los profesores, personal de administraci\u00f3n y de servicios, padres de alumnos y alumnos, cuyo ejercicio se facilitar\u00e1 de acuerdo con la legislaci\u00f3n vigente y teniendo en cuenta el normal desarrollo de las actividades docentes.<\/p>\n\n\n\n<p class=\"has-black-color has-text-color has-link-color wp-elements-28410620e9aeac7beb478d0d6b413880\">A fin de estimular el ejercicio efectivo de la participaci\u00f3n del alumnado en los centros educativos y facilitar su derecho de reuni\u00f3n, los centros educativos establecer\u00e1n, al elaborar sus normas de organizaci\u00f3n y funcionamiento, las condiciones en las que sus alumnos y alumnas pueden ejercer este derecho. En los t\u00e9rminos que establezcan las Administraciones educativas, las decisiones colectivas que adopte el alumnado, a partir del tercer curso de educaci\u00f3n secundaria obligatoria, con respecto a la asistencia a clase no tendr\u00e1n la consideraci\u00f3n de faltas de conducta ni ser\u00e1n objeto de sanci\u00f3n, cuando estas hayan sido resultado del ejercicio del derecho de reuni\u00f3n y sean comunicadas previamente a la direcci\u00f3n del centro.\u00bb<\/p>\n<\/blockquote>\n","protected":false},"excerpt":{"rendered":"<p>Derecho a huelga del alumnado En previsi\u00f3n de las posibles convocatorias de huelga que puedan ser convocadas por los sindicatos de estudiantes, informamos que el centro desarrollar\u00e1 su actividad acad\u00e9mica &#8230;<\/p>\n","protected":false},"author":14,"featured_media":0,"parent":698,"menu_order":70,"comment_status":"closed","ping_status":"closed","template":"","meta":{"footnotes":""},"folder":[],"class_list":["post-16310","page","type-page","status-publish","hentry"],"rttpg_featured_image_url":null,"rttpg_author":{"display_name":"Cuenta Jestudios ies cardenalherrera madrid","author_link":"https:\/\/site.educa.madrid.org\/ies.cardenalherrera.madrid\/index.php\/author\/cuenta_jestudios-ies-cardenalherrera-madrid\/"},"rttpg_comment":0,"rttpg_category":false,"rttpg_excerpt":"Derecho a huelga del alumnado En previsi\u00f3n de las posibles convocatorias de huelga que puedan ser convocadas por los sindicatos de estudiantes, informamos que el centro desarrollar\u00e1 su actividad acad\u00e9mica ...","post_mailing_queue_ids":[],"_links":{"self":[{"href":"https:\/\/site.educa.madrid.org\/ies.cardenalherrera.madrid\/index.php\/wp-json\/wp\/v2\/pages\/16310","targetHints":{"allow":["GET"]}}],"collection":[{"href":"https:\/\/site.educa.madrid.org\/ies.cardenalherrera.madrid\/index.php\/wp-json\/wp\/v2\/pages"}],"about":[{"href":"https:\/\/site.educa.madrid.org\/ies.cardenalherrera.madrid\/index.php\/wp-json\/wp\/v2\/types\/page"}],"author":[{"embeddable":true,"href":"https:\/\/site.educa.madrid.org\/ies.cardenalherrera.madrid\/index.php\/wp-json\/wp\/v2\/users\/14"}],"replies":[{"embeddable":true,"href":"https:\/\/site.educa.madrid.org\/ies.cardenalherrera.madrid\/index.php\/wp-json\/wp\/v2\/comments?post=16310"}],"version-history":[{"count":7,"href":"https:\/\/site.educa.madrid.org\/ies.cardenalherrera.madrid\/index.php\/wp-json\/wp\/v2\/pages\/16310\/revisions"}],"predecessor-version":[{"id":16855,"href":"https:\/\/site.educa.madrid.org\/ies.cardenalherrera.madrid\/index.php\/wp-json\/wp\/v2\/pages\/16310\/revisions\/16855"}],"up":[{"embeddable":true,"href":"https:\/\/site.educa.madrid.org\/ies.cardenalherrera.madrid\/index.php\/wp-json\/wp\/v2\/pages\/698"}],"wp:attachment":[{"href":"https:\/\/site.educa.madrid.org\/ies.cardenalherrera.madrid\/index.php\/wp-json\/wp\/v2\/media?parent=16310"}],"wp:term":[{"taxonomy":"folder","embeddable":true,"href":"https:\/\/site.educa.madrid.org\/ies.cardenalherrera.madrid\/index.php\/wp-json\/wp\/v2\/folder?post=16310"}],"curies":[{"name":"wp","href":"https:\/\/api.w.org\/{rel}","templated":true}]}}