{"id":16323,"date":"2024-09-27T11:53:09","date_gmt":"2024-09-27T09:53:09","guid":{"rendered":"https:\/\/site.educa.madrid.org\/ies.cardenalherrera.madrid\/?page_id=16323"},"modified":"2025-09-30T13:20:15","modified_gmt":"2025-09-30T11:20:15","slug":"viaje-de-inmersion-linguistica-de-2o-eso","status":"publish","type":"page","link":"https:\/\/site.educa.madrid.org\/ies.cardenalherrera.madrid\/index.php\/servicios-y-actividades\/actividades-extraescolares\/viaje-de-inmersion-linguistica-de-2o-eso\/","title":{"rendered":"Viaje de inmersi\u00f3n ling\u00fc\u00edstica de 2\u00ba ESO"},"content":{"rendered":"\t\t\t<!-- Flexy Breadcrumb -->\n\t\t\t<div class=\"fbc fbc-page\">\n\n\t\t\t\t<!-- Breadcrumb wrapper -->\n\t\t\t\t<div class=\"fbc-wrap\">\n\n\t\t\t\t\t<!-- Ordered list-->\n\t\t\t\t\t<ol class=\"fbc-items\" itemscope itemtype=\"https:\/\/schema.org\/BreadcrumbList\">\n\t\t\t\t\t\t            <li itemprop=\"itemListElement\" itemscope itemtype=\"https:\/\/schema.org\/ListItem\">\n                <span itemprop=\"name\">\n                    <!-- Home Link -->\n                    <a itemprop=\"item\" href=\"https:\/\/site.educa.madrid.org\/ies.cardenalherrera.madrid\">\n                    \n                                                    <i class=\"fa fa-home\" aria-hidden=\"true\"><\/i>Inicio                    <\/a>\n                <\/span>\n                <meta itemprop=\"position\" content=\"1\" \/><!-- Meta Position-->\n             <\/li><li><span class=\"fbc-separator\">\/<\/span><\/li><li class=\"active\" itemprop=\"itemListElement\" itemscope itemtype=\"https:\/\/schema.org\/ListItem\"><span itemprop=\"name\" title=\"Entradas\">Entradas<\/span><meta itemprop=\"position\" content=\"2\" \/><\/li>\t\t\t\t\t<\/ol>\n\t\t\t\t\t<div class=\"clearfix\"><\/div>\n\t\t\t\t<\/div>\n\t\t\t<\/div>\n\t\t\t\n\n\n\n<h1 class=\"wp-block-heading\">Viaje de inmersi\u00f3n ling\u00fc\u00edstica de 2.\u00ba ESO<\/h1>\n\n\n\n<h2 class=\"wp-block-heading\">El Guijo, Salamanca (21 al 24 de octubre 2025)<\/h2>\n\n\n\n<p class=\"has-black-color has-text-color has-link-color wp-elements-351781569fa8ea60e609e2de95a1490d\">Agradecemos a las familias la buena acogida de esta actividad.<\/p>\n\n\n\n<p class=\"has-black-color has-text-color has-link-color wp-elements-0a44a7baa7eeb7e792d5d1226f407ccd\">&nbsp;Aqu\u00ed les presentamos un resumen de lo tratado en la reuni\u00f3n del 29 de septiembre:<\/p>\n\n\n\n<ul class=\"wp-block-list has-black-color has-text-color has-link-color wp-elements-cdee09b6ae26b9d3a0a21581a70fefcb\">\n<li>Se trata de una estancia de <strong>cuatro d\u00edas y tres noches<\/strong>, <strong>saliendo el 21 y volviendo el 24 de octubre<\/strong>.<\/li>\n\n\n\n<li>El precio <strong>(280 euros)<\/strong> incluye estancia y actividades, viaje de ida y vuelta en autocar y pensi\u00f3n completa.<\/li>\n\n\n\n<li>Hay un programa diario de actividades l\u00fadicas, deportivas en un contexto de inmersi\u00f3n ling\u00fc\u00edstica con monitores nativos. El ejemplo de calendario que se incluye es a modo orientativo.<\/li>\n\n\n\n<li>Los alumnos est\u00e1n acompa\u00f1ados por los monitores de la organizaci\u00f3n (Interway) y dos profesores del centro de las asignaturas de Educaci\u00f3n F\u00edsica e Ingl\u00e9s.<\/li>\n\n\n\n<li>El alojamiento es en cabinas. Cada cabina est\u00e1 supervisada por un monitor.<\/li>\n\n\n\n<li>Los tel\u00e9fonos m\u00f3viles ser\u00e1n recogidos y custodiados y solo podr\u00e1n utilizarse durante un periodo de tiempo diario para contactar con las familias.<\/li>\n\n\n\n<li>Es necesario hacer la <strong>inscripci\u00f3n<\/strong> en el siguiente enlace: <a href=\"http:\/\/www.interway.es\/reserva\/900675\" target=\"_blank\" rel=\"noreferrer noopener\"><mark style=\"background-color:rgba(0, 0, 0, 0)\" class=\"has-inline-color has-vivid-cyan-blue-color\">http:\/\/www.interway.es\/reserva\/900675<\/mark><\/a>&nbsp;<\/li>\n\n\n\n<li>Es necesario realizar un<strong>&nbsp;primer pago<\/strong>&nbsp;de<strong>&nbsp;50 euros<\/strong>&nbsp;en concepto de reserva al hacer la inscripci\u00f3n.<\/li>\n\n\n\n<li>El <strong>plazo<\/strong> para hacer la inscripci\u00f3n termina el d\u00eda <strong>6 de octubre<\/strong>.<\/li>\n\n\n\n<li>En el caso de problemas para efectuar el pago, pueden ponerse en contacto con la empresa a trav\u00e9s de este enlace&nbsp;<a href=\"mailto:hola@interway.es\" target=\"_blank\" rel=\"noreferrer noopener\"><mark style=\"background-color:rgba(0, 0, 0, 0)\" class=\"has-inline-color has-vivid-cyan-blue-color\">hola@interway.es<\/mark><\/a>&nbsp;<\/li>\n\n\n\n<li>Al hacer la inscripci\u00f3n, se pedir\u00e1 informaci\u00f3n sobre alergias, intolerancias alimentarias y medicaci\u00f3n.<\/li>\n\n\n\n<li>En el caso de tener que usar medicaci\u00f3n durante el campamento, rogamos la lleven en una bolsa cerrada con la dosis y el nombre del alumno\/a.<\/li>\n\n\n\n<li><strong>El 2.\u00ba pago se realiza entre 10 y 7 d\u00edas antes del viaje.<\/strong><\/li>\n<\/ul>\n\n\n\n<p class=\"has-black-color has-text-color has-link-color wp-elements-84ba22cddf6f5629f05f4a9ce7c66d51\">Una vez hecha la inscripci\u00f3n, y reunido el suficiente n\u00famero de participantes, Interway se pondr\u00e1 en contacto con ustedes por correo interno para organizar los pagos, informarles del horario y lugar de salida, lo que los alumnos deben llevar, etc.<\/p>\n\n\n\n<p class=\"has-black-color has-text-color has-link-color wp-elements-50f8bd8789fd2ddf60be1dcec4e2527b\">Les dejamos un folleto informativo, un v\u00eddeo promocional y un ejemplo de cronograma (por favor, tengan en cuenta que este ejemplo es para una estancia de cinco d\u00edas. Nosotros estaremos cuatro).<\/p>\n\n\n<div class=\"wp-block-image\">\n<figure class=\"aligncenter size-large\"><img loading=\"lazy\" decoding=\"async\" width=\"1024\" height=\"722\" src=\"https:\/\/site.educa.madrid.org\/ies.cardenalherrera.madrid\/\/wp-content\/uploads\/ies.cardenalherrera.madrid\/2025\/09\/Calendario-Inmer-Ling-2-1024x722.png\" alt=\"\" class=\"wp-image-17859\" srcset=\"https:\/\/site.educa.madrid.org\/ies.cardenalherrera.madrid\/\/wp-content\/uploads\/ies.cardenalherrera.madrid\/2025\/09\/Calendario-Inmer-Ling-2-1024x722.png 1024w, https:\/\/site.educa.madrid.org\/ies.cardenalherrera.madrid\/\/wp-content\/uploads\/ies.cardenalherrera.madrid\/2025\/09\/Calendario-Inmer-Ling-2-300x212.png 300w, https:\/\/site.educa.madrid.org\/ies.cardenalherrera.madrid\/\/wp-content\/uploads\/ies.cardenalherrera.madrid\/2025\/09\/Calendario-Inmer-Ling-2-768x541.png 768w, https:\/\/site.educa.madrid.org\/ies.cardenalherrera.madrid\/\/wp-content\/uploads\/ies.cardenalherrera.madrid\/2025\/09\/Calendario-Inmer-Ling-2-1536x1083.png 1536w, https:\/\/site.educa.madrid.org\/ies.cardenalherrera.madrid\/\/wp-content\/uploads\/ies.cardenalherrera.madrid\/2025\/09\/Calendario-Inmer-Ling-2.png 1980w\" sizes=\"auto, (max-width: 1024px) 100vw, 1024px\" \/><\/figure>\n<\/div>\n\n\n<div class=\"wp-block-columns is-layout-flex wp-container-core-columns-is-layout-9d6595d7 wp-block-columns-is-layout-flex\">\n<div class=\"wp-block-column is-layout-flow wp-block-column-is-layout-flow\">\n<div class=\"wp-block-columns is-layout-flex wp-container-core-columns-is-layout-9d6595d7 wp-block-columns-is-layout-flex\">\n<div class=\"wp-block-column is-layout-flow wp-block-column-is-layout-flow\">\n<div class=\"wp-block-columns is-layout-flex wp-container-core-columns-is-layout-9d6595d7 wp-block-columns-is-layout-flex\">\n<div class=\"wp-block-column is-layout-flow wp-block-column-is-layout-flow\">\n<div class=\"wp-block-columns is-layout-flex wp-container-core-columns-is-layout-9d6595d7 wp-block-columns-is-layout-flex\">\n<div class=\"wp-block-column is-layout-flow wp-block-column-is-layout-flow\" style=\"flex-basis:66.66%\">\n<figure class=\"wp-block-video\"><video height=\"480\" style=\"aspect-ratio: 848 \/ 480;\" width=\"848\" controls src=\"https:\/\/site.educa.madrid.org\/ies.cardenalherrera.madrid\/\/wp-content\/uploads\/ies.cardenalherrera.madrid\/2025\/09\/VIDEO-2025-09-25-12-32-46.mp4\"><\/video><\/figure>\n<\/div>\n\n\n\n<div class=\"wp-block-column is-layout-flow wp-block-column-is-layout-flow\" style=\"flex-basis:33.33%\">\n<figure class=\"wp-block-image size-large\"><a href=\"https:\/\/site.educa.madrid.org\/ies.cardenalherrera.madrid\/\/wp-content\/uploads\/ies.cardenalherrera.madrid\/2025\/09\/EL-GUIJO.pdf\" target=\"_blank\" rel=\" noreferrer noopener\"><img loading=\"lazy\" decoding=\"async\" width=\"759\" height=\"1024\" src=\"https:\/\/site.educa.madrid.org\/ies.cardenalherrera.madrid\/\/wp-content\/uploads\/ies.cardenalherrera.madrid\/2025\/09\/El-Quijo-759x1024.png\" alt=\"\" class=\"wp-image-17860\" srcset=\"https:\/\/site.educa.madrid.org\/ies.cardenalherrera.madrid\/\/wp-content\/uploads\/ies.cardenalherrera.madrid\/2025\/09\/El-Quijo-759x1024.png 759w, https:\/\/site.educa.madrid.org\/ies.cardenalherrera.madrid\/\/wp-content\/uploads\/ies.cardenalherrera.madrid\/2025\/09\/El-Quijo-222x300.png 222w, https:\/\/site.educa.madrid.org\/ies.cardenalherrera.madrid\/\/wp-content\/uploads\/ies.cardenalherrera.madrid\/2025\/09\/El-Quijo-768x1036.png 768w, https:\/\/site.educa.madrid.org\/ies.cardenalherrera.madrid\/\/wp-content\/uploads\/ies.cardenalherrera.madrid\/2025\/09\/El-Quijo.png 774w\" sizes=\"auto, (max-width: 759px) 100vw, 759px\" \/><\/a><\/figure>\n<\/div>\n<\/div>\n<\/div>\n<\/div>\n<\/div>\n<\/div>\n<\/div>\n<\/div>\n\n\n\n<p><\/p>\n","protected":false},"excerpt":{"rendered":"<p>Viaje de inmersi\u00f3n ling\u00fc\u00edstica de 2.\u00ba ESO El Guijo, Salamanca (21 al 24 de octubre 2025) Agradecemos a las familias la buena acogida de esta actividad. &nbsp;Aqu\u00ed les presentamos un &#8230;<\/p>\n","protected":false},"author":14,"featured_media":0,"parent":1311,"menu_order":20,"comment_status":"closed","ping_status":"closed","template":"","meta":{"footnotes":""},"folder":[],"class_list":["post-16323","page","type-page","status-publish","hentry"],"rttpg_featured_image_url":null,"rttpg_author":{"display_name":"Cuenta Jestudios ies cardenalherrera madrid","author_link":"https:\/\/site.educa.madrid.org\/ies.cardenalherrera.madrid\/index.php\/author\/cuenta_jestudios-ies-cardenalherrera-madrid\/"},"rttpg_comment":0,"rttpg_category":false,"rttpg_excerpt":"Viaje de inmersi\u00f3n ling\u00fc\u00edstica de 2.\u00ba ESO El Guijo, Salamanca (21 al 24 de octubre 2025) Agradecemos a las familias la buena acogida de esta actividad. &nbsp;Aqu\u00ed les presentamos un ...","post_mailing_queue_ids":[],"_links":{"self":[{"href":"https:\/\/site.educa.madrid.org\/ies.cardenalherrera.madrid\/index.php\/wp-json\/wp\/v2\/pages\/16323","targetHints":{"allow":["GET"]}}],"collection":[{"href":"https:\/\/site.educa.madrid.org\/ies.cardenalherrera.madrid\/index.php\/wp-json\/wp\/v2\/pages"}],"about":[{"href":"https:\/\/site.educa.madrid.org\/ies.cardenalherrera.madrid\/index.php\/wp-json\/wp\/v2\/types\/page"}],"author":[{"embeddable":true,"href":"https:\/\/site.educa.madrid.org\/ies.cardenalherrera.madrid\/index.php\/wp-json\/wp\/v2\/users\/14"}],"replies":[{"embeddable":true,"href":"https:\/\/site.educa.madrid.org\/ies.cardenalherrera.madrid\/index.php\/wp-json\/wp\/v2\/comments?post=16323"}],"version-history":[{"count":21,"href":"https:\/\/site.educa.madrid.org\/ies.cardenalherrera.madrid\/index.php\/wp-json\/wp\/v2\/pages\/16323\/revisions"}],"predecessor-version":[{"id":17865,"href":"https:\/\/site.educa.madrid.org\/ies.cardenalherrera.madrid\/index.php\/wp-json\/wp\/v2\/pages\/16323\/revisions\/17865"}],"up":[{"embeddable":true,"href":"https:\/\/site.educa.madrid.org\/ies.cardenalherrera.madrid\/index.php\/wp-json\/wp\/v2\/pages\/1311"}],"wp:attachment":[{"href":"https:\/\/site.educa.madrid.org\/ies.cardenalherrera.madrid\/index.php\/wp-json\/wp\/v2\/media?parent=16323"}],"wp:term":[{"taxonomy":"folder","embeddable":true,"href":"https:\/\/site.educa.madrid.org\/ies.cardenalherrera.madrid\/index.php\/wp-json\/wp\/v2\/folder?post=16323"}],"curies":[{"name":"wp","href":"https:\/\/api.w.org\/{rel}","templated":true}]}}