{"id":17911,"date":"2025-10-20T20:15:13","date_gmt":"2025-10-20T18:15:13","guid":{"rendered":"https:\/\/site.educa.madrid.org\/ies.cardenalherrera.madrid\/?page_id=17911"},"modified":"2026-03-10T19:42:11","modified_gmt":"2026-03-10T18:42:11","slug":"informacion-fp","status":"publish","type":"page","link":"https:\/\/site.educa.madrid.org\/ies.cardenalherrera.madrid\/index.php\/organizacion\/departamentos\/departamento-de-orientacion\/informacion-fp\/","title":{"rendered":"Informaci\u00f3n FP"},"content":{"rendered":"\t\t\t<!-- Flexy Breadcrumb -->\n\t\t\t<div class=\"fbc fbc-page\">\n\n\t\t\t\t<!-- Breadcrumb wrapper -->\n\t\t\t\t<div class=\"fbc-wrap\">\n\n\t\t\t\t\t<!-- Ordered list-->\n\t\t\t\t\t<ol class=\"fbc-items\" itemscope itemtype=\"https:\/\/schema.org\/BreadcrumbList\">\n\t\t\t\t\t\t            <li itemprop=\"itemListElement\" itemscope itemtype=\"https:\/\/schema.org\/ListItem\">\n                <span itemprop=\"name\">\n                    <!-- Home Link -->\n                    <a itemprop=\"item\" href=\"https:\/\/site.educa.madrid.org\/ies.cardenalherrera.madrid\">\n                    \n                                                    <i class=\"fa fa-home\" aria-hidden=\"true\"><\/i>Inicio                    <\/a>\n                <\/span>\n                <meta itemprop=\"position\" content=\"1\" \/><!-- Meta Position-->\n             <\/li><li><span class=\"fbc-separator\">\/<\/span><\/li><li class=\"active\" itemprop=\"itemListElement\" itemscope itemtype=\"https:\/\/schema.org\/ListItem\"><span itemprop=\"name\" title=\"Entradas\">Entradas<\/span><meta itemprop=\"position\" content=\"2\" \/><\/li>\t\t\t\t\t<\/ol>\n\t\t\t\t\t<div class=\"clearfix\"><\/div>\n\t\t\t\t<\/div>\n\t\t\t<\/div>\n\t\t\t\n\n\n\n<h1 class=\"wp-block-heading has-black-color has-text-color has-link-color wp-elements-f10e0fccc605b90d0fe718cc56369474\">Informaci\u00f3n sobre FP<\/h1>\n\n\n\n<div style=\"height:50px\" aria-hidden=\"true\" class=\"wp-block-spacer\"><\/div>\n\n\n\n<h3 class=\"wp-block-heading has-text-align-center\"><img loading=\"lazy\" decoding=\"async\" width=\"31\" height=\"31\" class=\"alignnone  wp-image-11046\" src=\"https:\/\/site.educa.madrid.org\/ies.cardenalherrera.madrid\/\/wp-content\/uploads\/ies.cardenalherrera.madrid\/2021\/08\/link.png\" alt=\"\"> <a href=\"https:\/\/www.comunidad.madrid\/servicios\/educacion\/admision-formacion-profesional\" target=\"_blank\" rel=\"noreferrer noopener\">Admisi\u00f3n en Formaci\u00f3n Profesional<\/a><\/h3>\n\n\n\n<div style=\"height:50px\" aria-hidden=\"true\" class=\"wp-block-spacer\"><\/div>\n\n\n\n<hr class=\"wp-block-separator has-alpha-channel-opacity is-style-wide\"\/>\n\n\n\n<div class=\"wp-block-media-text is-stacked-on-mobile\" style=\"grid-template-columns:15% auto\"><figure class=\"wp-block-media-text__media\"><a href=\"https:\/\/www.comunidad.madrid\/servicios\/educacion\/formacion-profesional\" target=\"_blank\" rel=\" noreferrer noopener\"><img loading=\"lazy\" decoding=\"async\" width=\"112\" height=\"112\" src=\"https:\/\/site.educa.madrid.org\/ies.cardenalherrera.madrid\/\/wp-content\/uploads\/ies.cardenalherrera.madrid\/2025\/10\/fpmad-logo.png\" alt=\"\" class=\"wp-image-17915 size-full\"\/><\/a><\/figure><div class=\"wp-block-media-text__content\">\n<h4 class=\"wp-block-heading has-black-color has-text-color has-link-color wp-elements-7cae0fa5fb46b4af0dbb6eecad4d78ea\">Formaci\u00f3n profesional<\/h4>\n\n\n\n<p class=\"has-black-color has-text-color has-link-color wp-elements-5ef1171b8b02e5bb65e6017210056dac\">Portal de la Comunidad de Madrid con toda la informaci\u00f3n relacionada con la FP en Madrid.<\/p>\n\n\n\n<p><a href=\"https:\/\/www.comunidad.madrid\/servicios\/educacion\/formacion-profesional\" target=\"_blank\" rel=\"noreferrer noopener\"><mark style=\"background-color:rgba(0, 0, 0, 0)\" class=\"has-inline-color has-vivid-cyan-blue-color\">https:\/\/www.comunidad.madrid\/servicios\/educacion\/formacion-profesional<\/mark><\/a><\/p>\n<\/div><\/div>\n\n\n\n<hr class=\"wp-block-separator has-alpha-channel-opacity is-style-wide\"\/>\n\n\n\n<div class=\"wp-block-media-text has-media-on-the-right is-stacked-on-mobile\" style=\"grid-template-columns:auto 30%\"><div class=\"wp-block-media-text__content\">\n<h4 class=\"wp-block-heading has-black-color has-text-color has-link-color wp-elements-db79bf155a65b04b01b3cc2a0cc2ff82\">todofp<\/h4>\n\n\n\n<p class=\"has-black-color has-text-color has-link-color wp-elements-6ba1fc98f1fb37683beece3dbc8a0a46\">Portal de informaci\u00f3n sobre FP y orientaci\u00f3n profesional del Ministerio de Educaci\u00f3n, Formaci\u00f3n Profesional y Deportes.<\/p>\n\n\n\n<p><a href=\"https:\/\/www.todofp.es\/inicio.html\" target=\"_blank\" rel=\"noreferrer noopener\"><mark style=\"background-color:rgba(0, 0, 0, 0)\" class=\"has-inline-color has-vivid-cyan-blue-color\">https:\/\/www.todofp.es\/inicio.html<\/mark><\/a><\/p>\n<\/div><figure class=\"wp-block-media-text__media\"><a href=\"https:\/\/www.todofp.es\/inicio.html\" target=\"_blank\" rel=\" noreferrer noopener\"><img decoding=\"async\" src=\"https:\/\/site.educa.madrid.org\/ies.cardenalherrera.madrid\/\/wp-content\/uploads\/ies.cardenalherrera.madrid\/2025\/10\/logo-todoFP.svg\" alt=\"\" class=\"wp-image-17914 size-full\"\/><\/a><\/figure><\/div>\n\n\n\n<hr class=\"wp-block-separator has-alpha-channel-opacity is-style-wide\"\/>\n\n\n\n<div class=\"wp-block-media-text is-stacked-on-mobile\" style=\"grid-template-columns:30% auto\"><figure class=\"wp-block-media-text__media\"><a href=\"https:\/\/www.rtve.es\/play\/videos\/yo-soy-de-formacion-profesional\/\" target=\"_blank\" rel=\" noreferrer noopener\"><img loading=\"lazy\" decoding=\"async\" width=\"801\" height=\"234\" src=\"https:\/\/site.educa.madrid.org\/ies.cardenalherrera.madrid\/\/wp-content\/uploads\/ies.cardenalherrera.madrid\/2025\/10\/P65lsAUXetRdoYnQ-1.jpeg\" alt=\"\" class=\"wp-image-17936 size-full\" srcset=\"https:\/\/site.educa.madrid.org\/ies.cardenalherrera.madrid\/\/wp-content\/uploads\/ies.cardenalherrera.madrid\/2025\/10\/P65lsAUXetRdoYnQ-1.jpeg 801w, https:\/\/site.educa.madrid.org\/ies.cardenalherrera.madrid\/\/wp-content\/uploads\/ies.cardenalherrera.madrid\/2025\/10\/P65lsAUXetRdoYnQ-1-300x88.jpeg 300w, https:\/\/site.educa.madrid.org\/ies.cardenalherrera.madrid\/\/wp-content\/uploads\/ies.cardenalherrera.madrid\/2025\/10\/P65lsAUXetRdoYnQ-1-768x224.jpeg 768w\" sizes=\"auto, (max-width: 801px) 100vw, 801px\" \/><\/a><\/figure><div class=\"wp-block-media-text__content\">\n<h4 class=\"wp-block-heading has-black-color has-text-color has-link-color wp-elements-b59c1a13171e89598e761432c3550b6d\">Yo soy de Formaci\u00f3n Profesional<\/h4>\n\n\n\n<p class=\"has-black-color has-text-color has-link-color wp-elements-f213acc4021a49260a2ea3bafffec1f8\">Programa de televisi\u00f3n de 12 episodios que refleja las oportunidades que ofrece la FP y la variedad de familias y especialidades que existen.<\/p>\n\n\n\n<p><a href=\"https:\/\/www.rtve.es\/play\/videos\/yo-soy-de-formacion-profesional\" target=\"_blank\" rel=\"noreferrer noopener\"><mark style=\"background-color:rgba(0, 0, 0, 0)\" class=\"has-inline-color has-vivid-cyan-blue-color\">https:\/\/www.rtve.es\/play\/videos\/yo-soy-de-formacion-profesional<\/mark><\/a><\/p>\n<\/div><\/div>\n","protected":false},"excerpt":{"rendered":"<p>Informaci\u00f3n sobre FP Admisi\u00f3n en Formaci\u00f3n Profesional Formaci\u00f3n profesional Portal de la Comunidad de Madrid con toda la informaci\u00f3n relacionada con la FP en Madrid. https:\/\/www.comunidad.madrid\/servicios\/educacion\/formacion-profesional todofp Portal de informaci\u00f3n &#8230;<\/p>\n","protected":false},"author":14,"featured_media":0,"parent":1301,"menu_order":0,"comment_status":"closed","ping_status":"closed","template":"template-fullwidth.php","meta":{"footnotes":""},"folder":[],"class_list":["post-17911","page","type-page","status-publish","hentry"],"rttpg_featured_image_url":null,"rttpg_author":{"display_name":"Cuenta Jestudios ies cardenalherrera madrid","author_link":"https:\/\/site.educa.madrid.org\/ies.cardenalherrera.madrid\/index.php\/author\/cuenta_jestudios-ies-cardenalherrera-madrid\/"},"rttpg_comment":0,"rttpg_category":false,"rttpg_excerpt":"Informaci\u00f3n sobre FP Admisi\u00f3n en Formaci\u00f3n Profesional Formaci\u00f3n profesional Portal de la Comunidad de Madrid con toda la informaci\u00f3n relacionada con la FP en Madrid. https:\/\/www.comunidad.madrid\/servicios\/educacion\/formacion-profesional todofp Portal de informaci\u00f3n ...","post_mailing_queue_ids":[],"_links":{"self":[{"href":"https:\/\/site.educa.madrid.org\/ies.cardenalherrera.madrid\/index.php\/wp-json\/wp\/v2\/pages\/17911","targetHints":{"allow":["GET"]}}],"collection":[{"href":"https:\/\/site.educa.madrid.org\/ies.cardenalherrera.madrid\/index.php\/wp-json\/wp\/v2\/pages"}],"about":[{"href":"https:\/\/site.educa.madrid.org\/ies.cardenalherrera.madrid\/index.php\/wp-json\/wp\/v2\/types\/page"}],"author":[{"embeddable":true,"href":"https:\/\/site.educa.madrid.org\/ies.cardenalherrera.madrid\/index.php\/wp-json\/wp\/v2\/users\/14"}],"replies":[{"embeddable":true,"href":"https:\/\/site.educa.madrid.org\/ies.cardenalherrera.madrid\/index.php\/wp-json\/wp\/v2\/comments?post=17911"}],"version-history":[{"count":16,"href":"https:\/\/site.educa.madrid.org\/ies.cardenalherrera.madrid\/index.php\/wp-json\/wp\/v2\/pages\/17911\/revisions"}],"predecessor-version":[{"id":18386,"href":"https:\/\/site.educa.madrid.org\/ies.cardenalherrera.madrid\/index.php\/wp-json\/wp\/v2\/pages\/17911\/revisions\/18386"}],"up":[{"embeddable":true,"href":"https:\/\/site.educa.madrid.org\/ies.cardenalherrera.madrid\/index.php\/wp-json\/wp\/v2\/pages\/1301"}],"wp:attachment":[{"href":"https:\/\/site.educa.madrid.org\/ies.cardenalherrera.madrid\/index.php\/wp-json\/wp\/v2\/media?parent=17911"}],"wp:term":[{"taxonomy":"folder","embeddable":true,"href":"https:\/\/site.educa.madrid.org\/ies.cardenalherrera.madrid\/index.php\/wp-json\/wp\/v2\/folder?post=17911"}],"curies":[{"name":"wp","href":"https:\/\/api.w.org\/{rel}","templated":true}]}}