{"id":694,"date":"2020-11-23T10:00:02","date_gmt":"2020-11-23T10:00:02","guid":{"rendered":"https:\/\/site.educa.madrid.org\/ies.cardenalherrera.madrid\/?page_id=694"},"modified":"2025-09-06T18:35:40","modified_gmt":"2025-09-06T16:35:40","slug":"equipo-directivo","status":"publish","type":"page","link":"https:\/\/site.educa.madrid.org\/ies.cardenalherrera.madrid\/index.php\/organizacion\/equipo-directivo\/","title":{"rendered":"Equipo directivo"},"content":{"rendered":"\t\t\t<!-- Flexy Breadcrumb -->\n\t\t\t<div class=\"fbc fbc-page\">\n\n\t\t\t\t<!-- Breadcrumb wrapper -->\n\t\t\t\t<div class=\"fbc-wrap\">\n\n\t\t\t\t\t<!-- Ordered list-->\n\t\t\t\t\t<ol class=\"fbc-items\" itemscope itemtype=\"https:\/\/schema.org\/BreadcrumbList\">\n\t\t\t\t\t\t            <li itemprop=\"itemListElement\" itemscope itemtype=\"https:\/\/schema.org\/ListItem\">\n                <span itemprop=\"name\">\n                    <!-- Home Link -->\n                    <a itemprop=\"item\" href=\"https:\/\/site.educa.madrid.org\/ies.cardenalherrera.madrid\">\n                    \n                                                    <i class=\"fa fa-home\" aria-hidden=\"true\"><\/i>Inicio                    <\/a>\n                <\/span>\n                <meta itemprop=\"position\" content=\"1\" \/><!-- Meta Position-->\n             <\/li><li><span class=\"fbc-separator\">\/<\/span><\/li><li class=\"active\" itemprop=\"itemListElement\" itemscope itemtype=\"https:\/\/schema.org\/ListItem\"><span itemprop=\"name\" title=\"Entradas\">Entradas<\/span><meta itemprop=\"position\" content=\"2\" \/><\/li>\t\t\t\t\t<\/ol>\n\t\t\t\t\t<div class=\"clearfix\"><\/div>\n\t\t\t\t<\/div>\n\t\t\t<\/div>\n\t\t\t\n\n\n\n<h1 class=\"wp-block-heading\">Equipo directivo<\/h1>\n\n\n\n<figure class=\"wp-block-table is-style-stripes\"><table class=\"has-black-color has-text-color has-link-color\"><thead><tr><th class=\"has-text-align-left\" data-align=\"left\">Cargo<\/th><th class=\"has-text-align-left\" data-align=\"left\">Nombre y Apellidos<\/th><\/tr><\/thead><tbody><tr><td class=\"has-text-align-left\" data-align=\"left\">Director<\/td><td class=\"has-text-align-left\" data-align=\"left\">Jos\u00e9 Ruiz Villa<\/td><\/tr><tr><td class=\"has-text-align-left\" data-align=\"left\">Jefe de Estudios<\/td><td class=\"has-text-align-left\" data-align=\"left\">Enrique Garc\u00eda de Bustos Sierra<\/td><\/tr><tr><td class=\"has-text-align-left\" data-align=\"left\">Secretario<\/td><td class=\"has-text-align-left\" data-align=\"left\">Jes\u00fas Casas Sacrist\u00e1n<\/td><\/tr><tr><td class=\"has-text-align-left\" data-align=\"left\">Jefe de Estudios adjunto<\/td><td class=\"has-text-align-left\" data-align=\"left\">Pedro \u00c1ngel de Santos Sobrino<\/td><\/tr><\/tbody><\/table><\/figure>\n\n\n\n<hr class=\"wp-block-separator has-css-opacity\"\/>\n\n\n\n<h2 class=\"wp-block-heading\">Jefes\/as de Departamento y otros cargos unipersonales<\/h2>\n\n\n\n<figure class=\"wp-block-table is-style-stripes\"><table class=\"has-black-color has-text-color has-link-color\"><thead><tr><th class=\"has-text-align-left\" data-align=\"left\">APELLIDOS, NOMBRE<\/th><th class=\"has-text-align-left\" data-align=\"left\">Cargo\/Departamento<\/th><\/tr><\/thead><tbody><tr><td class=\"has-text-align-left\" data-align=\"left\">Blanca Mart\u00ednez-Barbeito, Ana<\/td><td class=\"has-text-align-left\" data-align=\"left\">F\u00edsica y Qu\u00edmica, Coordinadora ACCEDE<\/td><\/tr><tr><td class=\"has-text-align-left\" data-align=\"left\">Castro Barbero, M.Luisa<\/td><td class=\"has-text-align-left\" data-align=\"left\">Orientaci\u00f3n, Coordinadora de Bienestar<\/td><\/tr><tr><td class=\"has-text-align-left\" data-align=\"left\">Celestino Chico, Juan Ignacio<\/td><td class=\"has-text-align-left\" data-align=\"left\">Educaci\u00f3n F\u00edsica<\/td><\/tr><tr><td class=\"has-text-align-left\" data-align=\"left\">Fernandez Martin, M.Pilar<\/td><td class=\"has-text-align-left\" data-align=\"left\">M\u00fasica<\/td><\/tr><tr><td class=\"has-text-align-left\" data-align=\"left\">Garc\u00eda Zarza, M. Pilar<\/td><td class=\"has-text-align-left\" data-align=\"left\">Filosof\u00eda<\/td><\/tr><tr><td class=\"has-text-align-left\" data-align=\"left\">Gonz\u00e1lez del Pozo, Rafael<\/td><td class=\"has-text-align-left\" data-align=\"left\">Tecnolog\u00eda, Coordinador de Rob\u00f3tica, Coordinador STEM<\/td><\/tr><tr><td class=\"has-text-align-left\" data-align=\"left\">Gonz\u00e1lez Gordaliza, Maria Esther<\/td><td class=\"has-text-align-left\" data-align=\"left\">Matem\u00e1ticas, Coordinadora TIC<\/td><\/tr><tr><td class=\"has-text-align-left\" data-align=\"left\">Gonz\u00e1lez Hernandez, Sonia<\/td><td class=\"has-text-align-left\" data-align=\"left\">Dibujo<\/td><\/tr><tr><td class=\"has-text-align-left\" data-align=\"left\">Jimenez Mu\u00f1oz, Ana<\/td><td class=\"has-text-align-left\" data-align=\"left\">Econom\u00eda<\/td><\/tr><tr><td class=\"has-text-align-left\" data-align=\"left\">Lastra de In\u00e9s, Ana Nereida<\/td><td class=\"has-text-align-left\" data-align=\"left\">Actividades Complementarias y Extraescolares<\/td><\/tr><tr><td class=\"has-text-align-left\" data-align=\"left\">Leal Cazorla, Alberto<\/td><td class=\"has-text-align-left\" data-align=\"left\">Geograf\u00eda e Historia<\/td><\/tr><tr><td class=\"has-text-align-left\" data-align=\"left\">Moreno Burgos, Juan<\/td><td class=\"has-text-align-left\" data-align=\"left\">Franc\u00e9s<\/td><\/tr><tr><td class=\"has-text-align-left\" data-align=\"left\">Palomo Mart\u00edn, Mar\u00eda Dolores<\/td><td class=\"has-text-align-left\" data-align=\"left\">Lat\u00edn<\/td><\/tr><tr><td class=\"has-text-align-left\" data-align=\"left\">Perez Carcedo, Jose Antonio<\/td><td class=\"has-text-align-left\" data-align=\"left\">Religi\u00f3n<\/td><\/tr><tr><td class=\"has-text-align-left\" data-align=\"left\">Rodriguez Vilanova, Ivan<\/td><td class=\"has-text-align-left\" data-align=\"left\">Alem\u00e1n<\/td><\/tr><tr><td class=\"has-text-align-left\" data-align=\"left\">Rubio Franco, Helena<\/td><td class=\"has-text-align-left\" data-align=\"left\">Ingl\u00e9s, Coordinadora Programa Biling\u00fce<\/td><\/tr><tr><td class=\"has-text-align-left\" data-align=\"left\">Ternero Hermida, Eva<\/td><td class=\"has-text-align-left\" data-align=\"left\">Lengua<\/td><\/tr><tr><td class=\"has-text-align-left\" data-align=\"left\">Z\u00e1bal Gonz\u00e1lez, Marcos<\/td><td class=\"has-text-align-left\" data-align=\"left\">Biolog\u00eda y Geolog\u00eda<\/td><\/tr><\/tbody><\/table><\/figure>\n","protected":false},"excerpt":{"rendered":"<p>Equipo directivo Cargo Nombre y Apellidos Director Jos\u00e9 Ruiz Villa Jefe de Estudios Enrique Garc\u00eda de Bustos Sierra Secretario Jes\u00fas Casas Sacrist\u00e1n Jefe de Estudios adjunto Pedro \u00c1ngel de Santos &#8230;<\/p>\n","protected":false},"author":2,"featured_media":0,"parent":688,"menu_order":10,"comment_status":"closed","ping_status":"closed","template":"","meta":{"footnotes":""},"folder":[],"class_list":["post-694","page","type-page","status-publish","hentry"],"rttpg_featured_image_url":null,"rttpg_author":{"display_name":"TIC I.E.S. Cardenal Herrera Oria","author_link":"https:\/\/site.educa.madrid.org\/ies.cardenalherrera.madrid\/index.php\/author\/cuenta_tic-ies-cardenalherrera-madrid\/"},"rttpg_comment":0,"rttpg_category":false,"rttpg_excerpt":"Equipo directivo Cargo Nombre y Apellidos Director Jos\u00e9 Ruiz Villa Jefe de Estudios Enrique Garc\u00eda de Bustos Sierra Secretario Jes\u00fas Casas Sacrist\u00e1n Jefe de Estudios adjunto Pedro \u00c1ngel de Santos ...","post_mailing_queue_ids":[],"_links":{"self":[{"href":"https:\/\/site.educa.madrid.org\/ies.cardenalherrera.madrid\/index.php\/wp-json\/wp\/v2\/pages\/694","targetHints":{"allow":["GET"]}}],"collection":[{"href":"https:\/\/site.educa.madrid.org\/ies.cardenalherrera.madrid\/index.php\/wp-json\/wp\/v2\/pages"}],"about":[{"href":"https:\/\/site.educa.madrid.org\/ies.cardenalherrera.madrid\/index.php\/wp-json\/wp\/v2\/types\/page"}],"author":[{"embeddable":true,"href":"https:\/\/site.educa.madrid.org\/ies.cardenalherrera.madrid\/index.php\/wp-json\/wp\/v2\/users\/2"}],"replies":[{"embeddable":true,"href":"https:\/\/site.educa.madrid.org\/ies.cardenalherrera.madrid\/index.php\/wp-json\/wp\/v2\/comments?post=694"}],"version-history":[{"count":23,"href":"https:\/\/site.educa.madrid.org\/ies.cardenalherrera.madrid\/index.php\/wp-json\/wp\/v2\/pages\/694\/revisions"}],"predecessor-version":[{"id":17815,"href":"https:\/\/site.educa.madrid.org\/ies.cardenalherrera.madrid\/index.php\/wp-json\/wp\/v2\/pages\/694\/revisions\/17815"}],"up":[{"embeddable":true,"href":"https:\/\/site.educa.madrid.org\/ies.cardenalherrera.madrid\/index.php\/wp-json\/wp\/v2\/pages\/688"}],"wp:attachment":[{"href":"https:\/\/site.educa.madrid.org\/ies.cardenalherrera.madrid\/index.php\/wp-json\/wp\/v2\/media?parent=694"}],"wp:term":[{"taxonomy":"folder","embeddable":true,"href":"https:\/\/site.educa.madrid.org\/ies.cardenalherrera.madrid\/index.php\/wp-json\/wp\/v2\/folder?post=694"}],"curies":[{"name":"wp","href":"https:\/\/api.w.org\/{rel}","templated":true}]}}