{"id":696,"date":"2020-11-23T10:00:18","date_gmt":"2020-11-23T10:00:18","guid":{"rendered":"https:\/\/site.educa.madrid.org\/ies.cardenalherrera.madrid\/?page_id=696"},"modified":"2026-01-13T14:03:22","modified_gmt":"2026-01-13T13:03:22","slug":"consejo-escolar","status":"publish","type":"page","link":"https:\/\/site.educa.madrid.org\/ies.cardenalherrera.madrid\/index.php\/organizacion\/consejo-escolar\/","title":{"rendered":"Consejo Escolar"},"content":{"rendered":"\t\t\t<!-- Flexy Breadcrumb -->\n\t\t\t<div class=\"fbc fbc-page\">\n\n\t\t\t\t<!-- Breadcrumb wrapper -->\n\t\t\t\t<div class=\"fbc-wrap\">\n\n\t\t\t\t\t<!-- Ordered list-->\n\t\t\t\t\t<ol class=\"fbc-items\" itemscope itemtype=\"https:\/\/schema.org\/BreadcrumbList\">\n\t\t\t\t\t\t            <li itemprop=\"itemListElement\" itemscope itemtype=\"https:\/\/schema.org\/ListItem\">\n                <span itemprop=\"name\">\n                    <!-- Home Link -->\n                    <a itemprop=\"item\" href=\"https:\/\/site.educa.madrid.org\/ies.cardenalherrera.madrid\">\n                    \n                                                    <i class=\"fa fa-home\" aria-hidden=\"true\"><\/i>Inicio                    <\/a>\n                <\/span>\n                <meta itemprop=\"position\" content=\"1\" \/><!-- Meta Position-->\n             <\/li><li><span class=\"fbc-separator\">\/<\/span><\/li><li class=\"active\" itemprop=\"itemListElement\" itemscope itemtype=\"https:\/\/schema.org\/ListItem\"><span itemprop=\"name\" title=\"Entradas\">Entradas<\/span><meta itemprop=\"position\" content=\"2\" \/><\/li>\t\t\t\t\t<\/ol>\n\t\t\t\t\t<div class=\"clearfix\"><\/div>\n\t\t\t\t<\/div>\n\t\t\t<\/div>\n\t\t\t\n\n\n\n<h1 class=\"wp-block-heading\">Consejo Escolar<\/h1>\n\n\n<table border=\"0\" cellspacing=\"0\"><colgroup width=\"134\"><\/colgroup> <colgroup width=\"113\"><\/colgroup> <colgroup width=\"237\"><\/colgroup>\n<tbody>\n<tr>\n<td rowspan=\"4\" align=\"left\" valign=\"middle\" bgcolor=\"#D9D9D9\" height=\"74\"><span style=\"color: #000000;\">Equipo Directivo<\/span><\/td>\n<td align=\"center\" valign=\"middle\" bgcolor=\"#D9D9D9\"><span style=\"color: #000000;\">Cargo<\/span><\/td>\n<td align=\"center\" valign=\"middle\" bgcolor=\"#D9D9D9\"><span style=\"color: #000000;\">Nombre y Apellidos<\/span><\/td>\n<\/tr>\n<tr>\n<td align=\"left\" valign=\"middle\" bgcolor=\"#D9D9D9\"><span style=\"color: #000000;\">Director<\/span><\/td>\n<td align=\"left\" valign=\"middle\"><span style=\"color: #000000;\">Jos\u00e9 RUIZ VILLA<\/span><\/td>\n<\/tr>\n<tr>\n<td align=\"left\" valign=\"middle\" bgcolor=\"#D9D9D9\"><span style=\"color: #000000;\">Jefe de Estudios<\/span><\/td>\n<td align=\"left\" valign=\"middle\"><span style=\"color: #000000;\">Enrique GARC\u00cdA DE BUSTOS SIERRA<\/span><\/td>\n<\/tr>\n<tr>\n<td align=\"left\" valign=\"middle\" bgcolor=\"#D9D9D9\"><span style=\"color: #000000;\">Secretario<\/span><\/td>\n<td align=\"left\" valign=\"middle\"><span style=\"color: #000000;\">Jes\u00fas CASAS SACRIST\u00c1N<\/span><\/td>\n<\/tr>\n<tr>\n<td align=\"left\" valign=\"middle\" bgcolor=\"#D9D9D9\" height=\"18\"><span style=\"color: #000000;\">\u00a0<\/span><\/td>\n<td colspan=\"2\" align=\"center\" valign=\"middle\" bgcolor=\"#D9D9D9\"><span style=\"color: #000000;\">Nombre y Apellidos<\/span><\/td>\n<\/tr>\n<tr>\n<td rowspan=\"7\" align=\"left\" valign=\"middle\" bgcolor=\"#D9D9D9\" height=\"129\"><span style=\"color: #000000;\">Profesores<\/span><\/td>\n<td colspan=\"2\" align=\"left\" valign=\"middle\" bgcolor=\"#FFFFFF\"><span style=\"color: #000000;\">Ignacio Javier FERN\u00c1NDEZ-CASTRO CANCELA<\/span><\/td>\n<\/tr>\n<tr>\n<td colspan=\"2\" align=\"left\" valign=\"middle\" bgcolor=\"#F3F3F3\"><span style=\"color: #000000;\">Ana BLANCA MART\u00cdNEZ-BARBEITO<\/span><\/td>\n<\/tr>\n<tr>\n<td colspan=\"2\" align=\"left\" valign=\"middle\" bgcolor=\"#FFFFFF\"><span style=\"color: #000000;\">Ana Nereida LASTRA DE IN\u00c9S<\/span><\/td>\n<\/tr>\n<tr>\n<td colspan=\"2\" align=\"left\" valign=\"middle\" bgcolor=\"#F3F3F3\"><span style=\"color: #000000;\">Helena RUBIO FRANCO<\/span><\/td>\n<\/tr>\n<tr>\n<td colspan=\"2\" align=\"left\" valign=\"middle\" bgcolor=\"#FFFFFF\"><span style=\"color: #000000;\">Pedro \u00c1ngel de SANTOS SOBRINO<\/span><\/td>\n<\/tr>\n<tr>\n<td colspan=\"2\" align=\"left\" valign=\"middle\" bgcolor=\"#F3F3F3\"><span style=\"color: #000000;\">Sonia BL\u00c1ZQUEZ MART\u00cdN<\/span><\/td>\n<\/tr>\n<tr>\n<td colspan=\"2\" align=\"left\" valign=\"middle\" bgcolor=\"#FFFFFF\"><span style=\"color: #000000;\">&#8211;VACANTE&#8211;<\/span><\/td>\n<\/tr>\n<tr>\n<td rowspan=\"4\" align=\"left\" valign=\"middle\" bgcolor=\"#D9D9D9\" height=\"74\"><span style=\"color: #000000;\">Alumnos\/as<\/span><\/td>\n<td colspan=\"2\" align=\"left\" valign=\"middle\" bgcolor=\"#F3F3F3\"><span style=\"color: #000000;\">&#8211;VACANTE&#8211;<\/span><\/td>\n<\/tr>\n<tr>\n<td colspan=\"2\" align=\"left\" valign=\"middle\" bgcolor=\"#FFFFFF\"><span style=\"color: #000000;\">Carlos GRAS SU\u00c1REZ<\/span><\/td>\n<\/tr>\n<tr>\n<td colspan=\"2\" align=\"left\" valign=\"middle\" bgcolor=\"#F3F3F3\"><span style=\"color: #000000;\">Rihanna ARCE IBUJES<\/span><\/td>\n<\/tr>\n<tr>\n<td colspan=\"2\" align=\"left\" valign=\"middle\" bgcolor=\"#FFFFFF\"><span style=\"color: #000000;\">Eva L\u00d3PEZ ROMERO<\/span><\/td>\n<\/tr>\n<tr>\n<td rowspan=\"3\" align=\"left\" valign=\"middle\" bgcolor=\"#D9D9D9\" height=\"55\"><span style=\"color: #000000;\">Padres\/Madres<\/span><\/td>\n<td colspan=\"2\" align=\"left\" valign=\"middle\" bgcolor=\"#F3F3F3\"><span style=\"color: #000000;\">Noelia P\u00c9REZ G\u00d3MEZ<\/span><\/td>\n<\/tr>\n<tr>\n<td colspan=\"2\" align=\"left\" valign=\"middle\" bgcolor=\"#FFFFFF\"><span style=\"color: #000000;\">Yolanda HERNANZ OLIVER<\/span><\/td>\n<\/tr>\n<tr>\n<td colspan=\"2\" align=\"left\" valign=\"middle\" bgcolor=\"#F3F3F3\"><span style=\"color: #000000;\">Ana CENTENO MU\u00d1OZ<\/span><\/td>\n<\/tr>\n<tr>\n<td align=\"left\" valign=\"middle\" bgcolor=\"#D9D9D9\" height=\"53\"><span style=\"color: #000000;\">Personal de Administraci\u00f3n y Servicios<\/span><\/td>\n<td colspan=\"2\" align=\"left\" valign=\"middle\" bgcolor=\"#FFFFFF\"><span style=\"color: #000000;\">Juan Jos\u00e9 GONZ\u00c1LEZ PUEBLA<\/span><\/td>\n<\/tr>\n<tr>\n<td align=\"left\" valign=\"middle\" bgcolor=\"#D9D9D9\" height=\"18\"><span style=\"color: #000000;\">Ayuntamiento<br \/><\/span><\/td>\n<td colspan=\"2\" align=\"left\" valign=\"middle\" bgcolor=\"#F3F3F3\"><span style=\"color: #000000;\">M\u00f3nica PALOS ZORRILLA<\/span><\/td>\n<\/tr>\n<\/tbody>\n<\/table>\n\n\n<hr class=\"wp-block-separator has-css-opacity\"\/>\n\n\n\n<h3 class=\"wp-block-heading\">Contacto<\/h3>\n\n\n\n<p>Correo para contactar con los representantes de las familias:<\/p>\n\n\n\n<p><a href=\"mailto:cjoesc.familias.iesherreraoria@gmail.com\" target=\"_blank\" rel=\"noreferrer noopener\">cjoesc.familias.iesherreraoria@gmail.com<\/a><\/p>\n","protected":false},"excerpt":{"rendered":"<p>Consejo Escolar Equipo Directivo Cargo Nombre y Apellidos Director Jos\u00e9 RUIZ VILLA Jefe de Estudios Enrique GARC\u00cdA DE BUSTOS SIERRA Secretario Jes\u00fas CASAS SACRIST\u00c1N \u00a0 Nombre y Apellidos Profesores Ignacio &#8230;<\/p>\n","protected":false},"author":2,"featured_media":0,"parent":688,"menu_order":20,"comment_status":"closed","ping_status":"closed","template":"","meta":{"footnotes":""},"folder":[],"class_list":["post-696","page","type-page","status-publish","hentry"],"rttpg_featured_image_url":null,"rttpg_author":{"display_name":"TIC I.E.S. Cardenal Herrera Oria","author_link":"https:\/\/site.educa.madrid.org\/ies.cardenalherrera.madrid\/index.php\/author\/cuenta_tic-ies-cardenalherrera-madrid\/"},"rttpg_comment":0,"rttpg_category":false,"rttpg_excerpt":"Consejo Escolar Equipo Directivo Cargo Nombre y Apellidos Director Jos\u00e9 RUIZ VILLA Jefe de Estudios Enrique GARC\u00cdA DE BUSTOS SIERRA Secretario Jes\u00fas CASAS SACRIST\u00c1N \u00a0 Nombre y Apellidos Profesores Ignacio ...","post_mailing_queue_ids":[],"_links":{"self":[{"href":"https:\/\/site.educa.madrid.org\/ies.cardenalherrera.madrid\/index.php\/wp-json\/wp\/v2\/pages\/696","targetHints":{"allow":["GET"]}}],"collection":[{"href":"https:\/\/site.educa.madrid.org\/ies.cardenalherrera.madrid\/index.php\/wp-json\/wp\/v2\/pages"}],"about":[{"href":"https:\/\/site.educa.madrid.org\/ies.cardenalherrera.madrid\/index.php\/wp-json\/wp\/v2\/types\/page"}],"author":[{"embeddable":true,"href":"https:\/\/site.educa.madrid.org\/ies.cardenalherrera.madrid\/index.php\/wp-json\/wp\/v2\/users\/2"}],"replies":[{"embeddable":true,"href":"https:\/\/site.educa.madrid.org\/ies.cardenalherrera.madrid\/index.php\/wp-json\/wp\/v2\/comments?post=696"}],"version-history":[{"count":16,"href":"https:\/\/site.educa.madrid.org\/ies.cardenalherrera.madrid\/index.php\/wp-json\/wp\/v2\/pages\/696\/revisions"}],"predecessor-version":[{"id":18248,"href":"https:\/\/site.educa.madrid.org\/ies.cardenalherrera.madrid\/index.php\/wp-json\/wp\/v2\/pages\/696\/revisions\/18248"}],"up":[{"embeddable":true,"href":"https:\/\/site.educa.madrid.org\/ies.cardenalherrera.madrid\/index.php\/wp-json\/wp\/v2\/pages\/688"}],"wp:attachment":[{"href":"https:\/\/site.educa.madrid.org\/ies.cardenalherrera.madrid\/index.php\/wp-json\/wp\/v2\/media?parent=696"}],"wp:term":[{"taxonomy":"folder","embeddable":true,"href":"https:\/\/site.educa.madrid.org\/ies.cardenalherrera.madrid\/index.php\/wp-json\/wp\/v2\/folder?post=696"}],"curies":[{"name":"wp","href":"https:\/\/api.w.org\/{rel}","templated":true}]}}