{"id":700,"date":"2020-11-23T10:01:07","date_gmt":"2020-11-23T10:01:07","guid":{"rendered":"https:\/\/site.educa.madrid.org\/ies.cardenalherrera.madrid\/?page_id=700"},"modified":"2026-01-08T14:46:16","modified_gmt":"2026-01-08T13:46:16","slug":"profesores-y-tutores","status":"publish","type":"page","link":"https:\/\/site.educa.madrid.org\/ies.cardenalherrera.madrid\/index.php\/organizacion\/profesores-y-tutores\/","title":{"rendered":"Profesores y tutores"},"content":{"rendered":"\t\t\t<!-- Flexy Breadcrumb -->\n\t\t\t<div class=\"fbc fbc-page\">\n\n\t\t\t\t<!-- Breadcrumb wrapper -->\n\t\t\t\t<div class=\"fbc-wrap\">\n\n\t\t\t\t\t<!-- Ordered list-->\n\t\t\t\t\t<ol class=\"fbc-items\" itemscope itemtype=\"https:\/\/schema.org\/BreadcrumbList\">\n\t\t\t\t\t\t            <li itemprop=\"itemListElement\" itemscope itemtype=\"https:\/\/schema.org\/ListItem\">\n                <span itemprop=\"name\">\n                    <!-- Home Link -->\n                    <a itemprop=\"item\" href=\"https:\/\/site.educa.madrid.org\/ies.cardenalherrera.madrid\">\n                    \n                                                    <i class=\"fa fa-home\" aria-hidden=\"true\"><\/i>Inicio                    <\/a>\n                <\/span>\n                <meta itemprop=\"position\" content=\"1\" \/><!-- Meta Position-->\n             <\/li><li><span class=\"fbc-separator\">\/<\/span><\/li><li class=\"active\" itemprop=\"itemListElement\" itemscope itemtype=\"https:\/\/schema.org\/ListItem\"><span itemprop=\"name\" title=\"Entradas\">Entradas<\/span><meta itemprop=\"position\" content=\"2\" \/><\/li>\t\t\t\t\t<\/ol>\n\t\t\t\t\t<div class=\"clearfix\"><\/div>\n\t\t\t\t<\/div>\n\t\t\t<\/div>\n\t\t\t\n\n\n\n<h1 class=\"wp-block-heading\">Profesores y tutores<\/h1>\n\n\n\n<p class=\"has-black-color has-text-color has-link-color wp-elements-576f9a9c4a59e3140780a1b6cfd2f9e3\">Puedes consultar las <strong>direcciones de correo electr\u00f3nico<\/strong> de los profesores en el <strong><a href=\"https:\/\/aulavirtual32.educa.madrid.org\/ies.cardenalherrera.madrid\/mod\/page\/view.php?id=23554\" target=\"_blank\" rel=\"noreferrer noopener\">Tabl\u00f3n de anuncios privado<\/a><\/strong> <a href=\"https:\/\/aulavirtual32.educa.madrid.org\/ies.cardenalherrera.madrid\/course\/view.php?id=620\" target=\"_blank\" rel=\"noreferrer noopener\"><img loading=\"lazy\" decoding=\"async\" width=\"15\" height=\"17\" title=\"Se abre en una ventana nueva\" class=\"wp-image-16243\" style=\"width: 15px;\" src=\"https:\/\/site.educa.madrid.org\/ies.cardenalherrera.madrid\/\/wp-content\/uploads\/ies.cardenalherrera.madrid\/2024\/08\/arrow-up-right-from-square.png\" alt=\"\"><\/a>. Para entrar es necesario usar el usuario y la contrase\u00f1a de EducaMadrid (la que usan los alumnos para entrar al Aula Virtual).<\/p>\n\n\n\n<figure class=\"wp-block-table is-style-stripes\"><table class=\"has-black-color has-text-color has-link-color has-fixed-layout\"><thead><tr><th class=\"has-text-align-left\" data-align=\"left\">Profesores<br>TITULARES<\/th><th class=\"has-text-align-left\" data-align=\"left\">Departamento<\/th><th class=\"has-text-align-left\" data-align=\"left\">Tutor\u00eda*<\/th><th class=\"has-text-align-left\" data-align=\"left\"><br>Hora de atenci\u00f3n<br>A familias*<\/th><\/tr><\/thead><tbody><tr><td class=\"has-text-align-left\" data-align=\"left\">Acu\u00f1a Rivas, Alicia<\/td><td class=\"has-text-align-left\" data-align=\"left\">Ingl\u00e9s<\/td><td class=\"has-text-align-left\" data-align=\"left\"><\/td><td class=\"has-text-align-left\" data-align=\"left\">Mi\u00e9rcoles 10:05 \u2013 11:00<\/td><\/tr><tr><td class=\"has-text-align-left\" data-align=\"left\">Alaminos Ramiro, Hector<\/td><td class=\"has-text-align-left\" data-align=\"left\">Geograf\u00eda e Historia<\/td><td class=\"has-text-align-left\" data-align=\"left\">3\u00baB<\/td><td class=\"has-text-align-left\" data-align=\"left\">Martes 11:25 \u2013 12:20<\/td><\/tr><tr><td class=\"has-text-align-left\" data-align=\"left\">Blanca Mart\u00ednez-Barbeito, Ana<\/td><td class=\"has-text-align-left\" data-align=\"left\">F\u00edsica y Qu\u00edmica<\/td><td class=\"has-text-align-left\" data-align=\"left\">1\u00baY<\/td><td class=\"has-text-align-left\" data-align=\"left\">Lunes 11:25 \u2013 12:20<\/td><\/tr><tr><td class=\"has-text-align-left\" data-align=\"left\">Blazquez Martin, Sonia<\/td><td class=\"has-text-align-left\" data-align=\"left\">Lengua<\/td><td class=\"has-text-align-left\" data-align=\"left\">4\u00baB<\/td><td class=\"has-text-align-left\" data-align=\"left\">Mi\u00e9rcoles 10:05 \u2013 11:00<\/td><\/tr><tr><td class=\"has-text-align-left\" data-align=\"left\">Camacho Patricio, Carmen<\/td><td class=\"has-text-align-left\" data-align=\"left\">Ingl\u00e9s<\/td><td class=\"has-text-align-left\" data-align=\"left\"><\/td><td class=\"has-text-align-left\" data-align=\"left\">Martes 10:05 \u2013 11:00<\/td><\/tr><tr><td class=\"has-text-align-left\" data-align=\"left\">Campoy Carrasco, Armando<\/td><td class=\"has-text-align-left\" data-align=\"left\">Educaci\u00f3n F\u00edsica<\/td><td class=\"has-text-align-left\" data-align=\"left\">2\u00baD<\/td><td class=\"has-text-align-left\" data-align=\"left\">Jueves 11:25 \u2013 12:20<\/td><\/tr><tr><td class=\"has-text-align-left\" data-align=\"left\">Casas Sacrist\u00e1n, Jes\u00fas<\/td><td class=\"has-text-align-left\" data-align=\"left\">Tecnolog\u00eda<\/td><td class=\"has-text-align-left\" data-align=\"left\"><\/td><td class=\"has-text-align-left\" data-align=\"left\">Jueves 12:20 \u2013 13:15<\/td><\/tr><tr><td class=\"has-text-align-left\" data-align=\"left\">Castro Barbero, M.Luisa<\/td><td class=\"has-text-align-left\" data-align=\"left\">Orientaci\u00f3n<\/td><td class=\"has-text-align-left\" data-align=\"left\"><\/td><td class=\"has-text-align-left\" data-align=\"left\"><\/td><\/tr><tr><td class=\"has-text-align-left\" data-align=\"left\">Celestino Chico, Juan Ignacio<\/td><td class=\"has-text-align-left\" data-align=\"left\">Educaci\u00f3n F\u00edsica<\/td><td class=\"has-text-align-left\" data-align=\"left\"><\/td><td class=\"has-text-align-left\" data-align=\"left\">Jueves 10:05 \u2013 11:00<\/td><\/tr><tr><td class=\"has-text-align-left\" data-align=\"left\">Cuesta Melgar, Vega de la<\/td><td class=\"has-text-align-left\" data-align=\"left\">Lengua<\/td><td class=\"has-text-align-left\" data-align=\"left\">2\u00baB<\/td><td class=\"has-text-align-left\" data-align=\"left\">Martes 12:20 \u2013 13:15<\/td><\/tr><tr><td class=\"has-text-align-left\" data-align=\"left\">Fernandez Castro Cancela, Ignacio Javier<\/td><td class=\"has-text-align-left\" data-align=\"left\">Ingl\u00e9s<\/td><td class=\"has-text-align-left\" data-align=\"left\"><\/td><td class=\"has-text-align-left\" data-align=\"left\">Martes 11:25 \u2013 12:20<\/td><\/tr><tr><td class=\"has-text-align-left\" data-align=\"left\">Fernandez Martin, M.Pilar<\/td><td class=\"has-text-align-left\" data-align=\"left\">M\u00fasica<\/td><td class=\"has-text-align-left\" data-align=\"left\">3\u00baD<\/td><td class=\"has-text-align-left\" data-align=\"left\">Martes 13:15 \u2013 14:10<\/td><\/tr><tr><td class=\"has-text-align-left\" data-align=\"left\">Garc\u00eda de Bustos Sierra, Enrique<\/td><td class=\"has-text-align-left\" data-align=\"left\">F\u00edsica y Qu\u00edmica<\/td><td class=\"has-text-align-left\" data-align=\"left\"><\/td><td class=\"has-text-align-left\" data-align=\"left\">Viernes 12:20 \u2013 13:15<\/td><\/tr><tr><td class=\"has-text-align-left\" data-align=\"left\">Garc\u00eda Zarza, M. Pilar<\/td><td class=\"has-text-align-left\" data-align=\"left\">Filosof\u00eda<\/td><td class=\"has-text-align-left\" data-align=\"left\">1\u00baX<\/td><td class=\"has-text-align-left\" data-align=\"left\">Jueves 11:25 \u2013 12:20<\/td><\/tr><tr><td class=\"has-text-align-left\" data-align=\"left\">Gil Valverde, Raquel<\/td><td class=\"has-text-align-left\" data-align=\"left\">Matem\u00e1ticas<\/td><td class=\"has-text-align-left\" data-align=\"left\">1\u00baB<\/td><td class=\"has-text-align-left\" data-align=\"left\">Mi\u00e9rcoles 9:10 \u2013 10:05<\/td><\/tr><tr><td class=\"has-text-align-left\" data-align=\"left\">Gonz\u00e1lez del Pozo, Rafael<\/td><td class=\"has-text-align-left\" data-align=\"left\">Tecnolog\u00eda<\/td><td class=\"has-text-align-left\" data-align=\"left\"><\/td><td class=\"has-text-align-left\" data-align=\"left\">Lunes 13:15 \u2013 14:10<\/td><\/tr><tr><td class=\"has-text-align-left\" data-align=\"left\">Gonz\u00e1lez Gordaliza, Maria Esther<\/td><td class=\"has-text-align-left\" data-align=\"left\">Matem\u00e1ticas<\/td><td class=\"has-text-align-left\" data-align=\"left\"><\/td><td class=\"has-text-align-left\" data-align=\"left\">Jueves 10:05 \u2013 11:00<\/td><\/tr><tr><td class=\"has-text-align-left\" data-align=\"left\">Gonz\u00e1lez Hernandez, Sonia<\/td><td class=\"has-text-align-left\" data-align=\"left\">Dibujo<\/td><td class=\"has-text-align-left\" data-align=\"left\"><\/td><td class=\"has-text-align-left\" data-align=\"left\">Lunes 11:25 \u2013 12:20<\/td><\/tr><tr><td class=\"has-text-align-left\" data-align=\"left\">Izquierdo Devesa, Pablo<\/td><td class=\"has-text-align-left\" data-align=\"left\">Tecnolog\u00eda<\/td><td class=\"has-text-align-left\" data-align=\"left\"><\/td><td class=\"has-text-align-left\" data-align=\"left\">Martes 11:25 \u2013 12:20<\/td><\/tr><tr><td class=\"has-text-align-left\" data-align=\"left\">Jimenez Mu\u00f1oz, Ana<\/td><td class=\"has-text-align-left\" data-align=\"left\">Econom\u00eda<\/td><td class=\"has-text-align-left\" data-align=\"left\"><\/td><td class=\"has-text-align-left\" data-align=\"left\">Mi\u00e9rcoles 11:25 \u2013 12:20<\/td><\/tr><tr><td class=\"has-text-align-left\" data-align=\"left\">Lastra de In\u00e9s, Ana Nereida<\/td><td class=\"has-text-align-left\" data-align=\"left\">Biolog\u00eda y Geolog\u00eda<\/td><td class=\"has-text-align-left\" data-align=\"left\"><\/td><td class=\"has-text-align-left\" data-align=\"left\">Viernes 9:10 \u2013 10:05<\/td><\/tr><tr><td class=\"has-text-align-left\" data-align=\"left\">Leal Cazorla, Alberto<\/td><td class=\"has-text-align-left\" data-align=\"left\">Geograf\u00eda e Historia<\/td><td class=\"has-text-align-left\" data-align=\"left\">2\u00baX<\/td><td class=\"has-text-align-left\" data-align=\"left\">Martes 10:05 \u2013 11:00<\/td><\/tr><tr><td class=\"has-text-align-left\" data-align=\"left\">Lopez Lopez, Eva<\/td><td class=\"has-text-align-left\" data-align=\"left\">Dibujo<\/td><td class=\"has-text-align-left\" data-align=\"left\">2\u00baC<\/td><td class=\"has-text-align-left\" data-align=\"left\">Martes 12:20 \u2013 13:15<\/td><\/tr><tr><td class=\"has-text-align-left\" data-align=\"left\">Luna Jimenez, Alejandro<\/td><td class=\"has-text-align-left\" data-align=\"left\">Matem\u00e1ticas<\/td><td class=\"has-text-align-left\" data-align=\"left\">2\u00baY<\/td><td class=\"has-text-align-left\" data-align=\"left\">Martes 13:15 \u2013 14:10<\/td><\/tr><tr><td class=\"has-text-align-left\" data-align=\"left\">Mendez Benito, Miguel<\/td><td class=\"has-text-align-left\" data-align=\"left\">Matem\u00e1ticas<\/td><td class=\"has-text-align-left\" data-align=\"left\">2\u00baA<\/td><td class=\"has-text-align-left\" data-align=\"left\">Mi\u00e9rcoles 9:10 \u2013 10:05<\/td><\/tr><tr><td class=\"has-text-align-left\" data-align=\"left\">Molina Cubero, David<\/td><td class=\"has-text-align-left\" data-align=\"left\">Geograf\u00eda e Historia<\/td><td class=\"has-text-align-left\" data-align=\"left\">3\u00baC<\/td><td class=\"has-text-align-left\" data-align=\"left\">Mi\u00e9rcoles 9:10 \u2013 10:05<\/td><\/tr><tr><td class=\"has-text-align-left\" data-align=\"left\">Monte Millan, Antonio del<\/td><td class=\"has-text-align-left\" data-align=\"left\">Orientaci\u00f3n<\/td><td class=\"has-text-align-left\" data-align=\"left\"><\/td><td class=\"has-text-align-left\" data-align=\"left\">Martes 10:05 \u2013 11:00<\/td><\/tr><tr><td class=\"has-text-align-left\" data-align=\"left\">Moreno Burgos, Juan<\/td><td class=\"has-text-align-left\" data-align=\"left\">Franc\u00e9s<\/td><td class=\"has-text-align-left\" data-align=\"left\">1\u00baC<\/td><td class=\"has-text-align-left\" data-align=\"left\">Viernes 10:05 \u2013 11:00<\/td><\/tr><tr><td class=\"has-text-align-left\" data-align=\"left\">Palomo Mart\u00edn, Mar\u00eda Dolores<\/td><td class=\"has-text-align-left\" data-align=\"left\">Lat\u00edn<\/td><td class=\"has-text-align-left\" data-align=\"left\"><\/td><td class=\"has-text-align-left\" data-align=\"left\">Jueves 9:10 \u2013 10:05<\/td><\/tr><tr><td class=\"has-text-align-left\" data-align=\"left\">Perez Carcedo, Jose Antonio<\/td><td class=\"has-text-align-left\" data-align=\"left\">Religi\u00f3n<\/td><td class=\"has-text-align-left\" data-align=\"left\">1\u00baD<\/td><td class=\"has-text-align-left\" data-align=\"left\">Lunes 9:10 \u2013 10:05<\/td><\/tr><tr><td class=\"has-text-align-left\" data-align=\"left\">Perez Gonz\u00e1lez, Ana<\/td><td class=\"has-text-align-left\" data-align=\"left\">Geograf\u00eda e Historia<\/td><td class=\"has-text-align-left\" data-align=\"left\">3\u00baD DIV<\/td><td class=\"has-text-align-left\" data-align=\"left\">Jueves 10:05 \u2013 11:00<\/td><\/tr><tr><td class=\"has-text-align-left\" data-align=\"left\">Prado Osma, Celia<\/td><td class=\"has-text-align-left\" data-align=\"left\">F\u00edsica y Qu\u00edmica<\/td><td class=\"has-text-align-left\" data-align=\"left\">3\u00baA<\/td><td class=\"has-text-align-left\" data-align=\"left\">Viernes 11:25 \u2013 12:20<\/td><\/tr><tr><td class=\"has-text-align-left\" data-align=\"left\">Rello Varona, Marta<\/td><td class=\"has-text-align-left\" data-align=\"left\">F\u00edsica y Qu\u00edmica<\/td><td class=\"has-text-align-left\" data-align=\"left\"><\/td><td class=\"has-text-align-left\" data-align=\"left\">Martes 11:25 \u2013 12:20<\/td><\/tr><tr><td class=\"has-text-align-left\" data-align=\"left\">Robles Barrero, Maria<\/td><td class=\"has-text-align-left\" data-align=\"left\">Orientaci\u00f3n<\/td><td class=\"has-text-align-left\" data-align=\"left\"><\/td><td class=\"has-text-align-left\" data-align=\"left\">Mi\u00e9rcoles 8:15 \u2013 9:10<\/td><\/tr><tr><td class=\"has-text-align-left\" data-align=\"left\">Rodriguez Colmenares Rodriguez, Sara<\/td><td class=\"has-text-align-left\" data-align=\"left\">Ingl\u00e9s<\/td><td class=\"has-text-align-left\" data-align=\"left\"><\/td><td class=\"has-text-align-left\" data-align=\"left\">Viernes 11:25 \u2013 12:20<\/td><\/tr><tr><td class=\"has-text-align-left\" data-align=\"left\">Rodriguez Linares, Andrea<\/td><td class=\"has-text-align-left\" data-align=\"left\">Matem\u00e1ticas<\/td><td class=\"has-text-align-left\" data-align=\"left\">4\u00baA<\/td><td class=\"has-text-align-left\" data-align=\"left\">Martes 9:10 \u2013 10:05<\/td><\/tr><tr><td class=\"has-text-align-left\" data-align=\"left\">Rodriguez Vilanova, Ivan<\/td><td class=\"has-text-align-left\" data-align=\"left\">Alem\u00e1n<\/td><td class=\"has-text-align-left\" data-align=\"left\"><\/td><td class=\"has-text-align-left\" data-align=\"left\">Jueves 9:10 \u2013 10:05<\/td><\/tr><tr><td class=\"has-text-align-left\" data-align=\"left\">Rubio Franco, Helena<\/td><td class=\"has-text-align-left\" data-align=\"left\">Ingl\u00e9s<\/td><td class=\"has-text-align-left\" data-align=\"left\"><\/td><td class=\"has-text-align-left\" data-align=\"left\">Mi\u00e9rcoles 12:20 \u2013 13:15<\/td><\/tr><tr><td class=\"has-text-align-left\" data-align=\"left\">Rubio Gallego, Carlos<\/td><td class=\"has-text-align-left\" data-align=\"left\">Biolog\u00eda y Geolog\u00eda<\/td><td class=\"has-text-align-left\" data-align=\"left\">4\u00baC DIV<\/td><td class=\"has-text-align-left\" data-align=\"left\">Lunes 10:05 \u2013 11:00<\/td><\/tr><tr><td class=\"has-text-align-left\" data-align=\"left\">Ruiz Villa, Jose<\/td><td class=\"has-text-align-left\" data-align=\"left\">Tecnolog\u00eda<\/td><td class=\"has-text-align-left\" data-align=\"left\"><\/td><td class=\"has-text-align-left\" data-align=\"left\">Martes 12:20 \u2013 13:15<\/td><\/tr><tr><td class=\"has-text-align-left\" data-align=\"left\">Sanchez Quesada, Isabel<\/td><td class=\"has-text-align-left\" data-align=\"left\">Educaci\u00f3n F\u00edsica<\/td><td class=\"has-text-align-left\" data-align=\"left\">4\u00baC<\/td><td class=\"has-text-align-left\" data-align=\"left\">Jueves 10:05 \u2013 11:00<\/td><\/tr><tr><td class=\"has-text-align-left\" data-align=\"left\">Santos Sobrino, Pedro \u00c1ngel de<\/td><td class=\"has-text-align-left\" data-align=\"left\">Lengua<\/td><td class=\"has-text-align-left\" data-align=\"left\"><\/td><td class=\"has-text-align-left\" data-align=\"left\">Lunes 13:15 \u2013 14:10<\/td><\/tr><tr><td class=\"has-text-align-left\" data-align=\"left\">Tello Moya, Alberto Jesus<\/td><td class=\"has-text-align-left\" data-align=\"left\">Ingl\u00e9s<\/td><td class=\"has-text-align-left\" data-align=\"left\"><\/td><td class=\"has-text-align-left\" data-align=\"left\">Jueves 11:25 \u2013 12:20<\/td><\/tr><tr><td class=\"has-text-align-left\" data-align=\"left\">Ternero Hermida, Eva<\/td><td class=\"has-text-align-left\" data-align=\"left\">Lengua<\/td><td class=\"has-text-align-left\" data-align=\"left\"><\/td><td class=\"has-text-align-left\" data-align=\"left\">Lunes 11:25 \u2013 12:20<\/td><\/tr><tr><td class=\"has-text-align-left\" data-align=\"left\">Vazquez Torronteras, Alejandro<\/td><td class=\"has-text-align-left\" data-align=\"left\">Lengua<\/td><td class=\"has-text-align-left\" data-align=\"left\">1\u00baA<\/td><td class=\"has-text-align-left\" data-align=\"left\">Jueves 11:25 \u2013 12:20<\/td><\/tr><tr><td class=\"has-text-align-left\" data-align=\"left\">Vicente Lizundia, M.Carmen<\/td><td class=\"has-text-align-left\" data-align=\"left\">Educaci\u00f3n F\u00edsica<\/td><td class=\"has-text-align-left\" data-align=\"left\"><\/td><td class=\"has-text-align-left\" data-align=\"left\">Lunes 10:05 \u2013 11:00<\/td><\/tr><tr><td class=\"has-text-align-left\" data-align=\"left\">Z\u00e1bal Gonz\u00e1lez, Marcos<\/td><td class=\"has-text-align-left\" data-align=\"left\">Biolog\u00eda y Geolog\u00eda<\/td><td class=\"has-text-align-left\" data-align=\"left\"><\/td><td class=\"has-text-align-left\" data-align=\"left\">Mi\u00e9rcoles 10:05 \u2013 11:00<\/td><\/tr><\/tbody><\/table><\/figure>\n\n\n\n<figure class=\"wp-block-table is-style-stripes\"><table class=\"has-black-color has-text-color has-link-color has-fixed-layout\"><thead><tr><th class=\"has-text-align-left\" data-align=\"left\">Profesores<br>Sustitutos<\/th><th class=\"has-text-align-left\" data-align=\"left\">Departamento<\/th><th class=\"has-text-align-left\" data-align=\"left\">Tutor\u00eda*<\/th><th class=\"has-text-align-left\" data-align=\"left\">Hora de atenci\u00f3n<br>A familias*<\/th><\/tr><\/thead><tbody><tr><td class=\"has-text-align-left\" data-align=\"left\"><\/td><td class=\"has-text-align-left\" data-align=\"left\"><\/td><td class=\"has-text-align-left\" data-align=\"left\"><\/td><td class=\"has-text-align-left\" data-align=\"left\"><\/td><\/tr><\/tbody><\/table><\/figure>\n\n\n\n<p class=\"has-black-color has-text-color has-link-color wp-elements-c26379af444e0c78db8c4a6ddcfeb455\">*Se puede pedir cita llamando al centro o a trav\u00e9s de la agenda del alumno.<\/p>\n","protected":false},"excerpt":{"rendered":"<p>Profesores y tutores Puedes consultar las direcciones de correo electr\u00f3nico de los profesores en el Tabl\u00f3n de anuncios privado . Para entrar es necesario usar el usuario y la contrase\u00f1a &#8230;<\/p>\n","protected":false},"author":2,"featured_media":0,"parent":688,"menu_order":40,"comment_status":"closed","ping_status":"closed","template":"template-fullwidth.php","meta":{"footnotes":""},"folder":[],"class_list":["post-700","page","type-page","status-publish","hentry"],"rttpg_featured_image_url":null,"rttpg_author":{"display_name":"TIC I.E.S. Cardenal Herrera Oria","author_link":"https:\/\/site.educa.madrid.org\/ies.cardenalherrera.madrid\/index.php\/author\/cuenta_tic-ies-cardenalherrera-madrid\/"},"rttpg_comment":0,"rttpg_category":false,"rttpg_excerpt":"Profesores y tutores Puedes consultar las direcciones de correo electr\u00f3nico de los profesores en el Tabl\u00f3n de anuncios privado . Para entrar es necesario usar el usuario y la contrase\u00f1a ...","post_mailing_queue_ids":[],"_links":{"self":[{"href":"https:\/\/site.educa.madrid.org\/ies.cardenalherrera.madrid\/index.php\/wp-json\/wp\/v2\/pages\/700","targetHints":{"allow":["GET"]}}],"collection":[{"href":"https:\/\/site.educa.madrid.org\/ies.cardenalherrera.madrid\/index.php\/wp-json\/wp\/v2\/pages"}],"about":[{"href":"https:\/\/site.educa.madrid.org\/ies.cardenalherrera.madrid\/index.php\/wp-json\/wp\/v2\/types\/page"}],"author":[{"embeddable":true,"href":"https:\/\/site.educa.madrid.org\/ies.cardenalherrera.madrid\/index.php\/wp-json\/wp\/v2\/users\/2"}],"replies":[{"embeddable":true,"href":"https:\/\/site.educa.madrid.org\/ies.cardenalherrera.madrid\/index.php\/wp-json\/wp\/v2\/comments?post=700"}],"version-history":[{"count":46,"href":"https:\/\/site.educa.madrid.org\/ies.cardenalherrera.madrid\/index.php\/wp-json\/wp\/v2\/pages\/700\/revisions"}],"predecessor-version":[{"id":18202,"href":"https:\/\/site.educa.madrid.org\/ies.cardenalherrera.madrid\/index.php\/wp-json\/wp\/v2\/pages\/700\/revisions\/18202"}],"up":[{"embeddable":true,"href":"https:\/\/site.educa.madrid.org\/ies.cardenalherrera.madrid\/index.php\/wp-json\/wp\/v2\/pages\/688"}],"wp:attachment":[{"href":"https:\/\/site.educa.madrid.org\/ies.cardenalherrera.madrid\/index.php\/wp-json\/wp\/v2\/media?parent=700"}],"wp:term":[{"taxonomy":"folder","embeddable":true,"href":"https:\/\/site.educa.madrid.org\/ies.cardenalherrera.madrid\/index.php\/wp-json\/wp\/v2\/folder?post=700"}],"curies":[{"name":"wp","href":"https:\/\/api.w.org\/{rel}","templated":true}]}}