{"id":708,"date":"2020-11-23T10:02:27","date_gmt":"2020-11-23T10:02:27","guid":{"rendered":"https:\/\/site.educa.madrid.org\/ies.cardenalherrera.madrid\/?page_id=708"},"modified":"2025-02-11T13:12:16","modified_gmt":"2025-02-11T12:12:16","slug":"4oesoempresa","status":"publish","type":"page","link":"https:\/\/site.educa.madrid.org\/ies.cardenalherrera.madrid\/index.php\/planes-y-proyectos\/4oesoempresa\/","title":{"rendered":"4\u00baESO+empresa"},"content":{"rendered":"\t\t\t<!-- Flexy Breadcrumb -->\n\t\t\t<div class=\"fbc fbc-page\">\n\n\t\t\t\t<!-- Breadcrumb wrapper -->\n\t\t\t\t<div class=\"fbc-wrap\">\n\n\t\t\t\t\t<!-- Ordered list-->\n\t\t\t\t\t<ol class=\"fbc-items\" itemscope itemtype=\"https:\/\/schema.org\/BreadcrumbList\">\n\t\t\t\t\t\t            <li itemprop=\"itemListElement\" itemscope itemtype=\"https:\/\/schema.org\/ListItem\">\n                <span itemprop=\"name\">\n                    <!-- Home Link -->\n                    <a itemprop=\"item\" href=\"https:\/\/site.educa.madrid.org\/ies.cardenalherrera.madrid\">\n                    \n                                                    <i class=\"fa fa-home\" aria-hidden=\"true\"><\/i>Inicio                    <\/a>\n                <\/span>\n                <meta itemprop=\"position\" content=\"1\" \/><!-- Meta Position-->\n             <\/li><li><span class=\"fbc-separator\">\/<\/span><\/li><li class=\"active\" itemprop=\"itemListElement\" itemscope itemtype=\"https:\/\/schema.org\/ListItem\"><span itemprop=\"name\" title=\"Entradas\">Entradas<\/span><meta itemprop=\"position\" content=\"2\" \/><\/li>\t\t\t\t\t<\/ol>\n\t\t\t\t\t<div class=\"clearfix\"><\/div>\n\t\t\t\t<\/div>\n\t\t\t<\/div>\n\t\t\t\n\n\n\n<h1 class=\"wp-block-heading\">4\u00baESO+empresa<\/h1>\n\n\n\n<p class=\"has-black-color has-text-color has-link-color wp-elements-471598ba429670d8c224ec5f98c5bec1\">El programa educativo <a href=\"https:\/\/www.educa2.madrid.org\/web\/4eso-empresa\" target=\"_blank\" rel=\"noreferrer noopener\"><mark style=\"background-color:rgba(0, 0, 0, 0)\" class=\"has-inline-color has-vivid-cyan-blue-color\">4\u00baESO+empresa<\/mark><\/a> de la Comunidad de Madrid es una actividad complementaria para fomentar la orientaci\u00f3n acad\u00e9mica y profesional, dirigida a todos los alumnos de cuarto curso de la Educaci\u00f3n Secundaria Obligatoria. Con esta actividad se busca acercar a los alumnos al mundo laboral teniendo un primer contacto con empresas y entidades p\u00fablicas mediante estancias educativas de entre tres y cuatro d\u00edas.<\/p>\n\n\n\n<p class=\"has-black-color has-text-color has-link-color wp-elements-4d796c5f9ba35fab7ed1dfd33ddc01c0\">Se puede acceder a la oferta de estancias en instituciones p\u00fablicas en el siguiente <a href=\"https:\/\/www.educa2.madrid.org\/web\/4eso-empresa\/documentacion\/-\/visor\/publicacion-de-procedimientos-especiales-de-entidades-publicas?p_p_col_pos=1\" target=\"_blank\" rel=\"noreferrer noopener\"><mark style=\"background-color:rgba(0, 0, 0, 0)\" class=\"has-inline-color has-vivid-cyan-blue-color\">ENLACE<\/mark><\/a>.<\/p>\n\n\n\n<p class=\"has-black-color has-text-color has-link-color wp-elements-be423e8cbfc5ed5dab47cb4c355e57af\">La coordinadora de 4\u00baESO+empresa durante este curso es la profesora Carmen Camacho.<\/p>\n","protected":false},"excerpt":{"rendered":"<p>4\u00baESO+empresa El programa educativo 4\u00baESO+empresa de la Comunidad de Madrid es una actividad complementaria para fomentar la orientaci\u00f3n acad\u00e9mica y profesional, dirigida a todos los alumnos de cuarto curso de &#8230;<\/p>\n","protected":false},"author":2,"featured_media":0,"parent":691,"menu_order":50,"comment_status":"closed","ping_status":"closed","template":"","meta":{"footnotes":""},"folder":[],"class_list":["post-708","page","type-page","status-publish","hentry"],"rttpg_featured_image_url":null,"rttpg_author":{"display_name":"TIC I.E.S. Cardenal Herrera Oria","author_link":"https:\/\/site.educa.madrid.org\/ies.cardenalherrera.madrid\/index.php\/author\/cuenta_tic-ies-cardenalherrera-madrid\/"},"rttpg_comment":0,"rttpg_category":false,"rttpg_excerpt":"4\u00baESO+empresa El programa educativo 4\u00baESO+empresa de la Comunidad de Madrid es una actividad complementaria para fomentar la orientaci\u00f3n acad\u00e9mica y profesional, dirigida a todos los alumnos de cuarto curso de ...","post_mailing_queue_ids":[],"_links":{"self":[{"href":"https:\/\/site.educa.madrid.org\/ies.cardenalherrera.madrid\/index.php\/wp-json\/wp\/v2\/pages\/708","targetHints":{"allow":["GET"]}}],"collection":[{"href":"https:\/\/site.educa.madrid.org\/ies.cardenalherrera.madrid\/index.php\/wp-json\/wp\/v2\/pages"}],"about":[{"href":"https:\/\/site.educa.madrid.org\/ies.cardenalherrera.madrid\/index.php\/wp-json\/wp\/v2\/types\/page"}],"author":[{"embeddable":true,"href":"https:\/\/site.educa.madrid.org\/ies.cardenalherrera.madrid\/index.php\/wp-json\/wp\/v2\/users\/2"}],"replies":[{"embeddable":true,"href":"https:\/\/site.educa.madrid.org\/ies.cardenalherrera.madrid\/index.php\/wp-json\/wp\/v2\/comments?post=708"}],"version-history":[{"count":11,"href":"https:\/\/site.educa.madrid.org\/ies.cardenalherrera.madrid\/index.php\/wp-json\/wp\/v2\/pages\/708\/revisions"}],"predecessor-version":[{"id":17009,"href":"https:\/\/site.educa.madrid.org\/ies.cardenalherrera.madrid\/index.php\/wp-json\/wp\/v2\/pages\/708\/revisions\/17009"}],"up":[{"embeddable":true,"href":"https:\/\/site.educa.madrid.org\/ies.cardenalherrera.madrid\/index.php\/wp-json\/wp\/v2\/pages\/691"}],"wp:attachment":[{"href":"https:\/\/site.educa.madrid.org\/ies.cardenalherrera.madrid\/index.php\/wp-json\/wp\/v2\/media?parent=708"}],"wp:term":[{"taxonomy":"folder","embeddable":true,"href":"https:\/\/site.educa.madrid.org\/ies.cardenalherrera.madrid\/index.php\/wp-json\/wp\/v2\/folder?post=708"}],"curies":[{"name":"wp","href":"https:\/\/api.w.org\/{rel}","templated":true}]}}