{"id":720,"date":"2020-11-23T10:04:00","date_gmt":"2020-11-23T10:04:00","guid":{"rendered":"https:\/\/site.educa.madrid.org\/ies.cardenalherrera.madrid\/?page_id=720"},"modified":"2024-02-13T08:51:06","modified_gmt":"2024-02-13T07:51:06","slug":"grupo-escolar-de-amnistia-internacional","status":"publish","type":"page","link":"https:\/\/site.educa.madrid.org\/ies.cardenalherrera.madrid\/index.php\/servicios-y-actividades\/grupo-escolar-de-amnistia-internacional\/","title":{"rendered":"Grupo Escolar de Amnist\u00eda Internacional"},"content":{"rendered":"\t\t\t<!-- Flexy Breadcrumb -->\n\t\t\t<div class=\"fbc fbc-page\">\n\n\t\t\t\t<!-- Breadcrumb wrapper -->\n\t\t\t\t<div class=\"fbc-wrap\">\n\n\t\t\t\t\t<!-- Ordered list-->\n\t\t\t\t\t<ol class=\"fbc-items\" itemscope itemtype=\"https:\/\/schema.org\/BreadcrumbList\">\n\t\t\t\t\t\t            <li itemprop=\"itemListElement\" itemscope itemtype=\"https:\/\/schema.org\/ListItem\">\n                <span itemprop=\"name\">\n                    <!-- Home Link -->\n                    <a itemprop=\"item\" href=\"https:\/\/site.educa.madrid.org\/ies.cardenalherrera.madrid\">\n                    \n                                                    <i class=\"fa fa-home\" aria-hidden=\"true\"><\/i>Inicio                    <\/a>\n                <\/span>\n                <meta itemprop=\"position\" content=\"1\" \/><!-- Meta Position-->\n             <\/li><li><span class=\"fbc-separator\">\/<\/span><\/li><li class=\"active\" itemprop=\"itemListElement\" itemscope itemtype=\"https:\/\/schema.org\/ListItem\"><span itemprop=\"name\" title=\"Entradas\">Entradas<\/span><meta itemprop=\"position\" content=\"2\" \/><\/li>\t\t\t\t\t<\/ol>\n\t\t\t\t\t<div class=\"clearfix\"><\/div>\n\t\t\t\t<\/div>\n\t\t\t<\/div>\n\t\t\t\n\n\n\n<h1 class=\"wp-block-heading\">Grupo Escolar de Amnist\u00eda Internacional<\/h1>\n\n\n\n<p class=\"has-black-color has-text-color\"><strong>\u00bfQu\u00e9 son los Grupos Escolares?<\/strong><\/p>\n\n\n\n<p class=\"has-black-color has-text-color\">Los Grupos Escolares est\u00e1n formados por, al menos, 5 estudiantes de segundo ciclo de la ESO o de Bachillerato (entre 14 y 18 a\u00f1os) tutorizados por un profesor o una profesora o un miembro del AMPA de su Centro y que est\u00e9n dispuestos a comprometerse y trabajar activamente de forma continuada en la defensa y promoci\u00f3n de los derechos humanos.<\/p>\n\n\n\n<p class=\"has-black-color has-text-color\"><strong>\u00bfQu\u00e9 hacen?<\/strong><\/p>\n\n\n\n<p class=\"has-black-color has-text-color\">Los estudiantes de 2\u00ba ciclo de la ESO o de Bachillerato y los miembros adultos que forman parte de los grupos escolares se comprometen a trabajar activamente en la defensa y promoci\u00f3n por los derechos humanos. Para ello desarrollan distintas actividades para implicar a otros estudiantes de su centro&nbsp; en los objetivos de Amnist\u00eda Internacional.<\/p>\n\n\n\n<p class=\"has-black-color has-text-color\">Los Grupos Escolares participan en:<\/p>\n\n\n\n<ul class=\"has-black-color has-text-color wp-block-list\">\n<li>Realizar alguna (\u00a1o todas!) las <strong>propuestas de movilizaci\u00f3n<\/strong> presentadas por Amnist\u00eda Internacional.<\/li>\n\n\n\n<li>Al menos dos fechas clave de <strong>Un d\u00eda para celebrar<\/strong> que el grupo escolar puede elegir seg\u00fan sus intereses o las celebraciones de su centro.<\/li>\n\n\n\n<li>Dos acciones al a\u00f1o de <strong>Una postal, una Vida<\/strong>.<\/li>\n\n\n\n<li>Escribir directamente y difundir la <strong>Acci\u00f3n J\u00fanior<\/strong>.<\/li>\n\n\n\n<li>Sensibilizar e implicar a los estudiantes y profesorado en Otras campa\u00f1as en marcha.<\/li>\n\n\n\n<li>Hacer propuestas propias enmarcadas dentro del trabajo de la organizaci\u00f3n atractivas y din\u00e1micas.<\/li>\n<\/ul>\n\n\n\n<p class=\"has-black-color has-text-color\"><strong>Contacto<\/strong><\/p>\n\n\n\n<p class=\"has-black-color has-text-color\">Si quieres formar parte del Grupo Escolar puedes escribir a:<br>Jos\u00e9 Luis (joseluis.cerezo@educa.madrid.org)<\/p>\n\n\n\n<hr class=\"wp-block-separator has-css-opacity\"\/>\n\n\n\n<h2 class=\"wp-block-heading has-text-align-center\">Entradas:<\/h2>\n\n\n<style type='text\/css' media='all'>#rt-tpg-container-1441490754 .rt-holder .rt-woo-info .price{color:#0367bf;}body .rt-tpg-container .rt-tpg-isotope-buttons .selected,\n\t\t\t\t\t#rt-tpg-container-1441490754 .layout12 .rt-holder:hover .rt-detail,\n\t\t\t\t\t#rt-tpg-container-1441490754 .isotope8 .rt-holder:hover .rt-detail,\n\t\t\t\t\t#rt-tpg-container-1441490754 .carousel8 .rt-holder:hover .rt-detail,\n\t\t\t\t\t#rt-tpg-container-1441490754 .layout13 .rt-holder .overlay .post-info,\n\t\t\t\t\t#rt-tpg-container-1441490754 .isotope9 .rt-holder .overlay .post-info,\n\t\t\t\t\t#rt-tpg-container-1441490754.rt-tpg-container .layout4 .rt-holder .rt-detail,\n\t\t\t\t\t.rt-modal-1441490754 .md-content,\n\t\t\t\t\t.rt-modal-1441490754 .md-content > .rt-md-content-holder .rt-md-content,\n\t\t\t\t\t.rt-popup-wrap-1441490754.rt-popup-wrap .rt-popup-navigation-wrap,\n\t\t\t\t\t#rt-tpg-container-1441490754 .carousel9 .rt-holder .overlay .post-info{background-color:#0367bf;}#rt-tpg-container-1441490754 .layout5 .rt-holder .overlay, #rt-tpg-container-1441490754 .isotope2 .rt-holder .overlay, #rt-tpg-container-1441490754 .carousel2 .rt-holder .overlay,#rt-tpg-container-1441490754 .layout15 .rt-holder h3, #rt-tpg-container-1441490754 .isotope11 .rt-holder h3, #rt-tpg-container-1441490754 .carousel11 .rt-holder h3, #rt-tpg-container-1441490754 .layout16 .rt-holder h3,\n\t\t\t\t\t#rt-tpg-container-1441490754 .isotope12 .rt-holder h3, #rt-tpg-container-1441490754 .carousel12 .rt-holder h3 {background-color:rgba(3,103,191,0.8);}#rt-tpg-container-1441490754 .pagination-list li a,\n\t\t\t\t\trt-tpg-container-1441490754 .pagination-list li span,\n\t\t\t\t\trt-tpg-container-1441490754 .pagination li a,\n\t\t\t\t\t#rt-tpg-container-1441490754 .rt-tpg-isotope-buttons button,\n\t\t\t\t\t#rt-tpg-container-1441490754 .rt-tpg-utility .rt-tpg-load-more button,\n\t\t\t\t\t#rt-tpg-container-1441490754.rt-tpg-container .swiper-navigation .slider-btn,\n\t\t\t\t\t#rt-tpg-container-1441490754.rt-tpg-container .swiper-pagination-bullet,\n\t\t\t\t\t#rt-tpg-container-1441490754 .wc1 .rt-holder .rt-img-holder .overlay .product-more ul li a,\n\t\t\t\t\t#rt-tpg-container-1441490754 .wc2 .rt-detail .rt-wc-add-to-cart,\n\t\t\t\t\t#rt-tpg-container-1441490754 .wc3 .rt-detail .rt-wc-add-to-cart,\n\t\t\t\t\t#rt-tpg-container-1441490754 .wc4 .rt-detail .rt-wc-add-to-cart,\n\t\t\t\t\t#rt-tpg-container-1441490754 .wc-carousel2 .rt-detail .rt-wc-add-to-cart,\n\t\t\t\t\t#rt-tpg-container-1441490754 .wc-isotope2 .rt-detail .rt-wc-add-to-cart,\n\t\t\t\t\t#rt-tpg-container-1441490754 .rt-layout-filter-container .rt-filter-wrap .rt-filter-item-wrap.rt-filter-dropdown-wrap .rt-filter-dropdown,\n\t\t\t\t\t#rt-tpg-container-1441490754 .rt-layout-filter-container .rt-filter-sub-tax.sub-button-group .rt-filter-button-item,\n\t\t\t\t\t#rt-tpg-container-1441490754.rt-tpg-container .rt-pagination-wrap .rt-page-numbers .paginationjs .paginationjs-pages ul li>a,\n\t\t\t\t\t#rt-tpg-container-1441490754 .rt-filter-item-wrap.rt-filter-button-wrap span.rt-filter-button-item,\n\t\t\t\t\t#rt-tpg-container-1441490754.rt-tpg-container .rt-pagination-wrap  .rt-loadmore-btn,\n\t\t\t\t\t#rt-tpg-container-1441490754.rt-tpg-container .rt-pagination-wrap .rt-cb-page-prev-next > *,\n\t\t\t\t\t#rt-tpg-container-1441490754 .rt-read-more,\n\t\t\t\t\t#rt-tooltip-1441490754, #rt-tooltip-1441490754 .rt-tooltip-bottom:after{background-color:#1e73be;}#rt-tpg-container-1441490754 .rt-filter-item-wrap.rt-filter-button-wrap span.rt-filter-button-item,\n\t\t\t\t\t#rt-tpg-container-1441490754 .rt-layout-filter-container .rt-filter-sub-tax.sub-button-group .rt-filter-button-item{border-color:#1e73be;}#rt-tpg-container-1441490754.rt-tpg-container .layout17 .rt-holder .overlay a.tpg-zoom .fa{color:#1e73be;}#rt-tpg-container-1441490754 .rt-holder .read-more a {background-color:#1e73be;padding: 8px 15px;}#rt-tpg-container-1441490754 .pagination li.active span,\n\t\t\t\t\t#rt-tpg-container-1441490754 .pagination-list li.active span,\n\t\t\t\t\t#rt-tpg-container-1441490754 .rt-tpg-isotope-buttons button.selected,\n\t\t\t\t\t#rt-tpg-container-1441490754 .rt-filter-item-wrap.rt-filter-button-wrap span.rt-filter-button-item.selected,\n\t\t\t\t\t#rt-tpg-container-1441490754 .rt-layout-filter-container .rt-filter-sub-tax.sub-button-group .rt-filter-button-item.selected,\n\t\t\t\t\t#rt-tpg-container-1441490754.rt-tpg-container .rt-pagination-wrap .rt-page-numbers .paginationjs .paginationjs-pages ul li.active>a,\n\t\t\t\t\t#rt-tpg-container-1441490754.rt-tpg-container .swiper-pagination-bullet.swiper-pagination-bullet-active-main{background-color:#ffffff;}#rt-tpg-container-1441490754 .rt-filter-item-wrap.rt-filter-button-wrap span.rt-filter-button-item.selected,\n\t\t\t\t\t#rt-tpg-container-1441490754 .rt-layout-filter-container .rt-filter-sub-tax.sub-button-group .rt-filter-button-item.selected,\n\t\t\t\t\t#rt-tpg-container-1441490754.rt-tpg-container .rt-pagination-wrap .rt-page-numbers .paginationjs .paginationjs-pages ul li.active>a{border-color:#ffffff;}#rt-tpg-container-1441490754 .pagination-list li a:hover,\n\t\t\t\t\t#rt-tpg-container-1441490754 .pagination li a:hover,\n\t\t\t\t\t#rt-tpg-container-1441490754 .rt-tpg-isotope-buttons button:hover,\n\t\t\t\t\t#rt-tpg-container-1441490754 .rt-holder .read-more a:hover,\n\t\t\t\t\t#rt-tpg-container-1441490754 .rt-tpg-utility .rt-tpg-load-more button:hover,\n\t\t\t\t\t#rt-tpg-container-1441490754.rt-tpg-container .swiper-pagination-bullet:hover,\n\t\t\t\t\t#rt-tpg-container-1441490754.rt-tpg-container .swiper-navigation .slider-btn:hover,\n\t\t\t\t\t#rt-tpg-container-1441490754 .wc1 .rt-holder .rt-img-holder .overlay .product-more ul li a:hover,\n\t\t\t\t\t#rt-tpg-container-1441490754 .wc2 .rt-detail .rt-wc-add-to-cart:hover,\n\t\t\t\t\t#rt-tpg-container-1441490754 .wc3 .rt-detail .rt-wc-add-to-cart:hover,\n\t\t\t\t\t#rt-tpg-container-1441490754 .wc4 .rt-detail .rt-wc-add-to-cart:hover,\n\t\t\t\t\t#rt-tpg-container-1441490754 .wc-carousel2 .rt-detail .rt-wc-add-to-cart:hover,\n\t\t\t\t\t#rt-tpg-container-1441490754 .wc-isotope2 .rt-detail .rt-wc-add-to-cart:hover,\n\t\t\t\t\t#rt-tpg-container-1441490754 .rt-layout-filter-container .rt-filter-wrap .rt-filter-item-wrap.rt-filter-dropdown-wrap .rt-filter-dropdown .rt-filter-dropdown-item:hover,\n\t\t\t\t\t#rt-tpg-container-1441490754 .rt-layout-filter-container .rt-filter-wrap .rt-filter-item-wrap.rt-filter-dropdown-wrap .rt-filter-dropdown .rt-filter-dropdown-item.selected,\n\t\t\t\t\t#rt-tpg-container-1441490754 .rt-filter-item-wrap.rt-filter-button-wrap span.rt-filter-button-item:hover,\n\t\t\t\t\t#rt-tpg-container-1441490754 .rt-layout-filter-container .rt-filter-sub-tax.sub-button-group .rt-filter-button-item:hover,\n\t\t\t\t\t#rt-tpg-container-1441490754.rt-tpg-container .rt-pagination-wrap .rt-page-numbers .paginationjs .paginationjs-pages ul li>a:hover,\n\t\t\t\t\t#rt-tpg-container-1441490754.rt-tpg-container .rt-pagination-wrap .rt-cb-page-prev-next > *:hover,\n\t\t\t\t\t#rt-tpg-container-1441490754.rt-tpg-container .rt-pagination-wrap  .rt-loadmore-btn:hover,\n\t\t\t\t\t#rt-tpg-container-1441490754 .rt-read-more:hover,\n\t\t\t\t\t#rt-tpg-container-1441490754 .rt-tpg-utility .rt-tpg-load-more button:hover{background-color:#1e73be;}#rt-tpg-container-1441490754 .rt-filter-item-wrap.rt-filter-button-wrap span.rt-filter-button-item:hover,\n\t\t\t\t\t\t#rt-tpg-container-1441490754 .rt-layout-filter-container .rt-filter-sub-tax.sub-button-group .rt-filter-button-item:hover,\n\t\t\t\t\t\t#rt-tpg-container-1441490754.rt-tpg-container .swiper-navigation .slider-btn:hover,\n\t\t\t\t\t\t#rt-tpg-container-1441490754.rt-tpg-container .rt-pagination-wrap .rt-page-numbers .paginationjs .paginationjs-pages ul li>a:hover{border-color:#1e73be;}#rt-tpg-container-1441490754.rt-tpg-container .layout17 .rt-holder .overlay a.tpg-zoom:hover .fa{color:#1e73be;}#rt-tpg-container-1441490754 .read-more a{border-radius:px;}#rt-tpg-container-1441490754 .rt-img-holder img.rt-img-responsive,#rt-tpg-container-1441490754 .rt-img-holder,\n\t\t\t\t\t#rt-tpg-container-1441490754 .rt-post-overlay .post-img,\n\t\t\t\t\t#rt-tpg-container-1441490754 .post-sm .post-img,\n\t\t\t\t\t#rt-tpg-container-1441490754 .rt-post-grid .post-img,\n\t\t\t\t\t#rt-tpg-container-1441490754 .post-img img {border-radius:px;}<\/style><div class='rt-container-fluid rt-tpg-container tpg-shortcode-main-wrapper ' id='rt-tpg-container-1441490754'   data-layout='layout2' data-grid-style='even' data-desktop-col='1'  data-tab-col='2'  data-mobile-col='1' data-sc-id='10520'><div data-title='Loading ...' class='rt-row rt-content-loader   layout2 tpg-even '><div class=\"rt-col-md-12 rt-col-sm-6 rt-col-xs-12 even-grid-item rt-grid-item\" data-id=\"18336\"><div class=\"rt-holder\"><div class=\"rt-row\"><div class='rt-col-sm-2 rt-col-xs-12 '><div class=\"rt-img-holder\"><a data-id='18336' class='' href='https:\/\/site.educa.madrid.org\/ies.cardenalherrera.madrid\/index.php\/2026\/02\/17\/jornada-anual-de-amnistia-internacional\/'><img loading=\"lazy\" decoding=\"async\" width=\"150\" height=\"150\" src=\"https:\/\/site.educa.madrid.org\/ies.cardenalherrera.madrid\/\/wp-content\/uploads\/ies.cardenalherrera.madrid\/2026\/02\/Logo2-150x150.png\" class=\"rt-img-responsive \" alt=\"\" \/><\/a><\/div><\/div><div class='rt-col-sm-10 rt-col-xs-12 '><div class='rt-detail'><h2 class=\"entry-title\"><a data-id=\"18336\" class=\"\" href=\"https:\/\/site.educa.madrid.org\/ies.cardenalherrera.madrid\/index.php\/2026\/02\/17\/jornada-anual-de-amnistia-internacional\/\">Jornada Anual de Amnist\u00eda Internacional<\/a><\/h2><div class='tpg-excerpt'>El pasado 17 de enero de 2026 los activistas de nuestro grupo de Amnist\u00eda Internacional fueron part\u00edcipes de una jornada anual. Durante la jornada, alumnos y profesores compartieron proyectos, analizaron...<\/div><span class='read-more '><a data-id='18336' class='' href='https:\/\/site.educa.madrid.org\/ies.cardenalherrera.madrid\/index.php\/2026\/02\/17\/jornada-anual-de-amnistia-internacional\/'>Leer m\u00e1s<\/a><\/span><\/div><\/div><\/div><\/div><\/div><div class=\"rt-col-md-12 rt-col-sm-6 rt-col-xs-12 even-grid-item rt-grid-item\" data-id=\"18330\"><div class=\"rt-holder\"><div class=\"rt-row\"><div class='rt-col-sm-2 rt-col-xs-12 '><div class=\"rt-img-holder\"><a data-id='18330' class='' href='https:\/\/site.educa.madrid.org\/ies.cardenalherrera.madrid\/index.php\/2026\/02\/17\/guerreras-por-la-amazonia\/'><img loading=\"lazy\" decoding=\"async\" width=\"150\" height=\"150\" src=\"https:\/\/site.educa.madrid.org\/ies.cardenalherrera.madrid\/\/wp-content\/uploads\/ies.cardenalherrera.madrid\/2026\/02\/Logo2-150x150.png\" class=\"rt-img-responsive \" alt=\"\" \/><\/a><\/div><\/div><div class='rt-col-sm-10 rt-col-xs-12 '><div class='rt-detail'><h2 class=\"entry-title\"><a data-id=\"18330\" class=\"\" href=\"https:\/\/site.educa.madrid.org\/ies.cardenalherrera.madrid\/index.php\/2026\/02\/17\/guerreras-por-la-amazonia\/\">Guerreras por la Amazon\u00eda<\/a><\/h2><div class='tpg-excerpt'>El 6 de febrero de 2026, el IES Cardenal Herrera Oria acogi\u00f3 en su sal\u00f3n de actos la intervenci\u00f3n de las Guerreras por la Amazon\u00eda ante alumnos de Amnist\u00eda Internacional...<\/div><span class='read-more '><a data-id='18330' class='' href='https:\/\/site.educa.madrid.org\/ies.cardenalherrera.madrid\/index.php\/2026\/02\/17\/guerreras-por-la-amazonia\/'>Leer m\u00e1s<\/a><\/span><\/div><\/div><\/div><\/div><\/div><div class=\"rt-col-md-12 rt-col-sm-6 rt-col-xs-12 even-grid-item rt-grid-item\" data-id=\"17678\"><div class=\"rt-holder\"><div class=\"rt-row\"><div class='rt-col-sm-2 rt-col-xs-12 '><div class=\"rt-img-holder\"><a data-id='17678' class='' href='https:\/\/site.educa.madrid.org\/ies.cardenalherrera.madrid\/index.php\/2025\/06\/18\/amnistia-internacional\/'><img loading=\"lazy\" decoding=\"async\" width=\"150\" height=\"150\" src=\"https:\/\/site.educa.madrid.org\/ies.cardenalherrera.madrid\/\/wp-content\/uploads\/ies.cardenalherrera.madrid\/2025\/06\/Logo2-150x150.png\" class=\"rt-img-responsive \" alt=\"\" \/><\/a><\/div><\/div><div class='rt-col-sm-10 rt-col-xs-12 '><div class='rt-detail'><h2 class=\"entry-title\"><a data-id=\"17678\" class=\"\" href=\"https:\/\/site.educa.madrid.org\/ies.cardenalherrera.madrid\/index.php\/2025\/06\/18\/amnistia-internacional\/\">Amnist\u00eda Internacional<\/a><\/h2><div class='tpg-excerpt'>Talleres Prevenci\u00f3n Acoso Escolar El martes 13 de mayo, los alumnos voluntarios del grupo educativo de Amnist\u00eda Internacional del IES Cardenal Herrera Oria intervinimos, por segundo a\u00f1o consecutivo, en las...<\/div><span class='read-more '><a data-id='17678' class='' href='https:\/\/site.educa.madrid.org\/ies.cardenalherrera.madrid\/index.php\/2025\/06\/18\/amnistia-internacional\/'>Leer m\u00e1s<\/a><\/span><\/div><\/div><\/div><\/div><\/div><div class=\"rt-col-md-12 rt-col-sm-6 rt-col-xs-12 even-grid-item rt-grid-item\" data-id=\"14158\"><div class=\"rt-holder\"><div class=\"rt-row\"><div class='rt-col-sm-2 rt-col-xs-12 '><div class=\"rt-img-holder\"><a data-id='14158' class='' href='https:\/\/site.educa.madrid.org\/ies.cardenalherrera.madrid\/index.php\/2023\/01\/27\/actividades-del-grupo-de-la-red-de-escuelas-de-a-i-del-herrera-en-el-curso-2021-2022\/'><img loading=\"lazy\" decoding=\"async\" width=\"150\" height=\"150\" src=\"https:\/\/site.educa.madrid.org\/ies.cardenalherrera.madrid\/\/wp-content\/uploads\/ies.cardenalherrera.madrid\/2023\/01\/DSCN0254-150x150.jpg\" class=\"rt-img-responsive \" alt=\"\" \/><\/a><\/div><\/div><div class='rt-col-sm-10 rt-col-xs-12 '><div class='rt-detail'><h2 class=\"entry-title\"><a data-id=\"14158\" class=\"\" href=\"https:\/\/site.educa.madrid.org\/ies.cardenalherrera.madrid\/index.php\/2023\/01\/27\/actividades-del-grupo-de-la-red-de-escuelas-de-a-i-del-herrera-en-el-curso-2021-2022\/\">Actividades del Grupo de la Red de Escuelas de A.I. del Herrera en el curso 2021-2022<\/a><\/h2><div class='tpg-excerpt'>Os presentamos las actividades que organiz\u00f3 el Grupo Escolar de Amnist\u00eda Internacional del Herrera durante el curso 2021-2022: 15, 17 y 19 de noviembre de 2021: charla introductoria de A.I...<\/div><span class='read-more '><a data-id='14158' class='' href='https:\/\/site.educa.madrid.org\/ies.cardenalherrera.madrid\/index.php\/2023\/01\/27\/actividades-del-grupo-de-la-red-de-escuelas-de-a-i-del-herrera-en-el-curso-2021-2022\/'>Leer m\u00e1s<\/a><\/span><\/div><\/div><\/div><\/div><\/div><div class=\"rt-col-md-12 rt-col-sm-6 rt-col-xs-12 even-grid-item rt-grid-item\" data-id=\"13977\"><div class=\"rt-holder\"><div class=\"rt-row\"><div class='rt-col-sm-2 rt-col-xs-12 '><div class=\"rt-img-holder\"><a data-id='13977' class='' href='https:\/\/site.educa.madrid.org\/ies.cardenalherrera.madrid\/index.php\/2022\/11\/18\/presentacion-del-grupo-escolar-de-amnistia-internacional-curso-22-23\/'><img loading=\"lazy\" decoding=\"async\" width=\"150\" height=\"150\" src=\"https:\/\/site.educa.madrid.org\/ies.cardenalherrera.madrid\/\/wp-content\/uploads\/ies.cardenalherrera.madrid\/2022\/11\/db5ed88d-71c3-4b0f-a48b-9da7109a60ec-150x150.jpg\" class=\"rt-img-responsive \" alt=\"\" \/><\/a><\/div><\/div><div class='rt-col-sm-10 rt-col-xs-12 '><div class='rt-detail'><h2 class=\"entry-title\"><a data-id=\"13977\" class=\"\" href=\"https:\/\/site.educa.madrid.org\/ies.cardenalherrera.madrid\/index.php\/2022\/11\/18\/presentacion-del-grupo-escolar-de-amnistia-internacional-curso-22-23\/\">Presentaci\u00f3n del Grupo Escolar de Amnist\u00eda Internacional Curso 22-23<\/a><\/h2><div class='tpg-excerpt'>Los alumn@s del Grupo Escolar de Amnist\u00eda Internacional del Herrera han explicado a sus compa\u00f1er@s de 1\u00ba de ESO qu\u00e9 son los Derechos Humanos y qu\u00e9 es Amnist\u00eda Internacional. Tambi\u00e9n...<\/div><span class='read-more '><a data-id='13977' class='' href='https:\/\/site.educa.madrid.org\/ies.cardenalherrera.madrid\/index.php\/2022\/11\/18\/presentacion-del-grupo-escolar-de-amnistia-internacional-curso-22-23\/'>Leer m\u00e1s<\/a><\/span><\/div><\/div><\/div><\/div><\/div><\/div><\/div>\n","protected":false},"excerpt":{"rendered":"<p>Grupo Escolar de Amnist\u00eda Internacional \u00bfQu\u00e9 son los Grupos Escolares? Los Grupos Escolares est\u00e1n formados por, al menos, 5 estudiantes de segundo ciclo de la ESO o de Bachillerato (entre &#8230;<\/p>\n","protected":false},"author":2,"featured_media":0,"parent":742,"menu_order":60,"comment_status":"closed","ping_status":"closed","template":"","meta":{"footnotes":""},"folder":[],"class_list":["post-720","page","type-page","status-publish","hentry"],"rttpg_featured_image_url":null,"rttpg_author":{"display_name":"TIC I.E.S. Cardenal Herrera Oria","author_link":"https:\/\/site.educa.madrid.org\/ies.cardenalherrera.madrid\/index.php\/author\/cuenta_tic-ies-cardenalherrera-madrid\/"},"rttpg_comment":0,"rttpg_category":"","rttpg_excerpt":"Grupo Escolar de Amnist\u00eda Internacional \u00bfQu\u00e9 son los Grupos Escolares? Los Grupos Escolares est\u00e1n formados por, al menos, 5 estudiantes de segundo ciclo de la ESO o de Bachillerato (entre ...","post_mailing_queue_ids":[],"_links":{"self":[{"href":"https:\/\/site.educa.madrid.org\/ies.cardenalherrera.madrid\/index.php\/wp-json\/wp\/v2\/pages\/720","targetHints":{"allow":["GET"]}}],"collection":[{"href":"https:\/\/site.educa.madrid.org\/ies.cardenalherrera.madrid\/index.php\/wp-json\/wp\/v2\/pages"}],"about":[{"href":"https:\/\/site.educa.madrid.org\/ies.cardenalherrera.madrid\/index.php\/wp-json\/wp\/v2\/types\/page"}],"author":[{"embeddable":true,"href":"https:\/\/site.educa.madrid.org\/ies.cardenalherrera.madrid\/index.php\/wp-json\/wp\/v2\/users\/2"}],"replies":[{"embeddable":true,"href":"https:\/\/site.educa.madrid.org\/ies.cardenalherrera.madrid\/index.php\/wp-json\/wp\/v2\/comments?post=720"}],"version-history":[{"count":11,"href":"https:\/\/site.educa.madrid.org\/ies.cardenalherrera.madrid\/index.php\/wp-json\/wp\/v2\/pages\/720\/revisions"}],"predecessor-version":[{"id":15833,"href":"https:\/\/site.educa.madrid.org\/ies.cardenalherrera.madrid\/index.php\/wp-json\/wp\/v2\/pages\/720\/revisions\/15833"}],"up":[{"embeddable":true,"href":"https:\/\/site.educa.madrid.org\/ies.cardenalherrera.madrid\/index.php\/wp-json\/wp\/v2\/pages\/742"}],"wp:attachment":[{"href":"https:\/\/site.educa.madrid.org\/ies.cardenalherrera.madrid\/index.php\/wp-json\/wp\/v2\/media?parent=720"}],"wp:term":[{"taxonomy":"folder","embeddable":true,"href":"https:\/\/site.educa.madrid.org\/ies.cardenalherrera.madrid\/index.php\/wp-json\/wp\/v2\/folder?post=720"}],"curies":[{"name":"wp","href":"https:\/\/api.w.org\/{rel}","templated":true}]}}