{"id":1249,"date":"2023-01-26T10:33:13","date_gmt":"2023-01-26T09:33:13","guid":{"rendered":"https:\/\/site.educa.madrid.org\/ies.churriguera.leganes\/?page_id=1249"},"modified":"2026-01-14T13:31:41","modified_gmt":"2026-01-14T12:31:41","slug":"servicios-socioculturales-y-a-la-comunidad","status":"publish","type":"page","link":"https:\/\/site.educa.madrid.org\/ies.churriguera.leganes\/index.php\/departamentos\/servicios-socioculturales-y-a-la-comunidad\/","title":{"rendered":"CFGS de Promoci\u00f3n de Igualdad de G\u00e9nero"},"content":{"rendered":"\n<figure class=\"wp-block-image aligncenter size-large\"><img loading=\"lazy\" decoding=\"async\" width=\"724\" height=\"1024\" src=\"https:\/\/site.educa.madrid.org\/ies.churriguera.leganes\/\/wp-content\/uploads\/ies.churriguera.leganes\/2025\/06\/POSTER-PROMIG-25-26.pdf-1-724x1024.png\" alt=\"\" class=\"wp-image-8615\"\/><\/figure>\n\n\n\n<p>Este departamento esta formado por el profesorado que imparte docencia en los ciclos formativos (Grado D) de la <strong>Familia Profesional de Servicios Socioculturales y a la Comunidad<\/strong>.<\/p>\n\n\n\n<p>En el IES Jos\u00e9 de Churriguera se imparte el <strong>CFGS de Promoci\u00f3n de la Igualdad de G\u00e9nero<\/strong> (GRADO D, NIVEL 3) en turno <strong>diurno<\/strong>, con horario de 8:30 h. a 14:20 h. de lunes a viernes.  <\/p>\n\n\n\n<p>Este ciclo formativo de Formaci\u00f3n Profesional tiene una duraci\u00f3n de <strong>dos cursos acad\u00e9micos<\/strong>.<\/p>\n\n\n\n<p>A continuaci\u00f3n se detallan los <strong>m\u00f3dulos profesionales <\/strong>que se imparten durante este curso en el ciclo formativo:<\/p>\n\n\n\n<figure class=\"wp-block-table is-style-stripes\"><table class=\"has-black-color has-white-background-color has-text-color has-background has-link-color\"><tbody><tr><td class=\"has-text-align-center\" data-align=\"center\"><strong>CURSO<\/strong><\/td><td><strong>M\u00d3DULOS PROFESIONALES<\/strong><\/td><\/tr><tr><td class=\"has-text-align-center\" data-align=\"center\"><br><strong>1\u00ba<\/strong><\/td><td>Desarrollo comunitario<br>Metodolog\u00eda de la intervenci\u00f3n social<br>Habilidades sociales<br>Prevenci\u00f3n de la violencia de g\u00e9nero<br>\u00c1mbitos de intervenci\u00f3n para la promoci\u00f3n de igualdad<br>M\u00f3dulo profesional optativo: Ampliaci\u00f3n de \u00e1mbitos de intervenci\u00f3n para la promoci\u00f3n de igualdad<br>Participaci\u00f3n social de las mujeres<br>Ingl\u00e9s profesional<br>Itinerario personal para la empleabilidad I<\/td><\/tr><tr><td class=\"has-text-align-center\" data-align=\"center\"><br><strong>2\u00ba<\/strong><\/td><td>Promoci\u00f3n del empleo femenino<br>Informaci\u00f3n y comunicaci\u00f3n con perspectiva de g\u00e9nero<br>Intervenci\u00f3n socio-educativa para la igualdad<br>Primeros auxilios<br>Itinerario personal para la empleabilidad II<br>Digitalizaci\u00f3n aplicada a los sectores productivos<br>Sostenibilidad aplicada al sistema productivo<br>M\u00f3dulo profesional optativo: Dise\u00f1o de Planes de Igualdad<br>Proyecto Intermodular de Promoci\u00f3n de Igualdad de G\u00e9nero<\/td><\/tr><tr><td class=\"has-text-align-center\" data-align=\"center\"><\/td><td><br><\/td><\/tr><\/tbody><\/table><\/figure>\n\n\n\n<figure class=\"wp-block-image aligncenter size-large\"><img loading=\"lazy\" decoding=\"async\" width=\"1024\" height=\"724\" src=\"https:\/\/site.educa.madrid.org\/ies.churriguera.leganes\/\/wp-content\/uploads\/ies.churriguera.leganes\/2025\/06\/1-1024x724.png\" alt=\"\" class=\"wp-image-8618\"\/><\/figure>\n\n\n\n<figure class=\"wp-block-image aligncenter size-large\"><img loading=\"lazy\" decoding=\"async\" width=\"1024\" height=\"724\" src=\"https:\/\/site.educa.madrid.org\/ies.churriguera.leganes\/\/wp-content\/uploads\/ies.churriguera.leganes\/2025\/06\/2-1024x724.png\" alt=\"\" class=\"wp-image-8619\"\/><\/figure>\n\n\n\n<p>A continuaci\u00f3n se puede ver la<strong> ficha de las ense\u00f1anzas del CFGS<\/strong> para conocer los m\u00f3dulos profesionales que se imparten, sus horas semanales, as\u00ed como consultar tanto el Real Decreto de Ense\u00f1anzas M\u00ednimas del t\u00edtulo como el curr\u00edculo para la Comunidad de Madrid. <\/p>\n\n\n\n<p class=\"has-black-color has-text-color\"><strong><a href=\"https:\/\/www.comunidad.madrid\/sites\/default\/files\/doc\/educacion\/fp\/fp-ensenanza-sscs04-loe-ficha.pdf\" data-type=\"link\" data-id=\"https:\/\/www.comunidad.madrid\/sites\/default\/files\/doc\/educacion\/fp\/fp-ensenanza-sscs04-loe-ficha.pdf\" target=\"_blank\" rel=\"noreferrer noopener\">\u00abT\u00c9CNICA\/O SUPERIOR EN PROMOCI\u00d3N DE LA IGUALDAD DE G\u00c9NERO\u00bb<\/a><\/strong><\/p>\n\n\n\n<p><strong>Para el primer curso, este a\u00f1o se implanta el nuevo sistema de Formaci\u00f3n Profesional<\/strong>, por lo que se debe consultar el siguiente <strong>enlace<\/strong> para poder conocer tanto el reparto horario semanal, como el curr\u00edculo de los m\u00f3dulos profesionales que se incorporan como novedad:<\/p>\n\n\n\n<p><strong><a href=\"https:\/\/www.comunidad.madrid\/servicios\/educacion\/ensenanzas-formacion-profesional\" data-type=\"link\" data-id=\"https:\/\/www.comunidad.madrid\/servicios\/educacion\/ensenanzas-formacion-profesional\" target=\"_blank\" rel=\"noreferrer noopener\">NOVEDADES FP EN MADRID<\/a><\/strong><\/p>\n\n\n\n<p>Las ense\u00f1anzas de Formaci\u00f3n Profesional de los centros p\u00fablicos de la Comunidad de Madrid est\u00e1n cofinanciadas por el Programa del Fondo Europeo Plus 2021-2027, aprobado por Decisi\u00f3n de Ejecuci\u00f3n de la Comisi\u00f3n, de 9 de diciembre de 2022.<\/p>\n\n\n\n<p>Igualmente, algunos proyectos espec\u00edficos de Formaci\u00f3n Profesional, que se desarrollan hasta 2024, est\u00e1n financiados por los fondos de la Uni\u00f3n Europea &#8211; Next Generation al estar incluidos en el Plan de Recuperaci\u00f3n, Transformaci\u00f3n y Resiliencia.<\/p>\n\n\n\n<h2 class=\"wp-block-heading\">Criterios de Calificaci\u00f3n y Procedimientos de Evaluaci\u00f3n 2025-2026<\/h2>\n\n\n\n<p>A continuaci\u00f3n se pueden consultar la <strong>evaluaci\u00f3n<\/strong> de cada uno de los m\u00f3dulos profesionales, incluyendo los<strong> procedimientos de evaluaci\u00f3n y <strong>criterios de calificaci\u00f3n<\/strong> <\/strong>de cada uno de los m\u00f3dulos profesionales que se imparten desde el Departamento de Servicios Socioculturales y a la Comunidad:<\/p>\n\n\n\n<p><strong><a href=\"https:\/\/site.educa.madrid.org\/ies.churriguera.leganes\/\/wp-content\/uploads\/ies.churriguera.leganes\/2026\/01\/25-26-evaluacion-AIPI.pdf\">\u00c1mbitos de intervenci\u00f3n para la promoci\u00f3n de igualdad<\/a><\/strong><\/p>\n\n\n\n<p><strong><a href=\"https:\/\/site.educa.madrid.org\/ies.churriguera.leganes\/\/wp-content\/uploads\/ies.churriguera.leganes\/2026\/01\/25-26-EVALUACION-OPTATIVA-AAIPI.pdf\">M\u00f3dulo profesional optativo: Ampliaci\u00f3n de \u00e1mbitos de intervenci\u00f3n para la promoci\u00f3n de igualdad<\/a><\/strong><\/p>\n\n\n\n<p><strong><a href=\"https:\/\/site.educa.madrid.org\/ies.churriguera.leganes\/\/wp-content\/uploads\/ies.churriguera.leganes\/2026\/01\/25-26-EVALUACION-PSM.pdf\">Participaci\u00f3n social de las mujeres<\/a><\/strong><\/p>\n\n\n\n<p><strong><a href=\"https:\/\/site.educa.madrid.org\/ies.churriguera.leganes\/\/wp-content\/uploads\/ies.churriguera.leganes\/2026\/01\/25-26-EVALUACION-DESARROLLO-COMUNITARIO.pdf\">Desarrollo comunitario<\/a><\/strong><\/p>\n\n\n\n<p><strong><a href=\"https:\/\/site.educa.madrid.org\/ies.churriguera.leganes\/\/wp-content\/uploads\/ies.churriguera.leganes\/2026\/01\/25-26-EVALUACION-MIS.pdf\">Metodolog\u00eda de la intervenci\u00f3n social<\/a><\/strong><\/p>\n\n\n\n<p><strong><a href=\"https:\/\/site.educa.madrid.org\/ies.churriguera.leganes\/\/wp-content\/uploads\/ies.churriguera.leganes\/2026\/01\/25-26-EVALUACION-HHSS.pdf\">Habilidades sociales<\/a><\/strong><\/p>\n\n\n\n<p><strong><a href=\"https:\/\/site.educa.madrid.org\/ies.churriguera.leganes\/\/wp-content\/uploads\/ies.churriguera.leganes\/2026\/01\/25-26-evaluacion-PVG.pdf\">Prevenci\u00f3n de la violencia de g\u00e9nero<\/a><\/strong><\/p>\n\n\n\n<p><strong><a href=\"https:\/\/site.educa.madrid.org\/ies.churriguera.leganes\/\/wp-content\/uploads\/ies.churriguera.leganes\/2026\/01\/25-26-EVALUACION-PEF.pdf\">Promoci\u00f3n del empleo femenino<\/a><\/strong><\/p>\n\n\n\n<p><strong><a href=\"https:\/\/site.educa.madrid.org\/ies.churriguera.leganes\/\/wp-content\/uploads\/ies.churriguera.leganes\/2026\/01\/25-26-Evaluacion-sost.pdf\">Sostenibilidad aplicada al sistema productivo<\/a><\/strong><\/p>\n\n\n\n<p><strong><a href=\"https:\/\/site.educa.madrid.org\/ies.churriguera.leganes\/\/wp-content\/uploads\/ies.churriguera.leganes\/2026\/01\/25-26-EVALUACION-OPTATIVA-DPI.pdf\">M\u00f3dulo profesional optativo: Dise\u00f1o de planes de igualdad<\/a><\/strong><\/p>\n\n\n\n<p><strong><a href=\"https:\/\/site.educa.madrid.org\/ies.churriguera.leganes\/\/wp-content\/uploads\/ies.churriguera.leganes\/2026\/01\/25-26-EVALUACION-ICPG.pdf\">Informaci\u00f3n y comunicaci\u00f3n con perspectiva de g\u00e9nero<\/a><\/strong><\/p>\n\n\n\n<p><strong><a href=\"https:\/\/site.educa.madrid.org\/ies.churriguera.leganes\/\/wp-content\/uploads\/ies.churriguera.leganes\/2026\/01\/25-26-EVALUACION-ISEI.pdf\">Intervenci\u00f3n socioeducativa para la igualdad<\/a><\/strong><\/p>\n\n\n\n<p><strong><a href=\"https:\/\/site.educa.madrid.org\/ies.churriguera.leganes\/\/wp-content\/uploads\/ies.churriguera.leganes\/2026\/01\/25-26-EVALUACION-FCT.pdf\">Formaci\u00f3n en Centros de Trabajo<\/a><\/strong><\/p>\n\n\n\n<p><strong>Fase de Formaci\u00f3n en Empresa<\/strong><\/p>\n\n\n\n<p><strong>Proyecto intermodular de promoci\u00f3n de igualdad de g\u00e9nero<\/strong><\/p>\n\n\n\n<p><\/p>\n\n\n\n<p>Tambi\u00e9n se pueden consultar los <strong>calendarios de ex\u00e1menes y juntas de evaluaci\u00f3n del curso 2025-2026<\/strong>:<\/p>\n\n\n\n<p><strong><a href=\"https:\/\/site.educa.madrid.org\/ies.churriguera.leganes\/\/wp-content\/uploads\/ies.churriguera.leganes\/2026\/01\/Calendario-de-evaluaciones-1o-CFGS-PROMIG.pdf\">Calendario de evaluaciones de\u00a01\u00ba del CFGS de Promoci\u00f3n de Igualdad de G\u00e9nero (25-26).<\/a><\/strong><\/p>\n\n\n\n<p><strong><a href=\"https:\/\/site.educa.madrid.org\/ies.churriguera.leganes\/\/wp-content\/uploads\/ies.churriguera.leganes\/2026\/01\/Calendario-de-evaluaciones-2o-CFGS-PROMIG.pdf\">Calendario de evaluaciones de 2\u00ba del CFGS de Promoci\u00f3n de Igualdad de G\u00e9nero (25-26).<\/a><\/strong><\/p>\n\n\n","protected":false},"excerpt":{"rendered":"<p>Este departamento esta formado por el profesorado que imparte docencia en los ciclos formativos (Grado D) de la Familia Profesional de Servicios Socioculturales y a la Comunidad. En el IES Jos\u00e9 de Churriguera se imparte el CFGS de Promoci\u00f3n de la Igualdad de G\u00e9nero (GRADO D, NIVEL 3) en turno diurno, con horario de 8:30 [&hellip;]<\/p>\n","protected":false},"author":34,"featured_media":0,"parent":412,"menu_order":14,"comment_status":"closed","ping_status":"closed","template":"","meta":{"footnotes":""},"folder":[],"class_list":["post-1249","page","type-page","status-publish","hentry"],"rttpg_featured_image_url":null,"rttpg_author":{"display_name":"Sergio Jorge Fern\u00e1ndez Ortega","author_link":"https:\/\/site.educa.madrid.org\/ies.churriguera.leganes\/index.php\/author\/sergio-jorge_fernandez-ortega\/"},"rttpg_comment":0,"rttpg_category":false,"rttpg_excerpt":"Este departamento esta formado por el profesorado que imparte docencia en los ciclos formativos (Grado D) de la Familia Profesional de Servicios Socioculturales y a la Comunidad. En el IES Jos\u00e9 de Churriguera se imparte el CFGS de Promoci\u00f3n de la Igualdad de G\u00e9nero (GRADO D, NIVEL 3) en turno diurno, con horario de 8:30&hellip;","post_mailing_queue_ids":[],"_links":{"self":[{"href":"https:\/\/site.educa.madrid.org\/ies.churriguera.leganes\/index.php\/wp-json\/wp\/v2\/pages\/1249","targetHints":{"allow":["GET"]}}],"collection":[{"href":"https:\/\/site.educa.madrid.org\/ies.churriguera.leganes\/index.php\/wp-json\/wp\/v2\/pages"}],"about":[{"href":"https:\/\/site.educa.madrid.org\/ies.churriguera.leganes\/index.php\/wp-json\/wp\/v2\/types\/page"}],"author":[{"embeddable":true,"href":"https:\/\/site.educa.madrid.org\/ies.churriguera.leganes\/index.php\/wp-json\/wp\/v2\/users\/34"}],"replies":[{"embeddable":true,"href":"https:\/\/site.educa.madrid.org\/ies.churriguera.leganes\/index.php\/wp-json\/wp\/v2\/comments?post=1249"}],"version-history":[{"count":32,"href":"https:\/\/site.educa.madrid.org\/ies.churriguera.leganes\/index.php\/wp-json\/wp\/v2\/pages\/1249\/revisions"}],"predecessor-version":[{"id":9642,"href":"https:\/\/site.educa.madrid.org\/ies.churriguera.leganes\/index.php\/wp-json\/wp\/v2\/pages\/1249\/revisions\/9642"}],"up":[{"embeddable":true,"href":"https:\/\/site.educa.madrid.org\/ies.churriguera.leganes\/index.php\/wp-json\/wp\/v2\/pages\/412"}],"wp:attachment":[{"href":"https:\/\/site.educa.madrid.org\/ies.churriguera.leganes\/index.php\/wp-json\/wp\/v2\/media?parent=1249"}],"wp:term":[{"taxonomy":"folder","embeddable":true,"href":"https:\/\/site.educa.madrid.org\/ies.churriguera.leganes\/index.php\/wp-json\/wp\/v2\/folder?post=1249"}],"curies":[{"name":"wp","href":"https:\/\/api.w.org\/{rel}","templated":true}]}}