{"id":1296,"date":"2023-01-26T20:29:58","date_gmt":"2023-01-26T19:29:58","guid":{"rendered":"https:\/\/site.educa.madrid.org\/ies.churriguera.leganes\/?page_id=1296"},"modified":"2025-11-02T11:12:18","modified_gmt":"2025-11-02T10:12:18","slug":"geografia-e-historia-2","status":"publish","type":"page","link":"https:\/\/site.educa.madrid.org\/ies.churriguera.leganes\/index.php\/departamentos\/geografia-e-historia-2\/","title":{"rendered":"Geograf\u00eda e Historia"},"content":{"rendered":"\n<p>Comprometidos con la calidad, la inclusi\u00f3n y la igualdad<\/p>\n\n\n\n<figure class=\"wp-block-image size-large\"><img loading=\"lazy\" decoding=\"async\" width=\"1024\" height=\"666\" src=\"https:\/\/site.educa.madrid.org\/ies.churriguera.leganes\/\/wp-content\/uploads\/ies.churriguera.leganes\/2024\/11\/Aureliano_de_Beruete_-_View_of_Toledo_-_Google_Art_Project-1-1024x666.jpg\" alt=\"\" class=\"wp-image-6633\" srcset=\"https:\/\/site.educa.madrid.org\/ies.churriguera.leganes\/\/wp-content\/uploads\/ies.churriguera.leganes\/2024\/11\/Aureliano_de_Beruete_-_View_of_Toledo_-_Google_Art_Project-1-1024x666.jpg 1024w, https:\/\/site.educa.madrid.org\/ies.churriguera.leganes\/\/wp-content\/uploads\/ies.churriguera.leganes\/2024\/11\/Aureliano_de_Beruete_-_View_of_Toledo_-_Google_Art_Project-1-300x195.jpg 300w, https:\/\/site.educa.madrid.org\/ies.churriguera.leganes\/\/wp-content\/uploads\/ies.churriguera.leganes\/2024\/11\/Aureliano_de_Beruete_-_View_of_Toledo_-_Google_Art_Project-1-768x500.jpg 768w, https:\/\/site.educa.madrid.org\/ies.churriguera.leganes\/\/wp-content\/uploads\/ies.churriguera.leganes\/2024\/11\/Aureliano_de_Beruete_-_View_of_Toledo_-_Google_Art_Project-1-1536x999.jpg 1536w, https:\/\/site.educa.madrid.org\/ies.churriguera.leganes\/\/wp-content\/uploads\/ies.churriguera.leganes\/2024\/11\/Aureliano_de_Beruete_-_View_of_Toledo_-_Google_Art_Project-1.jpg 1600w\" sizes=\"auto, (max-width: 1024px) 100vw, 1024px\" \/><\/figure>\n\n\n\n<p class=\"has-text-align-center\">Vista de Toledo<\/p>\n\n\n\n<p class=\"has-text-align-center\"><strong>Aureliano de Beruete<\/strong> (Madrid, 1845-1912)<\/p>\n\n\n\n<p class=\"has-text-align-center\">Museo Nacional de Arte de Catalu\u00f1a<\/p>\n\n\n\n<p>A continuaci\u00f3n se exponen los <strong>criterios de calificaci\u00f3n<\/strong> del departamento de Geograf\u00eda e Historia. Es un documento importante pues establece de d\u00f3nde sale la nota o calificaci\u00f3n que el alumno o alumna obtiene finalmente en su bolet\u00edn. Conocerlo ayuda a superar las materias y evita sorpresas desagradables, por lo que consideramos que su conocimiento es importante.<\/p>\n\n\n\n<p><\/p>\n\n\n\n<p><strong>ESO<\/strong><\/p>\n\n\n\n<div class=\"wp-block-group is-layout-grid wp-container-core-group-is-layout-478b6e6b wp-block-group-is-layout-grid\">\n<p>Para consultar los criterios de 1\u00ba de la ESO <a href=\"https:\/\/cloud.educa.madrid.org\/s\/gbkPXC2HCoGyRLN\">pulse aqu\u00ed<\/a><\/p>\n\n\n\n<p>Para consultar los criterios de 2\u00ba de la ESO <a href=\"https:\/\/cloud.educa.madrid.org\/s\/FowXw76rkoWxt8L\">pulse aqu\u00ed<\/a><\/p>\n\n\n\n<p>Para consultar los criterios de 3\u00ba de la ESO <a href=\"https:\/\/cloud.educa.madrid.org\/s\/pcSc3mbEqBjDkWL\">pulse aqu\u00ed<\/a><\/p>\n\n\n\n<p>Para consultar los criterios de 4\u00ba de la ESO <a href=\"https:\/\/cloud.educa.madrid.org\/s\/wjc2YXWPYqjMMWe\">pulse aqu\u00ed<\/a><\/p>\n<\/div>\n\n\n\n<p><\/p>\n\n\n\n<p><strong>Bachillerato<\/strong><\/p>\n\n\n\n<div class=\"wp-block-group is-layout-grid wp-container-core-group-is-layout-478b6e6b wp-block-group-is-layout-grid\">\n<p>Para consultar los criterios de Historia del Mundo Contempor\u00e1neo (1\u00ba BACH) <a href=\"https:\/\/cloud.educa.madrid.org\/s\/6dGGKDoZG6JsSgk\">pulse aqu\u00ed<\/a><\/p>\n\n\n\n<p>Para consultar los criterios de Historia de Espa\u00f1a (2\u00ba BACH) <a href=\"https:\/\/cloud.educa.madrid.org\/s\/qYT85czar5pqrKj\">pulse aqu\u00ed<\/a><\/p>\n\n\n\n<p>Para consultar los criterios de Geograf\u00eda (2\u00ba BACH) <a href=\"https:\/\/cloud.educa.madrid.org\/s\/s4P3eCH4kARt2BY\">pulse aqu\u00ed<\/a><\/p>\n\n\n\n<p>Para consultar los criterios de Historia del Arte (2\u00ba BACH) <a href=\"https:\/\/cloud.educa.madrid.org\/s\/Y2nTPZpknw2mEfp\">pulse aqu\u00ed<\/a><\/p>\n<\/div>\n\n\n\n<p><\/p>\n\n\n\n<p><\/p>\n\n\n\n<p>Despu\u00e9s pueden encontrar los <strong>procedimientos para la superaci\u00f3n de la materia pendiente de cursos anteriores<\/strong>. Esta informaci\u00f3n es clave para que los alumnos dosifiquen su trabajo a lo largo del curso y puedan superar con \u00e9xito la etapa educativa. Para ello, la comunicaci\u00f3n con el profesor o profesora que le da clase en el curso actual es importante y necesaria.<\/p>\n\n\n\n<div class=\"wp-block-group is-layout-grid wp-container-core-group-is-layout-478b6e6b wp-block-group-is-layout-grid\">\n<p>Para consultar la recuperaci\u00f3n de 1\u00ba de la ESO pendiente de cursos anteriores <a href=\"https:\/\/cloud.educa.madrid.org\/s\/Y4o8iBqexCbCEBR\">pulse aqu\u00ed<\/a><\/p>\n\n\n\n<p>Para consultar la recuperaci\u00f3n de 2\u00ba de la ESO pendiente de cursos anteriores <a href=\"https:\/\/cloud.educa.madrid.org\/s\/SAxt4gEzJnPYqW9\">pulse aqu\u00ed<\/a><\/p>\n\n\n\n<p>Para consultar la recuperaci\u00f3n de 3\u00ba de la ESO pendiente de cursos anteriores <a href=\"https:\/\/cloud.educa.madrid.org\/s\/iy3NzzdRCxcNsoN\">p<\/a><a href=\"https:\/\/cloud.educa.madrid.org\/s\/s5KFAS9pFN2Ea5p\">ulse aqu\u00ed<\/a><\/p>\n\n\n\n<p class=\"wp-container-content-69bc4bdf\">Para consultar la recuperaci\u00f3n de Historia del Mundo Contempor\u00e1neo del curso anterior <a href=\"https:\/\/cloud.educa.madrid.org\/s\/ew3gArH3Dip55N8\">pulse aqu\u00ed<\/a><\/p>\n<\/div>\n\n\n\n<p><\/p>\n","protected":false},"excerpt":{"rendered":"<p>Comprometidos con la calidad, la inclusi\u00f3n y la igualdad Vista de Toledo Aureliano de Beruete (Madrid, 1845-1912) Museo Nacional de Arte de Catalu\u00f1a A continuaci\u00f3n se exponen los criterios de calificaci\u00f3n del departamento de Geograf\u00eda e Historia. Es un documento importante pues establece de d\u00f3nde sale la nota o calificaci\u00f3n que el alumno o alumna [&hellip;]<\/p>\n","protected":false},"author":22,"featured_media":0,"parent":412,"menu_order":16,"comment_status":"closed","ping_status":"closed","template":"","meta":{"footnotes":""},"folder":[],"class_list":["post-1296","page","type-page","status-publish","hentry"],"rttpg_featured_image_url":null,"rttpg_author":{"display_name":"IGNACIO ARRILLAGA","author_link":"https:\/\/site.educa.madrid.org\/ies.churriguera.leganes\/index.php\/author\/ignacio_arrillaga-aldama\/"},"rttpg_comment":0,"rttpg_category":false,"rttpg_excerpt":"Comprometidos con la calidad, la inclusi\u00f3n y la igualdad Vista de Toledo Aureliano de Beruete (Madrid, 1845-1912) Museo Nacional de Arte de Catalu\u00f1a A continuaci\u00f3n se exponen los criterios de calificaci\u00f3n del departamento de Geograf\u00eda e Historia. Es un documento importante pues establece de d\u00f3nde sale la nota o calificaci\u00f3n que el alumno o alumna&hellip;","post_mailing_queue_ids":[],"_links":{"self":[{"href":"https:\/\/site.educa.madrid.org\/ies.churriguera.leganes\/index.php\/wp-json\/wp\/v2\/pages\/1296","targetHints":{"allow":["GET"]}}],"collection":[{"href":"https:\/\/site.educa.madrid.org\/ies.churriguera.leganes\/index.php\/wp-json\/wp\/v2\/pages"}],"about":[{"href":"https:\/\/site.educa.madrid.org\/ies.churriguera.leganes\/index.php\/wp-json\/wp\/v2\/types\/page"}],"author":[{"embeddable":true,"href":"https:\/\/site.educa.madrid.org\/ies.churriguera.leganes\/index.php\/wp-json\/wp\/v2\/users\/22"}],"replies":[{"embeddable":true,"href":"https:\/\/site.educa.madrid.org\/ies.churriguera.leganes\/index.php\/wp-json\/wp\/v2\/comments?post=1296"}],"version-history":[{"count":13,"href":"https:\/\/site.educa.madrid.org\/ies.churriguera.leganes\/index.php\/wp-json\/wp\/v2\/pages\/1296\/revisions"}],"predecessor-version":[{"id":9259,"href":"https:\/\/site.educa.madrid.org\/ies.churriguera.leganes\/index.php\/wp-json\/wp\/v2\/pages\/1296\/revisions\/9259"}],"up":[{"embeddable":true,"href":"https:\/\/site.educa.madrid.org\/ies.churriguera.leganes\/index.php\/wp-json\/wp\/v2\/pages\/412"}],"wp:attachment":[{"href":"https:\/\/site.educa.madrid.org\/ies.churriguera.leganes\/index.php\/wp-json\/wp\/v2\/media?parent=1296"}],"wp:term":[{"taxonomy":"folder","embeddable":true,"href":"https:\/\/site.educa.madrid.org\/ies.churriguera.leganes\/index.php\/wp-json\/wp\/v2\/folder?post=1296"}],"curies":[{"name":"wp","href":"https:\/\/api.w.org\/{rel}","templated":true}]}}