{"id":1383,"date":"2023-02-15T13:10:10","date_gmt":"2023-02-15T12:10:10","guid":{"rendered":"https:\/\/site.educa.madrid.org\/ies.churriguera.leganes\/?page_id=1383"},"modified":"2025-03-20T13:40:02","modified_gmt":"2025-03-20T12:40:02","slug":"expedicion-de-titulos","status":"publish","type":"page","link":"https:\/\/site.educa.madrid.org\/ies.churriguera.leganes\/index.php\/secretaria\/expedicion-de-titulos\/","title":{"rendered":"Expedici\u00f3n de t\u00edtulos y duplicados"},"content":{"rendered":"\n<h2 class=\"wp-block-heading\">Expedici\u00f3n de T\u00edtulos<\/h2>\n\n\n\n<p>Si se desea solicitar un duplicado se seguir\u00e1 el mismo procedimiento que se detalla<\/p>\n\n\n\n<p>Todo el alumnado de 2\u00ba de Bachillerato, Bachillerato Semipresencial de Personas Adultas y Ciclos Formativos de Grado Superior que hayan aprobado el curso, deber\u00e1 solicitar <strong>obligatoriamente<\/strong> el T\u00edtulo de Bachillerato o el de T\u00e9cnico Superior mediante le pago de la<strong> tasa 030.<\/strong><\/p>\n\n\n\n<p>El pago de la tasa se puede realizar mediante dos procedimientos:<\/p>\n\n\n\n<ol class=\"wp-block-list\">\n<li>Cumplimentaci\u00f3n y descarga del impreso 030 mediante <a href=\"https:\/\/gestiona7.madrid.org\/rtas_webapp_pagotasas\/#!\/main\" target=\"_blank\" rel=\"noreferrer noopener\">este enlace<\/a>. En el \u201cBUSCADOR\u201d, escribe \u201cIES JOS\u00c9 DE CHURRIGUERA\u201d y elige:\n<ul class=\"wp-block-list\">\n<li>\u201cEXPEDICI\u00d3N DE T\u00cdTULOS O CERTIFICADOS &#8211; I.E.S. JOSE DE CHURRIGUERA T\u00edtulos de Bachiller, de T\u00e9cnico y de T\u00e9cnico Superior\u201d. Una vez seleccionado, rellena las columnas de los datos del titular\/obligado y el pagador.<\/li>\n\n\n\n<li><strong>Si eres familia numerosa y tienes el carnet actualizado, deber\u00e1s marcar la casilla correspondiente<\/strong><\/li>\n\n\n\n<li>Pulsa \u201cCONTINUAR\u201d, comprueba los datos y elige la forma de pago. En caso de tener incidencias con el pago por internet, acude a la secretar\u00eda del Centro.<\/li>\n\n\n\n<li><strong>Nota: Los alumnos que sean \u201cFamilia numerosa especial\u201d no tienen que pagar nada.<\/strong><\/li>\n<\/ul>\n<\/li>\n\n\n\n<li>Aplicaci\u00f3n en el m\u00f3vil: visualiza este<a href=\"https:\/\/www.madrid.org\/media\/madriddigital\/tasas1_v6.mp4\" target=\"_blank\" rel=\"noreferrer noopener nofollow\"> v\u00eddeo explicativo<\/a>.  <\/li>\n<\/ol>\n\n\n\n<p>Una vez realizado el pago de tasas del t\u00edtulo , <strong>es necesario presentar el justificante de pago, la fotocopia de DNI y la fotocopia del carn\u00e9 de familia numerosa<\/strong> (si procede) en la <strong>Secretar\u00eda del Centro<\/strong>.<\/p>\n\n\n\n<h2 class=\"wp-block-heading\">Expedici\u00f3n de Duplicados<\/h2>\n\n\n\n<p>Si se desea solicitar un duplicado se seguir\u00e1 el procedimiento siguiente:<\/p>\n\n\n\n<ol class=\"wp-block-list\">\n<li>Cumplimentaci\u00f3n y descarga del impreso 030 mediante <a href=\"https:\/\/gestiona7.madrid.org\/rtas_webapp_pagotasas\/#!\/main\" target=\"_blank\" rel=\"noreferrer noopener\">este enlace<\/a>. En el \u201cBUSCADOR\u201d, escribe \u201cIES JOS\u00c9 DE CHURRIGUERA\u201d y elige:\n<ul class=\"wp-block-list\">\n<li>\u201cEXPEDICI\u00d3N DE DUPLICADOS DE T\u00cdTULOS O CERTIFICADOS &#8211; I.E.S. JOSE DE CHURRIGUERA \u201d. Una vez seleccionado, rellena las columnas de los datos del titular\/obligado y el pagador.<\/li>\n\n\n\n<li><strong>Si eres familia numerosa y tienes el carnet actualizado, deber\u00e1s marcar la casilla correspondiente<\/strong><\/li>\n\n\n\n<li>Pulsa \u201cCONTINUAR\u201d, comprueba los datos y elige la forma de pago. En caso de tener incidencias con el pago por internet, acude a la secretar\u00eda del Centro.<\/li>\n\n\n\n<li><strong>Nota: Los alumnos que sean \u201cFamilia numerosa especial\u201d no tienen que pagar nada.<\/strong><\/li>\n<\/ul>\n<\/li>\n<\/ol>\n\n\n\n<p><\/p>\n","protected":false},"excerpt":{"rendered":"<p>Expedici\u00f3n de T\u00edtulos Si se desea solicitar un duplicado se seguir\u00e1 el mismo procedimiento que se detalla Todo el alumnado de 2\u00ba de Bachillerato, Bachillerato Semipresencial de Personas Adultas y Ciclos Formativos de Grado Superior que hayan aprobado el curso, deber\u00e1 solicitar obligatoriamente el T\u00edtulo de Bachillerato o el de T\u00e9cnico Superior mediante le pago [&hellip;]<\/p>\n","protected":false},"author":12,"featured_media":0,"parent":103,"menu_order":0,"comment_status":"closed","ping_status":"closed","template":"","meta":{"footnotes":""},"folder":[74],"class_list":["post-1383","page","type-page","status-publish","hentry"],"rttpg_featured_image_url":null,"rttpg_author":{"display_name":"JUAN ANTONIO CESAR BENAVIDES","author_link":"https:\/\/site.educa.madrid.org\/ies.churriguera.leganes\/index.php\/author\/juan-antonio_csar-benavides\/"},"rttpg_comment":0,"rttpg_category":" <a href=\"https:\/\/site.educa.madrid.org\/ies.churriguera.leganes\/?taxonomy=folder&#038;term=privadas\" rel=\"tag\">Privadas<\/a>","rttpg_excerpt":"Expedici\u00f3n de T\u00edtulos Si se desea solicitar un duplicado se seguir\u00e1 el mismo procedimiento que se detalla Todo el alumnado de 2\u00ba de Bachillerato, Bachillerato Semipresencial de Personas Adultas y Ciclos Formativos de Grado Superior que hayan aprobado el curso, deber\u00e1 solicitar obligatoriamente el T\u00edtulo de Bachillerato o el de T\u00e9cnico Superior mediante le pago&hellip;","post_mailing_queue_ids":[],"_links":{"self":[{"href":"https:\/\/site.educa.madrid.org\/ies.churriguera.leganes\/index.php\/wp-json\/wp\/v2\/pages\/1383","targetHints":{"allow":["GET"]}}],"collection":[{"href":"https:\/\/site.educa.madrid.org\/ies.churriguera.leganes\/index.php\/wp-json\/wp\/v2\/pages"}],"about":[{"href":"https:\/\/site.educa.madrid.org\/ies.churriguera.leganes\/index.php\/wp-json\/wp\/v2\/types\/page"}],"author":[{"embeddable":true,"href":"https:\/\/site.educa.madrid.org\/ies.churriguera.leganes\/index.php\/wp-json\/wp\/v2\/users\/12"}],"replies":[{"embeddable":true,"href":"https:\/\/site.educa.madrid.org\/ies.churriguera.leganes\/index.php\/wp-json\/wp\/v2\/comments?post=1383"}],"version-history":[{"count":5,"href":"https:\/\/site.educa.madrid.org\/ies.churriguera.leganes\/index.php\/wp-json\/wp\/v2\/pages\/1383\/revisions"}],"predecessor-version":[{"id":8153,"href":"https:\/\/site.educa.madrid.org\/ies.churriguera.leganes\/index.php\/wp-json\/wp\/v2\/pages\/1383\/revisions\/8153"}],"up":[{"embeddable":true,"href":"https:\/\/site.educa.madrid.org\/ies.churriguera.leganes\/index.php\/wp-json\/wp\/v2\/pages\/103"}],"wp:attachment":[{"href":"https:\/\/site.educa.madrid.org\/ies.churriguera.leganes\/index.php\/wp-json\/wp\/v2\/media?parent=1383"}],"wp:term":[{"taxonomy":"folder","embeddable":true,"href":"https:\/\/site.educa.madrid.org\/ies.churriguera.leganes\/index.php\/wp-json\/wp\/v2\/folder?post=1383"}],"curies":[{"name":"wp","href":"https:\/\/api.w.org\/{rel}","templated":true}]}}