{"id":139,"date":"2021-02-04T16:45:11","date_gmt":"2021-02-04T16:45:11","guid":{"rendered":"https:\/\/site.educa.madrid.org\/ies.churriguera.leganes\/?page_id=139"},"modified":"2025-02-11T16:30:42","modified_gmt":"2025-02-11T15:30:42","slug":"contacto","status":"publish","type":"page","link":"https:\/\/site.educa.madrid.org\/ies.churriguera.leganes\/index.php\/inicio\/nuestro-centro\/contacto\/","title":{"rendered":"Localizaci\u00f3n y contacto"},"content":{"rendered":"\n<h2 class=\"wp-block-heading\">\u00bfD\u00f3nde puedes encontrarnos?<\/h2>\n\n\n\n<p><strong>Calle Constituci\u00f3n de C\u00e1diz, 1<\/strong>.<\/p>\n\n\n\n<p>28914  Legan\u00e9s, Madrid<\/p>\n\n\n\n<p>Puedes llegar a nuestro centro con los siguientes medios de transporte p\u00fablico:<\/p>\n\n\n\n<p class=\"has-text-align-left\"><img loading=\"lazy\" decoding=\"async\" width=\"25\" height=\"25\" class=\"wp-image-4440\" style=\"width: 25px;\" src=\"https:\/\/site.educa.madrid.org\/ies.churriguera.leganes\/\/wp-content\/uploads\/ies.churriguera.leganes\/2024\/07\/frente-del-autobus.png\" alt=\"\" srcset=\"https:\/\/site.educa.madrid.org\/ies.churriguera.leganes\/\/wp-content\/uploads\/ies.churriguera.leganes\/2024\/07\/frente-del-autobus.png 512w, https:\/\/site.educa.madrid.org\/ies.churriguera.leganes\/\/wp-content\/uploads\/ies.churriguera.leganes\/2024\/07\/frente-del-autobus-300x300.png 300w, https:\/\/site.educa.madrid.org\/ies.churriguera.leganes\/\/wp-content\/uploads\/ies.churriguera.leganes\/2024\/07\/frente-del-autobus-150x150.png 150w, https:\/\/site.educa.madrid.org\/ies.churriguera.leganes\/\/wp-content\/uploads\/ies.churriguera.leganes\/2024\/07\/frente-del-autobus-500x500.png 500w\" sizes=\"auto, (max-width: 25px) 100vw, 25px\" \/>\u2003 \u2003   <strong>  1, 450, 483, 468, 481, N802, N804<\/strong><\/p>\n\n\n\n<p class=\"has-text-align-left\"><img loading=\"lazy\" decoding=\"async\" width=\"40\" height=\"25\" class=\"wp-image-4437\" style=\"width: 40px;\" src=\"https:\/\/site.educa.madrid.org\/ies.churriguera.leganes\/\/wp-content\/uploads\/ies.churriguera.leganes\/2024\/07\/Logotipo-Metro_Principal_RGB_0-1.png\" alt=\"\" srcset=\"https:\/\/site.educa.madrid.org\/ies.churriguera.leganes\/\/wp-content\/uploads\/ies.churriguera.leganes\/2024\/07\/Logotipo-Metro_Principal_RGB_0-1.png 800w, https:\/\/site.educa.madrid.org\/ies.churriguera.leganes\/\/wp-content\/uploads\/ies.churriguera.leganes\/2024\/07\/Logotipo-Metro_Principal_RGB_0-1-300x187.png 300w, https:\/\/site.educa.madrid.org\/ies.churriguera.leganes\/\/wp-content\/uploads\/ies.churriguera.leganes\/2024\/07\/Logotipo-Metro_Principal_RGB_0-1-768x479.png 768w, https:\/\/site.educa.madrid.org\/ies.churriguera.leganes\/\/wp-content\/uploads\/ies.churriguera.leganes\/2024\/07\/Logotipo-Metro_Principal_RGB_0-1-480x300.png 480w, https:\/\/site.educa.madrid.org\/ies.churriguera.leganes\/\/wp-content\/uploads\/ies.churriguera.leganes\/2024\/07\/Logotipo-Metro_Principal_RGB_0-1-640x400.png 640w\" sizes=\"auto, (max-width: 40px) 100vw, 40px\" \/> \u2003\u2003<strong>Casa del Reloj (L\u00ednea 12)<\/strong><\/p>\n\n\n\n<p><img loading=\"lazy\" decoding=\"async\" width=\"25\" height=\"25\" class=\"wp-image-4441\" style=\"width: 25px;\" src=\"https:\/\/site.educa.madrid.org\/ies.churriguera.leganes\/\/wp-content\/uploads\/ies.churriguera.leganes\/2024\/07\/Cercanias_Logo.svg_.png\" alt=\"\" srcset=\"https:\/\/site.educa.madrid.org\/ies.churriguera.leganes\/\/wp-content\/uploads\/ies.churriguera.leganes\/2024\/07\/Cercanias_Logo.svg_.png 768w, https:\/\/site.educa.madrid.org\/ies.churriguera.leganes\/\/wp-content\/uploads\/ies.churriguera.leganes\/2024\/07\/Cercanias_Logo.svg_-300x300.png 300w, https:\/\/site.educa.madrid.org\/ies.churriguera.leganes\/\/wp-content\/uploads\/ies.churriguera.leganes\/2024\/07\/Cercanias_Logo.svg_-150x150.png 150w, https:\/\/site.educa.madrid.org\/ies.churriguera.leganes\/\/wp-content\/uploads\/ies.churriguera.leganes\/2024\/07\/Cercanias_Logo.svg_-500x500.png 500w\" sizes=\"auto, (max-width: 25px) 100vw, 25px\" \/> \u2003\u2003 <strong>   Legan\u00e9s central<\/strong><\/p>\n\n\n\n<center><iframe src=\"https:\/\/www.google.com\/maps\/embed?pb=!1m18!1m12!1m3!1d3041.863304791701!2d-3.7673283151472594!3d40.32319119785303!2m3!1f0!2f0!3f0!3m2!1i1024!2i768!4f13.1!3m3!1m2!1s0xd418a1f49eeabbd%3A0xbbbfadf202f70b52!2sIES%20Jos%C3%A9%20de%20Churriguera!5e0!3m2!1ses!2ses!4v1720258858451!5m2!1ses!2ses\" width=\"800\" height=\"600\" style=\"border:0;\" allowfullscreen=\"\" loading=\"lazy\" referrerpolicy=\"no-referrer-when-downgrade\"><\/iframe><\/center>\n\n\n\n<p><\/p>\n\n\n\n<h2 class=\"wp-block-heading\">Contacta con nosotros<\/h2>\n\n\n<div id=\"pl-gb139-6a03604865b75\"  class=\"panel-layout\" ><div id=\"pg-gb139-6a03604865b75-0\"  class=\"panel-grid panel-no-style\" ><div id=\"pgc-gb139-6a03604865b75-0-0\"  class=\"panel-grid-cell\"  data-weight=\"1\" ><div id=\"panel-gb139-6a03604865b75-0-0-0\" class=\"so-panel widget widget_sow-contact-form panel-first-child panel-last-child\" data-index=\"0\" data-style=\"{&quot;background_image_attachment&quot;:false,&quot;background_display&quot;:&quot;tile&quot;,&quot;background_image_size&quot;:&quot;full&quot;,&quot;background_image_opacity&quot;:&quot;100&quot;,&quot;border_thickness&quot;:&quot;1px&quot;,&quot;box_shadow_hover&quot;:true,&quot;box_shadow_hover_color&quot;:&quot;rgba(0,0,0,0.3)&quot;,&quot;box_shadow_hover_inset&quot;:&quot;&quot;,&quot;box_shadow_hover_offset_vertical&quot;:&quot;5px&quot;,&quot;box_shadow_hover_blur&quot;:&quot;15px&quot;,&quot;link_overlay_new_window&quot;:&quot;&quot;}\" ><div class=\"panel-widget-style panel-widget-style-for-gb139-6a03604865b75-0-0-0\" ><div\n\t\t\t\n\t\t\tclass=\"so-widget-sow-contact-form so-widget-sow-contact-form-default-1135b78c9488\"\n\t\t\t\n\t\t>\t<form\n\t\taction=\"\/ies.churriguera.leganes\/index.php\/wp-json\/wp\/v2\/pages\/139\"\n\t\tmethod=\"POST\"\n\t\tclass=\"sow-contact-form\"\n\t\tid=\"contact-form-0361\"\n\t>\n\n\t\t\n\t\t\t\t\t<div class=\"sow-form-field sow-form-field-email\">\n\t\t\t\t<label class=\"sow-form-field-label-above\" for=\"sow-contact-form-field-tu-nombre-45128889866890c4aa342a974323573\">\n\t\t\t\t<strong>\n\t\t\t\t\tTu nombre\t\t\t\t\t\t\t\t\t<\/strong>\n\t\t\t<\/label>\n\t\t\t\t\t\t\t<span class=\"sow-field-container\">\n\t\t\t\t\t\t\t<input\n\t\t\ttype=\"email\"\n\t\t\tname=\"tu-nombre-45128889866890c4aa342a974323573\"\n\t\t\tid=\"sow-contact-form-field-tu-nombre-45128889866890c4aa342a974323573\"\n\t\t\tvalue=\"\"\n\t\t\tclass=\"sow-text-field\"\t\t\t\t\t\t\t\t\/>\n\t\t\t\t\t\t<\/span>\n\t\t\t\t\t\t\t<\/div>\n\t\t\t\t\t\t<div class=\"sow-form-field sow-form-field-email\">\n\t\t\t\t<label class=\"sow-form-field-label-above\" for=\"sow-contact-form-field-tu-correo-electrnico-45128889866890c4aa342a974323573\">\n\t\t\t\t<strong>\n\t\t\t\t\tTu correo electr\u00f3nico\t\t\t\t\t\t\t\t\t<\/strong>\n\t\t\t<\/label>\n\t\t\t\t\t\t\t<span class=\"sow-field-container\">\n\t\t\t\t\t\t\t<input\n\t\t\ttype=\"email\"\n\t\t\tname=\"tu-correo-electrnico-45128889866890c4aa342a974323573\"\n\t\t\tid=\"sow-contact-form-field-tu-correo-electrnico-45128889866890c4aa342a974323573\"\n\t\t\tvalue=\"\"\n\t\t\tclass=\"sow-text-field\"\t\t\t\t\t\t\t\t\/>\n\t\t\t\t\t\t<\/span>\n\t\t\t\t\t\t\t<\/div>\n\t\t\t\t\t\t<div class=\"sow-form-field sow-form-field-subject\">\n\t\t\t\t<label class=\"sow-form-field-label-above\" for=\"sow-contact-form-field-asunto-45128889866890c4aa342a974323573\">\n\t\t\t\t<strong>\n\t\t\t\t\tAsunto\t\t\t\t\t\t\t\t\t<\/strong>\n\t\t\t<\/label>\n\t\t\t\t\t\t\t<span class=\"sow-field-container\">\n\t\t\t\t\t\t\t<input\n\t\t\ttype=\"text\"\n\t\t\tname=\"asunto-45128889866890c4aa342a974323573\"\n\t\t\tid=\"sow-contact-form-field-asunto-45128889866890c4aa342a974323573\"\n\t\t\tvalue=\"\"\n\t\t\tclass=\"sow-text-field\"\n\t\t\t\t\t\t\t\t\/>\n\t\t\t\t\t\t<\/span>\n\t\t\t\t\t\t\t<\/div>\n\t\t\t\t\t\t<div class=\"sow-form-field sow-form-field-textarea\">\n\t\t\t\t<label class=\"sow-form-field-label-above\" for=\"sow-contact-form-field-mensaje-45128889866890c4aa342a974323573\">\n\t\t\t\t<strong>\n\t\t\t\t\tMensaje\t\t\t\t\t\t\t\t\t<\/strong>\n\t\t\t<\/label>\n\t\t\t\t\t\t\t<span class=\"sow-field-container\">\n\t\t\t\t\t\t\t<textarea\n\t\t\tname=\"mensaje-45128889866890c4aa342a974323573\"\n\t\t\tid=\"sow-contact-form-field-mensaje-45128889866890c4aa342a974323573\"\n\t\t\trows=\"10\"\n\t\t\t\t\t\t\t\t><\/textarea>\n\t\t\t\t\t\t<\/span>\n\t\t\t\t\t\t\t<\/div>\n\t\t\t\t\t\t<input type=\"text\" name=\"sow-45128889866890c4aa342a974323573\" class=\"sow-text-field\" style=\"display: none !important; visibility: hidden !important;\" autocomplete=\"off\" aria-hidden=\"true\">\n\t\t\n\t\t\n\t\t<div class=\"sow-submit-wrapper sow-submit-styled\">\n\n\t\t\t<!----------- EducaMadrid captcha------------------------->\n\n                        <!----------- Educa Madrid FIN captcha------------------------->\n\n\t\t\t<button class=\"sow-submit\"\n\t\t\t\t\t\t\t>\n\t\t\t\tContacta con nosotros\t\t\t<\/button>\n\t\t<\/div>\n\t\t<input type=\"hidden\" name=\"instance_hash\" value=\"0361af48d25bb5d0fef162b05b2f22e1\" \/>\n\t\t<input type=\"hidden\" id=\"_wpnonce\" name=\"_wpnonce\" value=\"ae9ee7f202\" \/><input type=\"hidden\" name=\"_wp_http_referer\" value=\"\/ies.churriguera.leganes\/index.php\/wp-json\/wp\/v2\/pages\/139\" \/>\t<\/form>\n\t<\/div><\/div><\/div><\/div><\/div><\/div>","protected":false},"excerpt":{"rendered":"<p>\u00bfD\u00f3nde puedes encontrarnos? Calle Constituci\u00f3n de C\u00e1diz, 1. 28914 Legan\u00e9s, Madrid Puedes llegar a nuestro centro con los siguientes medios de transporte p\u00fablico: \u2003 \u2003 1, 450, 483, 468, 481, N802, N804 \u2003\u2003Casa del Reloj (L\u00ednea 12) \u2003\u2003 Legan\u00e9s central Contacta con nosotros<\/p>\n","protected":false},"author":5,"featured_media":0,"parent":224,"menu_order":1,"comment_status":"closed","ping_status":"closed","template":"","meta":{"footnotes":""},"folder":[],"class_list":["post-139","page","type-page","status-publish","hentry"],"rttpg_featured_image_url":null,"rttpg_author":{"display_name":"JOSE LUIS LOPEZ LUNA","author_link":"https:\/\/site.educa.madrid.org\/ies.churriguera.leganes\/index.php\/author\/jose-luis_lpez-luna\/"},"rttpg_comment":0,"rttpg_category":false,"rttpg_excerpt":"\u00bfD\u00f3nde puedes encontrarnos? Calle Constituci\u00f3n de C\u00e1diz, 1. 28914 Legan\u00e9s, Madrid Puedes llegar a nuestro centro con los siguientes medios de transporte p\u00fablico: \u2003 \u2003 1, 450, 483, 468, 481, N802, N804 \u2003\u2003Casa del Reloj (L\u00ednea 12) \u2003\u2003 Legan\u00e9s central Contacta con nosotros","post_mailing_queue_ids":[],"_links":{"self":[{"href":"https:\/\/site.educa.madrid.org\/ies.churriguera.leganes\/index.php\/wp-json\/wp\/v2\/pages\/139","targetHints":{"allow":["GET"]}}],"collection":[{"href":"https:\/\/site.educa.madrid.org\/ies.churriguera.leganes\/index.php\/wp-json\/wp\/v2\/pages"}],"about":[{"href":"https:\/\/site.educa.madrid.org\/ies.churriguera.leganes\/index.php\/wp-json\/wp\/v2\/types\/page"}],"author":[{"embeddable":true,"href":"https:\/\/site.educa.madrid.org\/ies.churriguera.leganes\/index.php\/wp-json\/wp\/v2\/users\/5"}],"replies":[{"embeddable":true,"href":"https:\/\/site.educa.madrid.org\/ies.churriguera.leganes\/index.php\/wp-json\/wp\/v2\/comments?post=139"}],"version-history":[{"count":16,"href":"https:\/\/site.educa.madrid.org\/ies.churriguera.leganes\/index.php\/wp-json\/wp\/v2\/pages\/139\/revisions"}],"predecessor-version":[{"id":7260,"href":"https:\/\/site.educa.madrid.org\/ies.churriguera.leganes\/index.php\/wp-json\/wp\/v2\/pages\/139\/revisions\/7260"}],"up":[{"embeddable":true,"href":"https:\/\/site.educa.madrid.org\/ies.churriguera.leganes\/index.php\/wp-json\/wp\/v2\/pages\/224"}],"wp:attachment":[{"href":"https:\/\/site.educa.madrid.org\/ies.churriguera.leganes\/index.php\/wp-json\/wp\/v2\/media?parent=139"}],"wp:term":[{"taxonomy":"folder","embeddable":true,"href":"https:\/\/site.educa.madrid.org\/ies.churriguera.leganes\/index.php\/wp-json\/wp\/v2\/folder?post=139"}],"curies":[{"name":"wp","href":"https:\/\/api.w.org\/{rel}","templated":true}]}}