{"id":1866,"date":"2023-05-01T12:01:51","date_gmt":"2023-05-01T10:01:51","guid":{"rendered":"https:\/\/site.educa.madrid.org\/ies.churriguera.leganes\/?page_id=1866"},"modified":"2023-05-01T18:35:51","modified_gmt":"2023-05-01T16:35:51","slug":"musiqueando-2023","status":"publish","type":"page","link":"https:\/\/site.educa.madrid.org\/ies.churriguera.leganes\/index.php\/musiqueando-2023\/","title":{"rendered":"Musiqueando 2023"},"content":{"rendered":"<p>En el marco de las actividades <em><strong>Musiqueando<\/strong><\/em> que organiza la Confederaci\u00f3n de Asociaciones de Educaci\u00f3n Musical, nuestro centro ha querido participar con un peque\u00f1o concierto en el Museo de Escultura, muy cerca de donde nos encontramos.<\/p>\n\n\n<div class=\"wp-block-group is-layout-flow wp-block-group-is-layout-flow\">\n<figure class=\"wp-block-embed is-type-video is-provider-youtube wp-block-embed-youtube wp-embed-aspect-16-9 wp-has-aspect-ratio\"><div class=\"wp-block-embed__wrapper\">\n<iframe loading=\"lazy\" title=\"Musiqueando23\" width=\"640\" height=\"360\" src=\"https:\/\/www.youtube.com\/embed\/sOx8HL_64DM?feature=oembed\" frameborder=\"0\" allow=\"accelerometer; autoplay; clipboard-write; encrypted-media; gyroscope; picture-in-picture; web-share\" referrerpolicy=\"strict-origin-when-cross-origin\" allowfullscreen><\/iframe>\n<\/div><\/figure>\n<\/div>\n","protected":false},"excerpt":{"rendered":"<p>En el marco de las actividades Musiqueando que organiza la Confederaci\u00f3n de Asociaciones de Educaci\u00f3n Musical, nuestro centro ha querido participar con un peque\u00f1o concierto en el Museo de Escultura, muy cerca de donde nos encontramos.<\/p>\n","protected":false},"author":12,"featured_media":0,"parent":0,"menu_order":0,"comment_status":"closed","ping_status":"closed","template":"","meta":{"footnotes":""},"folder":[],"class_list":["post-1866","page","type-page","status-publish","hentry"],"rttpg_featured_image_url":null,"rttpg_author":{"display_name":"JUAN ANTONIO CESAR BENAVIDES","author_link":"https:\/\/site.educa.madrid.org\/ies.churriguera.leganes\/index.php\/author\/juan-antonio_csar-benavides\/"},"rttpg_comment":0,"rttpg_category":false,"rttpg_excerpt":"En el marco de las actividades Musiqueando que organiza la Confederaci\u00f3n de Asociaciones de Educaci\u00f3n Musical, nuestro centro ha querido participar con un peque\u00f1o concierto en el Museo de Escultura, muy cerca de donde nos encontramos.","post_mailing_queue_ids":[],"_links":{"self":[{"href":"https:\/\/site.educa.madrid.org\/ies.churriguera.leganes\/index.php\/wp-json\/wp\/v2\/pages\/1866","targetHints":{"allow":["GET"]}}],"collection":[{"href":"https:\/\/site.educa.madrid.org\/ies.churriguera.leganes\/index.php\/wp-json\/wp\/v2\/pages"}],"about":[{"href":"https:\/\/site.educa.madrid.org\/ies.churriguera.leganes\/index.php\/wp-json\/wp\/v2\/types\/page"}],"author":[{"embeddable":true,"href":"https:\/\/site.educa.madrid.org\/ies.churriguera.leganes\/index.php\/wp-json\/wp\/v2\/users\/12"}],"replies":[{"embeddable":true,"href":"https:\/\/site.educa.madrid.org\/ies.churriguera.leganes\/index.php\/wp-json\/wp\/v2\/comments?post=1866"}],"version-history":[{"count":11,"href":"https:\/\/site.educa.madrid.org\/ies.churriguera.leganes\/index.php\/wp-json\/wp\/v2\/pages\/1866\/revisions"}],"predecessor-version":[{"id":1881,"href":"https:\/\/site.educa.madrid.org\/ies.churriguera.leganes\/index.php\/wp-json\/wp\/v2\/pages\/1866\/revisions\/1881"}],"wp:attachment":[{"href":"https:\/\/site.educa.madrid.org\/ies.churriguera.leganes\/index.php\/wp-json\/wp\/v2\/media?parent=1866"}],"wp:term":[{"taxonomy":"folder","embeddable":true,"href":"https:\/\/site.educa.madrid.org\/ies.churriguera.leganes\/index.php\/wp-json\/wp\/v2\/folder?post=1866"}],"curies":[{"name":"wp","href":"https:\/\/api.w.org\/{rel}","templated":true}]}}