{"id":2212,"date":"2023-06-21T16:41:46","date_gmt":"2023-06-21T14:41:46","guid":{"rendered":"https:\/\/site.educa.madrid.org\/ies.churriguera.leganes\/?page_id=2212"},"modified":"2025-10-06T13:37:10","modified_gmt":"2025-10-06T11:37:10","slug":"libros-de-texto","status":"publish","type":"page","link":"https:\/\/site.educa.madrid.org\/ies.churriguera.leganes\/index.php\/libros-de-texto\/","title":{"rendered":"Libros de texto"},"content":{"rendered":"\n<figure class=\"wp-block-image alignleft size-large is-resized is-style-default\"><img loading=\"lazy\" decoding=\"async\" width=\"1024\" height=\"768\" src=\"https:\/\/site.educa.madrid.org\/ies.churriguera.leganes\/\/wp-content\/uploads\/ies.churriguera.leganes\/2024\/07\/a-book-774837_1280-1024x768.jpg\" alt=\"\" class=\"wp-image-5018\" style=\"aspect-ratio:1;width:344px;height:auto\" srcset=\"https:\/\/site.educa.madrid.org\/ies.churriguera.leganes\/\/wp-content\/uploads\/ies.churriguera.leganes\/2024\/07\/a-book-774837_1280-1024x768.jpg 1024w, https:\/\/site.educa.madrid.org\/ies.churriguera.leganes\/\/wp-content\/uploads\/ies.churriguera.leganes\/2024\/07\/a-book-774837_1280-300x225.jpg 300w, https:\/\/site.educa.madrid.org\/ies.churriguera.leganes\/\/wp-content\/uploads\/ies.churriguera.leganes\/2024\/07\/a-book-774837_1280-768x576.jpg 768w, https:\/\/site.educa.madrid.org\/ies.churriguera.leganes\/\/wp-content\/uploads\/ies.churriguera.leganes\/2024\/07\/a-book-774837_1280.jpg 1280w\" sizes=\"auto, (max-width: 1024px) 100vw, 1024px\" \/><figcaption class=\"wp-element-caption\">Imagen de <a href=\"https:\/\/pixabay.com\/es\/users\/geralt-9301\/?utm_source=link-attribution&amp;utm_medium=referral&amp;utm_campaign=image&amp;utm_content=774837\">Gerd Altmann<\/a> en <a href=\"https:\/\/pixabay.com\/es\/\/?utm_source=link-attribution&amp;utm_medium=referral&amp;utm_campaign=image&amp;utm_content=774837\">Pixabay<\/a><\/figcaption><\/figure>\n\n\n\n<p><strong><mark style=\"background-color:rgba(0, 0, 0, 0)\" class=\"has-inline-color has-vivid-purple-color\">Importante<\/mark><\/strong><\/p>\n\n\n\n<p><mark style=\"background-color:rgba(0, 0, 0, 0)\" class=\"has-inline-color has-vivid-purple-color\">Los departamentos de Lengua Castellana y Literatura y de Matem\u00e1ticas recomiendan a las familias no adquirir los libros de texto de estas asignaturas y de los refuerzos asociados hasta que as\u00ed se lo indique el profesor o profesora correspondiente.<\/mark><\/p>\n\n\n\n<p>Para las dem\u00e1s asignaturas, consultad el listado de libros para confirmar si el departamento ha decidido que es necesario adquirir el libro o si es mejor esperar a que el profesor lo confirme.<\/p>\n\n\n\n<p><mark style=\"background-color:rgba(0, 0, 0, 0)\" class=\"has-inline-color has-vivid-purple-color\">En las asignaturas optativas, tales como Econom\u00eda y Emprendimiento y Formaci\u00f3n y Orientaci\u00f3n Personal y Profesional, no es necesario comprar libro, a no ser que lo indique el profesorado correspondiente.<\/mark><\/p>\n\n\n\n<p><mark style=\"background-color:rgba(0, 0, 0, 0)\" class=\"has-inline-color has-vivid-purple-color\">El departamento de Dibujo informa a las familias del alumnado de secundaria que, adem\u00e1s del libro de texto, deben llevar a clase el material complementario que le indique el profesorado a principio de curso.<\/mark><\/p>\n\n\n\n<p><mark style=\"background-color:rgba(0, 0, 0, 0)\" class=\"has-inline-color has-vivid-purple-color\">En Bachillerato de Personas Adultas el profesorado de las diferentes materias comunicar\u00e1 al alumnado el material y libros de texto necesario en la primera tutor\u00eda presencial obligatoria.<\/mark><\/p>\n\n\n\n<h2 class=\"wp-block-heading\">Libros de texto: Curso 2025-26<\/h2>\n\n\n\n<h3 class=\"wp-block-heading\">Educaci\u00f3n Secundaria Obligatoria<\/h3>\n\n\n\n<p><a href=\"https:\/\/site.educa.madrid.org\/ies.churriguera.leganes\/\/wp-content\/uploads\/ies.churriguera.leganes\/2025\/06\/Libros-1-ESO-25-26.pdf\" target=\"_blank\" rel=\"noreferrer noopener\">Libros de 1\u00ba de E.S.O.<\/a><\/p>\n\n\n\n<p><a href=\"https:\/\/site.educa.madrid.org\/ies.churriguera.leganes\/\/wp-content\/uploads\/ies.churriguera.leganes\/2025\/06\/Libros-2-ESO-25-26.pdf\" target=\"_blank\" rel=\"noreferrer noopener\">Libros de 2\u00ba de E.S.O.<\/a><\/p>\n\n\n\n<p><a href=\"https:\/\/site.educa.madrid.org\/ies.churriguera.leganes\/\/wp-content\/uploads\/ies.churriguera.leganes\/2025\/06\/Libros-3-ESO-25-26.pdf\" target=\"_blank\" rel=\"noreferrer noopener\">Libros de 3\u00ba de E.S.O.<\/a><\/p>\n\n\n\n<p><a href=\"https:\/\/site.educa.madrid.org\/ies.churriguera.leganes\/\/wp-content\/uploads\/ies.churriguera.leganes\/2025\/09\/Libros-4-ESO-25-26.pdf\" target=\"_blank\" rel=\"noreferrer noopener\">Libros de 4\u00ba de E.S.O.<\/a><\/p>\n\n\n\n<h3 class=\"wp-block-heading\">Bachillerato<\/h3>\n\n\n\n<p><a href=\"https:\/\/site.educa.madrid.org\/ies.churriguera.leganes\/\/wp-content\/uploads\/ies.churriguera.leganes\/2025\/06\/Libros-1-Bachillerato-25-26.pdf\" target=\"_blank\" rel=\"noreferrer noopener\">Libros de 1\u00ba de Bachillerato<\/a><\/p>\n\n\n\n<p><a href=\"https:\/\/site.educa.madrid.org\/ies.churriguera.leganes\/\/wp-content\/uploads\/ies.churriguera.leganes\/2025\/06\/Libros-2-Bachillerato-25-26.pdf\" target=\"_blank\" rel=\"noreferrer noopener\">Libros de 2\u00ba de Bachillerato <\/a><\/p>\n\n\n\n<h3 class=\"wp-block-heading\">Ciclo Formativo de Grado Superior en Promoci\u00f3n de Igualdad de G\u00e9nero<\/h3>\n\n\n\n<p><a href=\"https:\/\/site.educa.madrid.org\/ies.churriguera.leganes\/\/wp-content\/uploads\/ies.churriguera.leganes\/2025\/09\/Libros-Ciclo-Formativo-25-26.pdf\" target=\"_blank\" rel=\"noreferrer noopener\">Libros de Promoci\u00f3n de Igualdad de G\u00e9nero<\/a><\/p>\n\n\n\n<p><\/p>\n","protected":false},"excerpt":{"rendered":"<p>Importante Los departamentos de Lengua Castellana y Literatura y de Matem\u00e1ticas recomiendan a las familias no adquirir los libros de texto de estas asignaturas y de los refuerzos asociados hasta que as\u00ed se lo indique el profesor o profesora correspondiente. Para las dem\u00e1s asignaturas, consultad el listado de libros para confirmar si el departamento ha [&hellip;]<\/p>\n","protected":false},"author":12,"featured_media":0,"parent":0,"menu_order":0,"comment_status":"closed","ping_status":"closed","template":"","meta":{"footnotes":""},"folder":[],"class_list":["post-2212","page","type-page","status-publish","hentry"],"rttpg_featured_image_url":null,"rttpg_author":{"display_name":"JUAN ANTONIO CESAR BENAVIDES","author_link":"https:\/\/site.educa.madrid.org\/ies.churriguera.leganes\/index.php\/author\/juan-antonio_csar-benavides\/"},"rttpg_comment":0,"rttpg_category":false,"rttpg_excerpt":"Importante Los departamentos de Lengua Castellana y Literatura y de Matem\u00e1ticas recomiendan a las familias no adquirir los libros de texto de estas asignaturas y de los refuerzos asociados hasta que as\u00ed se lo indique el profesor o profesora correspondiente. Para las dem\u00e1s asignaturas, consultad el listado de libros para confirmar si el departamento ha&hellip;","post_mailing_queue_ids":[],"_links":{"self":[{"href":"https:\/\/site.educa.madrid.org\/ies.churriguera.leganes\/index.php\/wp-json\/wp\/v2\/pages\/2212","targetHints":{"allow":["GET"]}}],"collection":[{"href":"https:\/\/site.educa.madrid.org\/ies.churriguera.leganes\/index.php\/wp-json\/wp\/v2\/pages"}],"about":[{"href":"https:\/\/site.educa.madrid.org\/ies.churriguera.leganes\/index.php\/wp-json\/wp\/v2\/types\/page"}],"author":[{"embeddable":true,"href":"https:\/\/site.educa.madrid.org\/ies.churriguera.leganes\/index.php\/wp-json\/wp\/v2\/users\/12"}],"replies":[{"embeddable":true,"href":"https:\/\/site.educa.madrid.org\/ies.churriguera.leganes\/index.php\/wp-json\/wp\/v2\/comments?post=2212"}],"version-history":[{"count":17,"href":"https:\/\/site.educa.madrid.org\/ies.churriguera.leganes\/index.php\/wp-json\/wp\/v2\/pages\/2212\/revisions"}],"predecessor-version":[{"id":9047,"href":"https:\/\/site.educa.madrid.org\/ies.churriguera.leganes\/index.php\/wp-json\/wp\/v2\/pages\/2212\/revisions\/9047"}],"wp:attachment":[{"href":"https:\/\/site.educa.madrid.org\/ies.churriguera.leganes\/index.php\/wp-json\/wp\/v2\/media?parent=2212"}],"wp:term":[{"taxonomy":"folder","embeddable":true,"href":"https:\/\/site.educa.madrid.org\/ies.churriguera.leganes\/index.php\/wp-json\/wp\/v2\/folder?post=2212"}],"curies":[{"name":"wp","href":"https:\/\/api.w.org\/{rel}","templated":true}]}}