{"id":2279,"date":"2023-06-28T11:01:31","date_gmt":"2023-06-28T09:01:31","guid":{"rendered":"https:\/\/site.educa.madrid.org\/ies.churriguera.leganes\/?page_id=2279"},"modified":"2025-07-17T21:37:44","modified_gmt":"2025-07-17T19:37:44","slug":"admision-cfgs-promocion-igualdad-23-24","status":"publish","type":"page","link":"https:\/\/site.educa.madrid.org\/ies.churriguera.leganes\/index.php\/admision-cfgs-promocion-igualdad-23-24\/","title":{"rendered":"Admisi\u00f3n C.F.G.S. Promoci\u00f3n de Igualdad de G\u00e9nero 25\/26"},"content":{"rendered":"\n<div class=\"mec-wrap mec-skin-slider-container \" id=\"mec_skin_621\">\r\n\r\n        <div class=\"mec-skin-slider-events-container\" id=\"mec_skin_events_621\">\r\n        \u00a1No hay eventos!    <\/div>\r\n    \r\n    <\/div>\n\n\n\n<div class=\"wp-block-columns is-layout-flex wp-container-core-columns-is-layout-28f84493 wp-block-columns-is-layout-flex\">\n<div class=\"wp-block-column is-layout-flow wp-block-column-is-layout-flow\" style=\"flex-basis:10%\">\n<figure class=\"wp-block-image size-thumbnail is-resized\"><img loading=\"lazy\" decoding=\"async\" width=\"150\" height=\"150\" src=\"https:\/\/site.educa.madrid.org\/ies.churriguera.leganes\/\/wp-content\/uploads\/ies.churriguera.leganes\/2024\/07\/Nuevo-e1721204799974-150x150.png\" alt=\"\" class=\"wp-image-4922\" style=\"width:75px\" srcset=\"https:\/\/site.educa.madrid.org\/ies.churriguera.leganes\/\/wp-content\/uploads\/ies.churriguera.leganes\/2024\/07\/Nuevo-e1721204799974-150x150.png 150w, https:\/\/site.educa.madrid.org\/ies.churriguera.leganes\/\/wp-content\/uploads\/ies.churriguera.leganes\/2024\/07\/Nuevo-e1721204799974-300x300.png 300w\" sizes=\"auto, (max-width: 150px) 100vw, 150px\" \/><\/figure>\n<\/div>\n\n\n\n<div class=\"wp-block-column is-layout-flow wp-block-column-is-layout-flow\" style=\"flex-basis:83.34%\">\n<h2 class=\"wp-block-heading\">Publicaci\u00f3n listas definitivas de admitid@s y no admitid@s<\/h2>\n<\/div>\n<\/div>\n\n\n\n<p>Ya est\u00e1n disponibles los listados definitivos de personas admitidas en el C.F.G.S. de Promoci\u00f3n de Igualdad de G\u00e9nero<\/p>\n\n\n\n<p><a href=\"https:\/\/site.educa.madrid.org\/ies.churriguera.leganes\/\/wp-content\/uploads\/ies.churriguera.leganes\/2025\/07\/Listados_de_admitidos_definitivo_por_centro_de_admision.pdf\" target=\"_blank\" rel=\"noreferrer noopener\">Listado de Admitidos por Centro de Admisi\u00f3n<\/a><\/p>\n\n\n\n<p><a href=\"https:\/\/site.educa.madrid.org\/ies.churriguera.leganes\/\/wp-content\/uploads\/ies.churriguera.leganes\/2025\/07\/Listados_de_admitidos_definitivo_por_centro_de_solicitud.pdf\" target=\"_blank\" rel=\"noreferrer noopener\">Listado de Admitidos por Centro de Solicitud<\/a><\/p>\n\n\n\n<p class=\"has-medium-font-size\"><mark style=\"background-color:rgba(0, 0, 0, 0)\" class=\"has-inline-color has-vivid-purple-color\">Si eres una de las personas admitidas, no olvides que tienes que realizar <strong>la matr\u00edcula los pr\u00f3ximos d\u00edas 18, 21 y 22 de julio<\/strong> de 2024. Si <strong>no te matriculas<\/strong>, decaer\u00e1s del proceso, <strong>teniendo que volver a solicitar la admisi\u00f3n en proceso extraordinario<\/strong> (primera semana de septiembre)<\/mark><\/p>\n\n\n\n<p>Consulta toda la informaci\u00f3n sobre c\u00f3mo realizar <a href=\"\/ies.churriguera.leganes\/index.php\/matricula-2\/\" data-type=\"link\" data-id=\"\/ies.churriguera.leganes\/index.php\/matricula-2\/\" target=\"_blank\" rel=\"noreferrer noopener\">la matr\u00edcula <\/a><\/p>\n\n\n\n<h2 class=\"wp-block-heading\">Publicaci\u00f3n de baremaci\u00f3n provisional de solicitudes (10\/07\/2025)<\/h2>\n\n\n\n<p><a href=\"https:\/\/site.educa.madrid.org\/ies.churriguera.leganes\/\/wp-content\/uploads\/ies.churriguera.leganes\/2025\/07\/Baremo-Provisional-de-las-solicitudes.pdf\" target=\"_blank\" rel=\"noreferrer noopener\">Listado de solicitudes baremadas por el centro y en centros alternativos<\/a><\/p>\n\n\n\n<h2 class=\"wp-block-heading\">Oferta de vacantes en nuestro I.E.S.<\/h2>\n\n\n\n<p>Nuestro centro oferta <strong>30 plazas<\/strong> para el Ciclo Formativo de Grado Superior de Promoci\u00f3n de la Igualdad de G\u00e9nero.<\/p>\n\n\n\n<p><a href=\"https:\/\/site.educa.madrid.org\/ies.churriguera.leganes\/\/wp-content\/uploads\/ies.churriguera.leganes\/2025\/06\/PROCESO-DE-ADMISION-A-CICLOS-DE-FORMATIVOS-DE-GRADO-SUPERIOR.pdf\" target=\"_blank\" rel=\"noreferrer noopener\">Relaci\u00f3n de plazas ofertadas<\/a><\/p>\n\n\n\n<h2 class=\"wp-block-heading\">Proceso de Admisi\u00f3n en la Secretar\u00eda Virtual<\/h2>\n\n\n\n<p>La solicitud de admisi\u00f3n a estas ense\u00f1anzas se cumplimentar\u00e1 y presentar\u00e1 a\u202ftrav\u00e9s del sistema integral de gesti\u00f3n educativa\u202fRAICES,\u202f&nbsp;<\/p>\n\n\n\n<div class=\"wp-block-buttons is-content-justification-center is-layout-flex wp-container-core-buttons-is-layout-a89b3969 wp-block-buttons-is-layout-flex\">\n<div class=\"wp-block-button is-style-fill\" style=\"font-style:normal;font-weight:600\"><a class=\"wp-block-button__link has-white-color has-vivid-red-background-color has-text-color has-background has-link-color wp-element-button\" href=\"https:\/\/raices.madrid.org\/secretariavirtual\/\" style=\"border-radius:9px\" target=\"_blank\" rel=\"noreferrer noopener\">Secretar\u00eda Virtual<\/a><\/div>\n<\/div>\n\n\n\n<p>Disponible desde el\u202fd\u00eda\u202f<strong>27 \u202fde junio al 4\u202fde julio\u202fde 202<\/strong>5,\u202fambas\u202ffechas incluidas.&nbsp;<\/p>\n\n\n\n<p><a href=\"https:\/\/site.educa.madrid.org\/ies.churriguera.leganes\/\/wp-content\/uploads\/ies.churriguera.leganes\/2023\/06\/GUIA-PROCESO-DE-ADMISION-EN-RAICES.pdf\" target=\"_blank\" rel=\"noreferrer noopener\">Ejemplo de utilizaci\u00f3n de la Secretar\u00eda Virtual para tramitar la solicitud de admisi\u00f3n en Ciclos Formativos de Grado Superior<\/a><\/p>\n\n\n\n<h2 class=\"wp-block-heading\">Sorteo destinado a posibilitar la resoluci\u00f3n de los casos de empate<\/h2>\n\n\n\n<p><mark style=\"background-color:rgba(0, 0, 0, 0)\" class=\"has-inline-color has-vivid-purple-color\">\u00a1Importante! En caso de empate en la puntuaci\u00f3n del baremo, el participante del proceso que aparece en primer lugar no es el primero en obtener plaza en el Ciclo.<\/mark><\/p>\n\n\n\n<p>La instrucci\u00f3n s\u00e9ptima de la <em><a href=\"https:\/\/www.comunidad.madrid\/sites\/default\/files\/doc\/educacion\/fp\/2025_05_26_instrucciones_admision_cfgs_25_26_vf_copia.pdf\" target=\"_blank\" rel=\"noreferrer noopener\">Resoluci\u00f3n de la Viceconsejer\u00eda de Pol\u00edtica y Organizaci\u00f3n Educativa, por la que se dictan instrucciones sobre admisi\u00f3n en ciclos formativos de grado superior en centros sostenidos con fondos p\u00fablicos de la Comunidad de Madrid para el curso 2025-2026<\/a><\/em> indica el procedimiento para posibilitar la resoluci\u00f3n de los casos de empate en la admisi\u00f3n.<\/p>\n\n\n\n<meta name=\"viewport\" content=\"width=device-width, initial-scale=1\">\n<style>\n.accordion {\n  background-color: #7dbab0;\n  color: #000005;\n  cursor: pointer;\n  padding: 18px;\n  width: 100%;\n  border: none;\n  text-align: left;\n  outline: none;\n  font-size: 15px;\n  transition: 0.4s;\n}\n.active, .accordion:hover {\n  background-color: #46C2DB; \n}\n\n.panel {\n  padding: 0 18px;\n  display: none;\n  background-color: white;\n  overflow: hidden;\n}\n<\/style>\n\n\n\n<h3>Procedimiento de desempate<\/h3>\n\n<button class=\"accordion\">\u00bfCu\u00e1ndo es necesario?<\/button>\n<div class=\"panel\">\n  <p>Cuando en un centro sea necesario realizar el desempate entre varias solicitudes porque su puntuaci\u00f3n en el baremo sea el mismo, por ejemplo en este caso: <br>\n<table>\n <tr>\n  <th> Nombre <\/th>\n  <th> Puntuaci\u00f3n <\/th>\n <\/tr>\n <tr>\n  <td>\n    D\u00edaz S\u00e1nchez, Javier\n  <\/td>\n  <td>\n    15.75\n  <\/td>\n <\/tr>\n<tr>\n<td>\nS\u00e1nchez Fern\u00e1ndez, Mar\u00eda\n<\/td>\n<td>\n15.75\n<\/td>\n<\/tr>\n<tr>\n<td>\nJim\u00e9nez Guti\u00e9rrez, Fernando\n<\/td>\n<td>\n15.75\n<\/td>\n<\/tr>\n<tr>\n<td>\nArrobo Calvo, Sara\n<\/td>\n<td>\n15.75\n<\/td>\n<\/tr>\n<\/table>\nLa aplicaci\u00f3n Ra\u00edces elaborar\u00e1 una relaci\u00f3n ordenada alfab\u00e9ticamente con las solicitudes que est\u00e1n en situaci\u00f3n de empate y asignar\u00e1 a cada una de ellas correlativamente un n\u00famero natural, comenzando por el 1 y terminando por la \u00faltima de las solicitudes empatadas.\n<table>\n <tr>\n  <th> N\u00famero <\/th>\n  <th> Nombre <\/th>\n  <th> Puntuaci\u00f3n <\/th>\n <\/tr>\n <tr>\n  <td> 1 <\/td>\n  <td>\n    Arrobo Calvo, Sara\n  <\/td>\n  <td>\n    15.75\n  <\/td>\n <\/tr>\n<tr>\n <td> 2 <\/td>\n<td>\nD\u00edaz S\u00e1nchez, Javier\n<\/td>\n<td>\n15.75\n<\/td>\n<\/tr>\n<tr>\n <td> 3 <\/td>\n<td>\nJim\u00e9nez Guti\u00e9rrez, Fernando\n<\/td>\n<td>\n15.75\n<\/td>\n<\/tr>\n<tr>\n <td> 4 <\/td>\n<td>\nS\u00e1nchez Fern\u00e1ndez, Mar\u00eda\n<\/td>\n<td>\n15.75\n<\/td>\n<\/tr>\n<\/table>\n\n<\/p>\n<\/div>\n\n<button class=\"accordion\">C\u00e1lculo del n\u00famero de la primera persona admitida<\/button>\n<div class=\"panel\">\n  <p>Se calcular\u00e1 el n\u00famero natural que resulta al eliminar las cifras decimales del n\u00famero que se obtiene sumando uno al producto del resultado del sorteo por el n\u00famero total de solicitudes empatadas. En nuestro ejemplo como hay 4 solicitudes admitidas, el c\u00e1lculo ser\u00eda el siguiente:\n<center> 4 x 0&#8217;8160 = 3&#8217;624 <\/center>\n<center> 3&#8217;624 + 1 = 4&#8217;624 <\/center>\nAhora le quitamos los decimales y el n\u00famero que se obtiene es el <b>4<\/b>, por lo que este ser\u00eda el n\u00famero del primer admitido <\/p>\n<\/div>\n\n<button class=\"accordion\">Orden del resto de personas admitidas<\/button>\n<div class=\"panel\">\n  <p> A continuaci\u00f3n ordenamos a las personas empatadas comenzando por el n\u00famero obtenido en el apartado  anterior y continuando, hasta agotar las plazas vacantes, por aquellas solicitudes a las que corresponden los siguientes n\u00fameros seg\u00fan el orden creciente de la serie num\u00e9rica. <br>\nA los efectos de lo establecido en el apartado anterior se considerar\u00e1 que el n\u00famero 1 es el siguiente\nal n\u00famero total de solicitudes empatadas. <br>\nSiguiendo nuestro ejemplo quedar\u00eda ordenado de la siguiente manera\n<table>\n <tr>\n  <th> N\u00famero <\/th>\n  <th> Nombre <\/th>\n  <th> Puntuaci\u00f3n <\/th>\n <\/tr>\n <tr>\n  <td> 4 <\/td>\n  <td>\nS\u00e1nchez Fern\u00e1ndez, Mar\u00eda\n  <\/td>\n  <td>\n    15.75\n  <\/td>\n <\/tr>\n<tr>\n <td> 1 <\/td>\n<td>\nArrobo Calvo, Sara\n<\/td>\n<td>\n15.75\n<\/td>\n<\/tr>\n<tr>\n <td> 2 <\/td>\n<td>\nD\u00edaz S\u00e1nchez, Javier\n<\/td>\n<td>\n15.75\n<\/td>\n<\/tr>\n<tr>\n <td> 3 <\/td>\n<td>\nJim\u00e9nez Guti\u00e9rrez, Fernando\n<\/td>\n<td>\n15.75\n<\/td>\n<\/tr>\n<\/table>\n\nLas operaciones anteriores se realizar\u00e1n mediante la aplicaci\u00f3n Ra\u00edces, que permitir\u00e1 resolver los\ncasos de desempate que afecten a cada centro y adjudicar las plazas disponibles.\n\n  <\/p>\n<\/div>\n\n<script>\nvar acc = document.getElementsByClassName(\"accordion\");\nvar i;\n\nfor (i = 0; i < acc.length; i++) {\n  acc[i].addEventListener(\"click\", function() {\n    this.classList.toggle(\"active\");\n    var panel = this.nextElementSibling;\n    if (panel.style.display === \"block\") {\n      panel.style.display = \"none\";\n    } else {\n      panel.style.display = \"block\";\n    }\n  });\n}\n<\/script>\n\n\n\n<h2 class=\"wp-block-heading\">Calendario de actuaciones<\/h2>\n\n\n\n<p>La Comunidad de Madrid establece el calendario de actuaciones para la admisi\u00f3n de Ciclos Formativos de Grado Superior en Centros P\u00fablicos. <\/p>\n\n\n\n<p><a href=\"https:\/\/www.comunidad.madrid\/sites\/default\/files\/doc\/educacion\/fp\/calendario_admision_gs_25-26.pdf\" target=\"_blank\" rel=\"noreferrer noopener\">Calendario de actuaciones<\/a><\/p>\n\n\n\n<h2 class=\"wp-block-heading\">Normativa de la Comunidad de Madrid <\/h2>\n\n\n\n<p><a href=\"https:\/\/www.comunidad.madrid\/servicios\/educacion\/admision-formacion-profesional\" target=\"_blank\" rel=\"noreferrer noopener\">P\u00e1gina de la Comunidad de Madrid de Admisi\u00f3n en Formaci\u00f3n Profesional.<\/a> Est\u00e1 en continua actualizaci\u00f3n, recomendamos su consulta peri\u00f3dica.<\/p>\n\n\n\n<p><a href=\"https:\/\/www.comunidad.madrid\/sites\/default\/files\/doc\/educacion\/fp\/2025_05_26_instrucciones_admision_cfgs_25_26_vf_copia.pdf\" target=\"_blank\" rel=\"noreferrer noopener\">Instrucciones de la Viceconsejer\u00eda de Pol\u00edtica educativa sobre el proceso de Admisi\u00f3n de Alumnos a Ciclos Formativos de Grado superior en Centros Sostenidos con Fondos P\u00fablicos.<\/a><\/p>\n\n\n\n<p><a href=\"https:\/\/www.comunidad.madrid\/sites\/default\/files\/doc\/educacion\/fp\/oferta_superior_25-26.pdf\" target=\"_blank\" rel=\"noreferrer noopener\">Ciclos formativos de Grado Superior y centros de la Comunidad de Madrid d\u00f3nde se imparten.<\/a> Oferta de Formaci\u00f3n Profesional 25\/26<\/p>\n\n\n\n<p><\/p>\n","protected":false},"excerpt":{"rendered":"<p>Publicaci\u00f3n listas definitivas de admitid@s y no admitid@s Ya est\u00e1n disponibles los listados definitivos de personas admitidas en el C.F.G.S. de Promoci\u00f3n de Igualdad de G\u00e9nero Listado de Admitidos por Centro de Admisi\u00f3n Listado de Admitidos por Centro de Solicitud Si eres una de las personas admitidas, no olvides que tienes que realizar la matr\u00edcula [&hellip;]<\/p>\n","protected":false},"author":12,"featured_media":0,"parent":0,"menu_order":0,"comment_status":"closed","ping_status":"closed","template":"","meta":{"footnotes":""},"folder":[],"class_list":["post-2279","page","type-page","status-publish","hentry"],"rttpg_featured_image_url":null,"rttpg_author":{"display_name":"JUAN ANTONIO CESAR BENAVIDES","author_link":"https:\/\/site.educa.madrid.org\/ies.churriguera.leganes\/index.php\/author\/juan-antonio_csar-benavides\/"},"rttpg_comment":0,"rttpg_category":false,"rttpg_excerpt":"Publicaci\u00f3n listas definitivas de admitid@s y no admitid@s Ya est\u00e1n disponibles los listados definitivos de personas admitidas en el C.F.G.S. de Promoci\u00f3n de Igualdad de G\u00e9nero Listado de Admitidos por Centro de Admisi\u00f3n Listado de Admitidos por Centro de Solicitud Si eres una de las personas admitidas, no olvides que tienes que realizar la matr\u00edcula&hellip;","post_mailing_queue_ids":[],"_links":{"self":[{"href":"https:\/\/site.educa.madrid.org\/ies.churriguera.leganes\/index.php\/wp-json\/wp\/v2\/pages\/2279","targetHints":{"allow":["GET"]}}],"collection":[{"href":"https:\/\/site.educa.madrid.org\/ies.churriguera.leganes\/index.php\/wp-json\/wp\/v2\/pages"}],"about":[{"href":"https:\/\/site.educa.madrid.org\/ies.churriguera.leganes\/index.php\/wp-json\/wp\/v2\/types\/page"}],"author":[{"embeddable":true,"href":"https:\/\/site.educa.madrid.org\/ies.churriguera.leganes\/index.php\/wp-json\/wp\/v2\/users\/12"}],"replies":[{"embeddable":true,"href":"https:\/\/site.educa.madrid.org\/ies.churriguera.leganes\/index.php\/wp-json\/wp\/v2\/comments?post=2279"}],"version-history":[{"count":50,"href":"https:\/\/site.educa.madrid.org\/ies.churriguera.leganes\/index.php\/wp-json\/wp\/v2\/pages\/2279\/revisions"}],"predecessor-version":[{"id":8809,"href":"https:\/\/site.educa.madrid.org\/ies.churriguera.leganes\/index.php\/wp-json\/wp\/v2\/pages\/2279\/revisions\/8809"}],"wp:attachment":[{"href":"https:\/\/site.educa.madrid.org\/ies.churriguera.leganes\/index.php\/wp-json\/wp\/v2\/media?parent=2279"}],"wp:term":[{"taxonomy":"folder","embeddable":true,"href":"https:\/\/site.educa.madrid.org\/ies.churriguera.leganes\/index.php\/wp-json\/wp\/v2\/folder?post=2279"}],"curies":[{"name":"wp","href":"https:\/\/api.w.org\/{rel}","templated":true}]}}