{"id":2449,"date":"2023-07-18T14:16:57","date_gmt":"2023-07-18T12:16:57","guid":{"rendered":"https:\/\/site.educa.madrid.org\/ies.churriguera.leganes\/?page_id=2449"},"modified":"2025-04-22T11:04:30","modified_gmt":"2025-04-22T09:04:30","slug":"curso-de-capacitacion-digital","status":"publish","type":"page","link":"https:\/\/site.educa.madrid.org\/ies.churriguera.leganes\/index.php\/curso-de-capacitacion-digital\/","title":{"rendered":"Red de Capacitaci\u00f3n Digital"},"content":{"rendered":"\n<p class=\"has-medium-font-size\">Seg\u00fan la <em><a href=\"https:\/\/www.comunidad.madrid\/sites\/default\/files\/doc\/educacion\/2023-07-03_resolucion_rccd_vfinal_37725788.pdf\" target=\"_blank\" rel=\"noreferrer noopener\">Resoluci\u00f3n de la Direcci\u00f3n General de Educaci\u00f3n Secundaria, Formaci\u00f3n Profesional y R\u00e9gimen Especial por la que se establece la implantaci\u00f3n del Programa de Cooperaci\u00f3n Territorial para la creaci\u00f3n de la Red de Centros de Capacitaci\u00f3n Digital y se designan los centros Docentes P\u00fablicos de Educaci\u00f3n de Personas Adultas (CEPA) e Institutos de Educaci\u00f3n Secundaria (IES que formar\u00e1n parte de la red<\/a><\/em>, nuestro centro pertenece a la Red de Capacitaci\u00f3n Digital que se crea como medida para acercar la oferta formativa a toda la ciudadan\u00eda a trav\u00e9s de aquellos centros que permitan, por su cercan\u00eda y facilidad de acceso, hacer una oferta atractiva de capacitaci\u00f3n digital, con especial atenci\u00f3n a los sectores de poblaci\u00f3n m\u00e1s vulnerable.<\/p>\n\n\n\n<p class=\"has-medium-font-size\">La red de centros de capacitaci\u00f3n digital (aulas) permitir\u00e1 a la ciudadan\u00eda formarse en competencias digitales transversales necesarias para desenvolverse de forma cotidiana en una sociedad cada vez m\u00e1s digitalizada, en la que servicios esenciales, tales como la banca, el acceso a las administraciones p\u00fablicas o el consumo se hace de forma telem\u00e1tica, excluyendo de facto a un sector de la poblaci\u00f3n que, bien por su edad, por su bajo nivel de formaci\u00f3n, o por su vulnerabilidad, carecen de las competencias digitales necesarias, situ\u00e1ndolos en clara inferioridad respecto de la poblaci\u00f3n general y empeorando de forma significativa su calidad de vida.<\/p>\n\n\n\n<p class=\"has-medium-font-size\">Los centros que pertenecemos a esta red ofrecemos oportunidades de formaci\u00f3n con independencia del lugar de residencia o formaci\u00f3n previa de las personas y facilitamos, por tanto, un acceso generalizado a una formaci\u00f3n compatible con las obligaciones de la ciudadan\u00eda derivadas de distintas condiciones personales, laborales o sociales. El p\u00fablico diana de car\u00e1cter preferencial ser\u00e1n las personas mayores de 55 a\u00f1os con un nivel bajo de cualificaci\u00f3n, atendiendo especialmente a la brecha de g\u00e9nero, que en este rango de edad es muy pronunciada. No obstante, las acciones formativas que se lleven a cabo podr\u00e1n alcanzar a otros colectivos de poblaci\u00f3n general, siempre que se encuentren fuera del sistema educativo y formativo, y que puedan mejorar su calidad de vida a trav\u00e9s de la adquisici\u00f3n de unas competencias digitales b\u00e1sicas.<\/p>\n\n\n\n<p class=\"has-medium-font-size\"><\/p>\n\n\n\n<figure class=\"wp-block-image aligncenter size-full\"><img loading=\"lazy\" decoding=\"async\" width=\"562\" height=\"99\" src=\"https:\/\/site.educa.madrid.org\/ies.churriguera.leganes\/\/wp-content\/uploads\/ies.churriguera.leganes\/2025\/04\/LogosCapacitacion.png\" alt=\"\" class=\"wp-image-8290\" srcset=\"https:\/\/site.educa.madrid.org\/ies.churriguera.leganes\/\/wp-content\/uploads\/ies.churriguera.leganes\/2025\/04\/LogosCapacitacion.png 562w, https:\/\/site.educa.madrid.org\/ies.churriguera.leganes\/\/wp-content\/uploads\/ies.churriguera.leganes\/2025\/04\/LogosCapacitacion-300x53.png 300w\" sizes=\"auto, (max-width: 562px) 100vw, 562px\" \/><\/figure>\n\n\n\t\t<div class=\"rttpg-block-postgrid rttpg-block-wrapper rttpg-block-72411f tpg-filter-type-dropdown meta-visibility-show section-title-style-default img_hover_animation_default title-default title_position_default title_hover_border_default meta_position_default tpg-is-author-icon-default author-image-visibility-icon tpg-category-position-default readmore-btn-default-style grid-hover-overlay-type-always grid-hover-overlay-height-default hover-overlay-height-default tpg-title-border-default filter-nex-prev-btn-visible tpg-cat-style1 slider-scroll-hide act-label-style-inline\">\n\t\t\t<div class=\"rt-container-fluid rt-tpg-container tpg-el-main-wrapper tpg-gutenberg clearfix list-layout1-main\"\n\t\t\t\t id=\"rt-tpg-container-1642167519\"\n\t\t\t\t data-layout=\"list-layout1\"\n\t\t\t\t data-grid-style=\"tpg-even\" data-sc-id=\"elementor\"\n\t\t\t\t data-el-settings=''\n\t\t\t\t data-el-query=''\n\t\t\t\t data-el-path=''>\n\t\t\t\t\t\t\t\t<div class='tpg-header-wrapper '>\n\t\t\t\t\t\n        <div class=\"tpg-widget-heading-wrapper rt-clear heading-default \">\n            <span class=\"tpg-widget-heading-line line-left\"><\/span>\n\t\t\t<h2 class='tpg-widget-heading'>\n\t\t\t            <a href=\"#\"  >\n\t\t\t\t\n\t\t\t\t                    <span>\n\t\t\t\t\t\t\u00daltimas noticias\t\t\t\t\t<\/span>\n\t\t\t\t\t\n\t\t\t\t            <\/a>\n\n\t\t\t\t\t<\/h2>            <span class=\"tpg-widget-heading-line line-right\"><\/span>\n\n\t\t\t\n        <\/div>\n\n\t\t\n\t\t\t\t\t\t<\/div>\n\t\t\t\t<div class=\"rt-row rt-content-loader gutenberg-inner list-layout1 tpg-even list-behaviour list-layout-wrapper\">\n\t\t\t\t\t\n<div class=\"rt-col-md-12 rt-col-sm-12 rt-col-xs-12 default rt-list-item rt-grid-item\" data-id=\"8243\">\n\t<div class=\"rt-holder tpg-post-holder \">\n\t\t<div class=\"rt-detail rt-el-content-wrapper\">\n\t\t\t\n\t\t\t<div class=\"post-right-content\">\n\n\t\t\t\t<div class=\"entry-title-wrapper\"><h3 class=\"entry-title\"><a data-id=\"8243\" href=\"https:\/\/site.educa.madrid.org\/ies.churriguera.leganes\/index.php\/2025\/04\/22\/abierta-la-admision-para-los-cursos-de-la-red-de-centros-de-capacitacion-digital-2-2\/\" class=\"tpg-post-link\" target=\"_self\">Ampliaci\u00f3n del plazo y nuevas fechas para los cursos de la red de Centros de Capacitaci\u00f3n Digital<\/a><\/h3><\/div>\n\t\t\t\t\t\t\t\t\t<div class=\"post-meta-tags rt-el-post-meta\">\n\t\t\t\t\t\t            <span class='date'>\n\t\t\t\t<i class='far fa-calendar-alt '><\/i>\t\t\t\t                    <a href=\"https:\/\/site.educa.madrid.org\/ies.churriguera.leganes\/index.php\/2025\/04\/22\/\">\n\t\t\t\t\t22 abril, 2025\t\t\t\t<\/a>\n\t\t\t\t\t\t\t<\/span>\n\t\t\t\t\t\t\t\t<\/div>\n\t\t\t\t\n\t\t\t\t\t\t\t\t\t<div class=\"tpg-excerpt tpg-el-excerpt\">\n\t\t\t\t\t\t\t\t\t\t\t\t\t<div class=\"tpg-excerpt-inner\">\n\t\t\t\t\t\t\t\tLos cursos comenzar\u00e1n en mayo. Ofertamos dos cursos diferentes: Cada uno de los cursos duran 30 horas. Los alumnos aptos en convocatorias anteriores, no podr\u00e1n repetir el curso con C\u00f3digo IFC748_2&#8230;\t\t\t\t\t\t\t<\/div>\n\t\t\t\t\t\t\t\t\t\t\t\t\t\t\t\t\t<\/div>\n\t\t\t\t\n\t\t\t\t        <div class=\"post-footer\">\n            <div class=\"post-footer\">\n                <div class=\"read-more\">\n\t\t\t\t\t<a data-id=\"8243\" href=\"https:\/\/site.educa.madrid.org\/ies.churriguera.leganes\/index.php\/2025\/04\/22\/abierta-la-admision-para-los-cursos-de-la-red-de-centros-de-capacitacion-digital-2-2\/\" class=\"tpg-post-link\" target=\"_self\">Leer m\u00e1s<\/a>                <\/div>\n            <\/div>\n        <\/div>\n\t\t\t\t\t<\/div>\n\n\t\t<\/div>\n\t<\/div>\n<\/div>\n<div class=\"rt-col-md-12 rt-col-sm-12 rt-col-xs-12 default rt-list-item rt-grid-item\" data-id=\"6807\">\n\t<div class=\"rt-holder tpg-post-holder \">\n\t\t<div class=\"rt-detail rt-el-content-wrapper\">\n\t\t\t\n\t\t\t<div class=\"post-right-content\">\n\n\t\t\t\t<div class=\"entry-title-wrapper\"><h3 class=\"entry-title\"><a data-id=\"6807\" href=\"https:\/\/site.educa.madrid.org\/ies.churriguera.leganes\/index.php\/2024\/12\/15\/abierta-la-admision-para-los-cursos-de-la-red-de-centros-de-capacitacion-digital-2\/\" class=\"tpg-post-link\" target=\"_self\">Abierta la admisi\u00f3n para los cursos de la red de Centros de Capacitaci\u00f3n Digital<\/a><\/h3><\/div>\n\t\t\t\t\t\t\t\t\t<div class=\"post-meta-tags rt-el-post-meta\">\n\t\t\t\t\t\t            <span class='date'>\n\t\t\t\t<i class='far fa-calendar-alt '><\/i>\t\t\t\t                    <a href=\"https:\/\/site.educa.madrid.org\/ies.churriguera.leganes\/index.php\/2024\/12\/15\/\">\n\t\t\t\t\t15 diciembre, 2024\t\t\t\t<\/a>\n\t\t\t\t\t\t\t<\/span>\n\t\t\t\t\t\t\t\t<\/div>\n\t\t\t\t\n\t\t\t\t\t\t\t\t\t<div class=\"tpg-excerpt tpg-el-excerpt\">\n\t\t\t\t\t\t\t\t\t\t\t\t\t<div class=\"tpg-excerpt-inner\">\n\t\t\t\t\t\t\t\tLos cursos comenzar\u00e1n en enero. En esta ocasi\u00f3n ofertamos dos cursos diferentes: Cada uno de los cursos duran 30 horas. Los alumnos aptos en convocatorias anteriores, no podr\u00e1n repetir el curso con&#8230;\t\t\t\t\t\t\t<\/div>\n\t\t\t\t\t\t\t\t\t\t\t\t\t\t\t\t\t<\/div>\n\t\t\t\t\n\t\t\t\t        <div class=\"post-footer\">\n            <div class=\"post-footer\">\n                <div class=\"read-more\">\n\t\t\t\t\t<a data-id=\"6807\" href=\"https:\/\/site.educa.madrid.org\/ies.churriguera.leganes\/index.php\/2024\/12\/15\/abierta-la-admision-para-los-cursos-de-la-red-de-centros-de-capacitacion-digital-2\/\" class=\"tpg-post-link\" target=\"_self\">Leer m\u00e1s<\/a>                <\/div>\n            <\/div>\n        <\/div>\n\t\t\t\t\t<\/div>\n\n\t\t<\/div>\n\t<\/div>\n<\/div>\n<div class=\"rt-col-md-12 rt-col-sm-12 rt-col-xs-12 default rt-list-item rt-grid-item\" data-id=\"6205\">\n\t<div class=\"rt-holder tpg-post-holder \">\n\t\t<div class=\"rt-detail rt-el-content-wrapper\">\n\t\t\t\n\t\t\t<div class=\"post-right-content\">\n\n\t\t\t\t<div class=\"entry-title-wrapper\"><h3 class=\"entry-title\"><a data-id=\"6205\" href=\"https:\/\/site.educa.madrid.org\/ies.churriguera.leganes\/index.php\/2024\/10\/20\/abierta-la-admision-para-los-cursos-de-la-red-de-centros-de-capacitacion-digital\/\" class=\"tpg-post-link\" target=\"_self\">Abierta la admisi\u00f3n para los cursos de la red de Centros de Capacitaci\u00f3n Digital<\/a><\/h3><\/div>\n\t\t\t\t\t\t\t\t\t<div class=\"post-meta-tags rt-el-post-meta\">\n\t\t\t\t\t\t            <span class='date'>\n\t\t\t\t<i class='far fa-calendar-alt '><\/i>\t\t\t\t                    <a href=\"https:\/\/site.educa.madrid.org\/ies.churriguera.leganes\/index.php\/2024\/10\/20\/\">\n\t\t\t\t\t20 octubre, 2024\t\t\t\t<\/a>\n\t\t\t\t\t\t\t<\/span>\n\t\t\t\t\t\t\t\t<\/div>\n\t\t\t\t\n\t\t\t\t\t\t\t\t\t<div class=\"tpg-excerpt tpg-el-excerpt\">\n\t\t\t\t\t\t\t\t\t\t\t\t\t<div class=\"tpg-excerpt-inner\">\n\t\t\t\t\t\t\t\tLos cursos comenzar\u00e1n en noviembre. En esta ocasi\u00f3n ofertamos dos cursos diferentes: Cada uno de los cursos duran 30 horas. Los alumnos aptos en convocatorias anteriores, no podr\u00e1n repetir el curso&#8230;\t\t\t\t\t\t\t<\/div>\n\t\t\t\t\t\t\t\t\t\t\t\t\t\t\t\t\t<\/div>\n\t\t\t\t\n\t\t\t\t        <div class=\"post-footer\">\n            <div class=\"post-footer\">\n                <div class=\"read-more\">\n\t\t\t\t\t<a data-id=\"6205\" href=\"https:\/\/site.educa.madrid.org\/ies.churriguera.leganes\/index.php\/2024\/10\/20\/abierta-la-admision-para-los-cursos-de-la-red-de-centros-de-capacitacion-digital\/\" class=\"tpg-post-link\" target=\"_self\">Leer m\u00e1s<\/a>                <\/div>\n            <\/div>\n        <\/div>\n\t\t\t\t\t<\/div>\n\n\t\t<\/div>\n\t<\/div>\n<\/div>\t\t\t\t<\/div>\n\n\t\t\t\t\n\t\t\t<\/div>\n\t\t<\/div>\n\t\t\n\n\n<div style=\"height:100px\" aria-hidden=\"true\" class=\"wp-block-spacer\"><\/div>\n\n\n\n<p><\/p>\n","protected":false},"excerpt":{"rendered":"<p>Seg\u00fan la Resoluci\u00f3n de la Direcci\u00f3n General de Educaci\u00f3n Secundaria, Formaci\u00f3n Profesional y R\u00e9gimen Especial por la que se establece la implantaci\u00f3n del Programa de Cooperaci\u00f3n Territorial para la creaci\u00f3n de la Red de Centros de Capacitaci\u00f3n Digital y se designan los centros Docentes P\u00fablicos de Educaci\u00f3n de Personas Adultas (CEPA) e Institutos de Educaci\u00f3n [&hellip;]<\/p>\n","protected":false},"author":12,"featured_media":8281,"parent":0,"menu_order":0,"comment_status":"closed","ping_status":"closed","template":"","meta":{"footnotes":""},"folder":[],"class_list":["post-2449","page","type-page","status-publish","has-post-thumbnail","hentry"],"rttpg_featured_image_url":{"full":["https:\/\/site.educa.madrid.org\/ies.churriguera.leganes\/\/wp-content\/uploads\/ies.churriguera.leganes\/2025\/04\/Post-de-Instagram-Frase-Motivacional-Delicado-Beige.png",1080,1080,false],"landscape":["https:\/\/site.educa.madrid.org\/ies.churriguera.leganes\/\/wp-content\/uploads\/ies.churriguera.leganes\/2025\/04\/Post-de-Instagram-Frase-Motivacional-Delicado-Beige.png",1080,1080,false],"portraits":["https:\/\/site.educa.madrid.org\/ies.churriguera.leganes\/\/wp-content\/uploads\/ies.churriguera.leganes\/2025\/04\/Post-de-Instagram-Frase-Motivacional-Delicado-Beige.png",1080,1080,false],"thumbnail":["https:\/\/site.educa.madrid.org\/ies.churriguera.leganes\/\/wp-content\/uploads\/ies.churriguera.leganes\/2025\/04\/Post-de-Instagram-Frase-Motivacional-Delicado-Beige-150x150.png",150,150,true],"medium":["https:\/\/site.educa.madrid.org\/ies.churriguera.leganes\/\/wp-content\/uploads\/ies.churriguera.leganes\/2025\/04\/Post-de-Instagram-Frase-Motivacional-Delicado-Beige-300x300.png",300,300,true],"large":["https:\/\/site.educa.madrid.org\/ies.churriguera.leganes\/\/wp-content\/uploads\/ies.churriguera.leganes\/2025\/04\/Post-de-Instagram-Frase-Motivacional-Delicado-Beige-1024x1024.png",640,640,true],"thumblist":["https:\/\/site.educa.madrid.org\/ies.churriguera.leganes\/\/wp-content\/uploads\/ies.churriguera.leganes\/2025\/04\/Post-de-Instagram-Frase-Motivacional-Delicado-Beige-300x300.png",300,300,true],"thumbrelated":["https:\/\/site.educa.madrid.org\/ies.churriguera.leganes\/\/wp-content\/uploads\/ies.churriguera.leganes\/2025\/04\/Post-de-Instagram-Frase-Motivacional-Delicado-Beige-500x500.png",500,500,true],"meccarouselthumb":["https:\/\/site.educa.madrid.org\/ies.churriguera.leganes\/\/wp-content\/uploads\/ies.churriguera.leganes\/2025\/04\/Post-de-Instagram-Frase-Motivacional-Delicado-Beige-474x324.png",474,324,true],"gridsquare":["https:\/\/site.educa.madrid.org\/ies.churriguera.leganes\/\/wp-content\/uploads\/ies.churriguera.leganes\/2025\/04\/Post-de-Instagram-Frase-Motivacional-Delicado-Beige-391x260.png",391,260,true],"tileview":["https:\/\/site.educa.madrid.org\/ies.churriguera.leganes\/\/wp-content\/uploads\/ies.churriguera.leganes\/2025\/04\/Post-de-Instagram-Frase-Motivacional-Delicado-Beige-300x400.png",300,400,true],"1536x1536":["https:\/\/site.educa.madrid.org\/ies.churriguera.leganes\/\/wp-content\/uploads\/ies.churriguera.leganes\/2025\/04\/Post-de-Instagram-Frase-Motivacional-Delicado-Beige.png",1080,1080,false],"2048x2048":["https:\/\/site.educa.madrid.org\/ies.churriguera.leganes\/\/wp-content\/uploads\/ies.churriguera.leganes\/2025\/04\/Post-de-Instagram-Frase-Motivacional-Delicado-Beige.png",1080,1080,false],"total-portfolio-thumb":["https:\/\/site.educa.madrid.org\/ies.churriguera.leganes\/\/wp-content\/uploads\/ies.churriguera.leganes\/2025\/04\/Post-de-Instagram-Frase-Motivacional-Delicado-Beige-400x400.png",400,400,true],"total-team-thumb":["https:\/\/site.educa.madrid.org\/ies.churriguera.leganes\/\/wp-content\/uploads\/ies.churriguera.leganes\/2025\/04\/Post-de-Instagram-Frase-Motivacional-Delicado-Beige-350x420.png",350,420,true],"total-blog-thumb":["https:\/\/site.educa.madrid.org\/ies.churriguera.leganes\/\/wp-content\/uploads\/ies.churriguera.leganes\/2025\/04\/Post-de-Instagram-Frase-Motivacional-Delicado-Beige-400x280.png",400,280,true],"total-thumb":["https:\/\/site.educa.madrid.org\/ies.churriguera.leganes\/\/wp-content\/uploads\/ies.churriguera.leganes\/2025\/04\/Post-de-Instagram-Frase-Motivacional-Delicado-Beige-100x100.png",100,100,true],"total-blog-header":["https:\/\/site.educa.madrid.org\/ies.churriguera.leganes\/\/wp-content\/uploads\/ies.churriguera.leganes\/2025\/04\/Post-de-Instagram-Frase-Motivacional-Delicado-Beige-720x360.png",720,360,true],"sow-carousel-default":["https:\/\/site.educa.madrid.org\/ies.churriguera.leganes\/\/wp-content\/uploads\/ies.churriguera.leganes\/2025\/04\/Post-de-Instagram-Frase-Motivacional-Delicado-Beige-272x182.png",272,182,true],"sow-post-carousel-overlay-theme":["https:\/\/site.educa.madrid.org\/ies.churriguera.leganes\/\/wp-content\/uploads\/ies.churriguera.leganes\/2025\/04\/Post-de-Instagram-Frase-Motivacional-Delicado-Beige.png",360,360,false],"sow-post-carousel-cards-theme":["https:\/\/site.educa.madrid.org\/ies.churriguera.leganes\/\/wp-content\/uploads\/ies.churriguera.leganes\/2025\/04\/Post-de-Instagram-Frase-Motivacional-Delicado-Beige.png",240,240,false],"sow-blog-portfolio":["https:\/\/site.educa.madrid.org\/ies.churriguera.leganes\/\/wp-content\/uploads\/ies.churriguera.leganes\/2025\/04\/Post-de-Instagram-Frase-Motivacional-Delicado-Beige-375x375.png",375,375,true],"sow-blog-grid":["https:\/\/site.educa.madrid.org\/ies.churriguera.leganes\/\/wp-content\/uploads\/ies.churriguera.leganes\/2025\/04\/Post-de-Instagram-Frase-Motivacional-Delicado-Beige-720x480.png",720,480,true],"sow-blog-alternate":["https:\/\/site.educa.madrid.org\/ies.churriguera.leganes\/\/wp-content\/uploads\/ies.churriguera.leganes\/2025\/04\/Post-de-Instagram-Frase-Motivacional-Delicado-Beige-950x630.png",950,630,true],"rt_custom":["https:\/\/site.educa.madrid.org\/ies.churriguera.leganes\/\/wp-content\/uploads\/ies.churriguera.leganes\/2025\/04\/Post-de-Instagram-Frase-Motivacional-Delicado-Beige.png",1080,1080,false]},"rttpg_author":{"display_name":"JUAN ANTONIO CESAR BENAVIDES","author_link":"https:\/\/site.educa.madrid.org\/ies.churriguera.leganes\/index.php\/author\/juan-antonio_csar-benavides\/"},"rttpg_comment":0,"rttpg_category":false,"rttpg_excerpt":"Seg\u00fan la Resoluci\u00f3n de la Direcci\u00f3n General de Educaci\u00f3n Secundaria, Formaci\u00f3n Profesional y R\u00e9gimen Especial por la que se establece la implantaci\u00f3n del Programa de Cooperaci\u00f3n Territorial para la creaci\u00f3n de la Red de Centros de Capacitaci\u00f3n Digital y se designan los centros Docentes P\u00fablicos de Educaci\u00f3n de Personas Adultas (CEPA) e Institutos de Educaci\u00f3n&hellip;","post_mailing_queue_ids":[],"_links":{"self":[{"href":"https:\/\/site.educa.madrid.org\/ies.churriguera.leganes\/index.php\/wp-json\/wp\/v2\/pages\/2449","targetHints":{"allow":["GET"]}}],"collection":[{"href":"https:\/\/site.educa.madrid.org\/ies.churriguera.leganes\/index.php\/wp-json\/wp\/v2\/pages"}],"about":[{"href":"https:\/\/site.educa.madrid.org\/ies.churriguera.leganes\/index.php\/wp-json\/wp\/v2\/types\/page"}],"author":[{"embeddable":true,"href":"https:\/\/site.educa.madrid.org\/ies.churriguera.leganes\/index.php\/wp-json\/wp\/v2\/users\/12"}],"replies":[{"embeddable":true,"href":"https:\/\/site.educa.madrid.org\/ies.churriguera.leganes\/index.php\/wp-json\/wp\/v2\/comments?post=2449"}],"version-history":[{"count":15,"href":"https:\/\/site.educa.madrid.org\/ies.churriguera.leganes\/index.php\/wp-json\/wp\/v2\/pages\/2449\/revisions"}],"predecessor-version":[{"id":8294,"href":"https:\/\/site.educa.madrid.org\/ies.churriguera.leganes\/index.php\/wp-json\/wp\/v2\/pages\/2449\/revisions\/8294"}],"wp:featuredmedia":[{"embeddable":true,"href":"https:\/\/site.educa.madrid.org\/ies.churriguera.leganes\/index.php\/wp-json\/wp\/v2\/media\/8281"}],"wp:attachment":[{"href":"https:\/\/site.educa.madrid.org\/ies.churriguera.leganes\/index.php\/wp-json\/wp\/v2\/media?parent=2449"}],"wp:term":[{"taxonomy":"folder","embeddable":true,"href":"https:\/\/site.educa.madrid.org\/ies.churriguera.leganes\/index.php\/wp-json\/wp\/v2\/folder?post=2449"}],"curies":[{"name":"wp","href":"https:\/\/api.w.org\/{rel}","templated":true}]}}