{"id":3119,"date":"2024-01-23T19:07:02","date_gmt":"2024-01-23T18:07:02","guid":{"rendered":"https:\/\/site.educa.madrid.org\/ies.churriguera.leganes\/?page_id=3119"},"modified":"2024-07-06T18:05:23","modified_gmt":"2024-07-06T16:05:23","slug":"anulacion-matricula","status":"publish","type":"page","link":"https:\/\/site.educa.madrid.org\/ies.churriguera.leganes\/index.php\/secretaria\/anulacion-matricula\/","title":{"rendered":"Documento Anulaci\u00f3n matr\u00edcula Bachillerato"},"content":{"rendered":"\n<p>Seg\u00fan marca la <em>ORDEN 2067\/2023, de 11 de junio, de la Vicepresidencia, Consejer\u00eda de Educaci\u00f3n y Universidades, por la que se regulan determinados aspectos de organizaci\u00f3n, funcionamiento y evaluaci\u00f3n en el Bachillerato<\/em>, en su art\u00edculo 24 apartado 3<\/p>\n\n\n\n<p>\u00ab<em>Los alumnos podr\u00e1n permanecer cursando Bachillerato en r\u00e9gimen ordinario durante cuatro a\u00f1os, consecutivos o no. Sin superar este plazo de permanencia, los alumnos podr\u00e1n repetir cada uno de los cursos de Bachillerato una sola vez como m\u00e1ximo, si bien excepcionalmente podr\u00e1n repetir uno de los cursos una segunda vez, previo informe favorable del equipo docente.<\/em>\u00ab<\/p>\n\n\n\n<p>Con el fin de no agotar las convocatorias establecidas en el p\u00e1rrafo anterior, el alumnado puede solicitar la anulaci\u00f3n de matr\u00edcula siempre y cuando se den las condiciones establecidas en la Instrucci\u00f3n 2 de las <em>Instrucciones de la Direcci\u00f3n General de E.S.O, FP y R\u00e9gimen Especial por las que se concretan determinados aspectos de la matr\u00edcula en Bachillerato de fecha 22\/06\/2023<\/em>. Estas condiciones son las siguientes:<\/p>\n\n\n\n<ul class=\"wp-block-list\">\n<li>Enfermedad prolongada de car\u00e1cter f\u00edsico o ps\u00edquico<\/li>\n\n\n\n<li>Incorporaci\u00f3n a un puesto de trabajo<\/li>\n\n\n\n<li>Obligaciones de tipo familiar que impidan la normal dedicaci\u00f3n al estudio.<\/li>\n<\/ul>\n\n\n\n<p>Para ello deber\u00e1n presentar una solicitud a la directora exponiendo los motivos para que se proceda a dicha anulaci\u00f3n.<\/p>\n\n\n\n<p>Para realizar la solicitud utilice estos documentos:<\/p>\n\n\n\n<p><a href=\"https:\/\/site.educa.madrid.org\/ies.churriguera.leganes\/\/wp-content\/uploads\/ies.churriguera.leganes\/2024\/07\/ANULACION-MATRICULA-BACHILLERATO-LOMlLOE_online.pdf\" target=\"_blank\" rel=\"noreferrer noopener\">Documento para anular matr\u00edcula de Bachillerato LOMLOE<\/a>: para rellenar y firmar electr\u00f3nicamente<\/p>\n\n\n\n<p><a href=\"https:\/\/site.educa.madrid.org\/ies.churriguera.leganes\/\/wp-content\/uploads\/ies.churriguera.leganes\/2024\/07\/ANULACION-MATRICULA-BACHILLERATO-LOMlLOE.pdf\" target=\"_blank\" rel=\"noreferrer noopener\">Documento para anular matr\u00edcula de Bachillerato LOMLOE<\/a>: para descargar y presentar presencialmente<\/p>\n","protected":false},"excerpt":{"rendered":"<p>Seg\u00fan marca la ORDEN 2067\/2023, de 11 de junio, de la Vicepresidencia, Consejer\u00eda de Educaci\u00f3n y Universidades, por la que se regulan determinados aspectos de organizaci\u00f3n, funcionamiento y evaluaci\u00f3n en el Bachillerato, en su art\u00edculo 24 apartado 3 \u00abLos alumnos podr\u00e1n permanecer cursando Bachillerato en r\u00e9gimen ordinario durante cuatro a\u00f1os, consecutivos o no. Sin superar [&hellip;]<\/p>\n","protected":false},"author":4,"featured_media":0,"parent":103,"menu_order":0,"comment_status":"closed","ping_status":"closed","template":"","meta":{"footnotes":""},"folder":[],"class_list":["post-3119","page","type-page","status-publish","hentry"],"rttpg_featured_image_url":null,"rttpg_author":{"display_name":"Mar\u00eda del Juncal Blanco Bueno","author_link":"https:\/\/site.educa.madrid.org\/ies.churriguera.leganes\/index.php\/author\/m-juncal_blanco-bueno\/"},"rttpg_comment":0,"rttpg_category":false,"rttpg_excerpt":"Seg\u00fan marca la ORDEN 2067\/2023, de 11 de junio, de la Vicepresidencia, Consejer\u00eda de Educaci\u00f3n y Universidades, por la que se regulan determinados aspectos de organizaci\u00f3n, funcionamiento y evaluaci\u00f3n en el Bachillerato, en su art\u00edculo 24 apartado 3 \u00abLos alumnos podr\u00e1n permanecer cursando Bachillerato en r\u00e9gimen ordinario durante cuatro a\u00f1os, consecutivos o no. Sin superar&hellip;","post_mailing_queue_ids":[],"_links":{"self":[{"href":"https:\/\/site.educa.madrid.org\/ies.churriguera.leganes\/index.php\/wp-json\/wp\/v2\/pages\/3119","targetHints":{"allow":["GET"]}}],"collection":[{"href":"https:\/\/site.educa.madrid.org\/ies.churriguera.leganes\/index.php\/wp-json\/wp\/v2\/pages"}],"about":[{"href":"https:\/\/site.educa.madrid.org\/ies.churriguera.leganes\/index.php\/wp-json\/wp\/v2\/types\/page"}],"author":[{"embeddable":true,"href":"https:\/\/site.educa.madrid.org\/ies.churriguera.leganes\/index.php\/wp-json\/wp\/v2\/users\/4"}],"replies":[{"embeddable":true,"href":"https:\/\/site.educa.madrid.org\/ies.churriguera.leganes\/index.php\/wp-json\/wp\/v2\/comments?post=3119"}],"version-history":[{"count":4,"href":"https:\/\/site.educa.madrid.org\/ies.churriguera.leganes\/index.php\/wp-json\/wp\/v2\/pages\/3119\/revisions"}],"predecessor-version":[{"id":4469,"href":"https:\/\/site.educa.madrid.org\/ies.churriguera.leganes\/index.php\/wp-json\/wp\/v2\/pages\/3119\/revisions\/4469"}],"up":[{"embeddable":true,"href":"https:\/\/site.educa.madrid.org\/ies.churriguera.leganes\/index.php\/wp-json\/wp\/v2\/pages\/103"}],"wp:attachment":[{"href":"https:\/\/site.educa.madrid.org\/ies.churriguera.leganes\/index.php\/wp-json\/wp\/v2\/media?parent=3119"}],"wp:term":[{"taxonomy":"folder","embeddable":true,"href":"https:\/\/site.educa.madrid.org\/ies.churriguera.leganes\/index.php\/wp-json\/wp\/v2\/folder?post=3119"}],"curies":[{"name":"wp","href":"https:\/\/api.w.org\/{rel}","templated":true}]}}