{"id":3206,"date":"2024-02-02T12:39:21","date_gmt":"2024-02-02T11:39:21","guid":{"rendered":"https:\/\/site.educa.madrid.org\/ies.churriguera.leganes\/?page_id=3206"},"modified":"2025-02-25T10:56:34","modified_gmt":"2025-02-25T09:56:34","slug":"programa-fruta-y-leche","status":"publish","type":"page","link":"https:\/\/site.educa.madrid.org\/ies.churriguera.leganes\/index.php\/programa-fruta-y-leche\/","title":{"rendered":"Programa Fruta y leche"},"content":{"rendered":"\n<h1 class=\"wp-block-heading\">Programa \u00abFruta y Leche\u00bb<\/h1>\n\n\n\n<div class=\"wp-block-media-text is-stacked-on-mobile is-vertically-aligned-center\" style=\"grid-template-columns:51% auto\"><figure class=\"wp-block-media-text__media\"><img loading=\"lazy\" decoding=\"async\" width=\"300\" height=\"194\" src=\"https:\/\/site.educa.madrid.org\/ies.churriguera.leganes\/\/wp-content\/uploads\/ies.churriguera.leganes\/2024\/02\/fruta-y-leche.png\" alt=\"\" class=\"wp-image-3208 size-full\"\/><\/figure><div class=\"wp-block-media-text__content\">\n<p>La Comunidad de Madrid, a trav\u00e9s de la Consejer\u00eda de Medio Ambiente, Agricultura e Interior, vuelve a poner en marcha este curso el Programa escolar de consumo de frutas, hortalizas y leche de la Uni\u00f3n Europea. Es el primer a\u00f1o que hemos participado en este programa. Se trata de una iniciativa de la Uni\u00f3n Europea, destinada a fomentar h\u00e1bitos de alimentaci\u00f3n saludables.<\/p>\n\n\n\n<p>Este proyecto tiene una muy buena acogida entre nuestro alumnado.<br><\/p>\n<\/div><\/div>\n\n\n\n<p>En el caso de nuestro centro, se realiza entrega tanto de leche como de fruta. Tambi\u00e9n realizamos la difusi\u00f3n de informaci\u00f3n espec\u00edfica para concienciar a los alumnos y alumnas acerca de la <strong>importancia de una buena nutrici\u00f3n y las propiedades de los alimentos.<\/strong><br><strong>La campa\u00f1a incluye el reparto de tetra briks de leche dos d\u00edas a la semana y fruta otros dos, en d\u00edas alternos.<\/strong> Su consumo se realiza durante el per\u00edodo de recreo y no pueden ser utilizados fuera del centro. La informaci\u00f3n espec\u00edfica es la siguiente:<\/p>\n\n\n\n<h2 class=\"wp-block-heading has-text-align-left\"><strong>Suministro de leche<\/strong><\/h2>\n\n\n\n<p class=\"has-text-align-left\">El suministro suele comenzar en febrero y dependiendo del curso se puede prolongar hasta el mes de mayo para el alumnado de 1\u00ba y 2\u00ba ESO.<br>El reparto de leche se efect\u00faa dos d\u00edas por semana (presumiblemente lunes y mi\u00e9rcoles). Se realiza unos minutos antes del comienzo del recreo en las propias aulas, con la colaboraci\u00f3n del profesorado y alumnado de cada curso.<br>Todos aquellos alumnos\/as que por diferentes motivos no quieran participar en el programa le instamos a que no adquieran el tetra brick y as\u00ed no hacer un uso indebido del mismo, de ser as\u00ed se aplicar\u00e1n las normas de convivencia recogidas en el Plan de convivencia del centro. Se ruega a las familias colaboraci\u00f3n en este aspecto.<br>Solamente se distribuir\u00e1 este producto a los alumnos que no presenten ning\u00fan tipo de alergia. El alumnado con alg\u00fan tipo de intolerancia deber\u00e1 presentar un documento justificativo y se le entregar\u00e1 un tetra brick de leche sin lactosa.<\/p>\n\n\n\n<h2 class=\"wp-block-heading has-text-align-left\"><strong>Suministro de fruta<\/strong><\/h2>\n\n\n\n<p class=\"has-text-align-left\">El suministro suele comenzar en febrero y dependiendo del curso se puede prolongar hasta el mes de mayo para el alumnado de 1\u00ba y 2\u00ba ESO.<br>El reparto de fruta se efect\u00faa dos d\u00edas por semana (presumiblemente jueves y viernes). Se realiza durante el recreo en el patio, con la colaboraci\u00f3n del profesorado de guardia y responsables de los Patios Alternativos.<br>Todos aquellos alumnos\/as que por diferentes motivos no quieran participar en el programa le instamos a que no cojan piezas de fruta, y as\u00ed no hacer un uso indebido de la misma. Si se hace un uso no adecuado de la fruta se aplicar\u00e1n las normas de convivencia recogidas en el Plan de convivencia del centro. Se ruega a las familias colaboraci\u00f3n en este aspecto.<br>Solamente se distribuir\u00e1 la fruta correspondiente a los alumnos que no presenten ning\u00fan tipo de alergia.<\/p>\n\n\n\n<p>La fruta que se ha repartido hasta el momento ha sido: pl\u00e1tanos, manzanas, mandarinas, nectarinas y tomates cherry. <\/p>\n\n\n\n<p><\/p>\n\n\n\n<p class=\"has-text-align-left\"><br><strong>Importante: Rogamos pongan en conocimientod el centro las posibles alergias o intolerancias de su hijo\/a a la leche o a las frutas que se ir\u00e1n suministrando durante la campa\u00f1a <\/strong>enviando un correo electr\u00f3nico poniendo en el asunto: INTOLERANCIA\/ALERGIA. Nombre y Apellidos del Alumno\/a y Curso a la direcci\u00f3n de correo electr\u00f3nico <a href=\"mailto:ies.churriguera.leganes@educa.madrid.org\" target=\"_blank\" rel=\"noreferrer noopener\">ies.churriguera.leganes@educa.madrid.org<\/a><\/p>\n\n\n\n<figure class=\"wp-block-image aligncenter size-large\"><img loading=\"lazy\" decoding=\"async\" width=\"722\" height=\"1024\" src=\"https:\/\/site.educa.madrid.org\/ies.churriguera.leganes\/\/wp-content\/uploads\/ies.churriguera.leganes\/2024\/07\/2_Grafica_frutas_hortalizas_lacteos_tcm69-568336_page-0001-722x1024.jpg\" alt=\"\" class=\"wp-image-5755\" srcset=\"https:\/\/site.educa.madrid.org\/ies.churriguera.leganes\/\/wp-content\/uploads\/ies.churriguera.leganes\/2024\/07\/2_Grafica_frutas_hortalizas_lacteos_tcm69-568336_page-0001-722x1024.jpg 722w, https:\/\/site.educa.madrid.org\/ies.churriguera.leganes\/\/wp-content\/uploads\/ies.churriguera.leganes\/2024\/07\/2_Grafica_frutas_hortalizas_lacteos_tcm69-568336_page-0001-212x300.jpg 212w, https:\/\/site.educa.madrid.org\/ies.churriguera.leganes\/\/wp-content\/uploads\/ies.churriguera.leganes\/2024\/07\/2_Grafica_frutas_hortalizas_lacteos_tcm69-568336_page-0001-768x1089.jpg 768w, https:\/\/site.educa.madrid.org\/ies.churriguera.leganes\/\/wp-content\/uploads\/ies.churriguera.leganes\/2024\/07\/2_Grafica_frutas_hortalizas_lacteos_tcm69-568336_page-0001-1084x1536.jpg 1084w, https:\/\/site.educa.madrid.org\/ies.churriguera.leganes\/\/wp-content\/uploads\/ies.churriguera.leganes\/2024\/07\/2_Grafica_frutas_hortalizas_lacteos_tcm69-568336_page-0001-1445x2048.jpg 1445w, https:\/\/site.educa.madrid.org\/ies.churriguera.leganes\/\/wp-content\/uploads\/ies.churriguera.leganes\/2024\/07\/2_Grafica_frutas_hortalizas_lacteos_tcm69-568336_page-0001.jpg 1772w\" sizes=\"auto, (max-width: 722px) 100vw, 722px\" \/><\/figure>\n","protected":false},"excerpt":{"rendered":"<p>Programa \u00abFruta y Leche\u00bb La Comunidad de Madrid, a trav\u00e9s de la Consejer\u00eda de Medio Ambiente, Agricultura e Interior, vuelve a poner en marcha este curso el Programa escolar de consumo de frutas, hortalizas y leche de la Uni\u00f3n Europea. Es el primer a\u00f1o que hemos participado en este programa. Se trata de una iniciativa [&hellip;]<\/p>\n","protected":false},"author":9,"featured_media":3208,"parent":0,"menu_order":0,"comment_status":"closed","ping_status":"closed","template":"","meta":{"footnotes":""},"folder":[],"class_list":["post-3206","page","type-page","status-publish","has-post-thumbnail","hentry"],"rttpg_featured_image_url":{"full":["https:\/\/site.educa.madrid.org\/ies.churriguera.leganes\/\/wp-content\/uploads\/ies.churriguera.leganes\/2024\/02\/fruta-y-leche.png",300,194,false],"landscape":["https:\/\/site.educa.madrid.org\/ies.churriguera.leganes\/\/wp-content\/uploads\/ies.churriguera.leganes\/2024\/02\/fruta-y-leche.png",300,194,false],"portraits":["https:\/\/site.educa.madrid.org\/ies.churriguera.leganes\/\/wp-content\/uploads\/ies.churriguera.leganes\/2024\/02\/fruta-y-leche.png",300,194,false],"thumbnail":["https:\/\/site.educa.madrid.org\/ies.churriguera.leganes\/\/wp-content\/uploads\/ies.churriguera.leganes\/2024\/02\/fruta-y-leche-150x150.png",150,150,true],"medium":["https:\/\/site.educa.madrid.org\/ies.churriguera.leganes\/\/wp-content\/uploads\/ies.churriguera.leganes\/2024\/02\/fruta-y-leche.png",300,194,false],"large":["https:\/\/site.educa.madrid.org\/ies.churriguera.leganes\/\/wp-content\/uploads\/ies.churriguera.leganes\/2024\/02\/fruta-y-leche.png",300,194,false],"thumblist":["https:\/\/site.educa.madrid.org\/ies.churriguera.leganes\/\/wp-content\/uploads\/ies.churriguera.leganes\/2024\/02\/fruta-y-leche.png",300,194,false],"thumbrelated":["https:\/\/site.educa.madrid.org\/ies.churriguera.leganes\/\/wp-content\/uploads\/ies.churriguera.leganes\/2024\/02\/fruta-y-leche.png",300,194,false],"meccarouselthumb":["https:\/\/site.educa.madrid.org\/ies.churriguera.leganes\/\/wp-content\/uploads\/ies.churriguera.leganes\/2024\/02\/fruta-y-leche.png",300,194,false],"gridsquare":["https:\/\/site.educa.madrid.org\/ies.churriguera.leganes\/\/wp-content\/uploads\/ies.churriguera.leganes\/2024\/02\/fruta-y-leche.png",300,194,false],"tileview":["https:\/\/site.educa.madrid.org\/ies.churriguera.leganes\/\/wp-content\/uploads\/ies.churriguera.leganes\/2024\/02\/fruta-y-leche.png",300,194,false],"1536x1536":["https:\/\/site.educa.madrid.org\/ies.churriguera.leganes\/\/wp-content\/uploads\/ies.churriguera.leganes\/2024\/02\/fruta-y-leche.png",300,194,false],"2048x2048":["https:\/\/site.educa.madrid.org\/ies.churriguera.leganes\/\/wp-content\/uploads\/ies.churriguera.leganes\/2024\/02\/fruta-y-leche.png",300,194,false],"total-portfolio-thumb":["https:\/\/site.educa.madrid.org\/ies.churriguera.leganes\/\/wp-content\/uploads\/ies.churriguera.leganes\/2024\/02\/fruta-y-leche.png",300,194,false],"total-team-thumb":["https:\/\/site.educa.madrid.org\/ies.churriguera.leganes\/\/wp-content\/uploads\/ies.churriguera.leganes\/2024\/02\/fruta-y-leche.png",300,194,false],"total-blog-thumb":["https:\/\/site.educa.madrid.org\/ies.churriguera.leganes\/\/wp-content\/uploads\/ies.churriguera.leganes\/2024\/02\/fruta-y-leche.png",300,194,false],"total-thumb":["https:\/\/site.educa.madrid.org\/ies.churriguera.leganes\/\/wp-content\/uploads\/ies.churriguera.leganes\/2024\/02\/fruta-y-leche.png",100,65,false],"total-blog-header":["https:\/\/site.educa.madrid.org\/ies.churriguera.leganes\/\/wp-content\/uploads\/ies.churriguera.leganes\/2024\/02\/fruta-y-leche.png",300,194,false],"sow-carousel-default":["https:\/\/site.educa.madrid.org\/ies.churriguera.leganes\/\/wp-content\/uploads\/ies.churriguera.leganes\/2024\/02\/fruta-y-leche-272x182.png",272,182,true],"sow-post-carousel-overlay-theme":["https:\/\/site.educa.madrid.org\/ies.churriguera.leganes\/\/wp-content\/uploads\/ies.churriguera.leganes\/2024\/02\/fruta-y-leche.png",300,194,false],"sow-post-carousel-cards-theme":["https:\/\/site.educa.madrid.org\/ies.churriguera.leganes\/\/wp-content\/uploads\/ies.churriguera.leganes\/2024\/02\/fruta-y-leche.png",300,194,false],"sow-blog-portfolio":["https:\/\/site.educa.madrid.org\/ies.churriguera.leganes\/\/wp-content\/uploads\/ies.churriguera.leganes\/2024\/02\/fruta-y-leche.png",300,194,false],"sow-blog-grid":["https:\/\/site.educa.madrid.org\/ies.churriguera.leganes\/\/wp-content\/uploads\/ies.churriguera.leganes\/2024\/02\/fruta-y-leche.png",300,194,false],"sow-blog-alternate":["https:\/\/site.educa.madrid.org\/ies.churriguera.leganes\/\/wp-content\/uploads\/ies.churriguera.leganes\/2024\/02\/fruta-y-leche.png",300,194,false],"rt_custom":["https:\/\/site.educa.madrid.org\/ies.churriguera.leganes\/\/wp-content\/uploads\/ies.churriguera.leganes\/2024\/02\/fruta-y-leche.png",300,194,false]},"rttpg_author":{"display_name":"Cuenta Compdigedu ies churriguera leganes","author_link":"https:\/\/site.educa.madrid.org\/ies.churriguera.leganes\/index.php\/author\/cuenta_compdigedu-ies-churriguera-leganes\/"},"rttpg_comment":0,"rttpg_category":false,"rttpg_excerpt":"Programa \u00abFruta y Leche\u00bb La Comunidad de Madrid, a trav\u00e9s de la Consejer\u00eda de Medio Ambiente, Agricultura e Interior, vuelve a poner en marcha este curso el Programa escolar de consumo de frutas, hortalizas y leche de la Uni\u00f3n Europea. Es el primer a\u00f1o que hemos participado en este programa. Se trata de una iniciativa&hellip;","post_mailing_queue_ids":[],"_links":{"self":[{"href":"https:\/\/site.educa.madrid.org\/ies.churriguera.leganes\/index.php\/wp-json\/wp\/v2\/pages\/3206","targetHints":{"allow":["GET"]}}],"collection":[{"href":"https:\/\/site.educa.madrid.org\/ies.churriguera.leganes\/index.php\/wp-json\/wp\/v2\/pages"}],"about":[{"href":"https:\/\/site.educa.madrid.org\/ies.churriguera.leganes\/index.php\/wp-json\/wp\/v2\/types\/page"}],"author":[{"embeddable":true,"href":"https:\/\/site.educa.madrid.org\/ies.churriguera.leganes\/index.php\/wp-json\/wp\/v2\/users\/9"}],"replies":[{"embeddable":true,"href":"https:\/\/site.educa.madrid.org\/ies.churriguera.leganes\/index.php\/wp-json\/wp\/v2\/comments?post=3206"}],"version-history":[{"count":8,"href":"https:\/\/site.educa.madrid.org\/ies.churriguera.leganes\/index.php\/wp-json\/wp\/v2\/pages\/3206\/revisions"}],"predecessor-version":[{"id":5756,"href":"https:\/\/site.educa.madrid.org\/ies.churriguera.leganes\/index.php\/wp-json\/wp\/v2\/pages\/3206\/revisions\/5756"}],"wp:featuredmedia":[{"embeddable":true,"href":"https:\/\/site.educa.madrid.org\/ies.churriguera.leganes\/index.php\/wp-json\/wp\/v2\/media\/3208"}],"wp:attachment":[{"href":"https:\/\/site.educa.madrid.org\/ies.churriguera.leganes\/index.php\/wp-json\/wp\/v2\/media?parent=3206"}],"wp:term":[{"taxonomy":"folder","embeddable":true,"href":"https:\/\/site.educa.madrid.org\/ies.churriguera.leganes\/index.php\/wp-json\/wp\/v2\/folder?post=3206"}],"curies":[{"name":"wp","href":"https:\/\/api.w.org\/{rel}","templated":true}]}}