{"id":381,"date":"2021-02-11T18:54:56","date_gmt":"2021-02-11T17:54:56","guid":{"rendered":"https:\/\/site.educa.madrid.org\/ies.churriguera.leganes\/?page_id=381"},"modified":"2025-02-25T11:23:35","modified_gmt":"2025-02-25T10:23:35","slug":"churriciencia","status":"publish","type":"page","link":"https:\/\/site.educa.madrid.org\/ies.churriguera.leganes\/index.php\/churriciencia\/","title":{"rendered":"Churriciencia+"},"content":{"rendered":"\n<p>Es una muestra de experiencias cient\u00edficas e interdepartamentales en general. A\u00f1o tras a\u00f1o, elegimos una tem\u00e1tica para desarrollar con el alumnado y trabajar de manera interdisciplinar. <\/p>\n\n\n\n<p>Este curso nuestro Churriciencia+ est\u00e1 dedicado a trabajar la tem\u00e1tica del Agua. Iremos publicando en este espacio las actividades que se vayan desarrollando.<\/p>\n\n\n\n<figure class=\"wp-block-image aligncenter size-full is-resized\"><img loading=\"lazy\" decoding=\"async\" width=\"1023\" height=\"880\" src=\"https:\/\/site.educa.madrid.org\/ies.churriguera.leganes\/\/wp-content\/uploads\/ies.churriguera.leganes\/2023\/03\/cambio.jpg\" alt=\"\" class=\"wp-image-1524\" style=\"width:344px;height:auto\" srcset=\"https:\/\/site.educa.madrid.org\/ies.churriguera.leganes\/\/wp-content\/uploads\/ies.churriguera.leganes\/2023\/03\/cambio.jpg 1023w, https:\/\/site.educa.madrid.org\/ies.churriguera.leganes\/\/wp-content\/uploads\/ies.churriguera.leganes\/2023\/03\/cambio-300x258.jpg 300w, https:\/\/site.educa.madrid.org\/ies.churriguera.leganes\/\/wp-content\/uploads\/ies.churriguera.leganes\/2023\/03\/cambio-768x661.jpg 768w\" sizes=\"auto, (max-width: 1023px) 100vw, 1023px\" \/><\/figure>\n\n\n        <div class=\"rttpg-block-postgrid rttpg-block-wrapper rttpg-block-9fae1d tpg-filter-type-dropdown section-title-style-style1 section-title-align-center img_hover_animation_default title-default title_position_default title_hover_border_default meta_position_default tpg-is-author-icon-default author-image-visibility-icon tpg-category-position-default readmore-btn-default-style grid-hover-overlay-type-always grid-hover-overlay-height-default hover-overlay-height-default tpg-title-border-default filter-nex-prev-btn-visible tpg-cat-style1 slider-scroll-hide act-label-style-inline\">\n            <div class=\"rt-container-fluid rt-tpg-container tpg-el-main-wrapper tpg-gutenberg clearfix grid_hover-layout1-main\"\n                 id=\"rt-tpg-container-594829643\"\n                 data-layout=\"grid_hover-layout1\"\n                 data-grid-style=\"tpg-even\" data-sc-id=\"elementor\"\n                 data-el-settings=''\n                 data-el-query=''\n                 data-el-path=''>\n\t\t\t\t                <div class='tpg-header-wrapper '>\n\t\t\t\t\t\n        <div class=\"tpg-widget-heading-wrapper rt-clear heading-style1 \">\n            <span class=\"tpg-widget-heading-line line-left\"><\/span>\n\t\t\t<h2 class='tpg-widget-heading'>\n\t\t\t            <a href=\"#\"  >\n\t\t\t\t\n\t\t\t\t                    <span>\n\t\t\t\t\t\tEn cursos anteriores hemos trabajado&#8230;\t\t\t\t\t<\/span>\n\t\t\t\t\t\n\t\t\t\t            <\/a>\n\n\t\t\t\t\t<\/h2>            <span class=\"tpg-widget-heading-line line-right\"><\/span>\n\n\t\t\t\n        <\/div>\n\n\t\t\n\t\t                <\/div>\n                <div class=\"rt-row rt-content-loader gutenberg-inner grid_hover-layout1 tpg-even grid-behaviour grid_hover_layout_wrapper\">\n\t\t\t\t\t\n<div class=\"rt-col-md-4 rt-col-sm-6 rt-col-xs-12 default rt-grid-hover-item rt-grid-item\" data-id=\"5738\">\n\t<div class=\"rt-holder tpg-post-holder \">\n\t\t<div class=\"rt-detail rt-el-content-wrapper\">\n\t\t\t\t\t\t\t<div class=\"rt-img-holder tpg-el-image-wrap has-thumbnail\">\n\t\t\t\t\t<a data-id=\"5738\" href=\"https:\/\/site.educa.madrid.org\/ies.churriguera.leganes\/index.php\/movimientos\/\" class=\"tpg-post-link\" target=\"_self\">                        <img loading=\"lazy\" decoding=\"async\" src=\"https:\/\/site.educa.madrid.org\/ies.churriguera.leganes\/\/wp-content\/uploads\/ies.churriguera.leganes\/2025\/02\/Leonardo_Phoenix_10_A_vibrant_and_eclectic_artwork_depicting_v_1-768x768.jpg\"\n                             class=\"rt-img-responsive\"\n                             width=\"640\"\n                             height=\"640\"\n                             alt=\"Movimientos\">\n\t\t\t\t\t\t\n\t\t\t\t\t\t\t\n\t\t<\/a>\n\t\t        <div class=\"overlay grid-hover-content\"><\/div>\n\t\t\t\t\t\t<\/div>\n\t\t\t\n\t\t\t<div class=\"grid-hover-content\">\n\n\t\t\t\t<div class=\"entry-title-wrapper\"><h3 class=\"entry-title\"><a data-id=\"5738\" href=\"https:\/\/site.educa.madrid.org\/ies.churriguera.leganes\/index.php\/movimientos\/\" class=\"tpg-post-link\" target=\"_self\">Movimientos<\/a><\/h3><\/div>\n\t\t\t\t\n\t\t\t\t\n\t\t\t\t\t\t\t<\/div>\n\t\t<\/div>\n\t<\/div>\n<\/div>\n\n<div class=\"rt-col-md-4 rt-col-sm-6 rt-col-xs-12 default rt-grid-hover-item rt-grid-item\" data-id=\"2546\">\n\t<div class=\"rt-holder tpg-post-holder \">\n\t\t<div class=\"rt-detail rt-el-content-wrapper\">\n\t\t\t\t\t\t\t<div class=\"rt-img-holder tpg-el-image-wrap has-thumbnail\">\n\t\t\t\t\t<a data-id=\"2546\" href=\"https:\/\/site.educa.madrid.org\/ies.churriguera.leganes\/index.php\/proyecto-vadevalle\/\" class=\"tpg-post-link\" target=\"_self\">                        <img loading=\"lazy\" decoding=\"async\" src=\"https:\/\/site.educa.madrid.org\/ies.churriguera.leganes\/\/wp-content\/uploads\/ies.churriguera.leganes\/2024\/07\/Ramon_Maria_del_Valle_Inclan_de_Audouard.jpg\"\n                             class=\"rt-img-responsive\"\n                             width=\"418\"\n                             height=\"438\"\n                             alt=\"Proyecto \u00abVadeValle\u00bb\">\n\t\t\t\t\t\t\n\t\t\t\t\t\t\t\n\t\t<\/a>\n\t\t        <div class=\"overlay grid-hover-content\"><\/div>\n\t\t\t\t\t\t<\/div>\n\t\t\t\n\t\t\t<div class=\"grid-hover-content\">\n\n\t\t\t\t<div class=\"entry-title-wrapper\"><h3 class=\"entry-title\"><a data-id=\"2546\" href=\"https:\/\/site.educa.madrid.org\/ies.churriguera.leganes\/index.php\/proyecto-vadevalle\/\" class=\"tpg-post-link\" target=\"_self\">Proyecto \u00abVadeValle\u00bb<\/a><\/h3><\/div>\n\t\t\t\t\n\t\t\t\t\n\t\t\t\t\t\t\t<\/div>\n\t\t<\/div>\n\t<\/div>\n<\/div>\n\n<div class=\"rt-col-md-4 rt-col-sm-6 rt-col-xs-12 default rt-grid-hover-item rt-grid-item\" data-id=\"1617\">\n\t<div class=\"rt-holder tpg-post-holder \">\n\t\t<div class=\"rt-detail rt-el-content-wrapper\">\n\t\t\t\t\t\t\t<div class=\"rt-img-holder tpg-el-image-wrap has-thumbnail\">\n\t\t\t\t\t<a data-id=\"1617\" href=\"https:\/\/site.educa.madrid.org\/ies.churriguera.leganes\/index.php\/the-cube\/\" class=\"tpg-post-link\" target=\"_self\">                        <img loading=\"lazy\" decoding=\"async\" src=\"https:\/\/site.educa.madrid.org\/ies.churriguera.leganes\/\/wp-content\/uploads\/ies.churriguera.leganes\/2023\/04\/The-Cube-Project_page-0001-768x432.jpg\"\n                             class=\"rt-img-responsive\"\n                             width=\"640\"\n                             height=\"360\"\n                             alt=\"The cube\">\n\t\t\t\t\t\t\n\t\t\t\t\t\t\t\n\t\t<\/a>\n\t\t        <div class=\"overlay grid-hover-content\"><\/div>\n\t\t\t\t\t\t<\/div>\n\t\t\t\n\t\t\t<div class=\"grid-hover-content\">\n\n\t\t\t\t<div class=\"entry-title-wrapper\"><h3 class=\"entry-title\"><a data-id=\"1617\" href=\"https:\/\/site.educa.madrid.org\/ies.churriguera.leganes\/index.php\/the-cube\/\" class=\"tpg-post-link\" target=\"_self\">The cube<\/a><\/h3><\/div>\n\t\t\t\t\n\t\t\t\t\n\t\t\t\t\t\t\t<\/div>\n\t\t<\/div>\n\t<\/div>\n<\/div>\n                <\/div>\n\n\t\t\t\t\n            <\/div>\n        <\/div>\n\t\t","protected":false},"excerpt":{"rendered":"<p>Es una muestra de experiencias cient\u00edficas e interdepartamentales en general. A\u00f1o tras a\u00f1o, elegimos una tem\u00e1tica para desarrollar con el alumnado y trabajar de manera interdisciplinar. Este curso nuestro Churriciencia+ est\u00e1 dedicado a trabajar la tem\u00e1tica del Agua. Iremos publicando en este espacio las actividades que se vayan desarrollando.<\/p>\n","protected":false},"author":4,"featured_media":1524,"parent":0,"menu_order":0,"comment_status":"closed","ping_status":"closed","template":"","meta":{"footnotes":""},"folder":[],"class_list":["post-381","page","type-page","status-publish","has-post-thumbnail","hentry"],"rttpg_featured_image_url":{"full":["https:\/\/site.educa.madrid.org\/ies.churriguera.leganes\/\/wp-content\/uploads\/ies.churriguera.leganes\/2023\/03\/cambio.jpg",1023,880,false],"landscape":["https:\/\/site.educa.madrid.org\/ies.churriguera.leganes\/\/wp-content\/uploads\/ies.churriguera.leganes\/2023\/03\/cambio.jpg",1023,880,false],"portraits":["https:\/\/site.educa.madrid.org\/ies.churriguera.leganes\/\/wp-content\/uploads\/ies.churriguera.leganes\/2023\/03\/cambio.jpg",1023,880,false],"thumbnail":["https:\/\/site.educa.madrid.org\/ies.churriguera.leganes\/\/wp-content\/uploads\/ies.churriguera.leganes\/2023\/03\/cambio-150x150.jpg",150,150,true],"medium":["https:\/\/site.educa.madrid.org\/ies.churriguera.leganes\/\/wp-content\/uploads\/ies.churriguera.leganes\/2023\/03\/cambio-300x258.jpg",300,258,true],"large":["https:\/\/site.educa.madrid.org\/ies.churriguera.leganes\/\/wp-content\/uploads\/ies.churriguera.leganes\/2023\/03\/cambio.jpg",640,551,false],"thumblist":["https:\/\/site.educa.madrid.org\/ies.churriguera.leganes\/\/wp-content\/uploads\/ies.churriguera.leganes\/2023\/03\/cambio-300x300.jpg",300,300,true],"thumbrelated":["https:\/\/site.educa.madrid.org\/ies.churriguera.leganes\/\/wp-content\/uploads\/ies.churriguera.leganes\/2023\/03\/cambio.jpg",500,430,false],"meccarouselthumb":["https:\/\/site.educa.madrid.org\/ies.churriguera.leganes\/\/wp-content\/uploads\/ies.churriguera.leganes\/2023\/03\/cambio-474x324.jpg",474,324,true],"gridsquare":["https:\/\/site.educa.madrid.org\/ies.churriguera.leganes\/\/wp-content\/uploads\/ies.churriguera.leganes\/2023\/03\/cambio-391x260.jpg",391,260,true],"tileview":["https:\/\/site.educa.madrid.org\/ies.churriguera.leganes\/\/wp-content\/uploads\/ies.churriguera.leganes\/2023\/03\/cambio-300x400.jpg",300,400,true],"1536x1536":["https:\/\/site.educa.madrid.org\/ies.churriguera.leganes\/\/wp-content\/uploads\/ies.churriguera.leganes\/2023\/03\/cambio.jpg",1023,880,false],"2048x2048":["https:\/\/site.educa.madrid.org\/ies.churriguera.leganes\/\/wp-content\/uploads\/ies.churriguera.leganes\/2023\/03\/cambio.jpg",1023,880,false],"total-portfolio-thumb":["https:\/\/site.educa.madrid.org\/ies.churriguera.leganes\/\/wp-content\/uploads\/ies.churriguera.leganes\/2023\/03\/cambio.jpg",400,344,false],"total-team-thumb":["https:\/\/site.educa.madrid.org\/ies.churriguera.leganes\/\/wp-content\/uploads\/ies.churriguera.leganes\/2023\/03\/cambio.jpg",350,301,false],"total-blog-thumb":["https:\/\/site.educa.madrid.org\/ies.churriguera.leganes\/\/wp-content\/uploads\/ies.churriguera.leganes\/2023\/03\/cambio.jpg",326,280,false],"total-thumb":["https:\/\/site.educa.madrid.org\/ies.churriguera.leganes\/\/wp-content\/uploads\/ies.churriguera.leganes\/2023\/03\/cambio.jpg",100,86,false],"total-blog-header":["https:\/\/site.educa.madrid.org\/ies.churriguera.leganes\/\/wp-content\/uploads\/ies.churriguera.leganes\/2023\/03\/cambio.jpg",419,360,false],"sow-carousel-default":["https:\/\/site.educa.madrid.org\/ies.churriguera.leganes\/\/wp-content\/uploads\/ies.churriguera.leganes\/2023\/03\/cambio-272x182.jpg",272,182,true],"sow-post-carousel-overlay-theme":["https:\/\/site.educa.madrid.org\/ies.churriguera.leganes\/\/wp-content\/uploads\/ies.churriguera.leganes\/2023\/03\/cambio.jpg",360,310,false],"sow-post-carousel-cards-theme":["https:\/\/site.educa.madrid.org\/ies.churriguera.leganes\/\/wp-content\/uploads\/ies.churriguera.leganes\/2023\/03\/cambio.jpg",279,240,false],"sow-blog-portfolio":["https:\/\/site.educa.madrid.org\/ies.churriguera.leganes\/\/wp-content\/uploads\/ies.churriguera.leganes\/2023\/03\/cambio.jpg",375,323,false],"sow-blog-grid":["https:\/\/site.educa.madrid.org\/ies.churriguera.leganes\/\/wp-content\/uploads\/ies.churriguera.leganes\/2023\/03\/cambio.jpg",558,480,false],"sow-blog-alternate":["https:\/\/site.educa.madrid.org\/ies.churriguera.leganes\/\/wp-content\/uploads\/ies.churriguera.leganes\/2023\/03\/cambio.jpg",732,630,false],"rt_custom":["https:\/\/site.educa.madrid.org\/ies.churriguera.leganes\/\/wp-content\/uploads\/ies.churriguera.leganes\/2023\/03\/cambio.jpg",1023,880,false]},"rttpg_author":{"display_name":"Mar\u00eda del Juncal Blanco Bueno","author_link":"https:\/\/site.educa.madrid.org\/ies.churriguera.leganes\/index.php\/author\/m-juncal_blanco-bueno\/"},"rttpg_comment":0,"rttpg_category":false,"rttpg_excerpt":"Es una muestra de experiencias cient\u00edficas e interdepartamentales en general. A\u00f1o tras a\u00f1o, elegimos una tem\u00e1tica para desarrollar con el alumnado y trabajar de manera interdisciplinar. Este curso nuestro Churriciencia+ est\u00e1 dedicado a trabajar la tem\u00e1tica del Agua. Iremos publicando en este espacio las actividades que se vayan desarrollando.","post_mailing_queue_ids":[],"_links":{"self":[{"href":"https:\/\/site.educa.madrid.org\/ies.churriguera.leganes\/index.php\/wp-json\/wp\/v2\/pages\/381","targetHints":{"allow":["GET"]}}],"collection":[{"href":"https:\/\/site.educa.madrid.org\/ies.churriguera.leganes\/index.php\/wp-json\/wp\/v2\/pages"}],"about":[{"href":"https:\/\/site.educa.madrid.org\/ies.churriguera.leganes\/index.php\/wp-json\/wp\/v2\/types\/page"}],"author":[{"embeddable":true,"href":"https:\/\/site.educa.madrid.org\/ies.churriguera.leganes\/index.php\/wp-json\/wp\/v2\/users\/4"}],"replies":[{"embeddable":true,"href":"https:\/\/site.educa.madrid.org\/ies.churriguera.leganes\/index.php\/wp-json\/wp\/v2\/comments?post=381"}],"version-history":[{"count":11,"href":"https:\/\/site.educa.madrid.org\/ies.churriguera.leganes\/index.php\/wp-json\/wp\/v2\/pages\/381\/revisions"}],"predecessor-version":[{"id":7724,"href":"https:\/\/site.educa.madrid.org\/ies.churriguera.leganes\/index.php\/wp-json\/wp\/v2\/pages\/381\/revisions\/7724"}],"wp:featuredmedia":[{"embeddable":true,"href":"https:\/\/site.educa.madrid.org\/ies.churriguera.leganes\/index.php\/wp-json\/wp\/v2\/media\/1524"}],"wp:attachment":[{"href":"https:\/\/site.educa.madrid.org\/ies.churriguera.leganes\/index.php\/wp-json\/wp\/v2\/media?parent=381"}],"wp:term":[{"taxonomy":"folder","embeddable":true,"href":"https:\/\/site.educa.madrid.org\/ies.churriguera.leganes\/index.php\/wp-json\/wp\/v2\/folder?post=381"}],"curies":[{"name":"wp","href":"https:\/\/api.w.org\/{rel}","templated":true}]}}