{"id":3874,"date":"2024-06-28T13:03:31","date_gmt":"2024-06-28T11:03:31","guid":{"rendered":"https:\/\/site.educa.madrid.org\/ies.churriguera.leganes\/?page_id=3874"},"modified":"2024-09-02T17:00:06","modified_gmt":"2024-09-02T15:00:06","slug":"ciclo-formativo-de-grado-superior","status":"publish","type":"page","link":"https:\/\/site.educa.madrid.org\/ies.churriguera.leganes\/index.php\/ciclo-formativo-de-grado-superior\/","title":{"rendered":"Ciclo Formativo de Grado Superior"},"content":{"rendered":"\n<p>En esta p\u00e1gina puedes consultar todos los procedimientos, relacionados con secretar\u00eda, que est\u00e1n abiertos, o se abrir\u00e1n pr\u00f3ximamente<\/p>\n\n\n\n<div class=\"wp-block-buttons is-content-justification-center is-layout-flex wp-container-core-buttons-is-layout-a89b3969 wp-block-buttons-is-layout-flex\">\n<div class=\"wp-block-button has-custom-width wp-block-button__width-50 is-style-fill\" style=\"font-style:normal;font-weight:600\"><a class=\"wp-block-button__link has-white-color has-vivid-purple-background-color has-text-color has-background has-link-color wp-element-button\" href=\"https:\/\/site.educa.madrid.org\/ies.churriguera.leganes\/index.php\/ciclo-formativo-de-grado-superior\/admision-cfgs-promocion-igualdad-23-24\" target=\"_blank\" rel=\"noreferrer noopener\">Admisi\u00f3n para el C.F.G.S. de Promoci\u00f3n en Igualdad de G\u00e9nero <\/a><\/div>\n\n\n\n<div class=\"wp-block-button has-custom-width wp-block-button__width-50 is-style-fill\" style=\"font-style:normal;font-weight:600\"><a class=\"wp-block-button__link has-white-color has-vivid-purple-background-color has-text-color has-background has-link-color wp-element-button\" href=\"https:\/\/site.educa.madrid.org\/ies.churriguera.leganes\/index.php\/ciclo-formativo-de-grado-superior\/matricula-2\" target=\"_blank\" rel=\"noreferrer noopener\">Matr\u00edcula para el C.F.G.S. de Promoci\u00f3n de Igualdad de G\u00e9nero<\/a><\/div>\n<\/div>\n\n\n\n<p><\/p>\n","protected":false},"excerpt":{"rendered":"<p>En esta p\u00e1gina puedes consultar todos los procedimientos, relacionados con secretar\u00eda, que est\u00e1n abiertos, o se abrir\u00e1n pr\u00f3ximamente<\/p>\n","protected":false},"author":14,"featured_media":0,"parent":0,"menu_order":0,"comment_status":"closed","ping_status":"closed","template":"","meta":{"footnotes":""},"folder":[],"class_list":["post-3874","page","type-page","status-publish","hentry"],"rttpg_featured_image_url":null,"rttpg_author":{"display_name":"PATRICIA D\u00cdAZ GARC\u00cdA","author_link":"https:\/\/site.educa.madrid.org\/ies.churriguera.leganes\/index.php\/author\/patricia_diaz-garcia\/"},"rttpg_comment":0,"rttpg_category":false,"rttpg_excerpt":"En esta p\u00e1gina puedes consultar todos los procedimientos, relacionados con secretar\u00eda, que est\u00e1n abiertos, o se abrir\u00e1n pr\u00f3ximamente","post_mailing_queue_ids":[],"_links":{"self":[{"href":"https:\/\/site.educa.madrid.org\/ies.churriguera.leganes\/index.php\/wp-json\/wp\/v2\/pages\/3874","targetHints":{"allow":["GET"]}}],"collection":[{"href":"https:\/\/site.educa.madrid.org\/ies.churriguera.leganes\/index.php\/wp-json\/wp\/v2\/pages"}],"about":[{"href":"https:\/\/site.educa.madrid.org\/ies.churriguera.leganes\/index.php\/wp-json\/wp\/v2\/types\/page"}],"author":[{"embeddable":true,"href":"https:\/\/site.educa.madrid.org\/ies.churriguera.leganes\/index.php\/wp-json\/wp\/v2\/users\/14"}],"replies":[{"embeddable":true,"href":"https:\/\/site.educa.madrid.org\/ies.churriguera.leganes\/index.php\/wp-json\/wp\/v2\/comments?post=3874"}],"version-history":[{"count":8,"href":"https:\/\/site.educa.madrid.org\/ies.churriguera.leganes\/index.php\/wp-json\/wp\/v2\/pages\/3874\/revisions"}],"predecessor-version":[{"id":5831,"href":"https:\/\/site.educa.madrid.org\/ies.churriguera.leganes\/index.php\/wp-json\/wp\/v2\/pages\/3874\/revisions\/5831"}],"wp:attachment":[{"href":"https:\/\/site.educa.madrid.org\/ies.churriguera.leganes\/index.php\/wp-json\/wp\/v2\/media?parent=3874"}],"wp:term":[{"taxonomy":"folder","embeddable":true,"href":"https:\/\/site.educa.madrid.org\/ies.churriguera.leganes\/index.php\/wp-json\/wp\/v2\/folder?post=3874"}],"curies":[{"name":"wp","href":"https:\/\/api.w.org\/{rel}","templated":true}]}}