{"id":3998,"date":"2024-07-01T18:40:21","date_gmt":"2024-07-01T16:40:21","guid":{"rendered":"https:\/\/site.educa.madrid.org\/ies.churriguera.leganes\/?page_id=3998"},"modified":"2025-09-05T10:06:20","modified_gmt":"2025-09-05T08:06:20","slug":"matricula-2-2","status":"publish","type":"page","link":"https:\/\/site.educa.madrid.org\/ies.churriguera.leganes\/index.php\/secretaria\/matricula-2-2\/","title":{"rendered":"Matr\u00edcula Bachillerato de Personas Adultas"},"content":{"rendered":"\n<p><\/p>\n\n\n\n<h2 class=\"wp-block-heading\">\u00bfC\u00f3mo y d\u00f3nde me matriculo?<\/h2>\n\n\n\n<p><strong>Antes de matricularse es muy recomendable solicitar una cita con Jefatura de Estudios de Bachillerato de Personas Adultas para recibir orientaci\u00f3n sobre las materias a elegir <\/strong><\/p>\n\n\n\n<h3 class=\"wp-block-heading\"><strong>Presentaci\u00f3n Telem\u00e1tica <em>(Aconsejable)<\/em><\/strong><\/h3>\n\n\n\n<p>Para poder presentar la<strong>&nbsp;Matr\u00edcula&nbsp;<\/strong>de manera telem\u00e1tica, se requiere disponer de cualquiera de las siguientes v\u00edas:<\/p>\n\n\n\n<ul class=\"wp-block-list\">\n<li> Autenticaci\u00f3n &#8211; Roble<\/li>\n\n\n\n<li>Autenticaci\u00f3n &#8211; @SCV<\/li>\n\n\n\n<li>Autenticaci\u00f3n Clave&nbsp;(DNI electr\u00f3nico, Identifica, Clave PIN o cualquier otro&nbsp;<a href=\"https:\/\/gestionesytramites.madrid.org\/cs\/Satellite?cid=1142613969523&amp;language=es&amp;pagename=ServiciosAE%2FPage%2FPSAE_contenidoFinal\" target=\"_blank\" rel=\"noreferrer noopener\">certificado digital<\/a>&nbsp; reconocido y admitido&nbsp;en la Comunidad de Madrid).<\/li>\n<\/ul>\n\n\n\n<p>El\u00a0<strong>plazo de presentaci\u00f3n<\/strong>\u00a0de la\u00a0<strong>Matr\u00edcula<\/strong>\u00a0comienza el d\u00eda\u00a01 de septiembre hasta el 15 de septiembre ambos inclusive.<\/p>\n\n\n\n<p>La tramitaci\u00f3n y la obtenci\u00f3n de los formularios necesarios tiene que realizarse a trav\u00e9s de la&nbsp;<strong>Secretar\u00eda Virtual<\/strong>.<\/p>\n\n\n\n<p>Puedes acceder desde aqu\u00ed:<\/p>\n\n\n\n<div class=\"wp-block-buttons is-content-justification-center is-layout-flex wp-container-core-buttons-is-layout-a89b3969 wp-block-buttons-is-layout-flex\">\n<div class=\"wp-block-button\"><a class=\"wp-block-button__link has-vivid-red-background-color has-background wp-element-button\" href=\"https:\/\/raices.madrid.org\/secretariavirtual\/\" style=\"border-radius:8px\" target=\"_blank\" rel=\"noreferrer noopener\">ACCESO A LA SECRETAR\u00cdA VIRTUAL<\/a><\/div>\n<\/div>\n\n\n\n<hr class=\"wp-block-separator has-alpha-channel-opacity\"\/>\n\n\n\n<h3 class=\"wp-block-heading\"><strong>Presentaci\u00f3n Presencial<\/strong><\/h3>\n\n\n\n<p>Para realizar la Matr\u00edcula en el Bachillerato de Personas Adultas de forma presencial:<\/p>\n\n\n\n<ul class=\"wp-block-list\">\n<li>puede rellenar los documentos que se detallan a continuaci\u00f3n, imprimirlos y presentarlos en la Secretar\u00eda en horario de 10:00 a 13:30 horas. <\/li>\n\n\n\n<li>O puede pasarse por nuestro centro y pedir un sobre de matr\u00edcula, rellenarlo y presentarlo en Secretar\u00eda en el horario anterior.<\/li>\n<\/ul>\n\n\n\n<p>Seg\u00fan las <a href=\"https:\/\/site.educa.madrid.org\/ies.churriguera.leganes\/\/wp-content\/uploads\/ies.churriguera.leganes\/2024\/07\/INSTRUCCIONES-BPA.pdf\" data-type=\"link\" data-id=\"https:\/\/site.educa.madrid.org\/ies.churriguera.leganes\/\/wp-content\/uploads\/ies.churriguera.leganes\/2024\/07\/INSTRUCCIONESDEMATRICULAPARA1oCURSO.pdf\" target=\"_blank\" rel=\"noreferrer noopener\">instrucciones de matr\u00edcula<\/a>, los documentos que debe cumplimentar son los siguientes:<\/p>\n\n\n\n<figure class=\"wp-block-table\"><table><tbody><tr><td rowspan=\"3\">Bachillerato de Personas Adultas<\/td><td><a href=\"https:\/\/site.educa.madrid.org\/ies.churriguera.leganes\/\/wp-content\/uploads\/ies.churriguera.leganes\/2024\/07\/BPADatos.pdf\" data-type=\"link\" data-id=\"https:\/\/site.educa.madrid.org\/ies.churriguera.leganes\/\/wp-content\/uploads\/ies.churriguera.leganes\/2024\/07\/Formulario_matricula_CFGS_v1.0.pdf\" target=\"_blank\" rel=\"noreferrer noopener\">Formulario de Matr\u00edcula<\/a> ( completamente cumplimentado y firmado, dos copias)<\/td><\/tr><tr><td><a href=\"https:\/\/site.educa.madrid.org\/ies.churriguera.leganes\/\/wp-content\/uploads\/ies.churriguera.leganes\/2024\/07\/MATRICULAASIGNATURASBACHPERSONASADULTAS.pdf\" target=\"_blank\" rel=\"noreferrer noopener\">Formulario de Elecci\u00f3n de Asignaturas<\/a> ( completamente cumplimentado y firmado, dos copias)\n<\/td><\/tr><tr><td><a href=\"https:\/\/site.educa.madrid.org\/ies.churriguera.leganes\/\/wp-content\/uploads\/ies.churriguera.leganes\/2025\/06\/CONSENTIMIENTO-INFORMADO-1.pdf\" data-type=\"link\" data-id=\"https:\/\/site.educa.madrid.org\/ies.churriguera.leganes\/\/wp-content\/uploads\/ies.churriguera.leganes\/2024\/07\/CONSENTIMIENTOINFORMADOMAYORESDEEDAD.pdf\" target=\"_blank\" rel=\"noreferrer noopener\">Autorizaci\u00f3n de utilizaci\u00f3n de imagen<\/a>. Su entrega es obligatoria rellenando si se autoriza o no.<\/td><\/tr><\/tbody><\/table><\/figure>\n\n\n\n<p>No olvide entregar adem\u00e1s:<\/p>\n\n\n\n<ul class=\"wp-block-list\">\n<li>Una fotocopia del DNI, NIE o Pasaporte<\/li>\n\n\n\n<li>Una fotograf\u00eda actualizada<\/li>\n\n\n\n<li>Si es menor de 28 a\u00f1os, el justificante de pago del Seguro Escolar<\/li>\n\n\n\n<li>T\u00edtulo de Familia Numerosa (si procede)<\/li>\n\n\n\n<li>SOLO PARA NUEVAS MATR\u00cdCULAS que vengan de OTROS centros:\n<ul class=\"wp-block-list\">\n<li>Si NUNCA has estado matriculado\/a en Bachillerato en ning\u00fan centro: fotocopia del T\u00edtulo o Historial acad\u00e9mico de ESO, t\u00edtulo de BUP, T\u00c9CNICO o FP1 (o resguardo de estar solicitado), libro BUP, credencial de convalidaci\u00f3n de estudios extranjeros, etc.<\/li>\n\n\n\n<li>Alumnado repetidor de 1\u00ba Bachillerato y alumnado que haya cursado Bachillerato con anterioridad: informe personal por traslado y certificaci\u00f3n acad\u00e9mica oficial de notas, que se solicitar\u00e1n en el centro de procedencia.<\/li>\n<\/ul>\n<\/li>\n\n\n\n<li>SOLO para MENORES DE 18 A\u00d1OS Fotocopia y original del Contrato de Trabajo o documentaci\u00f3n justificativa de ser deportista de alto rendimiento.<\/li>\n<\/ul>\n\n\n\n<p><\/p>\n\n\n\n<p><\/p>\n","protected":false},"excerpt":{"rendered":"<p>\u00bfC\u00f3mo y d\u00f3nde me matriculo? Antes de matricularse es muy recomendable solicitar una cita con Jefatura de Estudios de Bachillerato de Personas Adultas para recibir orientaci\u00f3n sobre las materias a elegir Presentaci\u00f3n Telem\u00e1tica (Aconsejable) Para poder presentar la&nbsp;Matr\u00edcula&nbsp;de manera telem\u00e1tica, se requiere disponer de cualquiera de las siguientes v\u00edas: El\u00a0plazo de presentaci\u00f3n\u00a0de la\u00a0Matr\u00edcula\u00a0comienza el d\u00eda\u00a01 [&hellip;]<\/p>\n","protected":false},"author":14,"featured_media":0,"parent":103,"menu_order":0,"comment_status":"closed","ping_status":"closed","template":"","meta":{"footnotes":""},"folder":[],"class_list":["post-3998","page","type-page","status-publish","hentry"],"rttpg_featured_image_url":null,"rttpg_author":{"display_name":"PATRICIA D\u00cdAZ GARC\u00cdA","author_link":"https:\/\/site.educa.madrid.org\/ies.churriguera.leganes\/index.php\/author\/patricia_diaz-garcia\/"},"rttpg_comment":0,"rttpg_category":false,"rttpg_excerpt":"\u00bfC\u00f3mo y d\u00f3nde me matriculo? Antes de matricularse es muy recomendable solicitar una cita con Jefatura de Estudios de Bachillerato de Personas Adultas para recibir orientaci\u00f3n sobre las materias a elegir Presentaci\u00f3n Telem\u00e1tica (Aconsejable) Para poder presentar la&nbsp;Matr\u00edcula&nbsp;de manera telem\u00e1tica, se requiere disponer de cualquiera de las siguientes v\u00edas: El\u00a0plazo de presentaci\u00f3n\u00a0de la\u00a0Matr\u00edcula\u00a0comienza el d\u00eda\u00a01&hellip;","post_mailing_queue_ids":[],"_links":{"self":[{"href":"https:\/\/site.educa.madrid.org\/ies.churriguera.leganes\/index.php\/wp-json\/wp\/v2\/pages\/3998","targetHints":{"allow":["GET"]}}],"collection":[{"href":"https:\/\/site.educa.madrid.org\/ies.churriguera.leganes\/index.php\/wp-json\/wp\/v2\/pages"}],"about":[{"href":"https:\/\/site.educa.madrid.org\/ies.churriguera.leganes\/index.php\/wp-json\/wp\/v2\/types\/page"}],"author":[{"embeddable":true,"href":"https:\/\/site.educa.madrid.org\/ies.churriguera.leganes\/index.php\/wp-json\/wp\/v2\/users\/14"}],"replies":[{"embeddable":true,"href":"https:\/\/site.educa.madrid.org\/ies.churriguera.leganes\/index.php\/wp-json\/wp\/v2\/comments?post=3998"}],"version-history":[{"count":6,"href":"https:\/\/site.educa.madrid.org\/ies.churriguera.leganes\/index.php\/wp-json\/wp\/v2\/pages\/3998\/revisions"}],"predecessor-version":[{"id":8868,"href":"https:\/\/site.educa.madrid.org\/ies.churriguera.leganes\/index.php\/wp-json\/wp\/v2\/pages\/3998\/revisions\/8868"}],"up":[{"embeddable":true,"href":"https:\/\/site.educa.madrid.org\/ies.churriguera.leganes\/index.php\/wp-json\/wp\/v2\/pages\/103"}],"wp:attachment":[{"href":"https:\/\/site.educa.madrid.org\/ies.churriguera.leganes\/index.php\/wp-json\/wp\/v2\/media?parent=3998"}],"wp:term":[{"taxonomy":"folder","embeddable":true,"href":"https:\/\/site.educa.madrid.org\/ies.churriguera.leganes\/index.php\/wp-json\/wp\/v2\/folder?post=3998"}],"curies":[{"name":"wp","href":"https:\/\/api.w.org\/{rel}","templated":true}]}}