{"id":402,"date":"2021-02-12T06:56:53","date_gmt":"2021-02-12T05:56:53","guid":{"rendered":"https:\/\/site.educa.madrid.org\/ies.churriguera.leganes\/?page_id=402"},"modified":"2025-06-07T16:03:03","modified_gmt":"2025-06-07T14:03:03","slug":"matricula-2","status":"publish","type":"page","link":"https:\/\/site.educa.madrid.org\/ies.churriguera.leganes\/index.php\/matricula-2\/","title":{"rendered":"Matr\u00edcula en el C.F.G.S. en Promoci\u00f3n de Igualdad de G\u00e9nero"},"content":{"rendered":"\n<p>Las fechas de matriculaci\u00f3n para el <mark style=\"background-color:rgba(0, 0, 0, 0)\" class=\"has-inline-color has-vivid-purple-color\">curso 2025\/2026<\/mark> son las siguientes:<\/p>\n\n\n\n<h3 class=\"wp-block-heading\">Alumnado que ya cursa estas ense\u00f1anzas en nuestro centro<\/h3>\n\n\n\n<p>El alumnado que promocione de 1\u00ba a 2\u00ba, o el que repita, debe matricularse antes del 24 de junio. <\/p>\n\n\n\n<p>Tanto si la matr\u00edcula es presencial, como si se realiza por secretar\u00eda virtual, pedimos a nuestro alumnado que, por necesidades organizativas del centro, se realice el <strong>16 de junio<\/strong> de 2025<\/p>\n\n\n\n<h3 class=\"wp-block-heading\">Alumnado de nueva admisi\u00f3n<\/h3>\n\n\n\n<p>Tras el proceso de admisi\u00f3n, y una vez haya comprobado que ha sido admitido en nuestro centro, <strong>debe matricularse.<\/strong><\/p>\n\n\n\n<p>Este curso el periodo marcado por la Comunidad de Madrid para la matriculaci\u00f3n es el <strong>18, 21 y 22 de Julio<\/strong>.<\/p>\n\n\n\n<p><strong>Las personas que no presenten la matr\u00edcula en el plazo marcado por la normativa, decaer\u00e1n del proceso de admisi\u00f3n, perdiendo la plaza que hab\u00edan obtenido.<\/strong><\/p>\n\n\n\n<h2 class=\"wp-block-heading\">\u00bfC\u00f3mo y d\u00f3nde me matriculo?<\/h2>\n\n\n\n<h3 class=\"wp-block-heading\"><strong>Presentaci\u00f3n Telem\u00e1tica <em>(Aconsejable)<\/em><\/strong><\/h3>\n\n\n\n<p>Para poder presentar la<strong>&nbsp;Matr\u00edcula&nbsp;<\/strong>de manera telem\u00e1tica, se requiere disponer de cualquiera de las siguientes v\u00edas:<\/p>\n\n\n\n<ul class=\"wp-block-list\">\n<li> Autenticaci\u00f3n &#8211; Roble<\/li>\n\n\n\n<li>Autenticaci\u00f3n &#8211; @SCV<\/li>\n\n\n\n<li>Autenticaci\u00f3n Clave&nbsp;(DNI electr\u00f3nico, Identifica, Clave PIN o cualquier otro&nbsp;<a href=\"https:\/\/gestionesytramites.madrid.org\/cs\/Satellite?cid=1142613969523&amp;language=es&amp;pagename=ServiciosAE%2FPage%2FPSAE_contenidoFinal\" target=\"_blank\" rel=\"noreferrer noopener\">certificado digital<\/a>&nbsp; reconocido y admitido&nbsp;en la Comunidad de Madrid).<\/li>\n<\/ul>\n\n\n\n<p>La tramitaci\u00f3n y la obtenci\u00f3n de los formularios necesarios tiene que realizarse a trav\u00e9s de la&nbsp;<strong>Secretar\u00eda Virtual<\/strong>.<\/p>\n\n\n\n<p>Puedes acceder desde aqu\u00ed:<\/p>\n\n\n\n<div class=\"wp-block-buttons is-content-justification-center is-layout-flex wp-container-core-buttons-is-layout-a89b3969 wp-block-buttons-is-layout-flex\">\n<div class=\"wp-block-button\"><a class=\"wp-block-button__link has-vivid-red-background-color has-background wp-element-button\" href=\"https:\/\/raices.madrid.org\/secretariavirtual\/\" style=\"border-radius:8px\" target=\"_blank\" rel=\"noreferrer noopener\">ACCESO A LA SECRETAR\u00cdA VIRTUAL<\/a><\/div>\n<\/div>\n\n\n\n<hr class=\"wp-block-separator has-alpha-channel-opacity\"\/>\n\n\n\n<h3 class=\"wp-block-heading\"><strong>Presentaci\u00f3n Presencial<\/strong><\/h3>\n\n\n\n<p>Para realizar la Matr\u00edcula en el Grado Superior en Promoci\u00f3n de Igualdad de G\u00e9nero de forma presencial:<\/p>\n\n\n\n<ul class=\"wp-block-list\">\n<li>puede rellenar los documentos que se detallan a continuaci\u00f3n, imprimirlos, pagar la tasa y presentarlos en la Secretar\u00eda del centro\n<ul class=\"wp-block-list\">\n<li>Para el alumnado que promocione o repita: <strong>16 de junio en horario de 10:00 a 13:30 horas<\/strong><\/li>\n\n\n\n<li>Para el alumnado de nueva admisi\u00f3n: <strong>18, 21 y 22 de Julio<\/strong> en horario de 10:00 a 13:30 horas<\/li>\n<\/ul>\n<\/li>\n\n\n\n<li>O puede pasarse por nuestro centro y pedir un sobre de matr\u00edcula, rellenarlo, pagar la tasa y presentarlo en Secretar\u00eda en el horario anterior.<\/li>\n<\/ul>\n\n\n\n<p>Seg\u00fan las <a href=\"https:\/\/site.educa.madrid.org\/ies.churriguera.leganes\/\/wp-content\/uploads\/ies.churriguera.leganes\/2025\/06\/Instrucciones.pdf\" data-type=\"link\" data-id=\"https:\/\/site.educa.madrid.org\/ies.churriguera.leganes\/\/wp-content\/uploads\/ies.churriguera.leganes\/2024\/07\/INSTRUCCIONESDEMATRICULAPARA1oCURSO.pdf\" target=\"_blank\" rel=\"noreferrer noopener\">instrucciones de matr\u00edcula<\/a>, los documentos que debe cumplimentar son los siguientes:<\/p>\n\n\n\n<figure class=\"wp-block-table\"><table><tbody><tr><td rowspan=\"6\">1\u00ba C.F.G.S. Promoci\u00f3n de Igualdad de Genero<\/td><td><a href=\"https:\/\/site.educa.madrid.org\/ies.churriguera.leganes\/\/wp-content\/uploads\/ies.churriguera.leganes\/2025\/06\/documentos_matricula_CFGS_junio25_v1.0.pdf\" data-type=\"link\" data-id=\"https:\/\/site.educa.madrid.org\/ies.churriguera.leganes\/\/wp-content\/uploads\/ies.churriguera.leganes\/2024\/07\/Formulario_matricula_CFGS_v1.0.pdf\" target=\"_blank\" rel=\"noreferrer noopener\">Formulario de Matr\u00edcula<\/a> (cumplimentado y firmado, dos copias)<\/td><\/tr><tr><td><a href=\"https:\/\/site.educa.madrid.org\/ies.churriguera.leganes\/\/wp-content\/uploads\/ies.churriguera.leganes\/2025\/06\/InformacionCurso2526.pdf\" data-type=\"link\" data-id=\"https:\/\/site.educa.madrid.org\/ies.churriguera.leganes\/\/wp-content\/uploads\/ies.churriguera.leganes\/2024\/07\/InformacionCurso.pdf\" target=\"_blank\" rel=\"noreferrer noopener\">Circular de Informaci\u00f3n sobre Ciclos Formativos<\/a> (cumplimentado y firmado)<\/td><\/tr><tr><td><a href=\"https:\/\/site.educa.madrid.org\/ies.churriguera.leganes\/\/wp-content\/uploads\/ies.churriguera.leganes\/2025\/06\/CONSENTIMIENTO-INFORMADO.pdf\" data-type=\"link\" data-id=\"https:\/\/site.educa.madrid.org\/ies.churriguera.leganes\/\/wp-content\/uploads\/ies.churriguera.leganes\/2024\/07\/CONSENTIMIENTOINFORMADOMAYORESDEEDAD.pdf\" target=\"_blank\" rel=\"noreferrer noopener\">Autorizaci\u00f3n de utilizaci\u00f3n de imagen<\/a>. Su entrega es obligatoria rellenando si se autoriza o no.<\/td><\/tr><tr><td><a href=\"https:\/\/site.educa.madrid.org\/ies.churriguera.leganes\/\/wp-content\/uploads\/ies.churriguera.leganes\/2024\/07\/ConvalidacionModulos.pdf\" data-type=\"link\" data-id=\"https:\/\/site.educa.madrid.org\/ies.churriguera.leganes\/\/wp-content\/uploads\/ies.churriguera.leganes\/2024\/07\/ConvalidacionModulos.pdf\" target=\"_blank\" rel=\"noreferrer noopener\">Solicitud de Convalidaci\u00f3n de M\u00f3dulos<\/a> (<em>Opcional<\/em>, s\u00f3lo si has realizado otros Ciclos con m\u00f3dulos convalidables)<\/td><\/tr><tr><td><a href=\"https:\/\/site.educa.madrid.org\/ies.churriguera.leganes\/\/wp-content\/uploads\/ies.churriguera.leganes\/2024\/07\/Instruccionesparaelpagodetasas.pdf\" data-type=\"link\" data-id=\"https:\/\/site.educa.madrid.org\/ies.churriguera.leganes\/\/wp-content\/uploads\/ies.churriguera.leganes\/2024\/07\/Instruccionesparaelpagodetasas.pdf\" target=\"_blank\" rel=\"noreferrer noopener\">Instrucciones para el pago de Tasas<\/a>. Se realizar\u00e1 el pago y se presentar\u00e1 el justificante de pago. Si se ha solicitado beca, no es necesario pagar la Tasa, en ese caso se presentar\u00e1 el justificante de haber presentado la beca.<\/td><\/tr><\/tbody><\/table><\/figure>\n\n\n\n<p>No olvide entregar adem\u00e1s:<\/p>\n\n\n\n<ul class=\"wp-block-list\">\n<li>Una fotocopia del DNI, NIE o Pasaporte<\/li>\n\n\n\n<li>Una fotograf\u00eda actualizada<\/li>\n\n\n\n<li>Si es menor de 28 a\u00f1os, el justificante de pago del Seguro Escolar<\/li>\n\n\n\n<li>Deber\u00e1 presentar documentaci\u00f3n acad\u00e9mica que acredite el cumplimiento de las condiciones de acceso a ciclos de grado superior cuando no se hubiera presentado en este instituto dicha documentaci\u00f3n, en los tr\u00e1mites para la solicitud de plaza.<\/li>\n\n\n\n<li>T\u00edtulo de Familia Numerosa en el caso de que se acoja a aplicar la reducci\u00f3n<\/li>\n<\/ul>\n\n\n\n<p><\/p>\n\n\n\n<p><\/p>\n","protected":false},"excerpt":{"rendered":"<p>Las fechas de matriculaci\u00f3n para el curso 2025\/2026 son las siguientes: Alumnado que ya cursa estas ense\u00f1anzas en nuestro centro El alumnado que promocione de 1\u00ba a 2\u00ba, o el que repita, debe matricularse antes del 24 de junio. Tanto si la matr\u00edcula es presencial, como si se realiza por secretar\u00eda virtual, pedimos a nuestro [&hellip;]<\/p>\n","protected":false},"author":5,"featured_media":0,"parent":0,"menu_order":0,"comment_status":"closed","ping_status":"closed","template":"","meta":{"footnotes":""},"folder":[],"class_list":["post-402","page","type-page","status-publish","hentry"],"rttpg_featured_image_url":null,"rttpg_author":{"display_name":"JOSE LUIS LOPEZ LUNA","author_link":"https:\/\/site.educa.madrid.org\/ies.churriguera.leganes\/index.php\/author\/jose-luis_lpez-luna\/"},"rttpg_comment":0,"rttpg_category":false,"rttpg_excerpt":"Las fechas de matriculaci\u00f3n para el curso 2025\/2026 son las siguientes: Alumnado que ya cursa estas ense\u00f1anzas en nuestro centro El alumnado que promocione de 1\u00ba a 2\u00ba, o el que repita, debe matricularse antes del 24 de junio. Tanto si la matr\u00edcula es presencial, como si se realiza por secretar\u00eda virtual, pedimos a nuestro&hellip;","post_mailing_queue_ids":[],"_links":{"self":[{"href":"https:\/\/site.educa.madrid.org\/ies.churriguera.leganes\/index.php\/wp-json\/wp\/v2\/pages\/402","targetHints":{"allow":["GET"]}}],"collection":[{"href":"https:\/\/site.educa.madrid.org\/ies.churriguera.leganes\/index.php\/wp-json\/wp\/v2\/pages"}],"about":[{"href":"https:\/\/site.educa.madrid.org\/ies.churriguera.leganes\/index.php\/wp-json\/wp\/v2\/types\/page"}],"author":[{"embeddable":true,"href":"https:\/\/site.educa.madrid.org\/ies.churriguera.leganes\/index.php\/wp-json\/wp\/v2\/users\/5"}],"replies":[{"embeddable":true,"href":"https:\/\/site.educa.madrid.org\/ies.churriguera.leganes\/index.php\/wp-json\/wp\/v2\/comments?post=402"}],"version-history":[{"count":18,"href":"https:\/\/site.educa.madrid.org\/ies.churriguera.leganes\/index.php\/wp-json\/wp\/v2\/pages\/402\/revisions"}],"predecessor-version":[{"id":8524,"href":"https:\/\/site.educa.madrid.org\/ies.churriguera.leganes\/index.php\/wp-json\/wp\/v2\/pages\/402\/revisions\/8524"}],"wp:attachment":[{"href":"https:\/\/site.educa.madrid.org\/ies.churriguera.leganes\/index.php\/wp-json\/wp\/v2\/media?parent=402"}],"wp:term":[{"taxonomy":"folder","embeddable":true,"href":"https:\/\/site.educa.madrid.org\/ies.churriguera.leganes\/index.php\/wp-json\/wp\/v2\/folder?post=402"}],"curies":[{"name":"wp","href":"https:\/\/api.w.org\/{rel}","templated":true}]}}