{"id":409,"date":"2021-02-12T11:54:52","date_gmt":"2021-02-12T11:54:52","guid":{"rendered":"https:\/\/site.educa.madrid.org\/ies.churriguera.leganes\/?page_id=409"},"modified":"2025-02-17T11:18:58","modified_gmt":"2025-02-17T10:18:58","slug":"familias","status":"publish","type":"page","link":"https:\/\/site.educa.madrid.org\/ies.churriguera.leganes\/index.php\/familias\/","title":{"rendered":"Familias"},"content":{"rendered":"\n<div id=\"mec_skin_619\" class=\"mec-wrap   \">\r\n\r\n    \r\n    <div class=\"mec-tile\">\r\n        <div class=\"mec-calendar-topsec\">\r\n            <div class=\"mec-clear\">\r\n                                <div class=\"mec-skin-tile-month-navigator-container\">\r\n                    <div class=\"mec-month-navigator\" id=\"mec_month_navigator_619_202605\"><div class=\"mec-calendar-header\"><h2>mayo 2026<\/h2><\/div><div class=\"mec-next-month mec-load-month mec-next-month\" data-mec-year=\"2026\" data-mec-month=\"06\"><a href=\"#\" class=\"mec-load-month-link\">junio <i class=\"mec-sl-angle-right\"><\/i><\/a><\/div><\/div>\r\n                <\/div>\r\n                \r\n                <div class=\"mec-calendar-table\" id=\"mec_skin_events_619\">\r\n                                            <div class=\"mec-month-container mec-month-container-selected\" id=\"mec_tile_month_619_202605\" data-month-id=\"202605\"><div class=\"mec-wrap \">\r\n    <div class=\"mec-event-tile-view\">\r\n        <div class=\"row\"><div class=\"col-md-3 col-sm-3\">                    <article  data-href=\"https:\/\/site.educa.madrid.org\/ies.churriguera.leganes\/index.php\/events\/descubre-no-bloques-tu-sm\/\" data-target=\"m1\" style=\"background:#00a0d2\" class=\"  mec-event-article mec-tile-item  mec-clear  \">\r\n                                                                        <div class=\"event-tile-view-head clearfix\">\r\n                                                            <div class=\"mec-event-month\"><span class=\"mec-start-date-label\">13 May<\/span><\/div>\r\n                                                        <div class=\"mec-event-time\"><i class=\"mec-sl-clock\"><\/i>08:30<\/div>\r\n                        <\/div>\r\n                        <div class=\"mec-event-content\" data-target=\"m1\" data-event-id=\"9143\">\r\n                            <a href=\"https:\/\/site.educa.madrid.org\/ies.churriguera.leganes\/index.php\/events\/descubre-no-bloques-tu-sm\/\" target=\"m1\" class=\"mec-tile-into-content-link\"><\/a>                            <div class=\"mec-tile-event-content\">\r\n                                <div class=\"mec-event-detail\">\r\n                                                                                                                                                                                <\/div>\r\n                                                                <h4 class=\"mec-event-title\"><a class=\"mec-color-hover\" data-event-id=\"9143\" href=\"https:\/\/site.educa.madrid.org\/ies.churriguera.leganes\/index.php\/events\/descubre-no-bloques-tu-sm\/\" target=\"m1\" rel=\"noopener\">DESCUBRE \u00abNO BLOQUES TU SM\u00bb<\/a><\/h4>\r\n                                                            <\/div>\r\n                        <\/div>\r\n                    <\/article>\r\n                <\/div>                    <div class=\"col-md-3 col-sm-3\">                    <article  data-href=\"https:\/\/site.educa.madrid.org\/ies.churriguera.leganes\/index.php\/events\/tutoria-pares-ganan-4o-eso\/\" data-target=\"m1\" style=\"background:#fdd700\" class=\"  mec-event-article mec-tile-item  mec-clear  \">\r\n                                                                        <div class=\"event-tile-view-head clearfix\">\r\n                                                            <div class=\"mec-event-month\"><span class=\"mec-start-date-label\">14 May<\/span><\/div>\r\n                                                        <div class=\"mec-event-time\"><i class=\"mec-sl-clock\"><\/i>08:30<\/div>\r\n                        <\/div>\r\n                        <div class=\"mec-event-content\" data-target=\"m1\" data-event-id=\"9261\">\r\n                            <a href=\"https:\/\/site.educa.madrid.org\/ies.churriguera.leganes\/index.php\/events\/tutoria-pares-ganan-4o-eso\/\" target=\"m1\" class=\"mec-tile-into-content-link\"><\/a>                            <div class=\"mec-tile-event-content\">\r\n                                <div class=\"mec-event-detail\">\r\n                                                                                                                                                                                <\/div>\r\n                                                                <h4 class=\"mec-event-title\"><a class=\"mec-color-hover\" data-event-id=\"9261\" href=\"https:\/\/site.educa.madrid.org\/ies.churriguera.leganes\/index.php\/events\/tutoria-pares-ganan-4o-eso\/\" target=\"m1\" rel=\"noopener\">TUTOR\u00cdA \u00abPARES GANAN\u00bb 4\u00ba ESO<\/a><\/h4>\r\n                                                            <\/div>\r\n                        <\/div>\r\n                    <\/article>\r\n                <\/div>                    <div class=\"col-md-3 col-sm-3\">                    <article  data-href=\"https:\/\/site.educa.madrid.org\/ies.churriguera.leganes\/index.php\/events\/turoria-4o-de-eso-pares-ganan\/\" data-target=\"m1\" style=\"background:#fdd700\" class=\"  mec-event-article mec-tile-item  mec-clear  \">\r\n                                                                        <div class=\"event-tile-view-head clearfix\">\r\n                                                            <div class=\"mec-event-month\"><span class=\"mec-start-date-label\">21 May<\/span><\/div>\r\n                                                        <div class=\"mec-event-time\"><i class=\"mec-sl-clock\"><\/i>08:30<\/div>\r\n                        <\/div>\r\n                        <div class=\"mec-event-content\" data-target=\"m1\" data-event-id=\"9262\">\r\n                            <a href=\"https:\/\/site.educa.madrid.org\/ies.churriguera.leganes\/index.php\/events\/turoria-4o-de-eso-pares-ganan\/\" target=\"m1\" class=\"mec-tile-into-content-link\"><\/a>                            <div class=\"mec-tile-event-content\">\r\n                                <div class=\"mec-event-detail\">\r\n                                                                                                                                                                                <\/div>\r\n                                                                <h4 class=\"mec-event-title\"><a class=\"mec-color-hover\" data-event-id=\"9262\" href=\"https:\/\/site.educa.madrid.org\/ies.churriguera.leganes\/index.php\/events\/turoria-4o-de-eso-pares-ganan\/\" target=\"m1\" rel=\"noopener\">TUROR\u00cdA 4\u00ba DE ESO \u00abPARES GANAN\u00bb<\/a><\/h4>\r\n                                                            <\/div>\r\n                        <\/div>\r\n                    <\/article>\r\n                <\/div>                        <\/div>\r\n    <\/div><\/div><\/div>\r\n                                    <\/div>\r\n\r\n                            <\/div>\r\n        <\/div>\r\n    <\/div>\r\n\r\n    \r\n<\/div>\r\n\n\n\n\t\t<div class=\"rttpg-block-postgrid rttpg-block-wrapper rttpg-block-4138fc tpg-filter-type-dropdown meta-visibility-show section-title-style-style1 img_hover_animation_default title-default title_position_default title_hover_border_default meta_position_default tpg-is-author-icon-default author-image-visibility-icon tpg-category-position-default readmore-btn-default-style grid-hover-overlay-type-always grid-hover-overlay-height-default hover-overlay-height-default tpg-title-border-default filter-nex-prev-btn-visible tpg-cat-style1 slider-scroll-hide act-label-style-inline\">\n\t\t\t<div class=\"rt-container-fluid rt-tpg-container tpg-el-main-wrapper tpg-gutenberg clearfix list-layout1-main\"\n\t\t\t\t id=\"rt-tpg-container-2634837715\"\n\t\t\t\t data-layout=\"list-layout1\"\n\t\t\t\t data-grid-style=\"tpg-even\" data-sc-id=\"elementor\"\n\t\t\t\t data-el-settings=''\n\t\t\t\t data-el-query=''\n\t\t\t\t data-el-path=''>\n\t\t\t\t\t\t\t\t<div class='tpg-header-wrapper '>\n\t\t\t\t\t\t\t\t\t<\/div>\n\t\t\t\t<div class=\"rt-row rt-content-loader gutenberg-inner list-layout1 tpg-even list-behaviour list-layout-wrapper\">\n\t\t\t\t\t\n<div class=\"rt-col-md-12 rt-col-sm-12 rt-col-xs-12 default rt-list-item rt-grid-item\" data-id=\"10086\">\n\t<div class=\"rt-holder tpg-post-holder \">\n\t\t<div class=\"rt-detail rt-el-content-wrapper\">\n\t\t\t\n\t\t\t<div class=\"post-right-content\">\n\n\t\t\t\t<div class=\"entry-title-wrapper\"><h3 class=\"entry-title\"><a data-id=\"10086\" href=\"https:\/\/site.educa.madrid.org\/ies.churriguera.leganes\/index.php\/2026\/04\/11\/has-estudiado-en-los-ultimos-50-anos-en-el-churri-nos-ayudas\/\" class=\"tpg-post-link\" target=\"_self\">\u00a1El IES Jos\u00e9 de Churriguera cumple 50 a\u00f1os y quereemos tu historia!<\/a><\/h3><\/div>\n\t\t\t\t\t\t\t\t\t<div class=\"post-meta-tags rt-el-post-meta\">\n\t\t\t\t\t\t            <span class='date'>\n\t\t\t\t<i class='far fa-calendar-alt '><\/i>\t\t\t\t                    <a href=\"https:\/\/site.educa.madrid.org\/ies.churriguera.leganes\/index.php\/2026\/04\/11\/\">\n\t\t\t\t\t11 abril, 2026\t\t\t\t<\/a>\n\t\t\t\t\t\t\t<\/span>\n\t\t\t\t\t\t\t\t<\/div>\n\t\t\t\t\n\t\t\t\t\t\t\t\t\t<div class=\"tpg-excerpt tpg-el-excerpt\">\n\t\t\t\t\t\t\t\t\t\t\t\t\t<div class=\"tpg-excerpt-inner\">\n\t\t\t\t\t\t\t\t\u00bf \u00bfEstudiaste en el \u00abChurri\u00bb?&nbsp;\u00bfRecuerdas aquel examen que te quitaba el sue\u00f1o, a ese profesor o&#8230;\t\t\t\t\t\t\t<\/div>\n\t\t\t\t\t\t\t\t\t\t\t\t\t\t\t\t\t<\/div>\n\t\t\t\t\n\t\t\t\t        <div class=\"post-footer\">\n            <div class=\"post-footer\">\n                <div class=\"read-more\">\n\t\t\t\t\t<a data-id=\"10086\" href=\"https:\/\/site.educa.madrid.org\/ies.churriguera.leganes\/index.php\/2026\/04\/11\/has-estudiado-en-los-ultimos-50-anos-en-el-churri-nos-ayudas\/\" class=\"tpg-post-link\" target=\"_self\">Leer mas<\/a>                <\/div>\n            <\/div>\n        <\/div>\n\t\t\t\t\t<\/div>\n\n\t\t<\/div>\n\t<\/div>\n<\/div>\n<div class=\"rt-col-md-12 rt-col-sm-12 rt-col-xs-12 default rt-list-item rt-grid-item\" data-id=\"10096\">\n\t<div class=\"rt-holder tpg-post-holder \">\n\t\t<div class=\"rt-detail rt-el-content-wrapper\">\n\t\t\t\n\t\t\t<div class=\"post-right-content\">\n\n\t\t\t\t<div class=\"entry-title-wrapper\"><h3 class=\"entry-title\"><a data-id=\"10096\" href=\"https:\/\/site.educa.madrid.org\/ies.churriguera.leganes\/index.php\/2026\/04\/10\/becas-para-estudios-postobligatorios-2-2\/\" class=\"tpg-post-link\" target=\"_self\">Abierto el plazo para solicitar becas para estudios postobligatorios<\/a><\/h3><\/div>\n\t\t\t\t\t\t\t\t\t<div class=\"post-meta-tags rt-el-post-meta\">\n\t\t\t\t\t\t            <span class='date'>\n\t\t\t\t<i class='far fa-calendar-alt '><\/i>\t\t\t\t                    <a href=\"https:\/\/site.educa.madrid.org\/ies.churriguera.leganes\/index.php\/2026\/04\/10\/\">\n\t\t\t\t\t10 abril, 2026\t\t\t\t<\/a>\n\t\t\t\t\t\t\t<\/span>\n\t\t\t\t\t\t\t\t<\/div>\n\t\t\t\t\n\t\t\t\t\t\t\t\t\t<div class=\"tpg-excerpt tpg-el-excerpt\">\n\t\t\t\t\t\t\t\t\t\t\t\t\t<div class=\"tpg-excerpt-inner\">\n\t\t\t\t\t\t\t\t\u00bfA qui\u00e9n va dirigido? Esta convocatoria va dirigida a aquellas personas que quieran cursar alguna de&#8230;\t\t\t\t\t\t\t<\/div>\n\t\t\t\t\t\t\t\t\t\t\t\t\t\t\t\t\t<\/div>\n\t\t\t\t\n\t\t\t\t        <div class=\"post-footer\">\n            <div class=\"post-footer\">\n                <div class=\"read-more\">\n\t\t\t\t\t<a data-id=\"10096\" href=\"https:\/\/site.educa.madrid.org\/ies.churriguera.leganes\/index.php\/2026\/04\/10\/becas-para-estudios-postobligatorios-2-2\/\" class=\"tpg-post-link\" target=\"_self\">Leer mas<\/a>                <\/div>\n            <\/div>\n        <\/div>\n\t\t\t\t\t<\/div>\n\n\t\t<\/div>\n\t<\/div>\n<\/div>\n<div class=\"rt-col-md-12 rt-col-sm-12 rt-col-xs-12 default rt-list-item rt-grid-item\" data-id=\"9981\">\n\t<div class=\"rt-holder tpg-post-holder \">\n\t\t<div class=\"rt-detail rt-el-content-wrapper\">\n\t\t\t\n\t\t\t<div class=\"post-right-content\">\n\n\t\t\t\t<div class=\"entry-title-wrapper\"><h3 class=\"entry-title\"><a data-id=\"9981\" href=\"https:\/\/site.educa.madrid.org\/ies.churriguera.leganes\/index.php\/2026\/03\/19\/nuestro-alumnado-despega-con-el-proyecto-cansat\/\" class=\"tpg-post-link\" target=\"_self\">Nuestro alumnado despega con el proyecto CanSat<\/a><\/h3><\/div>\n\t\t\t\t\t\t\t\t\t<div class=\"post-meta-tags rt-el-post-meta\">\n\t\t\t\t\t\t            <span class='date'>\n\t\t\t\t<i class='far fa-calendar-alt '><\/i>\t\t\t\t                    <a href=\"https:\/\/site.educa.madrid.org\/ies.churriguera.leganes\/index.php\/2026\/03\/19\/\">\n\t\t\t\t\t19 marzo, 2026\t\t\t\t<\/a>\n\t\t\t\t\t\t\t<\/span>\n\t\t\t\t\t\t\t\t<\/div>\n\t\t\t\t\n\t\t\t\t\t\t\t\t\t<div class=\"tpg-excerpt tpg-el-excerpt\">\n\t\t\t\t\t\t\t\t\t\t\t\t\t<div class=\"tpg-excerpt-inner\">\n\t\t\t\t\t\t\t\tEl talento, la creatividad y la pasi\u00f3n por la ciencia han vuelto a ponerse en \u00f3rbita en nuestro&#8230;\t\t\t\t\t\t\t<\/div>\n\t\t\t\t\t\t\t\t\t\t\t\t\t\t\t\t\t<\/div>\n\t\t\t\t\n\t\t\t\t        <div class=\"post-footer\">\n            <div class=\"post-footer\">\n                <div class=\"read-more\">\n\t\t\t\t\t<a data-id=\"9981\" href=\"https:\/\/site.educa.madrid.org\/ies.churriguera.leganes\/index.php\/2026\/03\/19\/nuestro-alumnado-despega-con-el-proyecto-cansat\/\" class=\"tpg-post-link\" target=\"_self\">Leer mas<\/a>                <\/div>\n            <\/div>\n        <\/div>\n\t\t\t\t\t<\/div>\n\n\t\t<\/div>\n\t<\/div>\n<\/div>\n<div class=\"rt-col-md-12 rt-col-sm-12 rt-col-xs-12 default rt-list-item rt-grid-item\" data-id=\"9827\">\n\t<div class=\"rt-holder tpg-post-holder \">\n\t\t<div class=\"rt-detail rt-el-content-wrapper\">\n\t\t\t\n\t\t\t<div class=\"post-right-content\">\n\n\t\t\t\t<div class=\"entry-title-wrapper\"><h3 class=\"entry-title\"><a data-id=\"9827\" href=\"https:\/\/site.educa.madrid.org\/ies.churriguera.leganes\/index.php\/2026\/03\/09\/vacantes-ofertadas-para-el-curso-2025-2026-a-fecha-5-de-marzo-de-2025-3\/\" class=\"tpg-post-link\" target=\"_self\">Vacantes ofertadas para el curso 2026\/2027<\/a><\/h3><\/div>\n\t\t\t\t\t\t\t\t\t<div class=\"post-meta-tags rt-el-post-meta\">\n\t\t\t\t\t\t            <span class='date'>\n\t\t\t\t<i class='far fa-calendar-alt '><\/i>\t\t\t\t                    <a href=\"https:\/\/site.educa.madrid.org\/ies.churriguera.leganes\/index.php\/2026\/03\/09\/\">\n\t\t\t\t\t9 marzo, 2026\t\t\t\t<\/a>\n\t\t\t\t\t\t\t<\/span>\n\t\t\t\t\t\t\t\t<\/div>\n\t\t\t\t\n\t\t\t\t\t\t\t\t\t<div class=\"tpg-excerpt tpg-el-excerpt\">\n\t\t\t\t\t\t\t\t\t\t\t\t\t<div class=\"tpg-excerpt-inner\">\n\t\t\t\t\t\t\t\tLa relaci\u00f3n provisional de vacantes ofertadas por el centro para el curso 2026\/2027 a d\u00eda 9 de marzo&#8230;\t\t\t\t\t\t\t<\/div>\n\t\t\t\t\t\t\t\t\t\t\t\t\t\t\t\t\t<\/div>\n\t\t\t\t\n\t\t\t\t        <div class=\"post-footer\">\n            <div class=\"post-footer\">\n                <div class=\"read-more\">\n\t\t\t\t\t<a data-id=\"9827\" href=\"https:\/\/site.educa.madrid.org\/ies.churriguera.leganes\/index.php\/2026\/03\/09\/vacantes-ofertadas-para-el-curso-2025-2026-a-fecha-5-de-marzo-de-2025-3\/\" class=\"tpg-post-link\" target=\"_self\">Leer mas<\/a>                <\/div>\n            <\/div>\n        <\/div>\n\t\t\t\t\t<\/div>\n\n\t\t<\/div>\n\t<\/div>\n<\/div>\n<div class=\"rt-col-md-12 rt-col-sm-12 rt-col-xs-12 default rt-list-item rt-grid-item\" data-id=\"9817\">\n\t<div class=\"rt-holder tpg-post-holder \">\n\t\t<div class=\"rt-detail rt-el-content-wrapper\">\n\t\t\t\n\t\t\t<div class=\"post-right-content\">\n\n\t\t\t\t<div class=\"entry-title-wrapper\"><h3 class=\"entry-title\"><a data-id=\"9817\" href=\"https:\/\/site.educa.madrid.org\/ies.churriguera.leganes\/index.php\/2026\/03\/06\/nueva-oportunidad-para-conocer-el-ies-jose-de-churriguera\/\" class=\"tpg-post-link\" target=\"_self\">Nueva oportunidad para conocer el IES Jos\u00e9 de Churriguera<\/a><\/h3><\/div>\n\t\t\t\t\t\t\t\t\t<div class=\"post-meta-tags rt-el-post-meta\">\n\t\t\t\t\t\t            <span class='date'>\n\t\t\t\t<i class='far fa-calendar-alt '><\/i>\t\t\t\t                    <a href=\"https:\/\/site.educa.madrid.org\/ies.churriguera.leganes\/index.php\/2026\/03\/06\/\">\n\t\t\t\t\t6 marzo, 2026\t\t\t\t<\/a>\n\t\t\t\t\t\t\t<\/span>\n\t\t\t\t\t\t\t\t<\/div>\n\t\t\t\t\n\t\t\t\t\t\t\t\t\t<div class=\"tpg-excerpt tpg-el-excerpt\">\n\t\t\t\t\t\t\t\t\t\t\t\t\t<div class=\"tpg-excerpt-inner\">\n\t\t\t\t\t\t\t\tTras la conclusi\u00f3n exitosa de nuestras recientes Jornadas de Puertas Abiertas, celebradas el pasado&#8230;\t\t\t\t\t\t\t<\/div>\n\t\t\t\t\t\t\t\t\t\t\t\t\t\t\t\t\t<\/div>\n\t\t\t\t\n\t\t\t\t        <div class=\"post-footer\">\n            <div class=\"post-footer\">\n                <div class=\"read-more\">\n\t\t\t\t\t<a data-id=\"9817\" href=\"https:\/\/site.educa.madrid.org\/ies.churriguera.leganes\/index.php\/2026\/03\/06\/nueva-oportunidad-para-conocer-el-ies-jose-de-churriguera\/\" class=\"tpg-post-link\" target=\"_self\">Leer mas<\/a>                <\/div>\n            <\/div>\n        <\/div>\n\t\t\t\t\t<\/div>\n\n\t\t<\/div>\n\t<\/div>\n<\/div>\n<div class=\"rt-col-md-12 rt-col-sm-12 rt-col-xs-12 default rt-list-item rt-grid-item\" data-id=\"9796\">\n\t<div class=\"rt-holder tpg-post-holder \">\n\t\t<div class=\"rt-detail rt-el-content-wrapper\">\n\t\t\t\n\t\t\t<div class=\"post-right-content\">\n\n\t\t\t\t<div class=\"entry-title-wrapper\"><h3 class=\"entry-title\"><a data-id=\"9796\" href=\"https:\/\/site.educa.madrid.org\/ies.churriguera.leganes\/index.php\/2026\/03\/02\/puertas-abiertas-curso-25-26\/\" class=\"tpg-post-link\" target=\"_self\">Puertas abiertas Curso 25-26<\/a><\/h3><\/div>\n\t\t\t\t\t\t\t\t\t<div class=\"post-meta-tags rt-el-post-meta\">\n\t\t\t\t\t\t            <span class='date'>\n\t\t\t\t<i class='far fa-calendar-alt '><\/i>\t\t\t\t                    <a href=\"https:\/\/site.educa.madrid.org\/ies.churriguera.leganes\/index.php\/2026\/03\/02\/\">\n\t\t\t\t\t2 marzo, 2026\t\t\t\t<\/a>\n\t\t\t\t\t\t\t<\/span>\n\t\t\t\t\t\t\t\t<\/div>\n\t\t\t\t\n\t\t\t\t\t\t\t\t\t<div class=\"tpg-excerpt tpg-el-excerpt\">\n\t\t\t\t\t\t\t\t\t\t\t\t\t<div class=\"tpg-excerpt-inner\">\n\t\t\t\t\t\t\t\tEstos d\u00edas estamos celebrando las Jornadas de Puertas Abiertas dentro del periodo de admisi\u00f3n para&#8230;\t\t\t\t\t\t\t<\/div>\n\t\t\t\t\t\t\t\t\t\t\t\t\t\t\t\t\t<\/div>\n\t\t\t\t\n\t\t\t\t        <div class=\"post-footer\">\n            <div class=\"post-footer\">\n                <div class=\"read-more\">\n\t\t\t\t\t<a data-id=\"9796\" href=\"https:\/\/site.educa.madrid.org\/ies.churriguera.leganes\/index.php\/2026\/03\/02\/puertas-abiertas-curso-25-26\/\" class=\"tpg-post-link\" target=\"_self\">Leer mas<\/a>                <\/div>\n            <\/div>\n        <\/div>\n\t\t\t\t\t<\/div>\n\n\t\t<\/div>\n\t<\/div>\n<\/div>\n<div class=\"rt-col-md-12 rt-col-sm-12 rt-col-xs-12 default rt-list-item rt-grid-item\" data-id=\"9707\">\n\t<div class=\"rt-holder tpg-post-holder \">\n\t\t<div class=\"rt-detail rt-el-content-wrapper\">\n\t\t\t\n\t\t\t<div class=\"post-right-content\">\n\n\t\t\t\t<div class=\"entry-title-wrapper\"><h3 class=\"entry-title\"><a data-id=\"9707\" href=\"https:\/\/site.educa.madrid.org\/ies.churriguera.leganes\/index.php\/2026\/02\/01\/proceso-de-admision-en-la-comunidad-de-madrid-2026-2027\/\" class=\"tpg-post-link\" target=\"_self\">Proceso de Admisi\u00f3n en la Comunidad de Madrid (2026-2027)<\/a><\/h3><\/div>\n\t\t\t\t\t\t\t\t\t<div class=\"post-meta-tags rt-el-post-meta\">\n\t\t\t\t\t\t            <span class='date'>\n\t\t\t\t<i class='far fa-calendar-alt '><\/i>\t\t\t\t                    <a href=\"https:\/\/site.educa.madrid.org\/ies.churriguera.leganes\/index.php\/2026\/02\/01\/\">\n\t\t\t\t\t1 febrero, 2026\t\t\t\t<\/a>\n\t\t\t\t\t\t\t<\/span>\n\t\t\t\t\t\t\t\t<\/div>\n\t\t\t\t\n\t\t\t\t\t\t\t\t\t<div class=\"tpg-excerpt tpg-el-excerpt\">\n\t\t\t\t\t\t\t\t\t\t\t\t\t<div class=\"tpg-excerpt-inner\">\n\t\t\t\t\t\t\t\t\ud83d\udccd Seg\u00fan la resoluci\u00f3n oficial publicada por la Comunidad de Madrid, el periodo de presentaci\u00f3n de&#8230;\t\t\t\t\t\t\t<\/div>\n\t\t\t\t\t\t\t\t\t\t\t\t\t\t\t\t\t<\/div>\n\t\t\t\t\n\t\t\t\t        <div class=\"post-footer\">\n            <div class=\"post-footer\">\n                <div class=\"read-more\">\n\t\t\t\t\t<a data-id=\"9707\" href=\"https:\/\/site.educa.madrid.org\/ies.churriguera.leganes\/index.php\/2026\/02\/01\/proceso-de-admision-en-la-comunidad-de-madrid-2026-2027\/\" class=\"tpg-post-link\" target=\"_self\">Leer mas<\/a>                <\/div>\n            <\/div>\n        <\/div>\n\t\t\t\t\t<\/div>\n\n\t\t<\/div>\n\t<\/div>\n<\/div>\n<div class=\"rt-col-md-12 rt-col-sm-12 rt-col-xs-12 default rt-list-item rt-grid-item\" data-id=\"9702\">\n\t<div class=\"rt-holder tpg-post-holder \">\n\t\t<div class=\"rt-detail rt-el-content-wrapper\">\n\t\t\t\n\t\t\t<div class=\"post-right-content\">\n\n\t\t\t\t<div class=\"entry-title-wrapper\"><h3 class=\"entry-title\"><a data-id=\"9702\" href=\"https:\/\/site.educa.madrid.org\/ies.churriguera.leganes\/index.php\/2026\/02\/01\/jornadas-de-puertas-abiertas-en-ies-jose-de-churriguera-curso-2026-2027\/\" class=\"tpg-post-link\" target=\"_self\">Jornadas de Puertas Abiertas en IES Jos\u00e9 de Churriguera \u2013 Curso 2026-2027<\/a><\/h3><\/div>\n\t\t\t\t\t\t\t\t\t<div class=\"post-meta-tags rt-el-post-meta\">\n\t\t\t\t\t\t            <span class='date'>\n\t\t\t\t<i class='far fa-calendar-alt '><\/i>\t\t\t\t                    <a href=\"https:\/\/site.educa.madrid.org\/ies.churriguera.leganes\/index.php\/2026\/02\/01\/\">\n\t\t\t\t\t1 febrero, 2026\t\t\t\t<\/a>\n\t\t\t\t\t\t\t<\/span>\n\t\t\t\t\t\t\t\t<\/div>\n\t\t\t\t\n\t\t\t\t\t\t\t\t\t<div class=\"tpg-excerpt tpg-el-excerpt\">\n\t\t\t\t\t\t\t\t\t\t\t\t\t<div class=\"tpg-excerpt-inner\">\n\t\t\t\t\t\t\t\t\u00bfEst\u00e1s pensando en d\u00f3nde continuar estudios de ESO o Bachillerato el pr\u00f3ximo curso? \u00a1Te invitamos a&#8230;\t\t\t\t\t\t\t<\/div>\n\t\t\t\t\t\t\t\t\t\t\t\t\t\t\t\t\t<\/div>\n\t\t\t\t\n\t\t\t\t        <div class=\"post-footer\">\n            <div class=\"post-footer\">\n                <div class=\"read-more\">\n\t\t\t\t\t<a data-id=\"9702\" href=\"https:\/\/site.educa.madrid.org\/ies.churriguera.leganes\/index.php\/2026\/02\/01\/jornadas-de-puertas-abiertas-en-ies-jose-de-churriguera-curso-2026-2027\/\" class=\"tpg-post-link\" target=\"_self\">Leer mas<\/a>                <\/div>\n            <\/div>\n        <\/div>\n\t\t\t\t\t<\/div>\n\n\t\t<\/div>\n\t<\/div>\n<\/div>\n<div class=\"rt-col-md-12 rt-col-sm-12 rt-col-xs-12 default rt-list-item rt-grid-item\" data-id=\"9018\">\n\t<div class=\"rt-holder tpg-post-holder \">\n\t\t<div class=\"rt-detail rt-el-content-wrapper\">\n\t\t\t\n\t\t\t<div class=\"post-right-content\">\n\n\t\t\t\t<div class=\"entry-title-wrapper\"><h3 class=\"entry-title\"><a data-id=\"9018\" href=\"https:\/\/site.educa.madrid.org\/ies.churriguera.leganes\/index.php\/2025\/09\/27\/semana-europea-del-deporte-en-el-ies-jose-de-churriguera\/\" class=\"tpg-post-link\" target=\"_self\">Semana Europea del Deporte en el IES Jos\u00e9 de Churriguera<\/a><\/h3><\/div>\n\t\t\t\t\t\t\t\t\t<div class=\"post-meta-tags rt-el-post-meta\">\n\t\t\t\t\t\t            <span class='date'>\n\t\t\t\t<i class='far fa-calendar-alt '><\/i>\t\t\t\t                    <a href=\"https:\/\/site.educa.madrid.org\/ies.churriguera.leganes\/index.php\/2025\/09\/27\/\">\n\t\t\t\t\t27 septiembre, 2025\t\t\t\t<\/a>\n\t\t\t\t\t\t\t<\/span>\n\t\t\t\t\t\t\t\t<\/div>\n\t\t\t\t\n\t\t\t\t\t\t\t\t\t<div class=\"tpg-excerpt tpg-el-excerpt\">\n\t\t\t\t\t\t\t\t\t\t\t\t\t<div class=\"tpg-excerpt-inner\">\n\t\t\t\t\t\t\t\tDel 23 de septiembre al 30 de octubre celebramos la Semana Europea del Deporte con un mont\u00f3n de&#8230;\t\t\t\t\t\t\t<\/div>\n\t\t\t\t\t\t\t\t\t\t\t\t\t\t\t\t\t<\/div>\n\t\t\t\t\n\t\t\t\t        <div class=\"post-footer\">\n            <div class=\"post-footer\">\n                <div class=\"read-more\">\n\t\t\t\t\t<a data-id=\"9018\" href=\"https:\/\/site.educa.madrid.org\/ies.churriguera.leganes\/index.php\/2025\/09\/27\/semana-europea-del-deporte-en-el-ies-jose-de-churriguera\/\" class=\"tpg-post-link\" target=\"_self\">Leer mas<\/a>                <\/div>\n            <\/div>\n        <\/div>\n\t\t\t\t\t<\/div>\n\n\t\t<\/div>\n\t<\/div>\n<\/div>\t\t\t\t<\/div>\n\n\t\t\t\t\n\t\t\t<\/div>\n\t\t<\/div>\n\t\t","protected":false},"excerpt":{"rendered":"","protected":false},"author":12,"featured_media":0,"parent":0,"menu_order":0,"comment_status":"closed","ping_status":"closed","template":"","meta":{"footnotes":""},"folder":[],"class_list":["post-409","page","type-page","status-publish","hentry"],"rttpg_featured_image_url":null,"rttpg_author":{"display_name":"JUAN ANTONIO CESAR BENAVIDES","author_link":"https:\/\/site.educa.madrid.org\/ies.churriguera.leganes\/index.php\/author\/juan-antonio_csar-benavides\/"},"rttpg_comment":0,"rttpg_category":false,"rttpg_excerpt":null,"post_mailing_queue_ids":[],"_links":{"self":[{"href":"https:\/\/site.educa.madrid.org\/ies.churriguera.leganes\/index.php\/wp-json\/wp\/v2\/pages\/409","targetHints":{"allow":["GET"]}}],"collection":[{"href":"https:\/\/site.educa.madrid.org\/ies.churriguera.leganes\/index.php\/wp-json\/wp\/v2\/pages"}],"about":[{"href":"https:\/\/site.educa.madrid.org\/ies.churriguera.leganes\/index.php\/wp-json\/wp\/v2\/types\/page"}],"author":[{"embeddable":true,"href":"https:\/\/site.educa.madrid.org\/ies.churriguera.leganes\/index.php\/wp-json\/wp\/v2\/users\/12"}],"replies":[{"embeddable":true,"href":"https:\/\/site.educa.madrid.org\/ies.churriguera.leganes\/index.php\/wp-json\/wp\/v2\/comments?post=409"}],"version-history":[{"count":19,"href":"https:\/\/site.educa.madrid.org\/ies.churriguera.leganes\/index.php\/wp-json\/wp\/v2\/pages\/409\/revisions"}],"predecessor-version":[{"id":7580,"href":"https:\/\/site.educa.madrid.org\/ies.churriguera.leganes\/index.php\/wp-json\/wp\/v2\/pages\/409\/revisions\/7580"}],"wp:attachment":[{"href":"https:\/\/site.educa.madrid.org\/ies.churriguera.leganes\/index.php\/wp-json\/wp\/v2\/media?parent=409"}],"wp:term":[{"taxonomy":"folder","embeddable":true,"href":"https:\/\/site.educa.madrid.org\/ies.churriguera.leganes\/index.php\/wp-json\/wp\/v2\/folder?post=409"}],"curies":[{"name":"wp","href":"https:\/\/api.w.org\/{rel}","templated":true}]}}