{"id":415,"date":"2021-02-12T11:56:26","date_gmt":"2021-02-12T11:56:26","guid":{"rendered":"https:\/\/site.educa.madrid.org\/ies.churriguera.leganes\/?page_id=415"},"modified":"2024-07-23T18:31:09","modified_gmt":"2024-07-23T16:31:09","slug":"accede","status":"publish","type":"page","link":"https:\/\/site.educa.madrid.org\/ies.churriguera.leganes\/index.php\/accede\/","title":{"rendered":"\u00bfQu\u00e9 es Roble?"},"content":{"rendered":"\n<div class=\"wp-block-group alignfull has-background is-layout-flow wp-block-group-is-layout-flow\" style=\"background-color:#f2f0e9\">\n<div class=\"wp-block-columns alignwide is-layout-flex wp-container-core-columns-is-layout-28f84493 wp-block-columns-is-layout-flex\">\n<div class=\"wp-block-column is-layout-flow wp-block-column-is-layout-flow\">\n<figure class=\"wp-block-image size-large\"><img decoding=\"async\" src=\"https:\/\/site.educa.madrid.org\/ies.churriguera.leganes\/\/wp-content\/uploads\/ies.churriguera.leganes\/2024\/04\/roble.jpg\" alt=\"\"\/><\/figure>\n<\/div>\n\n\n\n<div class=\"wp-block-column is-layout-flow wp-block-column-is-layout-flow\">\n<p>Roble es una aplicaci\u00f3n m\u00f3vil destinada a familias<br>de alumnos y alumnos, cuya finalidad es la de<br>proporcionarles acceso a la informaci\u00f3n<br>educativa que a lo largo del curso es publicada<br>por los docentes y el centro, sirviendo adem\u00e1s de<br>plataforma de comunicaci\u00f3n entre el centro y las<br>familias.<br><\/p>\n<\/div>\n\n\n\n<div class=\"wp-block-column is-layout-flow wp-block-column-is-layout-flow\">\n<p class=\"has-extra-small-font-size\">Las funcionalidades de Roble est\u00e1n plenamente<br>integradas en Ra\u00edces, el Sistema de Gesti\u00f3n<br>Integral Educativa de la Comunidad de Madrid,<br>por lo que las familias pueden tambi\u00e9n hacer uso<br>de ellas en Roble Ra\u00edces a trav\u00e9s de la web<br>(ra\u00edces.madrid.org)<\/p>\n<\/div>\n<\/div>\n<\/div>\n\n\n\n<div class=\"wp-block-group alignfull has-background is-layout-flow wp-block-group-is-layout-flow\" style=\"background-color:#f2f0e9\">\n<div class=\"wp-block-columns alignwide are-vertically-aligned-center is-layout-flex wp-container-core-columns-is-layout-28f84493 wp-block-columns-is-layout-flex\">\n<div class=\"wp-block-column is-layout-flow wp-block-column-is-layout-flow\" style=\"flex-basis:50%\">\n<p class=\"has-text-color\" style=\"color:#000000;font-size:clamp(18.959px, 1.185rem + ((1vw - 3.2px) * 1.255), 30px);line-height:1.1\"><strong><strong>\u00bfHAY ALGUNA GU\u00cdA DE USO DE ROBLE?<\/strong><\/strong><\/p>\n<\/div>\n<\/div>\n\n\n\n<div class=\"wp-block-columns alignwide is-layout-flex wp-container-core-columns-is-layout-28f84493 wp-block-columns-is-layout-flex\">\n<div class=\"wp-block-column is-layout-flow wp-block-column-is-layout-flow\">\n<figure class=\"wp-block-image size-full\"><img loading=\"lazy\" decoding=\"async\" width=\"880\" height=\"495\" src=\"https:\/\/site.educa.madrid.org\/ies.churriguera.leganes\/\/wp-content\/uploads\/ies.churriguera.leganes\/2024\/04\/roble-google-play.png\" alt=\"\" class=\"wp-image-3590\" srcset=\"https:\/\/site.educa.madrid.org\/ies.churriguera.leganes\/\/wp-content\/uploads\/ies.churriguera.leganes\/2024\/04\/roble-google-play.png 880w, https:\/\/site.educa.madrid.org\/ies.churriguera.leganes\/\/wp-content\/uploads\/ies.churriguera.leganes\/2024\/04\/roble-google-play-300x169.png 300w, https:\/\/site.educa.madrid.org\/ies.churriguera.leganes\/\/wp-content\/uploads\/ies.churriguera.leganes\/2024\/04\/roble-google-play-768x432.png 768w\" sizes=\"auto, (max-width: 880px) 100vw, 880px\" \/><\/figure>\n<\/div>\n\n\n\n<div class=\"wp-block-column is-layout-flow wp-block-column-is-layout-flow\">\n<p>S\u00ed, aunque el funcionamiento de Roble es intuitivo, existe una gu\u00eda r\u00e1pida sencilla de seguir a la que se puede acceder a trav\u00e9s de\u00a0<em><a href=\"https:\/\/raices.educa.madrid.org\/manual-de-roble-2\/\" target=\"_blank\" rel=\"noreferrer noopener\">este enlace<\/a>.<\/em><\/p>\n\n\n\n<p>Esta gu\u00eda est\u00e1 disponible en la web de documentaci\u00f3n de ayuda Canal Ra\u00edces, al que se puede acceder desde<em>&nbsp;<a href=\"https:\/\/raices.educa.madrid.org\/\" target=\"_blank\" rel=\"noreferrer noopener\">aqu\u00ed,<\/a>&nbsp;<\/em>y donde se pueden encontrar otros manuales de ayuda.<\/p>\n<\/div>\n\n\n\n<div class=\"wp-block-column is-layout-flow wp-block-column-is-layout-flow\">\n<h6 class=\"wp-block-heading\">\u00bfC\u00d3MO ACCEDER A ROBLE?<\/h6>\n\n\n\n<p>Simplemente hay que acceder a la tienda de aplicaciones de nuestro sistema (App Store, Play Store) y descargar la aplicaci\u00f3n Roble presionando en el bot\u00f3n correspondiente.<\/p>\n<\/div>\n<\/div>\n<\/div>\n\n\n\n<h1 class=\"wp-block-heading\">Procedimiento para la solicitud de nuevas credenciales<\/h1>\n\n\n\n<p class=\"has-medium-font-size\"><strong>Las claves de Roble son siempre para los padres y son, \u00fanicamente los padres, quienes pueden solicitar su restablecimiento.<\/strong><\/p>\n\n\n\n<p class=\"has-medium-font-size\">Si se han bloqueado las claves, se pueden solicitar unas nuevas a la direcci\u00f3n de correo electr\u00f3nico que se indica m\u00e1s abajo y que ser\u00e1n enviadas en un plazo de 7 d\u00edas. <\/p>\n\n\n\n<p class=\"has-text-align-center has-medium-font-size\"><a href=\"mailto:jestudios.ies.churriguera.leganes@educa.madrid.org\">jestudios.ies.churriguera.leganes@educa.madrid.org<\/a><\/p>\n\n\n\n<p>En el correo se debe indicar:<\/p>\n\n\n\n<ul class=\"wp-block-list\">\n<li>Nombre y apellidos del solicitante (padre\/madre\/tutor legal)<\/li>\n\n\n\n<li>Nombre, apellidos y curso del alumno\/a<\/li>\n\n\n\n<li>Adjuntar una copia del DNI del solicitante para verificar su identidad<\/li>\n<\/ul>\n\n\n\n<p>Debe tenerse en cuenta:<\/p>\n\n\n\n<ul class=\"wp-block-list\">\n<li><strong>Roble enviar\u00e1 las nuevas claves a la misma direcci\u00f3n de correo electr\u00f3nico aportada en la matr\u00edcula. <\/strong>Si \u00e9sta hubiera cambiado, debe comunicarse a Secretar\u00eda del Centro.<\/li>\n\n\n\n<li>Las nuevas claves son de un solo uso; <strong>deben cambiarse la primera vez que se utilicen, desde un ordenador o v\u00eda web<\/strong>. Cuando las claves funcionen correctamente, podr\u00e1n utilizarse con la app del m\u00f3vil.<\/li>\n<\/ul>\n\n\n\n<h1 class=\"wp-block-heading\">Roble: Gu\u00eda para familias<\/h1>\n\n\n\n<p>Pueden descargarse la gu\u00eda para familias pulsando en este <a href=\"https:\/\/raices.educa.madrid.org\/wp-content\/uploads\/Manual-de-Roble-v2.pdf\" target=\"_blank\" rel=\"noreferrer noopener\">enlace<\/a>.<\/p>\n\n\n\n<p>Si tienes cualquier duda en el uso de la aplicaci\u00f3n, puedes pedir cita previa para que te expliquemos como usarlo. <\/p>\n\n\n\n<p>Si suficientes familias nos comunicasen que tienen dificultades a la hora de utilizar la aplicaci\u00f3n o a la de acceder a las credenciales, en septiembre realizaremos un curso para explicar su uso. <\/p>\n","protected":false},"excerpt":{"rendered":"<p>Roble es una aplicaci\u00f3n m\u00f3vil destinada a familiasde alumnos y alumnos, cuya finalidad es la deproporcionarles acceso a la informaci\u00f3neducativa que a lo largo del curso es publicadapor los docentes y el centro, sirviendo adem\u00e1s deplataforma de comunicaci\u00f3n entre el centro y lasfamilias. Las funcionalidades de Roble est\u00e1n plenamenteintegradas en Ra\u00edces, el Sistema de Gesti\u00f3nIntegral [&hellip;]<\/p>\n","protected":false},"author":5,"featured_media":0,"parent":0,"menu_order":0,"comment_status":"closed","ping_status":"closed","template":"","meta":{"footnotes":""},"folder":[],"class_list":["post-415","page","type-page","status-publish","hentry"],"rttpg_featured_image_url":null,"rttpg_author":{"display_name":"JOSE LUIS LOPEZ LUNA","author_link":"https:\/\/site.educa.madrid.org\/ies.churriguera.leganes\/index.php\/author\/jose-luis_lpez-luna\/"},"rttpg_comment":0,"rttpg_category":false,"rttpg_excerpt":"Roble es una aplicaci\u00f3n m\u00f3vil destinada a familiasde alumnos y alumnos, cuya finalidad es la deproporcionarles acceso a la informaci\u00f3neducativa que a lo largo del curso es publicadapor los docentes y el centro, sirviendo adem\u00e1s deplataforma de comunicaci\u00f3n entre el centro y lasfamilias. Las funcionalidades de Roble est\u00e1n plenamenteintegradas en Ra\u00edces, el Sistema de Gesti\u00f3nIntegral&hellip;","post_mailing_queue_ids":[],"_links":{"self":[{"href":"https:\/\/site.educa.madrid.org\/ies.churriguera.leganes\/index.php\/wp-json\/wp\/v2\/pages\/415","targetHints":{"allow":["GET"]}}],"collection":[{"href":"https:\/\/site.educa.madrid.org\/ies.churriguera.leganes\/index.php\/wp-json\/wp\/v2\/pages"}],"about":[{"href":"https:\/\/site.educa.madrid.org\/ies.churriguera.leganes\/index.php\/wp-json\/wp\/v2\/types\/page"}],"author":[{"embeddable":true,"href":"https:\/\/site.educa.madrid.org\/ies.churriguera.leganes\/index.php\/wp-json\/wp\/v2\/users\/5"}],"replies":[{"embeddable":true,"href":"https:\/\/site.educa.madrid.org\/ies.churriguera.leganes\/index.php\/wp-json\/wp\/v2\/comments?post=415"}],"version-history":[{"count":16,"href":"https:\/\/site.educa.madrid.org\/ies.churriguera.leganes\/index.php\/wp-json\/wp\/v2\/pages\/415\/revisions"}],"predecessor-version":[{"id":5612,"href":"https:\/\/site.educa.madrid.org\/ies.churriguera.leganes\/index.php\/wp-json\/wp\/v2\/pages\/415\/revisions\/5612"}],"wp:attachment":[{"href":"https:\/\/site.educa.madrid.org\/ies.churriguera.leganes\/index.php\/wp-json\/wp\/v2\/media?parent=415"}],"wp:term":[{"taxonomy":"folder","embeddable":true,"href":"https:\/\/site.educa.madrid.org\/ies.churriguera.leganes\/index.php\/wp-json\/wp\/v2\/folder?post=415"}],"curies":[{"name":"wp","href":"https:\/\/api.w.org\/{rel}","templated":true}]}}