{"id":449,"date":"2021-02-13T13:44:46","date_gmt":"2021-02-13T12:44:46","guid":{"rendered":"https:\/\/site.educa.madrid.org\/ies.churriguera.leganes\/?page_id=449"},"modified":"2024-07-24T18:31:57","modified_gmt":"2024-07-24T16:31:57","slug":"proyecto-lecxit","status":"publish","type":"page","link":"https:\/\/site.educa.madrid.org\/ies.churriguera.leganes\/index.php\/proyecto-lecxit\/","title":{"rendered":"Plan de lectura"},"content":{"rendered":"\n<p>El Equipo directivo del IES Jos\u00e9 de Churriguera plantea, entre los objetivos prioritarios de la PGA para el curso acad\u00e9mico 2022-2023 estipula la creaci\u00f3n de un Plan de Lectura. Fomento del Plan de Lectura Digital<\/p>\n\n\n\n<p>Sus objetivos son:<\/p>\n\n\n\n<ul class=\"wp-block-list\">\n<li>\uf0b7 Analizar la situaci\u00f3n. Promover un Plan de Lectura Digital<\/li>\n\n\n\n<li>\uf0b7 Fomentar la lectura y la escritura en todas las actividades del centro.<\/li>\n\n\n\n<li>\uf0b7 Coordinar las lecturas de cada departamento.<\/li>\n\n\n\n<li>\uf0b7 Realizar actividades espec\u00edficas.<\/li>\n<\/ul>\n\n\n\n<p>Las estrategias se concretan en:<\/p>\n\n\n\n<ol class=\"wp-block-list\">\n<li>Promover la lectura de textos de diferente tipolog\u00eda y soporte, para mejorar la comprensi\u00f3n, utilizaci\u00f3n y reflexi\u00f3n acerca de los mismos.<\/li>\n\n\n\n<li>Dar proyecci\u00f3n a las actividades de lecto-escritura en el aula o en los espacios de lectura del centro, en todo tipo de soportes y formatos.<\/li>\n\n\n\n<li>Favorecer la digitalizaci\u00f3n de la biblioteca de centro as\u00ed como su uso.<\/li>\n\n\n\n<li>Incentivar trabajos de b\u00fasqueda, selecci\u00f3n y reflexi\u00f3n de la informaci\u00f3n mediante diferentes recursos en soporte papel y digital.<\/li>\n\n\n\n<li>Coordinar todas las actuaciones a trav\u00e9s de una herramienta colaborativa digital, que permita crear un mapa de lectura del centro.<\/li>\n<\/ol>\n\n\n\n<p>Para ello, se ha constituye una comisi\u00f3n espec\u00edfica formada por representantes del equipo directivo y docentes pertenecientes a diferentes \u00e1reas del curr\u00edculo.<\/p>\n\n\n\n<p>Dejamos a vuestra disposici\u00f3n el <a href=\"https:\/\/site.educa.madrid.org\/ies.churriguera.leganes\/\/wp-content\/uploads\/ies.churriguera.leganes\/2023\/04\/2022-2023-PLAN-DE-LECTURA.pdf\" target=\"_blank\" rel=\"noreferrer noopener\">Plan de lectura<\/a> correspondiente al curso 2022\/23 y una presentaci\u00f3n sobre el <a href=\"https:\/\/mediateca.educa.madrid.org\/documentos\/q37sjti4c8qsi5d3\/fs\" target=\"_blank\" rel=\"noreferrer noopener\">Proyecto Lecxit<\/a><\/p>\n","protected":false},"excerpt":{"rendered":"<p>El Equipo directivo del IES Jos\u00e9 de Churriguera plantea, entre los objetivos prioritarios de la PGA para el curso acad\u00e9mico 2022-2023 estipula la creaci\u00f3n de un Plan de Lectura. Fomento del Plan de Lectura Digital Sus objetivos son: Las estrategias se concretan en: Para ello, se ha constituye una comisi\u00f3n espec\u00edfica formada por representantes del [&hellip;]<\/p>\n","protected":false},"author":4,"featured_media":0,"parent":0,"menu_order":0,"comment_status":"closed","ping_status":"closed","template":"","meta":{"footnotes":""},"folder":[],"class_list":["post-449","page","type-page","status-publish","hentry"],"rttpg_featured_image_url":null,"rttpg_author":{"display_name":"Mar\u00eda del Juncal Blanco Bueno","author_link":"https:\/\/site.educa.madrid.org\/ies.churriguera.leganes\/index.php\/author\/m-juncal_blanco-bueno\/"},"rttpg_comment":0,"rttpg_category":false,"rttpg_excerpt":"El Equipo directivo del IES Jos\u00e9 de Churriguera plantea, entre los objetivos prioritarios de la PGA para el curso acad\u00e9mico 2022-2023 estipula la creaci\u00f3n de un Plan de Lectura. Fomento del Plan de Lectura Digital Sus objetivos son: Las estrategias se concretan en: Para ello, se ha constituye una comisi\u00f3n espec\u00edfica formada por representantes del&hellip;","post_mailing_queue_ids":[],"_links":{"self":[{"href":"https:\/\/site.educa.madrid.org\/ies.churriguera.leganes\/index.php\/wp-json\/wp\/v2\/pages\/449","targetHints":{"allow":["GET"]}}],"collection":[{"href":"https:\/\/site.educa.madrid.org\/ies.churriguera.leganes\/index.php\/wp-json\/wp\/v2\/pages"}],"about":[{"href":"https:\/\/site.educa.madrid.org\/ies.churriguera.leganes\/index.php\/wp-json\/wp\/v2\/types\/page"}],"author":[{"embeddable":true,"href":"https:\/\/site.educa.madrid.org\/ies.churriguera.leganes\/index.php\/wp-json\/wp\/v2\/users\/4"}],"replies":[{"embeddable":true,"href":"https:\/\/site.educa.madrid.org\/ies.churriguera.leganes\/index.php\/wp-json\/wp\/v2\/comments?post=449"}],"version-history":[{"count":4,"href":"https:\/\/site.educa.madrid.org\/ies.churriguera.leganes\/index.php\/wp-json\/wp\/v2\/pages\/449\/revisions"}],"predecessor-version":[{"id":5764,"href":"https:\/\/site.educa.madrid.org\/ies.churriguera.leganes\/index.php\/wp-json\/wp\/v2\/pages\/449\/revisions\/5764"}],"wp:attachment":[{"href":"https:\/\/site.educa.madrid.org\/ies.churriguera.leganes\/index.php\/wp-json\/wp\/v2\/media?parent=449"}],"wp:term":[{"taxonomy":"folder","embeddable":true,"href":"https:\/\/site.educa.madrid.org\/ies.churriguera.leganes\/index.php\/wp-json\/wp\/v2\/folder?post=449"}],"curies":[{"name":"wp","href":"https:\/\/api.w.org\/{rel}","templated":true}]}}