{"id":458,"date":"2021-02-13T14:00:43","date_gmt":"2021-02-13T13:00:43","guid":{"rendered":"https:\/\/site.educa.madrid.org\/ies.churriguera.leganes\/?page_id=458"},"modified":"2025-02-16T20:10:21","modified_gmt":"2025-02-16T19:10:21","slug":"aula-mentor","status":"publish","type":"page","link":"https:\/\/site.educa.madrid.org\/ies.churriguera.leganes\/index.php\/aula-mentor\/","title":{"rendered":"Aula Mentor"},"content":{"rendered":"\n<h1 class=\"wp-block-heading\">\u00bfQu\u00e9 es el Aula Mentor?<\/h1>\n\n\n\n<p>Formaci\u00f3n abierta, libre y a distancia a trav\u00e9s de Internet. <a href=\"http:\/\/www.aulamentor.es\/\" target=\"_blank\" rel=\"noreferrer noopener\">Aprendizaje a lo largo de la vida<\/a> del Ministerio de Educaci\u00f3n y Formaci\u00f3n Profesional en colaboraci\u00f3n con un amplio n\u00famero de instituciones (Ministerios, Consejer\u00edas de Educaci\u00f3n de las Comunidades Aut\u00f3nomas, Centros educativos, Ayuntamientos, ONG )<\/p>\n\n\n\n<p><strong>M\u00e1s de 100 cursos en l\u00ednea con matr\u00edcula abierta permanente y atenci\u00f3n tutorial cercana al estudiante<\/strong><\/p>\n\n\n\n<p>\u00a9 Ministerio de Educaci\u00f3n y Formaci\u00f3n Profesional<\/p>\n\n\n\n<p><strong>Aqu\u00ed encontrar\u00e1s toda la informaci\u00f3n necesaria del Aula Mentor.<\/strong><\/p>\n\n\n\n<figure class=\"wp-block-image size-full is-resized\"><a href=\"https:\/\/www.aulamentor.es\/\" target=\"_blank\" rel=\"noreferrer noopener\"><img loading=\"lazy\" decoding=\"async\" width=\"271\" height=\"186\" src=\"https:\/\/site.educa.madrid.org\/ies.churriguera.leganes\/\/wp-content\/uploads\/ies.churriguera.leganes\/2023\/03\/image.jpeg\" alt=\"\" class=\"wp-image-1495\" style=\"width:195px;height:134px\"\/><\/a><\/figure>\n\n\n\n<hr class=\"wp-block-separator has-alpha-channel-opacity\"\/>\n\n\n\n<h2 class=\"wp-block-heading\">Horario de atenci\u00f3n al alumnado<\/h2>\n\n\n\n<p><strong>MARTES de 17:00 a 18:30 horas y JUEVES de 17: 00 a 19:00 horas<\/strong><\/p>\n\n\n\n<ul class=\"wp-block-list\">\n<li>Las personas interesadas pueden contactar con la Coordinadora de Aula Mentor IES Jos\u00e9 de Churriguera en : <strong>churriguera.leganes@aulamentor.es <\/strong> y en el tel\u00e9fono <strong>916946011<\/strong>.<\/li>\n<\/ul>\n","protected":false},"excerpt":{"rendered":"<p>\u00bfQu\u00e9 es el Aula Mentor? Formaci\u00f3n abierta, libre y a distancia a trav\u00e9s de Internet. Aprendizaje a lo largo de la vida del Ministerio de Educaci\u00f3n y Formaci\u00f3n Profesional en colaboraci\u00f3n con un amplio n\u00famero de instituciones (Ministerios, Consejer\u00edas de Educaci\u00f3n de las Comunidades Aut\u00f3nomas, Centros educativos, Ayuntamientos, ONG ) M\u00e1s de 100 cursos en [&hellip;]<\/p>\n","protected":false},"author":27,"featured_media":0,"parent":0,"menu_order":0,"comment_status":"closed","ping_status":"closed","template":"","meta":{"footnotes":""},"folder":[],"class_list":["post-458","page","type-page","status-publish","hentry"],"rttpg_featured_image_url":null,"rttpg_author":{"display_name":"M\u00f3nica Fern\u00e1ndez Garc\u00eda","author_link":"https:\/\/site.educa.madrid.org\/ies.churriguera.leganes\/index.php\/author\/monica_fernandez-garcia\/"},"rttpg_comment":0,"rttpg_category":false,"rttpg_excerpt":"\u00bfQu\u00e9 es el Aula Mentor? Formaci\u00f3n abierta, libre y a distancia a trav\u00e9s de Internet. Aprendizaje a lo largo de la vida del Ministerio de Educaci\u00f3n y Formaci\u00f3n Profesional en colaboraci\u00f3n con un amplio n\u00famero de instituciones (Ministerios, Consejer\u00edas de Educaci\u00f3n de las Comunidades Aut\u00f3nomas, Centros educativos, Ayuntamientos, ONG ) M\u00e1s de 100 cursos en&hellip;","post_mailing_queue_ids":[],"_links":{"self":[{"href":"https:\/\/site.educa.madrid.org\/ies.churriguera.leganes\/index.php\/wp-json\/wp\/v2\/pages\/458","targetHints":{"allow":["GET"]}}],"collection":[{"href":"https:\/\/site.educa.madrid.org\/ies.churriguera.leganes\/index.php\/wp-json\/wp\/v2\/pages"}],"about":[{"href":"https:\/\/site.educa.madrid.org\/ies.churriguera.leganes\/index.php\/wp-json\/wp\/v2\/types\/page"}],"author":[{"embeddable":true,"href":"https:\/\/site.educa.madrid.org\/ies.churriguera.leganes\/index.php\/wp-json\/wp\/v2\/users\/27"}],"replies":[{"embeddable":true,"href":"https:\/\/site.educa.madrid.org\/ies.churriguera.leganes\/index.php\/wp-json\/wp\/v2\/comments?post=458"}],"version-history":[{"count":12,"href":"https:\/\/site.educa.madrid.org\/ies.churriguera.leganes\/index.php\/wp-json\/wp\/v2\/pages\/458\/revisions"}],"predecessor-version":[{"id":7522,"href":"https:\/\/site.educa.madrid.org\/ies.churriguera.leganes\/index.php\/wp-json\/wp\/v2\/pages\/458\/revisions\/7522"}],"wp:attachment":[{"href":"https:\/\/site.educa.madrid.org\/ies.churriguera.leganes\/index.php\/wp-json\/wp\/v2\/media?parent=458"}],"wp:term":[{"taxonomy":"folder","embeddable":true,"href":"https:\/\/site.educa.madrid.org\/ies.churriguera.leganes\/index.php\/wp-json\/wp\/v2\/folder?post=458"}],"curies":[{"name":"wp","href":"https:\/\/api.w.org\/{rel}","templated":true}]}}