{"id":4660,"date":"2024-07-15T12:08:18","date_gmt":"2024-07-15T10:08:18","guid":{"rendered":"https:\/\/site.educa.madrid.org\/ies.churriguera.leganes\/?page_id=4660"},"modified":"2025-02-16T19:34:52","modified_gmt":"2025-02-16T18:34:52","slug":"patios-alternativos","status":"publish","type":"page","link":"https:\/\/site.educa.madrid.org\/ies.churriguera.leganes\/index.php\/patios-alternativos\/","title":{"rendered":"Patios Alternativos"},"content":{"rendered":"\n<p>Los patios son un espacio de encuentro y convivencia. Queremos que tod@s vosotr@s os sint\u00e1is c\u00f3modos y seguros en el momento del recreo. Puedes optar por varias posibilidades, \u00bfCu\u00e1l es la tuya?<\/p>\n\n\n\n<h2 class=\"wp-block-heading\">Torneos Deportivos<\/h2>\n\n\n\n<figure class=\"wp-block-image alignleft size-large is-resized\"><img loading=\"lazy\" decoding=\"async\" width=\"1024\" height=\"683\" src=\"https:\/\/site.educa.madrid.org\/ies.churriguera.leganes\/\/wp-content\/uploads\/ies.churriguera.leganes\/2024\/01\/15592780_5596122-1024x683.jpg\" alt=\"\" class=\"wp-image-3080\" style=\"width:227px;height:auto\" srcset=\"https:\/\/site.educa.madrid.org\/ies.churriguera.leganes\/\/wp-content\/uploads\/ies.churriguera.leganes\/2024\/01\/15592780_5596122-1024x683.jpg 1024w, https:\/\/site.educa.madrid.org\/ies.churriguera.leganes\/\/wp-content\/uploads\/ies.churriguera.leganes\/2024\/01\/15592780_5596122-300x200.jpg 300w, https:\/\/site.educa.madrid.org\/ies.churriguera.leganes\/\/wp-content\/uploads\/ies.churriguera.leganes\/2024\/01\/15592780_5596122-768x512.jpg 768w, https:\/\/site.educa.madrid.org\/ies.churriguera.leganes\/\/wp-content\/uploads\/ies.churriguera.leganes\/2024\/01\/15592780_5596122-391x260.jpg 391w, https:\/\/site.educa.madrid.org\/ies.churriguera.leganes\/\/wp-content\/uploads\/ies.churriguera.leganes\/2024\/01\/15592780_5596122-1536x1024.jpg 1536w, https:\/\/site.educa.madrid.org\/ies.churriguera.leganes\/\/wp-content\/uploads\/ies.churriguera.leganes\/2024\/01\/15592780_5596122-2048x1365.jpg 2048w, https:\/\/site.educa.madrid.org\/ies.churriguera.leganes\/\/wp-content\/uploads\/ies.churriguera.leganes\/2024\/01\/15592780_5596122-272x182.jpg 272w\" sizes=\"auto, (max-width: 1024px) 100vw, 1024px\" \/><\/figure>\n\n\n\n<p>Si te gusta el deporte, este es tu espacio. Los torneos se llevan a cabo en distintas actividades deportivas: f\u00fatbol, baloncesto y volley. <\/p>\n\n\n\n<p>En cada caso los equipos tienen que ser mixtos (al menos debe participar una chica). Si tienes un equipo s\u00f3lo de chicos, busca entre tus compa\u00f1eras y an\u00edmalas a participar. Seguro que hay alguna que est\u00e1 interesada. <\/p>\n\n\n\n<p>Pero, an\u00edmala, no la obligues&#8230; No s\u00f3lo tiene que estar inscrita al comienzo de la actividad, tiene que jugar en todos los partidos&#8230; <\/p>\n\n\n\n<p>La mejor manera de mantener vuestro equipo es cuidaros entre vosotr@s. El esp\u00edritu deportivo es muy importante. Al finalizar el torneo no solo importa la victoria, es todav\u00eda mejor el guardar los buenos momentos compartidos y disfrutados.<\/p>\n\n\n\n<p>En la normativa de los torneos se especifica que n\u00famero de partidos sin jugar te corresponde si has tenido alguna falta disciplinaria. Los deportistas son escrupulosos a la hora de cumplir las normas, toma como ejemplo a los mejores de cada disciplina y sigue las normas de convivencia de nuestro centro para poder disfrutar de todos los partidos.<\/p>\n\n\n\n<h2 class=\"wp-block-heading\">Taller de  Dibujo y Manualidades<\/h2>\n\n\n\n<p>Si no quieres participar en los torneos y prefieres actividades m\u00e1s tranquilas y creativas, puedes acudir al Taller de Tecnolog\u00eda. Si te gusta dibujar, o realizar cualquier tipo de manualidades, \u00a1este es tu espacio!. <\/p>\n\n\n\n<p>\u00a1No lo dudes! \u00a1Ven a compartirlo con nosotros!<\/p>\n\n\n\n<h2 class=\"wp-block-heading\">Espacio de Juegos de Mesa<\/h2>\n\n\n\n<p>\u00bfTe encanta compartir el tiempo con tus amigos y amigas? \u00bfTe apasionan los juegos de mesa? O bueno&#8230; no es pasi\u00f3n&#8230; pero te divierten mucho. \u00a1Este es tu sitio!<\/p>\n\n\n\n<p>Comparte estrategias, gana, pierde, pero sobre todo&#8230; la consigna es \u00a1divertirse!. <\/p>\n\n\n\n<p>Te estamos esperando en el Taller de Tecnolog\u00eda. \u00a1No lo dudes y prueba!<\/p>\n\n\n\n<h2 class=\"wp-block-heading\">Taller de Crochet<\/h2>\n\n\n\n<p>El&nbsp;<strong>Taller de Crochet<\/strong>&nbsp;es un espacio y un tiempo para&nbsp;<strong>relajarnos<\/strong>&nbsp;y&nbsp;<strong>conocernos<\/strong>&nbsp;m\u00e1s a partir del aprendizaje de esta t\u00e9cnica tradicional. Aqu\u00ed podremos tanto&nbsp;<strong>aprender y practicar las t\u00e9cnicas del crochet<\/strong>&nbsp;como, si ya las conoces,&nbsp;<strong>hacer tus labores en compa\u00f1\u00eda y ayudar a aprender a otras personas<\/strong>&nbsp;que no saben.&nbsp;<\/p>\n\n\n\n<p><strong>Cualquier persona de la Comunidad Educativa ser\u00e1 bienvenida<\/strong>: alumnado, profesorado, personal del centro, familias&#8230; S\u00f3lo tienes que traer la motivaci\u00f3n y una actitud positiva. Trataremos de realizar, adem\u00e1s, proyectos comunitarios que nos conecten m\u00e1s con nuestra comunidad.&nbsp;<\/p>\n\n\n\n<p>Se desarrolla todos los jueves en el aula A15.<\/p>\n\n\n\n<p>\u00a1Te esperamos en el\u00a0<strong>Taller de Crochet<\/strong>!<\/p>\n\n\n\n<figure class=\"wp-block-image aligncenter size-large\"><img loading=\"lazy\" decoding=\"async\" width=\"1024\" height=\"724\" src=\"https:\/\/site.educa.madrid.org\/ies.churriguera.leganes\/\/wp-content\/uploads\/ies.churriguera.leganes\/2025\/02\/Taller-de-Crochet-1024x724.png\" alt=\"\" class=\"wp-image-7484\" srcset=\"https:\/\/site.educa.madrid.org\/ies.churriguera.leganes\/\/wp-content\/uploads\/ies.churriguera.leganes\/2025\/02\/Taller-de-Crochet-1024x724.png 1024w, https:\/\/site.educa.madrid.org\/ies.churriguera.leganes\/\/wp-content\/uploads\/ies.churriguera.leganes\/2025\/02\/Taller-de-Crochet-300x212.png 300w, https:\/\/site.educa.madrid.org\/ies.churriguera.leganes\/\/wp-content\/uploads\/ies.churriguera.leganes\/2025\/02\/Taller-de-Crochet-768x543.png 768w, https:\/\/site.educa.madrid.org\/ies.churriguera.leganes\/\/wp-content\/uploads\/ies.churriguera.leganes\/2025\/02\/Taller-de-Crochet-1536x1086.png 1536w, https:\/\/site.educa.madrid.org\/ies.churriguera.leganes\/\/wp-content\/uploads\/ies.churriguera.leganes\/2025\/02\/Taller-de-Crochet.png 2000w\" sizes=\"auto, (max-width: 1024px) 100vw, 1024px\" \/><\/figure>\n","protected":false},"excerpt":{"rendered":"<p>Los patios son un espacio de encuentro y convivencia. Queremos que tod@s vosotr@s os sint\u00e1is c\u00f3modos y seguros en el momento del recreo. Puedes optar por varias posibilidades, \u00bfCu\u00e1l es la tuya? Torneos Deportivos Si te gusta el deporte, este es tu espacio. Los torneos se llevan a cabo en distintas actividades deportivas: f\u00fatbol, baloncesto [&hellip;]<\/p>\n","protected":false},"author":14,"featured_media":4624,"parent":0,"menu_order":0,"comment_status":"closed","ping_status":"closed","template":"","meta":{"footnotes":""},"folder":[],"class_list":["post-4660","page","type-page","status-publish","has-post-thumbnail","hentry"],"rttpg_featured_image_url":{"full":["https:\/\/site.educa.madrid.org\/ies.churriguera.leganes\/\/wp-content\/uploads\/ies.churriguera.leganes\/2024\/07\/Default_genera_una_imagen_que_represente_la_idea_Patios_altern_2.jpg",1120,1120,false],"landscape":["https:\/\/site.educa.madrid.org\/ies.churriguera.leganes\/\/wp-content\/uploads\/ies.churriguera.leganes\/2024\/07\/Default_genera_una_imagen_que_represente_la_idea_Patios_altern_2.jpg",1120,1120,false],"portraits":["https:\/\/site.educa.madrid.org\/ies.churriguera.leganes\/\/wp-content\/uploads\/ies.churriguera.leganes\/2024\/07\/Default_genera_una_imagen_que_represente_la_idea_Patios_altern_2.jpg",1120,1120,false],"thumbnail":["https:\/\/site.educa.madrid.org\/ies.churriguera.leganes\/\/wp-content\/uploads\/ies.churriguera.leganes\/2024\/07\/Default_genera_una_imagen_que_represente_la_idea_Patios_altern_2-150x150.jpg",150,150,true],"medium":["https:\/\/site.educa.madrid.org\/ies.churriguera.leganes\/\/wp-content\/uploads\/ies.churriguera.leganes\/2024\/07\/Default_genera_una_imagen_que_represente_la_idea_Patios_altern_2-300x300.jpg",300,300,true],"large":["https:\/\/site.educa.madrid.org\/ies.churriguera.leganes\/\/wp-content\/uploads\/ies.churriguera.leganes\/2024\/07\/Default_genera_una_imagen_que_represente_la_idea_Patios_altern_2-1024x1024.jpg",640,640,true],"thumblist":["https:\/\/site.educa.madrid.org\/ies.churriguera.leganes\/\/wp-content\/uploads\/ies.churriguera.leganes\/2024\/07\/Default_genera_una_imagen_que_represente_la_idea_Patios_altern_2-300x300.jpg",300,300,true],"thumbrelated":["https:\/\/site.educa.madrid.org\/ies.churriguera.leganes\/\/wp-content\/uploads\/ies.churriguera.leganes\/2024\/07\/Default_genera_una_imagen_que_represente_la_idea_Patios_altern_2-500x500.jpg",500,500,true],"meccarouselthumb":["https:\/\/site.educa.madrid.org\/ies.churriguera.leganes\/\/wp-content\/uploads\/ies.churriguera.leganes\/2024\/07\/Default_genera_una_imagen_que_represente_la_idea_Patios_altern_2-474x324.jpg",474,324,true],"gridsquare":["https:\/\/site.educa.madrid.org\/ies.churriguera.leganes\/\/wp-content\/uploads\/ies.churriguera.leganes\/2024\/07\/Default_genera_una_imagen_que_represente_la_idea_Patios_altern_2-391x260.jpg",391,260,true],"tileview":["https:\/\/site.educa.madrid.org\/ies.churriguera.leganes\/\/wp-content\/uploads\/ies.churriguera.leganes\/2024\/07\/Default_genera_una_imagen_que_represente_la_idea_Patios_altern_2-300x400.jpg",300,400,true],"1536x1536":["https:\/\/site.educa.madrid.org\/ies.churriguera.leganes\/\/wp-content\/uploads\/ies.churriguera.leganes\/2024\/07\/Default_genera_una_imagen_que_represente_la_idea_Patios_altern_2.jpg",1120,1120,false],"2048x2048":["https:\/\/site.educa.madrid.org\/ies.churriguera.leganes\/\/wp-content\/uploads\/ies.churriguera.leganes\/2024\/07\/Default_genera_una_imagen_que_represente_la_idea_Patios_altern_2.jpg",1120,1120,false],"total-portfolio-thumb":["https:\/\/site.educa.madrid.org\/ies.churriguera.leganes\/\/wp-content\/uploads\/ies.churriguera.leganes\/2024\/07\/Default_genera_una_imagen_que_represente_la_idea_Patios_altern_2.jpg",400,400,false],"total-team-thumb":["https:\/\/site.educa.madrid.org\/ies.churriguera.leganes\/\/wp-content\/uploads\/ies.churriguera.leganes\/2024\/07\/Default_genera_una_imagen_que_represente_la_idea_Patios_altern_2.jpg",350,350,false],"total-blog-thumb":["https:\/\/site.educa.madrid.org\/ies.churriguera.leganes\/\/wp-content\/uploads\/ies.churriguera.leganes\/2024\/07\/Default_genera_una_imagen_que_represente_la_idea_Patios_altern_2.jpg",280,280,false],"total-thumb":["https:\/\/site.educa.madrid.org\/ies.churriguera.leganes\/\/wp-content\/uploads\/ies.churriguera.leganes\/2024\/07\/Default_genera_una_imagen_que_represente_la_idea_Patios_altern_2.jpg",100,100,false],"total-blog-header":["https:\/\/site.educa.madrid.org\/ies.churriguera.leganes\/\/wp-content\/uploads\/ies.churriguera.leganes\/2024\/07\/Default_genera_una_imagen_que_represente_la_idea_Patios_altern_2.jpg",360,360,false],"sow-carousel-default":["https:\/\/site.educa.madrid.org\/ies.churriguera.leganes\/\/wp-content\/uploads\/ies.churriguera.leganes\/2024\/07\/Default_genera_una_imagen_que_represente_la_idea_Patios_altern_2-272x182.jpg",272,182,true],"sow-post-carousel-overlay-theme":["https:\/\/site.educa.madrid.org\/ies.churriguera.leganes\/\/wp-content\/uploads\/ies.churriguera.leganes\/2024\/07\/Default_genera_una_imagen_que_represente_la_idea_Patios_altern_2.jpg",360,360,false],"sow-post-carousel-cards-theme":["https:\/\/site.educa.madrid.org\/ies.churriguera.leganes\/\/wp-content\/uploads\/ies.churriguera.leganes\/2024\/07\/Default_genera_una_imagen_que_represente_la_idea_Patios_altern_2.jpg",240,240,false],"sow-blog-portfolio":["https:\/\/site.educa.madrid.org\/ies.churriguera.leganes\/\/wp-content\/uploads\/ies.churriguera.leganes\/2024\/07\/Default_genera_una_imagen_que_represente_la_idea_Patios_altern_2.jpg",375,375,false],"sow-blog-grid":["https:\/\/site.educa.madrid.org\/ies.churriguera.leganes\/\/wp-content\/uploads\/ies.churriguera.leganes\/2024\/07\/Default_genera_una_imagen_que_represente_la_idea_Patios_altern_2.jpg",480,480,false],"sow-blog-alternate":["https:\/\/site.educa.madrid.org\/ies.churriguera.leganes\/\/wp-content\/uploads\/ies.churriguera.leganes\/2024\/07\/Default_genera_una_imagen_que_represente_la_idea_Patios_altern_2.jpg",630,630,false],"rt_custom":["https:\/\/site.educa.madrid.org\/ies.churriguera.leganes\/\/wp-content\/uploads\/ies.churriguera.leganes\/2024\/07\/Default_genera_una_imagen_que_represente_la_idea_Patios_altern_2.jpg",1120,1120,false]},"rttpg_author":{"display_name":"PATRICIA D\u00cdAZ GARC\u00cdA","author_link":"https:\/\/site.educa.madrid.org\/ies.churriguera.leganes\/index.php\/author\/patricia_diaz-garcia\/"},"rttpg_comment":0,"rttpg_category":false,"rttpg_excerpt":"Los patios son un espacio de encuentro y convivencia. Queremos que tod@s vosotr@s os sint\u00e1is c\u00f3modos y seguros en el momento del recreo. Puedes optar por varias posibilidades, \u00bfCu\u00e1l es la tuya? Torneos Deportivos Si te gusta el deporte, este es tu espacio. Los torneos se llevan a cabo en distintas actividades deportivas: f\u00fatbol, baloncesto&hellip;","post_mailing_queue_ids":[],"_links":{"self":[{"href":"https:\/\/site.educa.madrid.org\/ies.churriguera.leganes\/index.php\/wp-json\/wp\/v2\/pages\/4660","targetHints":{"allow":["GET"]}}],"collection":[{"href":"https:\/\/site.educa.madrid.org\/ies.churriguera.leganes\/index.php\/wp-json\/wp\/v2\/pages"}],"about":[{"href":"https:\/\/site.educa.madrid.org\/ies.churriguera.leganes\/index.php\/wp-json\/wp\/v2\/types\/page"}],"author":[{"embeddable":true,"href":"https:\/\/site.educa.madrid.org\/ies.churriguera.leganes\/index.php\/wp-json\/wp\/v2\/users\/14"}],"replies":[{"embeddable":true,"href":"https:\/\/site.educa.madrid.org\/ies.churriguera.leganes\/index.php\/wp-json\/wp\/v2\/comments?post=4660"}],"version-history":[{"count":7,"href":"https:\/\/site.educa.madrid.org\/ies.churriguera.leganes\/index.php\/wp-json\/wp\/v2\/pages\/4660\/revisions"}],"predecessor-version":[{"id":7485,"href":"https:\/\/site.educa.madrid.org\/ies.churriguera.leganes\/index.php\/wp-json\/wp\/v2\/pages\/4660\/revisions\/7485"}],"wp:featuredmedia":[{"embeddable":true,"href":"https:\/\/site.educa.madrid.org\/ies.churriguera.leganes\/index.php\/wp-json\/wp\/v2\/media\/4624"}],"wp:attachment":[{"href":"https:\/\/site.educa.madrid.org\/ies.churriguera.leganes\/index.php\/wp-json\/wp\/v2\/media?parent=4660"}],"wp:term":[{"taxonomy":"folder","embeddable":true,"href":"https:\/\/site.educa.madrid.org\/ies.churriguera.leganes\/index.php\/wp-json\/wp\/v2\/folder?post=4660"}],"curies":[{"name":"wp","href":"https:\/\/api.w.org\/{rel}","templated":true}]}}