{"id":4679,"date":"2024-07-15T12:59:26","date_gmt":"2024-07-15T10:59:26","guid":{"rendered":"https:\/\/site.educa.madrid.org\/ies.churriguera.leganes\/?page_id=4679"},"modified":"2025-02-16T19:38:56","modified_gmt":"2025-02-16T18:38:56","slug":"mi-centro-es-tu-centro","status":"publish","type":"page","link":"https:\/\/site.educa.madrid.org\/ies.churriguera.leganes\/index.php\/mi-centro-es-tu-centro\/","title":{"rendered":"Mi centro es tu centro"},"content":{"rendered":"\n<figure class=\"wp-block-image alignleft size-large is-resized\"><img loading=\"lazy\" decoding=\"async\" width=\"1024\" height=\"1024\" src=\"https:\/\/site.educa.madrid.org\/ies.churriguera.leganes\/\/wp-content\/uploads\/ies.churriguera.leganes\/2024\/07\/Default_A_vibrant_digital_illustration_on_a_warm_sunny_backgro_0-1024x1024.jpg\" alt=\"\" class=\"wp-image-4625\" style=\"width:254px;height:auto\" srcset=\"https:\/\/site.educa.madrid.org\/ies.churriguera.leganes\/\/wp-content\/uploads\/ies.churriguera.leganes\/2024\/07\/Default_A_vibrant_digital_illustration_on_a_warm_sunny_backgro_0-1024x1024.jpg 1024w, https:\/\/site.educa.madrid.org\/ies.churriguera.leganes\/\/wp-content\/uploads\/ies.churriguera.leganes\/2024\/07\/Default_A_vibrant_digital_illustration_on_a_warm_sunny_backgro_0-300x300.jpg 300w, https:\/\/site.educa.madrid.org\/ies.churriguera.leganes\/\/wp-content\/uploads\/ies.churriguera.leganes\/2024\/07\/Default_A_vibrant_digital_illustration_on_a_warm_sunny_backgro_0-150x150.jpg 150w, https:\/\/site.educa.madrid.org\/ies.churriguera.leganes\/\/wp-content\/uploads\/ies.churriguera.leganes\/2024\/07\/Default_A_vibrant_digital_illustration_on_a_warm_sunny_backgro_0-768x768.jpg 768w, https:\/\/site.educa.madrid.org\/ies.churriguera.leganes\/\/wp-content\/uploads\/ies.churriguera.leganes\/2024\/07\/Default_A_vibrant_digital_illustration_on_a_warm_sunny_backgro_0-500x500.jpg 500w, https:\/\/site.educa.madrid.org\/ies.churriguera.leganes\/\/wp-content\/uploads\/ies.churriguera.leganes\/2024\/07\/Default_A_vibrant_digital_illustration_on_a_warm_sunny_backgro_0.jpg 1120w\" sizes=\"auto, (max-width: 1024px) 100vw, 1024px\" \/><\/figure>\n\n\n\n<p class=\"has-medium-font-size\">Cuando llegamos nuevos a un centro educativo nos encontramos un poco desubicados. Si adem\u00e1s, esta incorporaci\u00f3n se produce con el curso comenzado la dificultad es mayor. Con este programa tratamos de suavizar vuestra incorporaci\u00f3n a<br>y haceros sentir lo mejor posible. As\u00ed formar\u00e9is parte de nuestra comunidad cuanto antes.<\/p>\n\n\n\n<p class=\"has-medium-font-size\">Cuando llegues a nuestro centro ten en cuenta que te plantear\u00e1n varias entrevistas. \u00a1No te preocupes! Nuestra intenci\u00f3n es conocerte y que nos conozcas, y as\u00ed poder ofrecerte la respuesta m\u00e1s adaptada.<\/p>\n\n\n\n<p class=\"has-medium-font-size\">La incorporaci\u00f3n se realiza en tres fases:<\/p>\n\n\n\n<h2 class=\"wp-block-heading\">Entrevista con el Departamento de Orientaci\u00f3n<\/h2>\n\n\n\n<p class=\"has-medium-font-size\">En ella te preguntaremos por datos sobre tu procedencia y los estudios cursados hasta el momento. Esto nos permitir\u00e1 situarte en un grupo, con optativas o itinerarios que sean los m\u00e1s adecuados para ti. <\/p>\n\n\n\n<p class=\"has-medium-font-size\">Entre las preguntas que te realizar\u00e1 la persona del Departamento de Orientaci\u00f3n, habr\u00e1 algunas destinadas a conocer tu situaci\u00f3n social y econ\u00f3mica, para poder estimar las necesidades de pr\u00e9stamo de material que puedan establecerse.<\/p>\n\n\n\n<p class=\"has-medium-font-size\">En esta primera toma de contacto, se te ofrecer\u00e1 informaci\u00f3n sobre el centro y su estructura. \u00a1Ya has dado el primer paso para formar parte del Churriguera!<\/p>\n\n\n\n<h2 class=\"wp-block-heading\">Entrevista con tu tutor\/a<\/h2>\n\n\n\n<p class=\"has-medium-font-size\">En esta reuni\u00f3n se te ofrecer\u00e1 la informaci\u00f3n acad\u00e9mica que es necesaria para tu desarrollo acad\u00e9mico y te dar\u00e1 el horario del grupo. El tutor, es la persona del equipo docente que ejerce como referente para cualquier duda que te pueda surgir. \u00a1No dudes en preguntarle todo aquello que te preocupe! <\/p>\n\n\n\n<p class=\"has-medium-font-size\">Y si no te acuerdas en la entrevista&#8230; no te preocupes, nuestros tutores y tutoras son personas muy accesibles a los que puedes consultar tus dudas en cualquier momento<\/p>\n\n\n\n<h2 class=\"wp-block-heading\">Entrevista del alumno o alumna con el equipo de Alumnado Ayudante de tu grupo<\/h2>\n\n\n\n<p class=\"has-medium-font-size\">Pero no solo de lo acad\u00e9mico vive el estudiante&#8230; Todos los centros tienen caracter\u00edsticas propias que hay que conocer, como puede ser d\u00f3nde est\u00e1 la cafeter\u00eda, qu\u00e9 es eso del aula materia o a qu\u00e9 da m\u00e1s importancia cada profesor. Est\u00e1 claro que esta informaci\u00f3n es tanto o m\u00e1s importante que la anterior para que el d\u00eda a d\u00eda en las clases sea c\u00f3modo. <\/p>\n\n\n\n<p class=\"has-medium-font-size\">Para ello te entrevistar\u00e1s con los alumnos o alumnas Ayudantes de tu grupo. Una de sus funciones es la de acoger a personas que llegan nuevas al centro y hacerles la vida m\u00e1s f\u00e1cil. <\/p>\n\n\n\n<p class=\"has-medium-font-size\">Ellos trabajar\u00e1n contigo los espacios, las costumbres, las normas y dem\u00e1s cuestiones que son necesarias para el d\u00eda a d\u00eda. <\/p>\n\n\n\n<p class=\"has-medium-font-size\">Adem\u00e1s, estar\u00e1n pendiente de ti hasta que vean que te encuentras un poco m\u00e1s integrado. Como tu tutor, ellos son tu referente m\u00e1s directo: \u00a1No dudes en consultarles todo aquello que te preocupe!<\/p>\n","protected":false},"excerpt":{"rendered":"<p>Cuando llegamos nuevos a un centro educativo nos encontramos un poco desubicados. Si adem\u00e1s, esta incorporaci\u00f3n se produce con el curso comenzado la dificultad es mayor. Con este programa tratamos de suavizar vuestra incorporaci\u00f3n ay haceros sentir lo mejor posible. As\u00ed formar\u00e9is parte de nuestra comunidad cuanto antes. Cuando llegues a nuestro centro ten en [&hellip;]<\/p>\n","protected":false},"author":14,"featured_media":4625,"parent":0,"menu_order":0,"comment_status":"closed","ping_status":"closed","template":"","meta":{"footnotes":""},"folder":[],"class_list":["post-4679","page","type-page","status-publish","has-post-thumbnail","hentry"],"rttpg_featured_image_url":{"full":["https:\/\/site.educa.madrid.org\/ies.churriguera.leganes\/\/wp-content\/uploads\/ies.churriguera.leganes\/2024\/07\/Default_A_vibrant_digital_illustration_on_a_warm_sunny_backgro_0.jpg",1120,1120,false],"landscape":["https:\/\/site.educa.madrid.org\/ies.churriguera.leganes\/\/wp-content\/uploads\/ies.churriguera.leganes\/2024\/07\/Default_A_vibrant_digital_illustration_on_a_warm_sunny_backgro_0.jpg",1120,1120,false],"portraits":["https:\/\/site.educa.madrid.org\/ies.churriguera.leganes\/\/wp-content\/uploads\/ies.churriguera.leganes\/2024\/07\/Default_A_vibrant_digital_illustration_on_a_warm_sunny_backgro_0.jpg",1120,1120,false],"thumbnail":["https:\/\/site.educa.madrid.org\/ies.churriguera.leganes\/\/wp-content\/uploads\/ies.churriguera.leganes\/2024\/07\/Default_A_vibrant_digital_illustration_on_a_warm_sunny_backgro_0-150x150.jpg",150,150,true],"medium":["https:\/\/site.educa.madrid.org\/ies.churriguera.leganes\/\/wp-content\/uploads\/ies.churriguera.leganes\/2024\/07\/Default_A_vibrant_digital_illustration_on_a_warm_sunny_backgro_0-300x300.jpg",300,300,true],"large":["https:\/\/site.educa.madrid.org\/ies.churriguera.leganes\/\/wp-content\/uploads\/ies.churriguera.leganes\/2024\/07\/Default_A_vibrant_digital_illustration_on_a_warm_sunny_backgro_0-1024x1024.jpg",640,640,true],"thumblist":["https:\/\/site.educa.madrid.org\/ies.churriguera.leganes\/\/wp-content\/uploads\/ies.churriguera.leganes\/2024\/07\/Default_A_vibrant_digital_illustration_on_a_warm_sunny_backgro_0-300x300.jpg",300,300,true],"thumbrelated":["https:\/\/site.educa.madrid.org\/ies.churriguera.leganes\/\/wp-content\/uploads\/ies.churriguera.leganes\/2024\/07\/Default_A_vibrant_digital_illustration_on_a_warm_sunny_backgro_0-500x500.jpg",500,500,true],"meccarouselthumb":["https:\/\/site.educa.madrid.org\/ies.churriguera.leganes\/\/wp-content\/uploads\/ies.churriguera.leganes\/2024\/07\/Default_A_vibrant_digital_illustration_on_a_warm_sunny_backgro_0-474x324.jpg",474,324,true],"gridsquare":["https:\/\/site.educa.madrid.org\/ies.churriguera.leganes\/\/wp-content\/uploads\/ies.churriguera.leganes\/2024\/07\/Default_A_vibrant_digital_illustration_on_a_warm_sunny_backgro_0-391x260.jpg",391,260,true],"tileview":["https:\/\/site.educa.madrid.org\/ies.churriguera.leganes\/\/wp-content\/uploads\/ies.churriguera.leganes\/2024\/07\/Default_A_vibrant_digital_illustration_on_a_warm_sunny_backgro_0-300x400.jpg",300,400,true],"1536x1536":["https:\/\/site.educa.madrid.org\/ies.churriguera.leganes\/\/wp-content\/uploads\/ies.churriguera.leganes\/2024\/07\/Default_A_vibrant_digital_illustration_on_a_warm_sunny_backgro_0.jpg",1120,1120,false],"2048x2048":["https:\/\/site.educa.madrid.org\/ies.churriguera.leganes\/\/wp-content\/uploads\/ies.churriguera.leganes\/2024\/07\/Default_A_vibrant_digital_illustration_on_a_warm_sunny_backgro_0.jpg",1120,1120,false],"total-portfolio-thumb":["https:\/\/site.educa.madrid.org\/ies.churriguera.leganes\/\/wp-content\/uploads\/ies.churriguera.leganes\/2024\/07\/Default_A_vibrant_digital_illustration_on_a_warm_sunny_backgro_0.jpg",400,400,false],"total-team-thumb":["https:\/\/site.educa.madrid.org\/ies.churriguera.leganes\/\/wp-content\/uploads\/ies.churriguera.leganes\/2024\/07\/Default_A_vibrant_digital_illustration_on_a_warm_sunny_backgro_0.jpg",350,350,false],"total-blog-thumb":["https:\/\/site.educa.madrid.org\/ies.churriguera.leganes\/\/wp-content\/uploads\/ies.churriguera.leganes\/2024\/07\/Default_A_vibrant_digital_illustration_on_a_warm_sunny_backgro_0.jpg",280,280,false],"total-thumb":["https:\/\/site.educa.madrid.org\/ies.churriguera.leganes\/\/wp-content\/uploads\/ies.churriguera.leganes\/2024\/07\/Default_A_vibrant_digital_illustration_on_a_warm_sunny_backgro_0.jpg",100,100,false],"total-blog-header":["https:\/\/site.educa.madrid.org\/ies.churriguera.leganes\/\/wp-content\/uploads\/ies.churriguera.leganes\/2024\/07\/Default_A_vibrant_digital_illustration_on_a_warm_sunny_backgro_0.jpg",360,360,false],"sow-carousel-default":["https:\/\/site.educa.madrid.org\/ies.churriguera.leganes\/\/wp-content\/uploads\/ies.churriguera.leganes\/2024\/07\/Default_A_vibrant_digital_illustration_on_a_warm_sunny_backgro_0-272x182.jpg",272,182,true],"sow-post-carousel-overlay-theme":["https:\/\/site.educa.madrid.org\/ies.churriguera.leganes\/\/wp-content\/uploads\/ies.churriguera.leganes\/2024\/07\/Default_A_vibrant_digital_illustration_on_a_warm_sunny_backgro_0.jpg",360,360,false],"sow-post-carousel-cards-theme":["https:\/\/site.educa.madrid.org\/ies.churriguera.leganes\/\/wp-content\/uploads\/ies.churriguera.leganes\/2024\/07\/Default_A_vibrant_digital_illustration_on_a_warm_sunny_backgro_0.jpg",240,240,false],"sow-blog-portfolio":["https:\/\/site.educa.madrid.org\/ies.churriguera.leganes\/\/wp-content\/uploads\/ies.churriguera.leganes\/2024\/07\/Default_A_vibrant_digital_illustration_on_a_warm_sunny_backgro_0.jpg",375,375,false],"sow-blog-grid":["https:\/\/site.educa.madrid.org\/ies.churriguera.leganes\/\/wp-content\/uploads\/ies.churriguera.leganes\/2024\/07\/Default_A_vibrant_digital_illustration_on_a_warm_sunny_backgro_0.jpg",480,480,false],"sow-blog-alternate":["https:\/\/site.educa.madrid.org\/ies.churriguera.leganes\/\/wp-content\/uploads\/ies.churriguera.leganes\/2024\/07\/Default_A_vibrant_digital_illustration_on_a_warm_sunny_backgro_0.jpg",630,630,false],"rt_custom":["https:\/\/site.educa.madrid.org\/ies.churriguera.leganes\/\/wp-content\/uploads\/ies.churriguera.leganes\/2024\/07\/Default_A_vibrant_digital_illustration_on_a_warm_sunny_backgro_0.jpg",1120,1120,false]},"rttpg_author":{"display_name":"PATRICIA D\u00cdAZ GARC\u00cdA","author_link":"https:\/\/site.educa.madrid.org\/ies.churriguera.leganes\/index.php\/author\/patricia_diaz-garcia\/"},"rttpg_comment":0,"rttpg_category":false,"rttpg_excerpt":"Cuando llegamos nuevos a un centro educativo nos encontramos un poco desubicados. Si adem\u00e1s, esta incorporaci\u00f3n se produce con el curso comenzado la dificultad es mayor. Con este programa tratamos de suavizar vuestra incorporaci\u00f3n ay haceros sentir lo mejor posible. As\u00ed formar\u00e9is parte de nuestra comunidad cuanto antes. Cuando llegues a nuestro centro ten en&hellip;","post_mailing_queue_ids":[],"_links":{"self":[{"href":"https:\/\/site.educa.madrid.org\/ies.churriguera.leganes\/index.php\/wp-json\/wp\/v2\/pages\/4679","targetHints":{"allow":["GET"]}}],"collection":[{"href":"https:\/\/site.educa.madrid.org\/ies.churriguera.leganes\/index.php\/wp-json\/wp\/v2\/pages"}],"about":[{"href":"https:\/\/site.educa.madrid.org\/ies.churriguera.leganes\/index.php\/wp-json\/wp\/v2\/types\/page"}],"author":[{"embeddable":true,"href":"https:\/\/site.educa.madrid.org\/ies.churriguera.leganes\/index.php\/wp-json\/wp\/v2\/users\/14"}],"replies":[{"embeddable":true,"href":"https:\/\/site.educa.madrid.org\/ies.churriguera.leganes\/index.php\/wp-json\/wp\/v2\/comments?post=4679"}],"version-history":[{"count":6,"href":"https:\/\/site.educa.madrid.org\/ies.churriguera.leganes\/index.php\/wp-json\/wp\/v2\/pages\/4679\/revisions"}],"predecessor-version":[{"id":7490,"href":"https:\/\/site.educa.madrid.org\/ies.churriguera.leganes\/index.php\/wp-json\/wp\/v2\/pages\/4679\/revisions\/7490"}],"wp:featuredmedia":[{"embeddable":true,"href":"https:\/\/site.educa.madrid.org\/ies.churriguera.leganes\/index.php\/wp-json\/wp\/v2\/media\/4625"}],"wp:attachment":[{"href":"https:\/\/site.educa.madrid.org\/ies.churriguera.leganes\/index.php\/wp-json\/wp\/v2\/media?parent=4679"}],"wp:term":[{"taxonomy":"folder","embeddable":true,"href":"https:\/\/site.educa.madrid.org\/ies.churriguera.leganes\/index.php\/wp-json\/wp\/v2\/folder?post=4679"}],"curies":[{"name":"wp","href":"https:\/\/api.w.org\/{rel}","templated":true}]}}