{"id":468,"date":"2021-02-15T10:28:31","date_gmt":"2021-02-15T09:28:31","guid":{"rendered":"https:\/\/site.educa.madrid.org\/ies.churriguera.leganes\/?page_id=468"},"modified":"2026-04-20T19:28:30","modified_gmt":"2026-04-20T17:28:30","slug":"lengua-castellana-y-literatura","status":"publish","type":"page","link":"https:\/\/site.educa.madrid.org\/ies.churriguera.leganes\/index.php\/departamentos\/lengua-castellana-y-literatura\/","title":{"rendered":"Lengua Castellana y Literatura"},"content":{"rendered":"\n<p>CURSO 2025\/2026<\/p>\n\n\n\n<p><strong>EX\u00c1MENES DE PENDIENTES: <\/strong><\/p>\n\n\n\n<p>Primer parcial: mi\u00e9rcoles 10 de diciembre de 2025 a las 16:00 horas. <\/p>\n\n\n\n<p>Segundo parcial: mi\u00e9rcoles 18 de marzo de 2026 de 16:00 a 17:00 horas. A05-A07<\/p>\n\n\n\n<p>Tercer parcial: jueves 28 de mayo de 2026 de 16:00 a 17:00 horas. A05-A07<\/p>\n\n\n\n<p><strong>Materias del Departamento<\/strong><\/p>\n\n\n\n<p><strong>1\u00ba ESO<\/strong><\/p>\n\n\n\n<p>Lengua castellana y Literatura: <a href=\"https:\/\/mediateca.educa.madrid.org\/js\/pdf\/web\/mediateca_viewer.php?id=ylzhgjto7fhqn7ax\" data-type=\"link\" data-id=\"https:\/\/mediateca.educa.madrid.org\/js\/pdf\/web\/mediateca_viewer.php?id=ylzhgjto7fhqn7ax\">Criterios de calificaci\u00f3n<\/a><\/p>\n\n\n\n<p>Programa de Compensatoria: <a href=\"https:\/\/mediateca.educa.madrid.org\/js\/pdf\/web\/mediateca_viewer.php?id=1s4u99kvimf4f379\" data-type=\"link\" data-id=\"https:\/\/mediateca.educa.madrid.org\/js\/pdf\/web\/mediateca_viewer.php?id=1s4u99kvimf4f379\">Criterios de calificaci\u00f3n<\/a><\/p>\n\n\n\n<p>Refuerzo de Lengua castellana y Literatura: <a href=\"https:\/\/mediateca.educa.madrid.org\/js\/pdf\/web\/mediateca_viewer.php?id=za8v1rapurw6jsvq\" data-type=\"link\" data-id=\"https:\/\/mediateca.educa.madrid.org\/js\/pdf\/web\/mediateca_viewer.php?id=za8v1rapurw6jsvq\">Criterios de calificaci\u00f3n<\/a><\/p>\n\n\n\n<p><strong>2\u00ba ESO<\/strong><\/p>\n\n\n\n<p>Lengua castellana y Literatura: <a href=\"https:\/\/mediateca.educa.madrid.org\/js\/pdf\/web\/mediateca_viewer.php?id=77wa78igfmzilj6v\" data-type=\"link\" data-id=\"https:\/\/mediateca.educa.madrid.org\/js\/pdf\/web\/mediateca_viewer.php?id=77wa78igfmzilj6v\">Criterios de calificaci\u00f3n<\/a><\/p>\n\n\n\n<p>Refuerzo de Lengua castellana y Literatura: <a href=\"https:\/\/mediateca.educa.madrid.org\/js\/pdf\/web\/mediateca_viewer.php?id=dvxqybm6m93o8ltt\" data-type=\"link\" data-id=\"https:\/\/mediateca.educa.madrid.org\/js\/pdf\/web\/mediateca_viewer.php?id=dvxqybm6m93o8ltt\">Criterios de calificaci\u00f3n<\/a><\/p>\n\n\n\n<p><strong>3\u00ba ESO<\/strong><\/p>\n\n\n\n<p>Lengua castellana y Literatura: <a href=\"https:\/\/mediateca.educa.madrid.org\/js\/pdf\/web\/mediateca_viewer.php?id=j5sjhrrkfjxsyi3u\" data-type=\"link\" data-id=\"https:\/\/mediateca.educa.madrid.org\/js\/pdf\/web\/mediateca_viewer.php?id=j5sjhrrkfjxsyi3u\">Criterios de calificaci\u00f3n<\/a><\/p>\n\n\n\n<p><strong>4\u00ba ESO<\/strong><\/p>\n\n\n\n<p>Lengua castellana y Literatura: <a href=\"https:\/\/mediateca.educa.madrid.org\/js\/pdf\/web\/mediateca_viewer.php?id=3zjv1rsg436e4gje\" data-type=\"link\" data-id=\"https:\/\/mediateca.educa.madrid.org\/js\/pdf\/web\/mediateca_viewer.php?id=3zjv1rsg436e4gje\">Criterios de calificaci\u00f3n<\/a><\/p>\n\n\n\n<p><strong>1\u00ba de Bachillerato<\/strong><\/p>\n\n\n\n<p>Lengua castellana y Literatura I: <a href=\"https:\/\/mediateca.educa.madrid.org\/js\/pdf\/web\/mediateca_viewer.php?id=no66r55yhidi59a8\" data-type=\"link\" data-id=\"https:\/\/mediateca.educa.madrid.org\/js\/pdf\/web\/mediateca_viewer.php?id=no66r55yhidi59a8\">Criterios de calificaci\u00f3n<\/a><\/p>\n\n\n\n<p><strong>2\u00ba de Bachillerato<\/strong><\/p>\n\n\n\n<p>Lengua castellana y Literatura II: <a href=\"https:\/\/mediateca.educa.madrid.org\/js\/pdf\/web\/mediateca_viewer.php?id=473nqocfv2u6zwny\" data-type=\"link\" data-id=\"https:\/\/mediateca.educa.madrid.org\/js\/pdf\/web\/mediateca_viewer.php?id=473nqocfv2u6zwny\">Criterios de calificaci\u00f3n<\/a><\/p>\n\n\n\n<p><strong>Recuperaci\u00f3n de cursos pendientes<\/strong><\/p>\n\n\n\n<p><a href=\"https:\/\/mediateca.educa.madrid.org\/js\/pdf\/web\/mediateca_viewer.php?id=uqsr14y18ezuzt91\" data-type=\"link\" data-id=\"https:\/\/mediateca.educa.madrid.org\/js\/pdf\/web\/mediateca_viewer.php?id=uqsr14y18ezuzt91\">1\u00ba y 2\u00ba ESO<\/a><\/p>\n\n\n\n<p><a href=\"https:\/\/mediateca.educa.madrid.org\/js\/pdf\/web\/mediateca_viewer.php?id=ifwb3t159t5rn3wx\" data-type=\"link\" data-id=\"https:\/\/mediateca.educa.madrid.org\/js\/pdf\/web\/mediateca_viewer.php?id=ifwb3t159t5rn3wx\">3\u00ba ESO<\/a><\/p>\n\n\n\n<p><\/p>\n\n\n\n<p><\/p>\n","protected":false},"excerpt":{"rendered":"<p>CURSO 2025\/2026 EX\u00c1MENES DE PENDIENTES: Primer parcial: mi\u00e9rcoles 10 de diciembre de 2025 a las 16:00 horas. Segundo parcial: mi\u00e9rcoles 18 de marzo de 2026 de 16:00 a 17:00 horas. A05-A07 Tercer parcial: jueves 28 de mayo de 2026 de 16:00 a 17:00 horas. A05-A07 Materias del Departamento 1\u00ba ESO Lengua castellana y Literatura: Criterios [&hellip;]<\/p>\n","protected":false},"author":11,"featured_media":0,"parent":412,"menu_order":10,"comment_status":"closed","ping_status":"closed","template":"","meta":{"footnotes":""},"folder":[],"class_list":["post-468","page","type-page","status-publish","hentry"],"rttpg_featured_image_url":null,"rttpg_author":{"display_name":"ALICIA C\u00d3ZAR CONCEJIL","author_link":"https:\/\/site.educa.madrid.org\/ies.churriguera.leganes\/index.php\/author\/alicia_czar-concejil\/"},"rttpg_comment":0,"rttpg_category":false,"rttpg_excerpt":"CURSO 2025\/2026 EX\u00c1MENES DE PENDIENTES: Primer parcial: mi\u00e9rcoles 10 de diciembre de 2025 a las 16:00 horas. Segundo parcial: mi\u00e9rcoles 18 de marzo de 2026 de 16:00 a 17:00 horas. A05-A07 Tercer parcial: jueves 28 de mayo de 2026 de 16:00 a 17:00 horas. A05-A07 Materias del Departamento 1\u00ba ESO Lengua castellana y Literatura: Criterios&hellip;","post_mailing_queue_ids":[],"_links":{"self":[{"href":"https:\/\/site.educa.madrid.org\/ies.churriguera.leganes\/index.php\/wp-json\/wp\/v2\/pages\/468","targetHints":{"allow":["GET"]}}],"collection":[{"href":"https:\/\/site.educa.madrid.org\/ies.churriguera.leganes\/index.php\/wp-json\/wp\/v2\/pages"}],"about":[{"href":"https:\/\/site.educa.madrid.org\/ies.churriguera.leganes\/index.php\/wp-json\/wp\/v2\/types\/page"}],"author":[{"embeddable":true,"href":"https:\/\/site.educa.madrid.org\/ies.churriguera.leganes\/index.php\/wp-json\/wp\/v2\/users\/11"}],"replies":[{"embeddable":true,"href":"https:\/\/site.educa.madrid.org\/ies.churriguera.leganes\/index.php\/wp-json\/wp\/v2\/comments?post=468"}],"version-history":[{"count":50,"href":"https:\/\/site.educa.madrid.org\/ies.churriguera.leganes\/index.php\/wp-json\/wp\/v2\/pages\/468\/revisions"}],"predecessor-version":[{"id":10148,"href":"https:\/\/site.educa.madrid.org\/ies.churriguera.leganes\/index.php\/wp-json\/wp\/v2\/pages\/468\/revisions\/10148"}],"up":[{"embeddable":true,"href":"https:\/\/site.educa.madrid.org\/ies.churriguera.leganes\/index.php\/wp-json\/wp\/v2\/pages\/412"}],"wp:attachment":[{"href":"https:\/\/site.educa.madrid.org\/ies.churriguera.leganes\/index.php\/wp-json\/wp\/v2\/media?parent=468"}],"wp:term":[{"taxonomy":"folder","embeddable":true,"href":"https:\/\/site.educa.madrid.org\/ies.churriguera.leganes\/index.php\/wp-json\/wp\/v2\/folder?post=468"}],"curies":[{"name":"wp","href":"https:\/\/api.w.org\/{rel}","templated":true}]}}