{"id":479,"date":"2021-02-15T10:36:10","date_gmt":"2021-02-15T09:36:10","guid":{"rendered":"https:\/\/site.educa.madrid.org\/ies.churriguera.leganes\/?page_id=479"},"modified":"2025-09-08T11:18:30","modified_gmt":"2025-09-08T09:18:30","slug":"orientacion","status":"publish","type":"page","link":"https:\/\/site.educa.madrid.org\/ies.churriguera.leganes\/index.php\/orientacion\/","title":{"rendered":"Orientaci\u00f3n"},"content":{"rendered":"\n<figure class=\"wp-block-image size-large\"><img loading=\"lazy\" decoding=\"async\" width=\"1024\" height=\"579\" src=\"https:\/\/site.educa.madrid.org\/ies.churriguera.leganes\/\/wp-content\/uploads\/ies.churriguera.leganes\/2024\/07\/Default_Create_an_image_depicting_the_assembly_of_a_puzzle_whe_0-1024x579.jpg\" alt=\"\" class=\"wp-image-5087\" srcset=\"https:\/\/site.educa.madrid.org\/ies.churriguera.leganes\/\/wp-content\/uploads\/ies.churriguera.leganes\/2024\/07\/Default_Create_an_image_depicting_the_assembly_of_a_puzzle_whe_0-1024x579.jpg 1024w, https:\/\/site.educa.madrid.org\/ies.churriguera.leganes\/\/wp-content\/uploads\/ies.churriguera.leganes\/2024\/07\/Default_Create_an_image_depicting_the_assembly_of_a_puzzle_whe_0-300x170.jpg 300w, https:\/\/site.educa.madrid.org\/ies.churriguera.leganes\/\/wp-content\/uploads\/ies.churriguera.leganes\/2024\/07\/Default_Create_an_image_depicting_the_assembly_of_a_puzzle_whe_0-768x434.jpg 768w, https:\/\/site.educa.madrid.org\/ies.churriguera.leganes\/\/wp-content\/uploads\/ies.churriguera.leganes\/2024\/07\/Default_Create_an_image_depicting_the_assembly_of_a_puzzle_whe_0.jpg 1472w\" sizes=\"auto, (max-width: 1024px) 100vw, 1024px\" \/><\/figure>\n\n\n\n<p><\/p>\n\n\n\n<p class=\"has-medium-font-size\">Ahora estamos de vacaciones. En breve mostraremos en esta p\u00e1gina toda la informaci\u00f3n relacionada con el nuevo curso<\/p>\n\n\n\n<p class=\"has-text-align-center has-medium-font-size\">\u00a1Felices vacaciones!<\/p>\n\n\n\n<p><\/p>\n\n\n\n<p><\/p>\n\n\n\n<!-- No funciona correctamente\n<p><strong><em><a rel=\"noreferrer noopener\" href=\"http:\/\/orient-andonos.blogspot.com\/\" target=\"_blank\">ORIENT \u00e1ndonos<\/a><\/em><\/strong> : BLOG DEL DEPARTAMENTO DE ORIENTACI\u00d3N DEL IES JOS\u00c9 DE CHURRIGUERA<\/p>\n-->\n\n\n\n<!-- Desactualizado\n<figure class=\"wp-block-image size-large is-resized\"><a href=\"http:\/\/orient-andonos.blogspot.com\/\" target=\"_blank\" rel=\"noopener noreferrer\"><img loading=\"lazy\" decoding=\"async\" width=\"1024\" height=\"170\" src=\"https:\/\/site.educa.madrid.org\/ies.churriguera.leganes\/\/wp-content\/uploads\/ies.churriguera.leganes\/2021\/02\/Orientandonos-1024x170.png\" alt=\"\" class=\"wp-image-494\" style=\"width:580px;height:96px\" srcset=\"https:\/\/site.educa.madrid.org\/ies.churriguera.leganes\/\/wp-content\/uploads\/ies.churriguera.leganes\/2021\/02\/Orientandonos-1024x170.png 1024w, https:\/\/site.educa.madrid.org\/ies.churriguera.leganes\/\/wp-content\/uploads\/ies.churriguera.leganes\/2021\/02\/Orientandonos-300x50.png 300w, https:\/\/site.educa.madrid.org\/ies.churriguera.leganes\/\/wp-content\/uploads\/ies.churriguera.leganes\/2021\/02\/Orientandonos-768x127.png 768w, https:\/\/site.educa.madrid.org\/ies.churriguera.leganes\/\/wp-content\/uploads\/ies.churriguera.leganes\/2021\/02\/Orientandonos.png 1200w\" sizes=\"auto, (max-width: 1024px) 100vw, 1024px\" \/><\/a><\/figure>\n--&gt;\n\n\n\n<!-- Desactualizado\n<h1 class=\"wp-block-heading\"><a href=\"http:\/\/josechus.blogspot.com\/\" target=\"_blank\" rel=\"noreferrer noopener\">Jose-Chus<\/a><\/h1>\n--&gt;\n\n\n\n<!-- Desactualizado\n<p><a href=\"http:\/\/josechus.blogspot.com\/\" target=\"_blank\" rel=\"noreferrer noopener\"><strong><em>PROYECTO DE PARTICIPACI\u00d3N DEL ALUMNADO EN LA VIDA DEL CENTRO. Instituto Jos\u00e9 de Churriguera de Legan\u00e9s - Madrid<\/em><\/strong><\/a><\/p>\n--&gt;\n\n\n\n<!-- Desactualizado\n<figure class=\"wp-block-image size-large\"><a href=\"http:\/\/josechus.blogspot.com\/\" target=\"_blank\" rel=\"noopener noreferrer\"><img loading=\"lazy\" decoding=\"async\" width=\"1018\" height=\"282\" src=\"https:\/\/site.educa.madrid.org\/ies.churriguera.leganes\/\/wp-content\/uploads\/ies.churriguera.leganes\/2021\/02\/jose-chus.png\" alt=\"\" class=\"wp-image-497\" srcset=\"https:\/\/site.educa.madrid.org\/ies.churriguera.leganes\/\/wp-content\/uploads\/ies.churriguera.leganes\/2021\/02\/jose-chus.png 1018w, https:\/\/site.educa.madrid.org\/ies.churriguera.leganes\/\/wp-content\/uploads\/ies.churriguera.leganes\/2021\/02\/jose-chus-300x83.png 300w, https:\/\/site.educa.madrid.org\/ies.churriguera.leganes\/\/wp-content\/uploads\/ies.churriguera.leganes\/2021\/02\/jose-chus-768x213.png 768w\" sizes=\"auto, (max-width: 1018px) 100vw, 1018px\" \/><\/a><\/figure>\n--&gt;\n","protected":false},"excerpt":{"rendered":"<p>Ahora estamos de vacaciones. En breve mostraremos en esta p\u00e1gina toda la informaci\u00f3n relacionada con el nuevo curso \u00a1Felices vacaciones!<\/p>\n","protected":false},"author":67,"featured_media":494,"parent":0,"menu_order":0,"comment_status":"closed","ping_status":"closed","template":"","meta":{"footnotes":""},"folder":[],"class_list":["post-479","page","type-page","status-publish","has-post-thumbnail","hentry"],"rttpg_featured_image_url":{"full":["https:\/\/site.educa.madrid.org\/ies.churriguera.leganes\/\/wp-content\/uploads\/ies.churriguera.leganes\/2021\/02\/Orientandonos.png",1200,199,false],"landscape":["https:\/\/site.educa.madrid.org\/ies.churriguera.leganes\/\/wp-content\/uploads\/ies.churriguera.leganes\/2021\/02\/Orientandonos.png",1200,199,false],"portraits":["https:\/\/site.educa.madrid.org\/ies.churriguera.leganes\/\/wp-content\/uploads\/ies.churriguera.leganes\/2021\/02\/Orientandonos.png",1200,199,false],"thumbnail":["https:\/\/site.educa.madrid.org\/ies.churriguera.leganes\/\/wp-content\/uploads\/ies.churriguera.leganes\/2021\/02\/Orientandonos-150x150.png",150,150,true],"medium":["https:\/\/site.educa.madrid.org\/ies.churriguera.leganes\/\/wp-content\/uploads\/ies.churriguera.leganes\/2021\/02\/Orientandonos-300x50.png",300,50,true],"large":["https:\/\/site.educa.madrid.org\/ies.churriguera.leganes\/\/wp-content\/uploads\/ies.churriguera.leganes\/2021\/02\/Orientandonos-1024x170.png",640,106,true],"thumblist":["https:\/\/site.educa.madrid.org\/ies.churriguera.leganes\/\/wp-content\/uploads\/ies.churriguera.leganes\/2021\/02\/Orientandonos.png",300,50,false],"thumbrelated":["https:\/\/site.educa.madrid.org\/ies.churriguera.leganes\/\/wp-content\/uploads\/ies.churriguera.leganes\/2021\/02\/Orientandonos.png",500,83,false],"meccarouselthumb":["https:\/\/site.educa.madrid.org\/ies.churriguera.leganes\/\/wp-content\/uploads\/ies.churriguera.leganes\/2021\/02\/Orientandonos.png",474,79,false],"gridsquare":["https:\/\/site.educa.madrid.org\/ies.churriguera.leganes\/\/wp-content\/uploads\/ies.churriguera.leganes\/2021\/02\/Orientandonos.png",391,65,false],"tileview":["https:\/\/site.educa.madrid.org\/ies.churriguera.leganes\/\/wp-content\/uploads\/ies.churriguera.leganes\/2021\/02\/Orientandonos.png",300,50,false],"1536x1536":["https:\/\/site.educa.madrid.org\/ies.churriguera.leganes\/\/wp-content\/uploads\/ies.churriguera.leganes\/2021\/02\/Orientandonos.png",1200,199,false],"2048x2048":["https:\/\/site.educa.madrid.org\/ies.churriguera.leganes\/\/wp-content\/uploads\/ies.churriguera.leganes\/2021\/02\/Orientandonos.png",1200,199,false],"total-portfolio-thumb":["https:\/\/site.educa.madrid.org\/ies.churriguera.leganes\/\/wp-content\/uploads\/ies.churriguera.leganes\/2021\/02\/Orientandonos.png",400,66,false],"total-team-thumb":["https:\/\/site.educa.madrid.org\/ies.churriguera.leganes\/\/wp-content\/uploads\/ies.churriguera.leganes\/2021\/02\/Orientandonos.png",350,58,false],"total-blog-thumb":["https:\/\/site.educa.madrid.org\/ies.churriguera.leganes\/\/wp-content\/uploads\/ies.churriguera.leganes\/2021\/02\/Orientandonos.png",400,66,false],"total-thumb":["https:\/\/site.educa.madrid.org\/ies.churriguera.leganes\/\/wp-content\/uploads\/ies.churriguera.leganes\/2021\/02\/Orientandonos.png",100,17,false],"total-blog-header":["https:\/\/site.educa.madrid.org\/ies.churriguera.leganes\/\/wp-content\/uploads\/ies.churriguera.leganes\/2021\/02\/Orientandonos.png",720,119,false],"sow-carousel-default":["https:\/\/site.educa.madrid.org\/ies.churriguera.leganes\/\/wp-content\/uploads\/ies.churriguera.leganes\/2021\/02\/Orientandonos.png",272,45,false],"sow-post-carousel-overlay-theme":["https:\/\/site.educa.madrid.org\/ies.churriguera.leganes\/\/wp-content\/uploads\/ies.churriguera.leganes\/2021\/02\/Orientandonos.png",360,60,false],"sow-post-carousel-cards-theme":["https:\/\/site.educa.madrid.org\/ies.churriguera.leganes\/\/wp-content\/uploads\/ies.churriguera.leganes\/2021\/02\/Orientandonos.png",360,60,false],"sow-blog-portfolio":["https:\/\/site.educa.madrid.org\/ies.churriguera.leganes\/\/wp-content\/uploads\/ies.churriguera.leganes\/2021\/02\/Orientandonos.png",375,62,false],"sow-blog-grid":["https:\/\/site.educa.madrid.org\/ies.churriguera.leganes\/\/wp-content\/uploads\/ies.churriguera.leganes\/2021\/02\/Orientandonos.png",720,119,false],"sow-blog-alternate":["https:\/\/site.educa.madrid.org\/ies.churriguera.leganes\/\/wp-content\/uploads\/ies.churriguera.leganes\/2021\/02\/Orientandonos.png",950,158,false],"rt_custom":["https:\/\/site.educa.madrid.org\/ies.churriguera.leganes\/\/wp-content\/uploads\/ies.churriguera.leganes\/2021\/02\/Orientandonos.png",1200,199,false]},"rttpg_author":{"display_name":"Juan Manuel Navarro Perez","author_link":"https:\/\/site.educa.madrid.org\/ies.churriguera.leganes\/index.php\/author\/juan-manuel_navarro-perez\/"},"rttpg_comment":0,"rttpg_category":false,"rttpg_excerpt":"Ahora estamos de vacaciones. En breve mostraremos en esta p\u00e1gina toda la informaci\u00f3n relacionada con el nuevo curso \u00a1Felices vacaciones!","post_mailing_queue_ids":[],"_links":{"self":[{"href":"https:\/\/site.educa.madrid.org\/ies.churriguera.leganes\/index.php\/wp-json\/wp\/v2\/pages\/479","targetHints":{"allow":["GET"]}}],"collection":[{"href":"https:\/\/site.educa.madrid.org\/ies.churriguera.leganes\/index.php\/wp-json\/wp\/v2\/pages"}],"about":[{"href":"https:\/\/site.educa.madrid.org\/ies.churriguera.leganes\/index.php\/wp-json\/wp\/v2\/types\/page"}],"author":[{"embeddable":true,"href":"https:\/\/site.educa.madrid.org\/ies.churriguera.leganes\/index.php\/wp-json\/wp\/v2\/users\/67"}],"replies":[{"embeddable":true,"href":"https:\/\/site.educa.madrid.org\/ies.churriguera.leganes\/index.php\/wp-json\/wp\/v2\/comments?post=479"}],"version-history":[{"count":35,"href":"https:\/\/site.educa.madrid.org\/ies.churriguera.leganes\/index.php\/wp-json\/wp\/v2\/pages\/479\/revisions"}],"predecessor-version":[{"id":6597,"href":"https:\/\/site.educa.madrid.org\/ies.churriguera.leganes\/index.php\/wp-json\/wp\/v2\/pages\/479\/revisions\/6597"}],"wp:featuredmedia":[{"embeddable":true,"href":"https:\/\/site.educa.madrid.org\/ies.churriguera.leganes\/index.php\/wp-json\/wp\/v2\/media\/494"}],"wp:attachment":[{"href":"https:\/\/site.educa.madrid.org\/ies.churriguera.leganes\/index.php\/wp-json\/wp\/v2\/media?parent=479"}],"wp:term":[{"taxonomy":"folder","embeddable":true,"href":"https:\/\/site.educa.madrid.org\/ies.churriguera.leganes\/index.php\/wp-json\/wp\/v2\/folder?post=479"}],"curies":[{"name":"wp","href":"https:\/\/api.w.org\/{rel}","templated":true}]}}