{"id":4855,"date":"2024-07-16T18:46:37","date_gmt":"2024-07-16T16:46:37","guid":{"rendered":"https:\/\/site.educa.madrid.org\/ies.churriguera.leganes\/?page_id=4855"},"modified":"2024-07-16T18:54:49","modified_gmt":"2024-07-16T16:54:49","slug":"corresponsales-dejovenes","status":"publish","type":"page","link":"https:\/\/site.educa.madrid.org\/ies.churriguera.leganes\/index.php\/corresponsales-dejovenes\/","title":{"rendered":"Corresponsales DeJ\u00f3venes"},"content":{"rendered":"\n<figure class=\"wp-block-image alignleft size-full is-resized\"><img loading=\"lazy\" decoding=\"async\" width=\"300\" height=\"300\" src=\"https:\/\/site.educa.madrid.org\/ies.churriguera.leganes\/\/wp-content\/uploads\/ies.churriguera.leganes\/2024\/07\/DeJovenes.png\" alt=\"\" class=\"wp-image-4634\" style=\"width:347px;height:auto\" srcset=\"https:\/\/site.educa.madrid.org\/ies.churriguera.leganes\/\/wp-content\/uploads\/ies.churriguera.leganes\/2024\/07\/DeJovenes.png 300w, https:\/\/site.educa.madrid.org\/ies.churriguera.leganes\/\/wp-content\/uploads\/ies.churriguera.leganes\/2024\/07\/DeJovenes-150x150.png 150w\" sizes=\"auto, (max-width: 300px) 100vw, 300px\" \/><\/figure>\n\n\n\n<p class=\"has-medium-font-size\">Un <strong>Corresponsal Dej\u00f3venes<\/strong> es un estudiante comprometido de un Instituto de Educaci\u00f3n Secundaria (IES) en Legan\u00e9s, que se dedica a informar a sus compa\u00f1eros sobre los Servicios y Actividades Dej\u00f3venes. Este papel es parte del Programa de Participaci\u00f3n Comunitaria del \u00e1rea de Juventud, y<strong> su objetivo es facilitar el acceso a la informaci\u00f3n entre los j\u00f3venes<\/strong>. Los Corresponsales Juveniles recogen, procesan y difunden informaci\u00f3n relevante para los j\u00f3venes.<\/p>\n\n\n\n<p class=\"has-medium-font-size\">Este programa es posible gracias a la colaboraci\u00f3n del \u00c1rea de Juventud, los centros educativos y, por supuesto, nuestros Corresponsales Juveniles, que son estudiantes voluntarios de 3\u00ba y 4\u00ba de la ESO.<\/p>\n\n\n\n<hr class=\"wp-block-separator has-alpha-channel-opacity\"\/>\n\n\n\n<p><\/p>\n\n\n\n<p class=\"has-medium-font-size\">Actualmente, adem\u00e1s de en nuestro centro, existen Corresponsales Dej\u00f3venes en los siguientes centros de Legan\u00e9s:<\/p>\n\n\n\n<figure class=\"wp-block-image alignright size-large is-resized\"><img loading=\"lazy\" decoding=\"async\" width=\"768\" height=\"1024\" src=\"https:\/\/site.educa.madrid.org\/ies.churriguera.leganes\/\/wp-content\/uploads\/ies.churriguera.leganes\/2024\/07\/DeJovenes-768x1024.jpg\" alt=\"\" class=\"wp-image-4858\" style=\"width:448px;height:auto\" srcset=\"https:\/\/site.educa.madrid.org\/ies.churriguera.leganes\/\/wp-content\/uploads\/ies.churriguera.leganes\/2024\/07\/DeJovenes-768x1024.jpg 768w, https:\/\/site.educa.madrid.org\/ies.churriguera.leganes\/\/wp-content\/uploads\/ies.churriguera.leganes\/2024\/07\/DeJovenes-225x300.jpg 225w, https:\/\/site.educa.madrid.org\/ies.churriguera.leganes\/\/wp-content\/uploads\/ies.churriguera.leganes\/2024\/07\/DeJovenes-300x400.jpg 300w, https:\/\/site.educa.madrid.org\/ies.churriguera.leganes\/\/wp-content\/uploads\/ies.churriguera.leganes\/2024\/07\/DeJovenes-1152x1536.jpg 1152w, https:\/\/site.educa.madrid.org\/ies.churriguera.leganes\/\/wp-content\/uploads\/ies.churriguera.leganes\/2024\/07\/DeJovenes.jpg 1200w\" sizes=\"auto, (max-width: 768px) 100vw, 768px\" \/><\/figure>\n\n\n\n<ul class=\"wp-block-list\">\n<li class=\"has-medium-font-size\">Mar\u00eda Zambrano<\/li>\n\n\n\n<li class=\"has-medium-font-size\">Rafael Fr\u00fchbeck de Burgos<\/li>\n\n\n\n<li class=\"has-medium-font-size\">Isaac Alb\u00e9niz<\/li>\n\n\n\n<li class=\"has-medium-font-size\">La Fortuna<\/li>\n\n\n\n<li class=\"has-medium-font-size\">Julio Verne<\/li>\n\n\n\n<li class=\"has-medium-font-size\">Pablo Neruda<\/li>\n\n\n\n<li class=\"has-medium-font-size\">Salvador Dal\u00ed<\/li>\n\n\n\n<li class=\"has-medium-font-size\">Pedro Duque<\/li>\n\n\n\n<li class=\"has-medium-font-size\">Enrique Tierno Galv\u00e1n<\/li>\n\n\n\n<li class=\"has-medium-font-size\">Butarque<\/li>\n\n\n\n<li class=\"has-medium-font-size\">Siglo XXI.<\/li>\n<\/ul>\n\n\n\n<p class=\"has-medium-font-size\">Los corresponsales <strong>DeJ\u00f3venes se reunen en el recreo de los Mi\u00e9rcoles en el Aula A12<\/strong> para compartir informaci\u00f3n y sugerencias con el <strong>\u00c1rea de Juventud del Ayuntamiento de Legan\u00e9s<\/strong><\/p>\n","protected":false},"excerpt":{"rendered":"<p>Un Corresponsal Dej\u00f3venes es un estudiante comprometido de un Instituto de Educaci\u00f3n Secundaria (IES) en Legan\u00e9s, que se dedica a informar a sus compa\u00f1eros sobre los Servicios y Actividades Dej\u00f3venes. Este papel es parte del Programa de Participaci\u00f3n Comunitaria del \u00e1rea de Juventud, y su objetivo es facilitar el acceso a la informaci\u00f3n entre los [&hellip;]<\/p>\n","protected":false},"author":14,"featured_media":0,"parent":0,"menu_order":0,"comment_status":"closed","ping_status":"closed","template":"","meta":{"footnotes":""},"folder":[],"class_list":["post-4855","page","type-page","status-publish","hentry"],"rttpg_featured_image_url":null,"rttpg_author":{"display_name":"PATRICIA D\u00cdAZ GARC\u00cdA","author_link":"https:\/\/site.educa.madrid.org\/ies.churriguera.leganes\/index.php\/author\/patricia_diaz-garcia\/"},"rttpg_comment":0,"rttpg_category":false,"rttpg_excerpt":"Un Corresponsal Dej\u00f3venes es un estudiante comprometido de un Instituto de Educaci\u00f3n Secundaria (IES) en Legan\u00e9s, que se dedica a informar a sus compa\u00f1eros sobre los Servicios y Actividades Dej\u00f3venes. Este papel es parte del Programa de Participaci\u00f3n Comunitaria del \u00e1rea de Juventud, y su objetivo es facilitar el acceso a la informaci\u00f3n entre los&hellip;","post_mailing_queue_ids":[],"_links":{"self":[{"href":"https:\/\/site.educa.madrid.org\/ies.churriguera.leganes\/index.php\/wp-json\/wp\/v2\/pages\/4855","targetHints":{"allow":["GET"]}}],"collection":[{"href":"https:\/\/site.educa.madrid.org\/ies.churriguera.leganes\/index.php\/wp-json\/wp\/v2\/pages"}],"about":[{"href":"https:\/\/site.educa.madrid.org\/ies.churriguera.leganes\/index.php\/wp-json\/wp\/v2\/types\/page"}],"author":[{"embeddable":true,"href":"https:\/\/site.educa.madrid.org\/ies.churriguera.leganes\/index.php\/wp-json\/wp\/v2\/users\/14"}],"replies":[{"embeddable":true,"href":"https:\/\/site.educa.madrid.org\/ies.churriguera.leganes\/index.php\/wp-json\/wp\/v2\/comments?post=4855"}],"version-history":[{"count":8,"href":"https:\/\/site.educa.madrid.org\/ies.churriguera.leganes\/index.php\/wp-json\/wp\/v2\/pages\/4855\/revisions"}],"predecessor-version":[{"id":4867,"href":"https:\/\/site.educa.madrid.org\/ies.churriguera.leganes\/index.php\/wp-json\/wp\/v2\/pages\/4855\/revisions\/4867"}],"wp:attachment":[{"href":"https:\/\/site.educa.madrid.org\/ies.churriguera.leganes\/index.php\/wp-json\/wp\/v2\/media?parent=4855"}],"wp:term":[{"taxonomy":"folder","embeddable":true,"href":"https:\/\/site.educa.madrid.org\/ies.churriguera.leganes\/index.php\/wp-json\/wp\/v2\/folder?post=4855"}],"curies":[{"name":"wp","href":"https:\/\/api.w.org\/{rel}","templated":true}]}}