{"id":514,"date":"2021-02-15T11:59:10","date_gmt":"2021-02-15T10:59:10","guid":{"rendered":"https:\/\/site.educa.madrid.org\/ies.churriguera.leganes\/?page_id=514"},"modified":"2025-09-08T10:00:04","modified_gmt":"2025-09-08T08:00:04","slug":"educacion-fisica","status":"publish","type":"page","link":"https:\/\/site.educa.madrid.org\/ies.churriguera.leganes\/index.php\/departamentos\/educacion-fisica\/","title":{"rendered":"Educaci\u00f3n F\u00edsica"},"content":{"rendered":"\n<p class=\"has-medium-font-size\"><\/p>\n\n\n\n<figure class=\"wp-block-image size-large\"><img loading=\"lazy\" decoding=\"async\" width=\"1024\" height=\"513\" src=\"https:\/\/site.educa.madrid.org\/ies.churriguera.leganes\/\/wp-content\/uploads\/ies.churriguera.leganes\/2022\/11\/TYTY-2-1024x513.jpg\" alt=\"\" class=\"wp-image-786\" srcset=\"https:\/\/site.educa.madrid.org\/ies.churriguera.leganes\/\/wp-content\/uploads\/ies.churriguera.leganes\/2022\/11\/TYTY-2-1024x513.jpg 1024w, https:\/\/site.educa.madrid.org\/ies.churriguera.leganes\/\/wp-content\/uploads\/ies.churriguera.leganes\/2022\/11\/TYTY-2-300x150.jpg 300w, https:\/\/site.educa.madrid.org\/ies.churriguera.leganes\/\/wp-content\/uploads\/ies.churriguera.leganes\/2022\/11\/TYTY-2-768x385.jpg 768w, https:\/\/site.educa.madrid.org\/ies.churriguera.leganes\/\/wp-content\/uploads\/ies.churriguera.leganes\/2022\/11\/TYTY-2-1536x770.jpg 1536w, https:\/\/site.educa.madrid.org\/ies.churriguera.leganes\/\/wp-content\/uploads\/ies.churriguera.leganes\/2022\/11\/TYTY-2-2048x1026.jpg 2048w\" sizes=\"auto, (max-width: 1024px) 100vw, 1024px\" \/><\/figure>\n\n\n\n<figure class=\"wp-block-image size-large\"><img loading=\"lazy\" decoding=\"async\" width=\"1024\" height=\"576\" src=\"https:\/\/site.educa.madrid.org\/ies.churriguera.leganes\/\/wp-content\/uploads\/ies.churriguera.leganes\/2022\/11\/76I67-1-1024x576.jpg\" alt=\"\" class=\"wp-image-789\" srcset=\"https:\/\/site.educa.madrid.org\/ies.churriguera.leganes\/\/wp-content\/uploads\/ies.churriguera.leganes\/2022\/11\/76I67-1-1024x576.jpg 1024w, https:\/\/site.educa.madrid.org\/ies.churriguera.leganes\/\/wp-content\/uploads\/ies.churriguera.leganes\/2022\/11\/76I67-1-300x169.jpg 300w, https:\/\/site.educa.madrid.org\/ies.churriguera.leganes\/\/wp-content\/uploads\/ies.churriguera.leganes\/2022\/11\/76I67-1-768x432.jpg 768w, https:\/\/site.educa.madrid.org\/ies.churriguera.leganes\/\/wp-content\/uploads\/ies.churriguera.leganes\/2022\/11\/76I67-1-1536x864.jpg 1536w, https:\/\/site.educa.madrid.org\/ies.churriguera.leganes\/\/wp-content\/uploads\/ies.churriguera.leganes\/2022\/11\/76I67-1-2048x1152.jpg 2048w\" sizes=\"auto, (max-width: 1024px) 100vw, 1024px\" \/><figcaption class=\"wp-element-caption\">MU\u00c9VETE.<\/figcaption><\/figure>\n\n\n\n<h2 class=\"wp-block-heading\">NORMAS y CRITERIOS DE EVALUACI\u00d3N Y CALIFICACI\u00d3N DEL DEPARTAMENTO DE EDUCACI\u00d3N F\u00cdSICA.<\/h2>\n\n\n\n<div class=\"wp-block-file\"><a id=\"wp-block-file--media-54b46d5d-59b1-49f3-bccd-80442a46b46a\" href=\"https:\/\/site.educa.madrid.org\/ies.churriguera.leganes\/\/wp-content\/uploads\/ies.churriguera.leganes\/2025\/09\/Normas_Calificacion25-26.doc\">Normas_Calificacion25-26<\/a><a href=\"https:\/\/site.educa.madrid.org\/ies.churriguera.leganes\/\/wp-content\/uploads\/ies.churriguera.leganes\/2025\/09\/Normas_Calificacion25-26.doc\" class=\"wp-block-file__button wp-element-button\" download aria-describedby=\"wp-block-file--media-54b46d5d-59b1-49f3-bccd-80442a46b46a\">Descarga<\/a><\/div>\n","protected":false},"excerpt":{"rendered":"<p>NORMAS y CRITERIOS DE EVALUACI\u00d3N Y CALIFICACI\u00d3N DEL DEPARTAMENTO DE EDUCACI\u00d3N F\u00cdSICA.<\/p>\n","protected":false},"author":51,"featured_media":0,"parent":412,"menu_order":0,"comment_status":"closed","ping_status":"closed","template":"","meta":{"footnotes":""},"folder":[],"class_list":["post-514","page","type-page","status-publish","hentry"],"rttpg_featured_image_url":null,"rttpg_author":{"display_name":"Jose Antonio Giralde Gonz\u00e1lez","author_link":"https:\/\/site.educa.madrid.org\/ies.churriguera.leganes\/index.php\/author\/jose-antonio_giralde-gonzlez\/"},"rttpg_comment":0,"rttpg_category":false,"rttpg_excerpt":"NORMAS y CRITERIOS DE EVALUACI\u00d3N Y CALIFICACI\u00d3N DEL DEPARTAMENTO DE EDUCACI\u00d3N F\u00cdSICA.","post_mailing_queue_ids":[],"_links":{"self":[{"href":"https:\/\/site.educa.madrid.org\/ies.churriguera.leganes\/index.php\/wp-json\/wp\/v2\/pages\/514","targetHints":{"allow":["GET"]}}],"collection":[{"href":"https:\/\/site.educa.madrid.org\/ies.churriguera.leganes\/index.php\/wp-json\/wp\/v2\/pages"}],"about":[{"href":"https:\/\/site.educa.madrid.org\/ies.churriguera.leganes\/index.php\/wp-json\/wp\/v2\/types\/page"}],"author":[{"embeddable":true,"href":"https:\/\/site.educa.madrid.org\/ies.churriguera.leganes\/index.php\/wp-json\/wp\/v2\/users\/51"}],"replies":[{"embeddable":true,"href":"https:\/\/site.educa.madrid.org\/ies.churriguera.leganes\/index.php\/wp-json\/wp\/v2\/comments?post=514"}],"version-history":[{"count":26,"href":"https:\/\/site.educa.madrid.org\/ies.churriguera.leganes\/index.php\/wp-json\/wp\/v2\/pages\/514\/revisions"}],"predecessor-version":[{"id":9112,"href":"https:\/\/site.educa.madrid.org\/ies.churriguera.leganes\/index.php\/wp-json\/wp\/v2\/pages\/514\/revisions\/9112"}],"up":[{"embeddable":true,"href":"https:\/\/site.educa.madrid.org\/ies.churriguera.leganes\/index.php\/wp-json\/wp\/v2\/pages\/412"}],"wp:attachment":[{"href":"https:\/\/site.educa.madrid.org\/ies.churriguera.leganes\/index.php\/wp-json\/wp\/v2\/media?parent=514"}],"wp:term":[{"taxonomy":"folder","embeddable":true,"href":"https:\/\/site.educa.madrid.org\/ies.churriguera.leganes\/index.php\/wp-json\/wp\/v2\/folder?post=514"}],"curies":[{"name":"wp","href":"https:\/\/api.w.org\/{rel}","templated":true}]}}