{"id":516,"date":"2021-02-15T11:59:32","date_gmt":"2021-02-15T10:59:32","guid":{"rendered":"https:\/\/site.educa.madrid.org\/ies.churriguera.leganes\/?page_id=516"},"modified":"2025-11-20T19:08:11","modified_gmt":"2025-11-20T18:08:11","slug":"filosofia","status":"publish","type":"page","link":"https:\/\/site.educa.madrid.org\/ies.churriguera.leganes\/index.php\/departamentos\/filosofia\/","title":{"rendered":"Filosof\u00eda"},"content":{"rendered":"\n<p><strong><em><mark class=\"has-inline-color has-vivid-cyan-blue-color\">CRITERIOS DE CALIFICACI\u00d3N DEL DEPARTAMENTO<\/mark><\/em><\/strong><\/p>\n\n\n\n<p><a href=\"https:\/\/site.educa.madrid.org\/ies.churriguera.leganes\/\/wp-content\/uploads\/ies.churriguera.leganes\/2025\/11\/Criterios-Filosofia-1o-Bachillerato-25-26.pdf\" data-type=\"link\" data-id=\"https:\/\/site.educa.madrid.org\/ies.churriguera.leganes\/\/wp-content\/uploads\/ies.churriguera.leganes\/2025\/11\/Criterios-Filosofia-1o-Bachillerato-25-26.pdf\">Filosof\u00eda 1\u00ba <\/a><a href=\"https:\/\/site.educa.madrid.org\/ies.churriguera.leganes\/\/wp-content\/uploads\/ies.churriguera.leganes\/2025\/11\/Criterios-Filosofia-1o-Bachillerato-25-26.pdf\" data-type=\"link\" data-id=\"https:\/\/site.educa.madrid.org\/ies.churriguera.leganes\/\/wp-content\/uploads\/ies.churriguera.leganes\/2025\/11\/Criterios-Filosofia-1o-Bachillerato-25-26.pdf\" target=\"_blank\" rel=\"noreferrer noopener\">Bachillerato<\/a><\/p>\n\n\n\n<p><a href=\"https:\/\/site.educa.madrid.org\/ies.churriguera.leganes\/\/wp-content\/uploads\/ies.churriguera.leganes\/2025\/11\/Criterios-2o-bachillerato-25-26.pdf\" data-type=\"link\" data-id=\"https:\/\/site.educa.madrid.org\/ies.churriguera.leganes\/\/wp-content\/uploads\/ies.churriguera.leganes\/2025\/11\/Criterios-2o-bachillerato-25-26.pdf\" target=\"_blank\" rel=\"noreferrer noopener\">Historia de la Filosof\u00eda 2\u00ba Bachillerato<\/a><\/p>\n\n\n\n<p><a href=\"https:\/\/site.educa.madrid.org\/ies.churriguera.leganes\/\/wp-content\/uploads\/ies.churriguera.leganes\/2025\/11\/Criterios-Filosofia-4o-ESO-25-26.pdf\" data-type=\"link\" data-id=\"https:\/\/site.educa.madrid.org\/ies.churriguera.leganes\/\/wp-content\/uploads\/ies.churriguera.leganes\/2025\/11\/Criterios-Filosofia-4o-ESO-25-26.pdf\" target=\"_blank\" rel=\"noreferrer noopener\">Filosof\u00eda 4\u00ba ESO<\/a><\/p>\n\n\n\n<p><a href=\"https:\/\/site.educa.madrid.org\/ies.churriguera.leganes\/\/wp-content\/uploads\/ies.churriguera.leganes\/2025\/11\/Criterios-Educacion-en-Valores-2o-ESO-25-26.pdf\" data-type=\"link\" data-id=\"https:\/\/site.educa.madrid.org\/ies.churriguera.leganes\/\/wp-content\/uploads\/ies.churriguera.leganes\/2025\/11\/Criterios-Educacion-en-Valores-2o-ESO-25-26.pdf\" target=\"_blank\" rel=\"noreferrer noopener\">Educaci\u00f3n en valores c\u00edvicos y \u00e9ticos 2\u00ba ESO<\/a><\/p>\n\n\n\n<p><\/p>\n\n\n\n<p><strong>Bachillerato personas adultas<\/strong><\/p>\n\n\n\n<p><a href=\"https:\/\/site.educa.madrid.org\/ies.churriguera.leganes\/\/wp-content\/uploads\/ies.churriguera.leganes\/2025\/11\/FI_BPA.pdf\" data-type=\"link\" data-id=\"https:\/\/site.educa.madrid.org\/ies.churriguera.leganes\/\/wp-content\/uploads\/ies.churriguera.leganes\/2025\/11\/FI_BPA.pdf\" target=\"_blank\" rel=\"noreferrer noopener\">Gu\u00eda Did\u00e1ctica Filosof\u00eda<\/a><\/p>\n\n\n\n<p><a href=\"https:\/\/site.educa.madrid.org\/ies.churriguera.leganes\/\/wp-content\/uploads\/ies.churriguera.leganes\/2025\/11\/HFI_BPA.pdf\" data-type=\"link\" data-id=\"https:\/\/site.educa.madrid.org\/ies.churriguera.leganes\/\/wp-content\/uploads\/ies.churriguera.leganes\/2025\/11\/HFI_BPA.pdf\" target=\"_blank\" rel=\"noreferrer noopener\">Gu\u00eda Did\u00e1ctica Historia de la Filosof\u00eda<\/a><\/p>\n\n\n\n<p><a href=\"https:\/\/site.educa.madrid.org\/ies.churriguera.leganes\/\/wp-content\/uploads\/ies.churriguera.leganes\/2025\/11\/PSI_BPA.pdf\" data-type=\"link\" data-id=\"https:\/\/site.educa.madrid.org\/ies.churriguera.leganes\/\/wp-content\/uploads\/ies.churriguera.leganes\/2025\/11\/PSI_BPA.pdf\" target=\"_blank\" rel=\"noreferrer noopener\">Gu\u00eda Did\u00e1ctica Psicolog\u00eda<\/a><\/p>\n\n\n\n<p><\/p>\n","protected":false},"excerpt":{"rendered":"<p>CRITERIOS DE CALIFICACI\u00d3N DEL DEPARTAMENTO Filosof\u00eda 1\u00ba Bachillerato Historia de la Filosof\u00eda 2\u00ba Bachillerato Filosof\u00eda 4\u00ba ESO Educaci\u00f3n en valores c\u00edvicos y \u00e9ticos 2\u00ba ESO Bachillerato personas adultas Gu\u00eda Did\u00e1ctica Filosof\u00eda Gu\u00eda Did\u00e1ctica Historia de la Filosof\u00eda Gu\u00eda Did\u00e1ctica Psicolog\u00eda<\/p>\n","protected":false},"author":83,"featured_media":0,"parent":412,"menu_order":4,"comment_status":"closed","ping_status":"closed","template":"","meta":{"footnotes":""},"folder":[],"class_list":["post-516","page","type-page","status-publish","hentry"],"rttpg_featured_image_url":null,"rttpg_author":{"display_name":"M.Isabel Gomez Sanchez","author_link":"https:\/\/site.educa.madrid.org\/ies.churriguera.leganes\/index.php\/author\/m-isabel_gomez-sanchez\/"},"rttpg_comment":0,"rttpg_category":false,"rttpg_excerpt":"CRITERIOS DE CALIFICACI\u00d3N DEL DEPARTAMENTO Filosof\u00eda 1\u00ba Bachillerato Historia de la Filosof\u00eda 2\u00ba Bachillerato Filosof\u00eda 4\u00ba ESO Educaci\u00f3n en valores c\u00edvicos y \u00e9ticos 2\u00ba ESO Bachillerato personas adultas Gu\u00eda Did\u00e1ctica Filosof\u00eda Gu\u00eda Did\u00e1ctica Historia de la Filosof\u00eda Gu\u00eda Did\u00e1ctica Psicolog\u00eda","post_mailing_queue_ids":[],"_links":{"self":[{"href":"https:\/\/site.educa.madrid.org\/ies.churriguera.leganes\/index.php\/wp-json\/wp\/v2\/pages\/516","targetHints":{"allow":["GET"]}}],"collection":[{"href":"https:\/\/site.educa.madrid.org\/ies.churriguera.leganes\/index.php\/wp-json\/wp\/v2\/pages"}],"about":[{"href":"https:\/\/site.educa.madrid.org\/ies.churriguera.leganes\/index.php\/wp-json\/wp\/v2\/types\/page"}],"author":[{"embeddable":true,"href":"https:\/\/site.educa.madrid.org\/ies.churriguera.leganes\/index.php\/wp-json\/wp\/v2\/users\/83"}],"replies":[{"embeddable":true,"href":"https:\/\/site.educa.madrid.org\/ies.churriguera.leganes\/index.php\/wp-json\/wp\/v2\/comments?post=516"}],"version-history":[{"count":20,"href":"https:\/\/site.educa.madrid.org\/ies.churriguera.leganes\/index.php\/wp-json\/wp\/v2\/pages\/516\/revisions"}],"predecessor-version":[{"id":9459,"href":"https:\/\/site.educa.madrid.org\/ies.churriguera.leganes\/index.php\/wp-json\/wp\/v2\/pages\/516\/revisions\/9459"}],"up":[{"embeddable":true,"href":"https:\/\/site.educa.madrid.org\/ies.churriguera.leganes\/index.php\/wp-json\/wp\/v2\/pages\/412"}],"wp:attachment":[{"href":"https:\/\/site.educa.madrid.org\/ies.churriguera.leganes\/index.php\/wp-json\/wp\/v2\/media?parent=516"}],"wp:term":[{"taxonomy":"folder","embeddable":true,"href":"https:\/\/site.educa.madrid.org\/ies.churriguera.leganes\/index.php\/wp-json\/wp\/v2\/folder?post=516"}],"curies":[{"name":"wp","href":"https:\/\/api.w.org\/{rel}","templated":true}]}}